{"id":92,"date":"2026-04-19T21:55:44","date_gmt":"2026-04-19T21:55:44","guid":{"rendered":"https:\/\/dev.metisprivatist.no\/?page_id=92"},"modified":"2026-04-19T21:55:44","modified_gmt":"2026-04-19T21:55:44","slug":"booket-radgivning-oslo","status":"publish","type":"page","link":"https:\/\/dev.metisprivatist.no\/?page_id=92","title":{"rendered":"Booket r\u00e5dgivning Oslo"},"content":{"rendered":"<article class=\"sections\" id=\"sections\" data-page-sections=\"690370f2894dce00a9d9cd09\">\n<section\n  data-test=\"page-section\"\n  \n  data-section-theme=\"\"\n  class='page-section \n    \n      full-bleed-section\n      layout-engine-section\n    \n    background-width--full-bleed\n    \n      section-height--small\n    \n    \n      content-width--wide\n    \n    horizontal-alignment--center\n    vertical-alignment--middle\n    \n      \n    \n    \n    '\n  \n  data-section-id=\"6903d4b89097494885946fcf\"\n  \n  data-controller=\"SectionWrapperController\"\n  data-current-styles=\"{&quot;imageOverlayOpacity&quot;:0.15,&quot;backgroundWidth&quot;:&quot;background-width--full-bleed&quot;,&quot;sectionHeight&quot;:&quot;section-height--small&quot;,&quot;customSectionHeight&quot;:1,&quot;horizontalAlignment&quot;:&quot;horizontal-alignment--center&quot;,&quot;verticalAlignment&quot;:&quot;vertical-alignment--middle&quot;,&quot;contentWidth&quot;:&quot;content-width--wide&quot;,&quot;customContentWidth&quot;:50,&quot;sectionTheme&quot;:&quot;&quot;,&quot;sectionAnimation&quot;:&quot;none&quot;,&quot;backgroundMode&quot;:&quot;image&quot;}\"\n  data-current-context=\"{&quot;video&quot;:{&quot;playbackSpeed&quot;:1,&quot;filter&quot;:1,&quot;filterStrength&quot;:0,&quot;zoom&quot;:0,&quot;videoSourceProvider&quot;:&quot;none&quot;},&quot;backgroundImageId&quot;:null,&quot;backgroundMediaEffect&quot;:{&quot;type&quot;:&quot;none&quot;},&quot;divider&quot;:{&quot;enabled&quot;:false},&quot;typeName&quot;:null}\"\n  data-animation=\"none\"\n  data-fluid-engine-section\n   \n  \n    \n  \n  \n  \n  \n\n\n  data-sqsp-section=\"fluid-engine\"\n\n\n><\/p>\n<div\n    class=\"section-border\"\n    \n  ><\/p>\n<div class=\"section-background\"><\/div>\n<\/p><\/div>\n<div\n    class='content-wrapper'\n    style='\n      \n        \n      \n    '\n  ><\/p>\n<div\n      class=\"content\"\n      \n    ><\/p>\n<div data-fluid-engine=\"true\">\n<style>\n<p>.fe-6903d4b89097494885946fce {\n  --grid-gutter: calc(var(--sqs-mobile-site-gutter, 6vw) - 11.0px);\n  --cell-max-width: calc( ( var(--sqs-site-max-width, 1500px) - (11.0px * (8 - 1)) ) \/ 8 );<\/p>\n<p>  display: grid;\n  position: relative;\n  grid-area: 1\/1\/-1\/-1;\n  grid-template-rows: repeat(6,minmax(24px, auto));\n  grid-template-columns:\n    minmax(var(--grid-gutter), 1fr)\n    repeat(8, minmax(0, var(--cell-max-width)))\n    minmax(var(--grid-gutter), 1fr);\n  row-gap: 11.0px;\n  column-gap: 11.0px;\n  overflow-x: hidden;\n  overflow-x: clip;\n}<\/p>\n<p>@media (min-width: 768px) {\n  .background-width--inset .fe-6903d4b89097494885946fce {\n    --inset-padding: calc(var(--sqs-site-gutter) * 2);\n  }<\/p>\n<p>  .fe-6903d4b89097494885946fce {\n    --grid-gutter: calc(var(--sqs-site-gutter, 4vw) - 11.0px);\n    --cell-max-width: calc( ( var(--sqs-site-max-width, 1500px) - (11.0px * (24 - 1)) ) \/ 24 );\n    --inset-padding: 0vw;<\/p>\n<p>    --row-height-scaling-factor: 0.0215;\n    --container-width: min(var(--sqs-site-max-width, 1500px), calc(100vw - var(--sqs-site-gutter, 4vw) * 2 - var(--inset-padding) ));<\/p>\n<p>    grid-template-rows: repeat(19,minmax(calc(var(--container-width) * var(--row-height-scaling-factor)), auto));\n    grid-template-columns:\n      minmax(var(--grid-gutter), 1fr)\n      repeat(24, minmax(0, var(--cell-max-width)))\n      minmax(var(--grid-gutter), 1fr);\n  }\n}<\/p>\n<p>  .fe-block-412de0ee015ed20798e5 {\n    grid-area: 1\/2\/3\/10;\n    z-index: 1;<\/p>\n<p>    @media (max-width: 767px) {<\/p>\n<p>    }\n  }<\/p>\n<p>  .fe-block-412de0ee015ed20798e5 .sqs-block {\n    justify-content: flex-start;\n  }<\/p>\n<p>  .fe-block-412de0ee015ed20798e5 .sqs-block-alignment-wrapper {\n    align-items: flex-start;\n  }<\/p>\n<p>  @media (min-width: 768px) {\n    .fe-block-412de0ee015ed20798e5 {\n      grid-area: 1\/11\/3\/17;\n      z-index: 1;<\/p>\n<p>    }<\/p>\n<p>    .fe-block-412de0ee015ed20798e5 .sqs-block {\n      justify-content: flex-start;\n    }<\/p>\n<p>    .fe-block-412de0ee015ed20798e5 .sqs-block-alignment-wrapper {\n      align-items: flex-start;\n    }\n  }<\/p>\n<p>  .fe-block-d45cb48bd645ce3d8c2d {\n    grid-area: 3\/2\/5\/10;\n    z-index: 2;<\/p>\n<p>    @media (max-width: 767px) {<\/p>\n<p>    }\n  }<\/p>\n<p>  .fe-block-d45cb48bd645ce3d8c2d .sqs-block {\n    justify-content: flex-start;\n  }<\/p>\n<p>  .fe-block-d45cb48bd645ce3d8c2d .sqs-block-alignment-wrapper {\n    align-items: flex-start;\n  }<\/p>\n<p>  @media (min-width: 768px) {\n    .fe-block-d45cb48bd645ce3d8c2d {\n      grid-area: 3\/11\/5\/17;\n      z-index: 2;<\/p>\n<p>    }<\/p>\n<p>    .fe-block-d45cb48bd645ce3d8c2d .sqs-block {\n      justify-content: flex-start;\n    }<\/p>\n<p>    .fe-block-d45cb48bd645ce3d8c2d .sqs-block-alignment-wrapper {\n      align-items: flex-start;\n    }\n  }<\/p>\n<p>  .fe-block-f770fc5a9498ce0a9015 {\n    grid-area: 5\/2\/7\/10;\n    z-index: 3;<\/p>\n<p>    @media (max-width: 767px) {<\/p>\n<p>    }\n  }<\/p>\n<p>  .fe-block-f770fc5a9498ce0a9015 .sqs-block {\n    justify-content: flex-start;\n  }<\/p>\n<p>  .fe-block-f770fc5a9498ce0a9015 .sqs-block-alignment-wrapper {\n    align-items: flex-start;\n  }<\/p>\n<p>  @media (min-width: 768px) {\n    .fe-block-f770fc5a9498ce0a9015 {\n      grid-area: 5\/9\/19\/19;\n      z-index: 3;<\/p>\n<p>    }<\/p>\n<p>    .fe-block-f770fc5a9498ce0a9015 .sqs-block {\n      justify-content: flex-start;\n    }<\/p>\n<p>    .fe-block-f770fc5a9498ce0a9015 .sqs-block-alignment-wrapper {\n      align-items: flex-start;\n    }\n  }<\/p>\n<\/style>\n<div class=\"fluid-engine fe-6903d4b89097494885946fce\">\n<div class=\"fe-block fe-block-412de0ee015ed20798e5\">\n<div class=\"sqs-block website-component-block sqs-block-website-component sqs-block-html html-block\" data-block-css=\"[&quot;https:\/\/definitions.sqspcdn.com\/website-component-definition\/static-assets\/website.components.html\/8636d61b-54e9-4d33-8bb8-0228d44c3611_445\/website.components.html.styles.css&quot;]\" data-block-scripts=\"[&quot;https:\/\/definitions.sqspcdn.com\/website-component-definition\/static-assets\/website.components.html\/8636d61b-54e9-4d33-8bb8-0228d44c3611_445\/website.components.html.visitor.js&quot;]\" data-block-type=\"1337\" data-definition-name=\"website.components.html\" data-sqsp-block=\"text\" data-website-component-id=\"412de0ee015ed20798e5\" id=\"block-412de0ee015ed20798e5\">\n<div class=\"sqs-block-content\">\n<div class=\"sqs-html-content\" data-sqsp-text-block-content>\n<h1 style=\"text-align:center;white-space:pre-wrap;\"><span class=\"sqsrte-text-color--darkAccent\">Takk!<\/span><\/h1>\n<\/div>\n<\/div>\n<\/div>\n<\/div>\n<div class=\"fe-block fe-block-d45cb48bd645ce3d8c2d\">\n<div class=\"sqs-block website-component-block sqs-block-website-component sqs-block-html html-block\" data-block-css=\"[&quot;https:\/\/definitions.sqspcdn.com\/website-component-definition\/static-assets\/website.components.html\/8636d61b-54e9-4d33-8bb8-0228d44c3611_445\/website.components.html.styles.css&quot;]\" data-block-scripts=\"[&quot;https:\/\/definitions.sqspcdn.com\/website-component-definition\/static-assets\/website.components.html\/8636d61b-54e9-4d33-8bb8-0228d44c3611_445\/website.components.html.visitor.js&quot;]\" data-block-type=\"1337\" data-definition-name=\"website.components.html\" data-sqsp-block=\"text\" data-website-component-id=\"d45cb48bd645ce3d8c2d\" id=\"block-d45cb48bd645ce3d8c2d\">\n<div class=\"sqs-block-content\">\n<div class=\"sqs-html-content\" data-sqsp-text-block-content>\n<p style=\"text-align:center;white-space:pre-wrap;\" class=\"\">Du har avtalt r\u00e5dgivning hos oss \ud83c\udf89<\/p>\n<\/div>\n<\/div>\n<\/div>\n<\/div>\n<div class=\"fe-block fe-block-f770fc5a9498ce0a9015\">\n<div class=\"sqs-block website-component-block sqs-block-website-component sqs-block-html html-block\" data-block-css=\"[&quot;https:\/\/definitions.sqspcdn.com\/website-component-definition\/static-assets\/website.components.html\/8636d61b-54e9-4d33-8bb8-0228d44c3611_445\/website.components.html.styles.css&quot;]\" data-block-scripts=\"[&quot;https:\/\/definitions.sqspcdn.com\/website-component-definition\/static-assets\/website.components.html\/8636d61b-54e9-4d33-8bb8-0228d44c3611_445\/website.components.html.visitor.js&quot;]\" data-block-type=\"1337\" data-definition-name=\"website.components.html\" data-sqsp-block=\"text\" data-website-component-id=\"f770fc5a9498ce0a9015\" id=\"block-f770fc5a9498ce0a9015\">\n<div class=\"sqs-block-content\">\n<div class=\"sqs-html-content\" data-sqsp-text-block-content>\n<h4 style=\"white-space:pre-wrap;\">Hva skjer n\u00e5?<\/h4>\n<p class=\"\" style=\"white-space:pre-wrap;\">Vi forbereder oss hvis du har lagt inn noen kommentarer om hva vi skal snakke om. <\/p>\n<p class=\"\" style=\"white-space:pre-wrap;\">Kommer du p\u00e5 noe annet du vil snakke om? Noter det og ta det opp under r\u00e5dgivningen. V\u00e5re folk er dyktige og kan hjelpe med det meste.<\/p>\n<h4 style=\"white-space:pre-wrap;\">F\u00e5r jeg en p\u00e5minnelse?<\/h4>\n<p class=\"\" style=\"white-space:pre-wrap;\">Du f\u00e5r en SMS \u00e9n time f\u00f8r avtalen. Akkurat nok tid til \u00e5 rekke frem i tilfelle du har glemt det?<\/p>\n<h4 style=\"white-space:pre-wrap;\">Hva hvis jeg ikke kan?<\/h4>\n<p class=\"\" style=\"white-space:pre-wrap;\">Ting skjer. Livet er s\u00e5nn. Hvis du ikke kan, h\u00e5per vi du avtaler ny tid. For dette kan v\u00e6re en veldig viktig samtale i livet ditt.<\/p>\n<p class=\"\" data-rte-preserve-empty=\"true\" style=\"white-space:pre-wrap;\">\n<p class=\"\" style=\"white-space:pre-wrap;\">Vi snakkes snart.<\/p>\n<\/div>\n<\/div>\n<\/div>\n<\/div>\n<\/div>\n<\/div><\/div>\n<\/p><\/div>\n<\/section>\n<\/article>\n","protected":false},"excerpt":{"rendered":"<p>Takk! Du har avtalt r\u00e5dgivning hos oss \ud83c\udf89 Hva skjer n\u00e5? Vi forbereder oss hvis du har lagt inn noen kommentarer om hva vi skal snakke om. Kommer du p\u00e5 noe annet du vil snakke om? Noter det og ta det opp under r\u00e5dgivningen. V\u00e5re folk er dyktige og kan hjelpe med det meste. F\u00e5r [&hellip;]<\/p>\n","protected":false},"author":1,"featured_media":0,"parent":0,"menu_order":0,"comment_status":"closed","ping_status":"closed","template":"","meta":{"footnotes":""},"class_list":["post-92","page","type-page","status-publish","hentry"],"_links":{"self":[{"href":"https:\/\/dev.metisprivatist.no\/index.php?rest_route=\/wp\/v2\/pages\/92","targetHints":{"allow":["GET"]}}],"collection":[{"href":"https:\/\/dev.metisprivatist.no\/index.php?rest_route=\/wp\/v2\/pages"}],"about":[{"href":"https:\/\/dev.metisprivatist.no\/index.php?rest_route=\/wp\/v2\/types\/page"}],"author":[{"embeddable":true,"href":"https:\/\/dev.metisprivatist.no\/index.php?rest_route=\/wp\/v2\/users\/1"}],"replies":[{"embeddable":true,"href":"https:\/\/dev.metisprivatist.no\/index.php?rest_route=%2Fwp%2Fv2%2Fcomments&post=92"}],"version-history":[{"count":0,"href":"https:\/\/dev.metisprivatist.no\/index.php?rest_route=\/wp\/v2\/pages\/92\/revisions"}],"wp:attachment":[{"href":"https:\/\/dev.metisprivatist.no\/index.php?rest_route=%2Fwp%2Fv2%2Fmedia&parent=92"}],"curies":[{"name":"wp","href":"https:\/\/api.w.org\/{rel}","templated":true}]}}