{"id":84,"date":"2026-04-19T21:55:44","date_gmt":"2026-04-19T21:55:44","guid":{"rendered":"https:\/\/dev.metisprivatist.no\/?page_id=84"},"modified":"2026-04-19T21:55:44","modified_gmt":"2026-04-19T21:55:44","slug":"23-5-regel-er-det-samme-som-235-regel","status":"publish","type":"page","link":"https:\/\/dev.metisprivatist.no\/?page_id=84","title":{"rendered":"23 5 regel er det samme som 23\/5 regel"},"content":{"rendered":"<article class=\"sections\" id=\"sections\" data-page-sections=\"6822f0acf2da7c767b195bde\">\n<section\n  data-test=\"page-section\"\n  \n  data-section-theme=\"\"\n  class='page-section \n    \n      full-bleed-section\n      layout-engine-section\n    \n    background-width--full-bleed\n    \n      section-height--small\n    \n    \n      content-width--wide\n    \n    horizontal-alignment--center\n    vertical-alignment--middle\n    \n      \n    \n    \n    '\n  \n  data-section-id=\"6822f0b247a6312ae444c1e5\"\n  \n  data-controller=\"SectionWrapperController\"\n  data-current-styles=\"{&quot;imageOverlayOpacity&quot;:0.15,&quot;backgroundWidth&quot;:&quot;background-width--full-bleed&quot;,&quot;sectionHeight&quot;:&quot;section-height--small&quot;,&quot;customSectionHeight&quot;:1,&quot;horizontalAlignment&quot;:&quot;horizontal-alignment--center&quot;,&quot;verticalAlignment&quot;:&quot;vertical-alignment--middle&quot;,&quot;contentWidth&quot;:&quot;content-width--wide&quot;,&quot;customContentWidth&quot;:50,&quot;sectionTheme&quot;:&quot;&quot;,&quot;sectionAnimation&quot;:&quot;none&quot;,&quot;backgroundMode&quot;:&quot;image&quot;}\"\n  data-current-context=\"{&quot;video&quot;:{&quot;playbackSpeed&quot;:1,&quot;filter&quot;:1,&quot;filterStrength&quot;:0,&quot;zoom&quot;:0,&quot;videoSourceProvider&quot;:&quot;none&quot;},&quot;backgroundImageId&quot;:null,&quot;backgroundMediaEffect&quot;:{&quot;type&quot;:&quot;none&quot;},&quot;divider&quot;:{&quot;enabled&quot;:false},&quot;typeName&quot;:null}\"\n  data-animation=\"none\"\n  data-fluid-engine-section\n   \n  \n    \n  \n  \n  \n  \n\n\n  data-sqsp-section=\"fluid-engine\"\n\n\n><\/p>\n<div\n    class=\"section-border\"\n    \n  ><\/p>\n<div class=\"section-background\"><\/div>\n<\/p><\/div>\n<div\n    class='content-wrapper'\n    style='\n      \n        \n      \n    '\n  ><\/p>\n<div\n      class=\"content\"\n      \n    ><\/p>\n<div data-fluid-engine=\"true\">\n<style>\n<p>.fe-6822f0b2115abb3f1bbb0a1e {\n  --grid-gutter: calc(var(--sqs-mobile-site-gutter, 6vw) - 11.0px);\n  --cell-max-width: calc( ( var(--sqs-site-max-width, 1500px) - (11.0px * (8 - 1)) ) \/ 8 );<\/p>\n<p>  display: grid;\n  position: relative;\n  grid-area: 1\/1\/-1\/-1;\n  grid-template-rows: repeat(4,minmax(24px, auto));\n  grid-template-columns:\n    minmax(var(--grid-gutter), 1fr)\n    repeat(8, minmax(0, var(--cell-max-width)))\n    minmax(var(--grid-gutter), 1fr);\n  row-gap: 11.0px;\n  column-gap: 11.0px;\n  overflow-x: hidden;\n  overflow-x: clip;\n}<\/p>\n<p>@media (min-width: 768px) {\n  .background-width--inset .fe-6822f0b2115abb3f1bbb0a1e {\n    --inset-padding: calc(var(--sqs-site-gutter) * 2);\n  }<\/p>\n<p>  .fe-6822f0b2115abb3f1bbb0a1e {\n    --grid-gutter: calc(var(--sqs-site-gutter, 4vw) - 11.0px);\n    --cell-max-width: calc( ( var(--sqs-site-max-width, 1500px) - (11.0px * (24 - 1)) ) \/ 24 );\n    --inset-padding: 0vw;<\/p>\n<p>    --row-height-scaling-factor: 0.0215;\n    --container-width: min(var(--sqs-site-max-width, 1500px), calc(100vw - var(--sqs-site-gutter, 4vw) * 2 - var(--inset-padding) ));<\/p>\n<p>    grid-template-rows: repeat(29,minmax(calc(var(--container-width) * var(--row-height-scaling-factor)), auto));\n    grid-template-columns:\n      minmax(var(--grid-gutter), 1fr)\n      repeat(24, minmax(0, var(--cell-max-width)))\n      minmax(var(--grid-gutter), 1fr);\n  }\n}<\/p>\n<p>  .fe-block-yui_3_17_2_1_1747119628026_23738 {\n    grid-area: 1\/2\/3\/10;\n    z-index: 2;<\/p>\n<p>    @media (max-width: 767px) {<\/p>\n<p>    }\n  }<\/p>\n<p>  .fe-block-yui_3_17_2_1_1747119628026_23738 .sqs-block {\n    justify-content: flex-start;\n  }<\/p>\n<p>  .fe-block-yui_3_17_2_1_1747119628026_23738 .sqs-block-alignment-wrapper {\n    align-items: flex-start;\n  }<\/p>\n<p>  @media (min-width: 768px) {\n    .fe-block-yui_3_17_2_1_1747119628026_23738 {\n      grid-area: 1\/3\/3\/24;\n      z-index: 2;<\/p>\n<p>    }<\/p>\n<p>    .fe-block-yui_3_17_2_1_1747119628026_23738 .sqs-block {\n      justify-content: flex-start;\n    }<\/p>\n<p>    .fe-block-yui_3_17_2_1_1747119628026_23738 .sqs-block-alignment-wrapper {\n      align-items: flex-start;\n    }\n  }<\/p>\n<p>  .fe-block-yui_3_17_2_1_1747119628026_21783 {\n    grid-area: 3\/2\/5\/10;\n    z-index: 1;<\/p>\n<p>    @media (max-width: 767px) {<\/p>\n<p>    }\n  }<\/p>\n<p>  .fe-block-yui_3_17_2_1_1747119628026_21783 .sqs-block {\n    justify-content: flex-start;\n  }<\/p>\n<p>  .fe-block-yui_3_17_2_1_1747119628026_21783 .sqs-block-alignment-wrapper {\n    align-items: flex-start;\n  }<\/p>\n<p>  @media (min-width: 768px) {\n    .fe-block-yui_3_17_2_1_1747119628026_21783 {\n      grid-area: 5\/3\/29\/25;\n      z-index: 1;<\/p>\n<p>    }<\/p>\n<p>    .fe-block-yui_3_17_2_1_1747119628026_21783 .sqs-block {\n      justify-content: flex-start;\n    }<\/p>\n<p>    .fe-block-yui_3_17_2_1_1747119628026_21783 .sqs-block-alignment-wrapper {\n      align-items: flex-start;\n    }\n  }<\/p>\n<\/style>\n<div class=\"fluid-engine fe-6822f0b2115abb3f1bbb0a1e\">\n<div class=\"fe-block fe-block-yui_3_17_2_1_1747119628026_23738\">\n<div class=\"sqs-block website-component-block sqs-block-website-component sqs-block-html html-block\" data-block-css=\"[&quot;https:\/\/definitions.sqspcdn.com\/website-component-definition\/static-assets\/website.components.html\/8636d61b-54e9-4d33-8bb8-0228d44c3611_445\/website.components.html.styles.css&quot;]\" data-block-scripts=\"[&quot;https:\/\/definitions.sqspcdn.com\/website-component-definition\/static-assets\/website.components.html\/8636d61b-54e9-4d33-8bb8-0228d44c3611_445\/website.components.html.visitor.js&quot;]\" data-block-type=\"1337\" data-definition-name=\"website.components.html\" data-sqsp-block=\"text\" data-website-component-id=\"yui_3_17_2_1_1747119628026_23738\" id=\"block-yui_3_17_2_1_1747119628026_23738\">\n<div class=\"sqs-block-content\">\n<div class=\"sqs-html-content\" data-sqsp-text-block-content>\n<h1 style=\"white-space:pre-wrap;\">23 5 regel er det samme som 23\/5 regel<\/h1>\n<\/div>\n<\/div>\n<\/div>\n<\/div>\n<div class=\"fe-block fe-block-yui_3_17_2_1_1747119628026_21783\">\n<div class=\"sqs-block website-component-block sqs-block-website-component sqs-block-html html-block\" data-block-css=\"[&quot;https:\/\/definitions.sqspcdn.com\/website-component-definition\/static-assets\/website.components.html\/8636d61b-54e9-4d33-8bb8-0228d44c3611_445\/website.components.html.styles.css&quot;]\" data-block-scripts=\"[&quot;https:\/\/definitions.sqspcdn.com\/website-component-definition\/static-assets\/website.components.html\/8636d61b-54e9-4d33-8bb8-0228d44c3611_445\/website.components.html.visitor.js&quot;]\" data-block-type=\"1337\" data-definition-name=\"website.components.html\" data-sqsp-block=\"text\" data-website-component-id=\"yui_3_17_2_1_1747119628026_21783\" id=\"block-yui_3_17_2_1_1747119628026_21783\">\n<div class=\"sqs-block-content\">\n<div class=\"sqs-html-content\" data-sqsp-text-block-content>\n<p class=\"\" style=\"white-space:pre-wrap;\"><strong>23 5 regel er det samme som 23\/5 regel<\/strong>, og forskjellen ligger kun i skrivem\u00e5ten \u2013 innholdet og betydningen er helt identisk. Mange lurer p\u00e5 om det er snakk om to ulike regler, men det er det alts\u00e5 ikke. B\u00e5de &#8220;23 5-regelen&#8221; og &#8220;23\/5-regelen&#8221; brukes om den samme ordningen som gir generell studiekompetanse til voksne uten fullf\u00f8rt videreg\u00e5ende skole.<\/p>\n<h2 style=\"white-space:pre-wrap;\">23 5 regel er det samme som 23\/5 regel \u2013 hva betyr det?<\/h2>\n<p class=\"\" style=\"white-space:pre-wrap;\"><strong>23 5 regel er det samme som 23\/5 regel<\/strong> og er en betegnelse p\u00e5 en vei til h\u00f8yere utdanning for deg som er over 23 \u00e5r og har fem \u00e5r med praksis eller utdanning. Uavhengig av skrivem\u00e5te er dette en sv\u00e6rt viktig ordning for voksne som \u00f8nsker \u00e5 studere videre uten fullf\u00f8rt vitnem\u00e5l fra videreg\u00e5ende.<\/p>\n<h2 style=\"white-space:pre-wrap;\">23 5 regel er det samme som 23\/5 regel \u2013 hvorfor to skrivem\u00e5ter?<\/h2>\n<p class=\"\" style=\"white-space:pre-wrap;\"><strong>23 5 regel er det samme som 23\/5 regel<\/strong>, men forskjellige akt\u00f8rer bruker ulike skrivem\u00e5ter. Noen skriver uten skr\u00e5strek (f.eks. i offentlig informasjon), mens andre bruker \u201c23\/5\u201d for \u00e5 gj\u00f8re det mer lesbart. Begge betegnelsene er like korrekte og viser til samme regelverk.<\/p>\n<h2 style=\"white-space:pre-wrap;\">Kravene er identiske \u2013 uansett skrivem\u00e5te<\/h2>\n<p class=\"\" style=\"white-space:pre-wrap;\">Enten du s\u00f8ker p\u00e5 &#8220;23 5 regel&#8221; eller &#8220;23\/5 regel&#8221;, gjelder de samme kravene:<\/p>\n<ul data-rte-list=\"default\">\n<li>\n<p class=\"\" style=\"white-space:pre-wrap;\">Du m\u00e5 fylle 23 \u00e5r i l\u00f8pet av \u00e5ret du s\u00f8ker.<\/p>\n<\/li>\n<li>\n<p class=\"\" style=\"white-space:pre-wrap;\">Du m\u00e5 dokumentere 5 \u00e5r med praksis og\/eller utdanning.<\/p>\n<\/li>\n<li>\n<p class=\"\" style=\"white-space:pre-wrap;\">Du m\u00e5 ha best\u00e5tt seks spesifikke fag (norsk, engelsk, samfunnsfag, historie, matematikk og naturfag).<\/p>\n<\/li>\n<\/ul>\n<h2 style=\"white-space:pre-wrap;\">Hvor finner du informasjon?<\/h2>\n<p class=\"\" style=\"white-space:pre-wrap;\">Mange kilder, som <a href=\"https:\/\/utdanning.no\/tema\/nyttig_informasjon\/235-regelen\" target=\"_new\">utdanning.no<\/a> og <a href=\"https:\/\/www.ung.no\/oss\/486059\" target=\"_new\">ung.no<\/a>, bruker begge skrivem\u00e5tene om hverandre. Derfor er det viktig \u00e5 vite at <strong>23 5 regel er det samme som 23\/5 regel<\/strong>, slik at du ikke blir forvirret under s\u00f8k eller lesing.<\/p>\n<h2 style=\"white-space:pre-wrap;\">Hva betyr dette for deg som privatist?<\/h2>\n<p class=\"\" style=\"white-space:pre-wrap;\">For deg som vurderer \u00e5 ta fag som privatist for \u00e5 oppfylle kravene, er det viktig \u00e5 vite at <strong>23 5 regel er det samme som 23\/5 regel<\/strong>. Dette sikrer at du f\u00e5r riktig informasjon, uansett hvilken skrivem\u00e5te som brukes av kursleverand\u00f8rer eller offentlige nettsider.<\/p>\n<\/div>\n<\/div>\n<\/div>\n<\/div>\n<\/div>\n<\/div><\/div>\n<\/p><\/div>\n<\/section>\n<section\n  data-test=\"page-section\"\n  \n  data-section-theme=\"\"\n  class='page-section \n    \n      full-bleed-section\n      layout-engine-section\n    \n    background-width--full-bleed\n    \n      section-height--small\n    \n    \n      content-width--wide\n    \n    horizontal-alignment--center\n    vertical-alignment--middle\n    \n      \n    \n    \n    '\n  \n  data-section-id=\"6822f0e455ab141f69296dfb\"\n  \n  data-controller=\"SectionWrapperController\"\n  data-current-styles=\"{&quot;imageOverlayOpacity&quot;:0.15,&quot;backgroundWidth&quot;:&quot;background-width--full-bleed&quot;,&quot;sectionHeight&quot;:&quot;section-height--small&quot;,&quot;customSectionHeight&quot;:1,&quot;horizontalAlignment&quot;:&quot;horizontal-alignment--center&quot;,&quot;verticalAlignment&quot;:&quot;vertical-alignment--middle&quot;,&quot;contentWidth&quot;:&quot;content-width--wide&quot;,&quot;customContentWidth&quot;:50,&quot;sectionTheme&quot;:&quot;&quot;,&quot;sectionAnimation&quot;:&quot;none&quot;,&quot;backgroundMode&quot;:&quot;image&quot;}\"\n  data-current-context=\"{&quot;video&quot;:{&quot;playbackSpeed&quot;:1,&quot;filter&quot;:1,&quot;filterStrength&quot;:0,&quot;zoom&quot;:0,&quot;videoSourceProvider&quot;:&quot;none&quot;},&quot;backgroundImageId&quot;:null,&quot;backgroundMediaEffect&quot;:{&quot;type&quot;:&quot;none&quot;},&quot;divider&quot;:{&quot;enabled&quot;:false},&quot;typeName&quot;:null}\"\n  data-animation=\"none\"\n  data-fluid-engine-section\n   \n  \n    \n  \n  \n  \n  \n\n\n  data-sqsp-section=\"fluid-engine\"\n\n\n><\/p>\n<div\n    class=\"section-border\"\n    \n  ><\/p>\n<div class=\"section-background\"><\/div>\n<\/p><\/div>\n<div\n    class='content-wrapper'\n    style='\n      \n        \n      \n    '\n  ><\/p>\n<div\n      class=\"content\"\n      \n    ><\/p>\n<div data-fluid-engine=\"true\">\n<style>\n<p>.fe-6822f0e455ab141f69296dfa {\n  --grid-gutter: calc(var(--sqs-mobile-site-gutter, 6vw) - 11.0px);\n  --cell-max-width: calc( ( var(--sqs-site-max-width, 1500px) - (11.0px * (8 - 1)) ) \/ 8 );<\/p>\n<p>  display: grid;\n  position: relative;\n  grid-area: 1\/1\/-1\/-1;\n  grid-template-rows: repeat(8,minmax(24px, auto));\n  grid-template-columns:\n    minmax(var(--grid-gutter), 1fr)\n    repeat(8, minmax(0, var(--cell-max-width)))\n    minmax(var(--grid-gutter), 1fr);\n  row-gap: 11.0px;\n  column-gap: 11.0px;\n  overflow-x: hidden;\n  overflow-x: clip;\n}<\/p>\n<p>@media (min-width: 768px) {\n  .background-width--inset .fe-6822f0e455ab141f69296dfa {\n    --inset-padding: calc(var(--sqs-site-gutter) * 2);\n  }<\/p>\n<p>  .fe-6822f0e455ab141f69296dfa {\n    --grid-gutter: calc(var(--sqs-site-gutter, 4vw) - 11.0px);\n    --cell-max-width: calc( ( var(--sqs-site-max-width, 1500px) - (11.0px * (24 - 1)) ) \/ 24 );\n    --inset-padding: 0vw;<\/p>\n<p>    --row-height-scaling-factor: 0.0215;\n    --container-width: min(var(--sqs-site-max-width, 1500px), calc(100vw - var(--sqs-site-gutter, 4vw) * 2 - var(--inset-padding) ));<\/p>\n<p>    grid-template-rows: repeat(7,minmax(calc(var(--container-width) * var(--row-height-scaling-factor)), auto));\n    grid-template-columns:\n      minmax(var(--grid-gutter), 1fr)\n      repeat(24, minmax(0, var(--cell-max-width)))\n      minmax(var(--grid-gutter), 1fr);\n  }\n}<\/p>\n<p>  .fe-block-532a206fce1c922dabb9 {\n    grid-area: 1\/2\/3\/10;\n    z-index: 3;<\/p>\n<p>    @media (max-width: 767px) {<\/p>\n<p>    }\n  }<\/p>\n<p>  .fe-block-532a206fce1c922dabb9 .sqs-block {\n    justify-content: flex-start;\n  }<\/p>\n<p>  .fe-block-532a206fce1c922dabb9 .sqs-block-alignment-wrapper {\n    align-items: flex-start;\n  }<\/p>\n<p>  @media (min-width: 768px) {\n    .fe-block-532a206fce1c922dabb9 {\n      grid-area: 1\/3\/3\/15;\n      z-index: 3;<\/p>\n<p>    }<\/p>\n<p>    .fe-block-532a206fce1c922dabb9 .sqs-block {\n      justify-content: flex-start;\n    }<\/p>\n<p>    .fe-block-532a206fce1c922dabb9 .sqs-block-alignment-wrapper {\n      align-items: flex-start;\n    }\n  }<\/p>\n<p>  .fe-block-e647643fd7bdf18d77d2 {\n    grid-area: 3\/2\/5\/10;\n    z-index: 4;<\/p>\n<p>    @media (max-width: 767px) {<\/p>\n<p>    }\n  }<\/p>\n<p>  .fe-block-e647643fd7bdf18d77d2 .sqs-block {\n    justify-content: flex-start;\n  }<\/p>\n<p>  .fe-block-e647643fd7bdf18d77d2 .sqs-block-alignment-wrapper {\n    align-items: flex-start;\n  }<\/p>\n<p>  @media (min-width: 768px) {\n    .fe-block-e647643fd7bdf18d77d2 {\n      grid-area: 3\/3\/5\/15;\n      z-index: 4;<\/p>\n<p>    }<\/p>\n<p>    .fe-block-e647643fd7bdf18d77d2 .sqs-block {\n      justify-content: flex-start;\n    }<\/p>\n<p>    .fe-block-e647643fd7bdf18d77d2 .sqs-block-alignment-wrapper {\n      align-items: flex-start;\n    }\n  }<\/p>\n<p>  .fe-block-14e92fdfe7f9827b9c57 {\n    grid-area: 7\/2\/9\/6;\n    z-index: 1;<\/p>\n<p>    @media (max-width: 767px) {<\/p>\n<p>    }\n  }<\/p>\n<p>  .fe-block-14e92fdfe7f9827b9c57 .sqs-block {\n    justify-content: center;\n  }<\/p>\n<p>  .fe-block-14e92fdfe7f9827b9c57 .sqs-block-alignment-wrapper {\n    align-items: center;\n  }<\/p>\n<p>  @media (min-width: 768px) {\n    .fe-block-14e92fdfe7f9827b9c57 {\n      grid-area: 6\/3\/8\/8;\n      z-index: 1;<\/p>\n<p>    }<\/p>\n<p>    .fe-block-14e92fdfe7f9827b9c57 .sqs-block {\n      justify-content: center;\n    }<\/p>\n<p>    .fe-block-14e92fdfe7f9827b9c57 .sqs-block-alignment-wrapper {\n      align-items: center;\n    }\n  }<\/p>\n<p>  .fe-block-6891fec00dc7a91cf743 {\n    grid-area: 7\/6\/9\/10;\n    z-index: 2;<\/p>\n<p>    @media (max-width: 767px) {<\/p>\n<p>    }\n  }<\/p>\n<p>  .fe-block-6891fec00dc7a91cf743 .sqs-block {\n    justify-content: center;\n  }<\/p>\n<p>  .fe-block-6891fec00dc7a91cf743 .sqs-block-alignment-wrapper {\n    align-items: center;\n  }<\/p>\n<p>  @media (min-width: 768px) {\n    .fe-block-6891fec00dc7a91cf743 {\n      grid-area: 6\/9\/8\/14;\n      z-index: 2;<\/p>\n<p>    }<\/p>\n<p>    .fe-block-6891fec00dc7a91cf743 .sqs-block {\n      justify-content: center;\n    }<\/p>\n<p>    .fe-block-6891fec00dc7a91cf743 .sqs-block-alignment-wrapper {\n      align-items: center;\n    }\n  }<\/p>\n<\/style>\n<div class=\"fluid-engine fe-6822f0e455ab141f69296dfa\">\n<div class=\"fe-block fe-block-532a206fce1c922dabb9\">\n<div class=\"sqs-block website-component-block sqs-block-website-component sqs-block-html html-block\" data-block-css=\"[&quot;https:\/\/definitions.sqspcdn.com\/website-component-definition\/static-assets\/website.components.html\/8636d61b-54e9-4d33-8bb8-0228d44c3611_445\/website.components.html.styles.css&quot;]\" data-block-scripts=\"[&quot;https:\/\/definitions.sqspcdn.com\/website-component-definition\/static-assets\/website.components.html\/8636d61b-54e9-4d33-8bb8-0228d44c3611_445\/website.components.html.visitor.js&quot;]\" data-block-type=\"1337\" data-definition-name=\"website.components.html\" data-sqsp-block=\"text\" data-website-component-id=\"532a206fce1c922dabb9\" id=\"block-532a206fce1c922dabb9\">\n<div class=\"sqs-block-content\">\n<div class=\"sqs-html-content\" data-sqsp-text-block-content>\n<h2 style=\"white-space:pre-wrap;\">Hva kan vi hjelpe med?<\/h2>\n<\/div>\n<\/div>\n<\/div>\n<\/div>\n<div class=\"fe-block fe-block-e647643fd7bdf18d77d2\">\n<div class=\"sqs-block website-component-block sqs-block-website-component sqs-block-html html-block\" data-block-css=\"[&quot;https:\/\/definitions.sqspcdn.com\/website-component-definition\/static-assets\/website.components.html\/8636d61b-54e9-4d33-8bb8-0228d44c3611_445\/website.components.html.styles.css&quot;]\" data-block-scripts=\"[&quot;https:\/\/definitions.sqspcdn.com\/website-component-definition\/static-assets\/website.components.html\/8636d61b-54e9-4d33-8bb8-0228d44c3611_445\/website.components.html.visitor.js&quot;]\" data-block-type=\"1337\" data-definition-name=\"website.components.html\" data-sqsp-block=\"text\" data-website-component-id=\"e647643fd7bdf18d77d2\" id=\"block-e647643fd7bdf18d77d2\">\n<div class=\"sqs-block-content\">\n<div class=\"sqs-html-content\" data-sqsp-text-block-content>\n<p class=\"\" style=\"white-space:pre-wrap;\">Husk at du kan booke gratis r\u00e5dgivning hos oss. Sjekk ogs\u00e5 ut v\u00e5re fag og priser i kursbutikken.<\/p>\n<\/div>\n<\/div>\n<\/div>\n<\/div>\n<div class=\"fe-block fe-block-14e92fdfe7f9827b9c57\">\n<div class=\"sqs-block website-component-block sqs-block-website-component sqs-block-button button-block\" data-block-css=\"[&quot;https:\/\/definitions.sqspcdn.com\/website-component-definition\/static-assets\/website.components.button\/d14722f3-3379-4fea-ae46-2ce6e2f3968c_615\/website.components.button.styles.css&quot;]\" data-block-scripts=\"[&quot;https:\/\/definitions.sqspcdn.com\/website-component-definition\/static-assets\/website.components.button\/d14722f3-3379-4fea-ae46-2ce6e2f3968c_615\/website.components.button.visitor.js&quot;]\" data-block-type=\"1337\" data-definition-name=\"website.components.button\" data-sqsp-block=\"button\" data-website-component-id=\"14e92fdfe7f9827b9c57\" id=\"block-14e92fdfe7f9827b9c57\">\n<div class=\"sqs-block-content\"><\/div>\n<\/div>\n<\/div>\n<div class=\"fe-block fe-block-6891fec00dc7a91cf743\">\n<div class=\"sqs-block website-component-block sqs-block-website-component sqs-block-button button-block\" data-block-css=\"[&quot;https:\/\/definitions.sqspcdn.com\/website-component-definition\/static-assets\/website.components.button\/d14722f3-3379-4fea-ae46-2ce6e2f3968c_615\/website.components.button.styles.css&quot;]\" data-block-scripts=\"[&quot;https:\/\/definitions.sqspcdn.com\/website-component-definition\/static-assets\/website.components.button\/d14722f3-3379-4fea-ae46-2ce6e2f3968c_615\/website.components.button.visitor.js&quot;]\" data-block-type=\"1337\" data-definition-name=\"website.components.button\" data-sqsp-block=\"button\" data-website-component-id=\"6891fec00dc7a91cf743\" id=\"block-6891fec00dc7a91cf743\">\n<div class=\"sqs-block-content\"><\/div>\n<\/div>\n<\/div>\n<\/div>\n<\/div><\/div>\n<\/p><\/div>\n<\/section>\n<\/article>\n","protected":false},"excerpt":{"rendered":"<p>23 5 regel er det samme som 23\/5 regel 23 5 regel er det samme som 23\/5 regel, og forskjellen ligger kun i skrivem\u00e5ten \u2013 innholdet og betydningen er helt identisk. Mange lurer p\u00e5 om det er snakk om to ulike regler, men det er det alts\u00e5 ikke. B\u00e5de &#8220;23 5-regelen&#8221; og &#8220;23\/5-regelen&#8221; brukes om [&hellip;]<\/p>\n","protected":false},"author":1,"featured_media":0,"parent":0,"menu_order":0,"comment_status":"closed","ping_status":"closed","template":"","meta":{"footnotes":""},"class_list":["post-84","page","type-page","status-publish","hentry"],"_links":{"self":[{"href":"https:\/\/dev.metisprivatist.no\/index.php?rest_route=\/wp\/v2\/pages\/84","targetHints":{"allow":["GET"]}}],"collection":[{"href":"https:\/\/dev.metisprivatist.no\/index.php?rest_route=\/wp\/v2\/pages"}],"about":[{"href":"https:\/\/dev.metisprivatist.no\/index.php?rest_route=\/wp\/v2\/types\/page"}],"author":[{"embeddable":true,"href":"https:\/\/dev.metisprivatist.no\/index.php?rest_route=\/wp\/v2\/users\/1"}],"replies":[{"embeddable":true,"href":"https:\/\/dev.metisprivatist.no\/index.php?rest_route=%2Fwp%2Fv2%2Fcomments&post=84"}],"version-history":[{"count":0,"href":"https:\/\/dev.metisprivatist.no\/index.php?rest_route=\/wp\/v2\/pages\/84\/revisions"}],"wp:attachment":[{"href":"https:\/\/dev.metisprivatist.no\/index.php?rest_route=%2Fwp%2Fv2%2Fmedia&parent=84"}],"curies":[{"name":"wp","href":"https:\/\/api.w.org\/{rel}","templated":true}]}}