{"id":83,"date":"2026-04-19T21:55:43","date_gmt":"2026-04-19T21:55:43","guid":{"rendered":"https:\/\/dev.metisprivatist.no\/?page_id=83"},"modified":"2026-04-19T21:55:43","modified_gmt":"2026-04-19T21:55:43","slug":"23-5-regel-privatist","status":"publish","type":"page","link":"https:\/\/dev.metisprivatist.no\/?page_id=83","title":{"rendered":"23 5 regel privatist"},"content":{"rendered":"<article class=\"sections\" id=\"sections\" data-page-sections=\"6822eed75a371556e07c9b35\">\n<section\n  data-test=\"page-section\"\n  \n  data-section-theme=\"\"\n  class='page-section \n    \n      full-bleed-section\n      layout-engine-section\n    \n    background-width--full-bleed\n    \n      section-height--small\n    \n    \n      content-width--wide\n    \n    horizontal-alignment--center\n    vertical-alignment--middle\n    \n      \n    \n    \n    '\n  \n  data-section-id=\"6822eeef7f182a05382b1aa2\"\n  \n  data-controller=\"SectionWrapperController\"\n  data-current-styles=\"{&quot;imageOverlayOpacity&quot;:0.15,&quot;backgroundWidth&quot;:&quot;background-width--full-bleed&quot;,&quot;sectionHeight&quot;:&quot;section-height--small&quot;,&quot;customSectionHeight&quot;:1,&quot;horizontalAlignment&quot;:&quot;horizontal-alignment--center&quot;,&quot;verticalAlignment&quot;:&quot;vertical-alignment--middle&quot;,&quot;contentWidth&quot;:&quot;content-width--wide&quot;,&quot;customContentWidth&quot;:50,&quot;sectionTheme&quot;:&quot;&quot;,&quot;sectionAnimation&quot;:&quot;none&quot;,&quot;backgroundMode&quot;:&quot;image&quot;}\"\n  data-current-context=\"{&quot;video&quot;:{&quot;playbackSpeed&quot;:1,&quot;filter&quot;:1,&quot;filterStrength&quot;:0,&quot;zoom&quot;:0,&quot;videoSourceProvider&quot;:&quot;none&quot;},&quot;backgroundImageId&quot;:null,&quot;backgroundMediaEffect&quot;:{&quot;type&quot;:&quot;none&quot;},&quot;divider&quot;:{&quot;enabled&quot;:false},&quot;typeName&quot;:null}\"\n  data-animation=\"none\"\n  data-fluid-engine-section\n   \n  \n    \n  \n  \n  \n  \n\n\n  data-sqsp-section=\"fluid-engine\"\n\n\n><\/p>\n<div\n    class=\"section-border\"\n    \n  ><\/p>\n<div class=\"section-background\"><\/div>\n<\/p><\/div>\n<div\n    class='content-wrapper'\n    style='\n      \n        \n      \n    '\n  ><\/p>\n<div\n      class=\"content\"\n      \n    ><\/p>\n<div data-fluid-engine=\"true\">\n<style>\n<p>.fe-6822eef02d029a5d7814d012 {\n  --grid-gutter: calc(var(--sqs-mobile-site-gutter, 6vw) - 11.0px);\n  --cell-max-width: calc( ( var(--sqs-site-max-width, 1500px) - (11.0px * (8 - 1)) ) \/ 8 );<\/p>\n<p>  display: grid;\n  position: relative;\n  grid-area: 1\/1\/-1\/-1;\n  grid-template-rows: repeat(4,minmax(24px, auto));\n  grid-template-columns:\n    minmax(var(--grid-gutter), 1fr)\n    repeat(8, minmax(0, var(--cell-max-width)))\n    minmax(var(--grid-gutter), 1fr);\n  row-gap: 11.0px;\n  column-gap: 11.0px;\n  overflow-x: hidden;\n  overflow-x: clip;\n}<\/p>\n<p>@media (min-width: 768px) {\n  .background-width--inset .fe-6822eef02d029a5d7814d012 {\n    --inset-padding: calc(var(--sqs-site-gutter) * 2);\n  }<\/p>\n<p>  .fe-6822eef02d029a5d7814d012 {\n    --grid-gutter: calc(var(--sqs-site-gutter, 4vw) - 11.0px);\n    --cell-max-width: calc( ( var(--sqs-site-max-width, 1500px) - (11.0px * (24 - 1)) ) \/ 24 );\n    --inset-padding: 0vw;<\/p>\n<p>    --row-height-scaling-factor: 0.0215;\n    --container-width: min(var(--sqs-site-max-width, 1500px), calc(100vw - var(--sqs-site-gutter, 4vw) * 2 - var(--inset-padding) ));<\/p>\n<p>    grid-template-rows: repeat(29,minmax(calc(var(--container-width) * var(--row-height-scaling-factor)), auto));\n    grid-template-columns:\n      minmax(var(--grid-gutter), 1fr)\n      repeat(24, minmax(0, var(--cell-max-width)))\n      minmax(var(--grid-gutter), 1fr);\n  }\n}<\/p>\n<p>  .fe-block-yui_3_17_2_1_1747119628026_9589 {\n    grid-area: 1\/2\/3\/10;\n    z-index: 2;<\/p>\n<p>    @media (max-width: 767px) {<\/p>\n<p>    }\n  }<\/p>\n<p>  .fe-block-yui_3_17_2_1_1747119628026_9589 .sqs-block {\n    justify-content: flex-start;\n  }<\/p>\n<p>  .fe-block-yui_3_17_2_1_1747119628026_9589 .sqs-block-alignment-wrapper {\n    align-items: flex-start;\n  }<\/p>\n<p>  @media (min-width: 768px) {\n    .fe-block-yui_3_17_2_1_1747119628026_9589 {\n      grid-area: 1\/3\/3\/23;\n      z-index: 2;<\/p>\n<p>    }<\/p>\n<p>    .fe-block-yui_3_17_2_1_1747119628026_9589 .sqs-block {\n      justify-content: flex-start;\n    }<\/p>\n<p>    .fe-block-yui_3_17_2_1_1747119628026_9589 .sqs-block-alignment-wrapper {\n      align-items: flex-start;\n    }\n  }<\/p>\n<p>  .fe-block-yui_3_17_2_1_1747119628026_5398 {\n    grid-area: 3\/2\/5\/10;\n    z-index: 1;<\/p>\n<p>    @media (max-width: 767px) {<\/p>\n<p>    }\n  }<\/p>\n<p>  .fe-block-yui_3_17_2_1_1747119628026_5398 .sqs-block {\n    justify-content: flex-start;\n  }<\/p>\n<p>  .fe-block-yui_3_17_2_1_1747119628026_5398 .sqs-block-alignment-wrapper {\n    align-items: flex-start;\n  }<\/p>\n<p>  @media (min-width: 768px) {\n    .fe-block-yui_3_17_2_1_1747119628026_5398 {\n      grid-area: 4\/3\/30\/25;\n      z-index: 1;<\/p>\n<p>    }<\/p>\n<p>    .fe-block-yui_3_17_2_1_1747119628026_5398 .sqs-block {\n      justify-content: flex-start;\n    }<\/p>\n<p>    .fe-block-yui_3_17_2_1_1747119628026_5398 .sqs-block-alignment-wrapper {\n      align-items: flex-start;\n    }\n  }<\/p>\n<\/style>\n<div class=\"fluid-engine fe-6822eef02d029a5d7814d012\">\n<div class=\"fe-block fe-block-yui_3_17_2_1_1747119628026_9589\">\n<div class=\"sqs-block website-component-block sqs-block-website-component sqs-block-html html-block\" data-block-css=\"[&quot;https:\/\/definitions.sqspcdn.com\/website-component-definition\/static-assets\/website.components.html\/8636d61b-54e9-4d33-8bb8-0228d44c3611_445\/website.components.html.styles.css&quot;]\" data-block-scripts=\"[&quot;https:\/\/definitions.sqspcdn.com\/website-component-definition\/static-assets\/website.components.html\/8636d61b-54e9-4d33-8bb8-0228d44c3611_445\/website.components.html.visitor.js&quot;]\" data-block-type=\"1337\" data-definition-name=\"website.components.html\" data-sqsp-block=\"text\" data-website-component-id=\"yui_3_17_2_1_1747119628026_9589\" id=\"block-yui_3_17_2_1_1747119628026_9589\">\n<div class=\"sqs-block-content\">\n<div class=\"sqs-html-content\" data-sqsp-text-block-content>\n<h1 style=\"white-space:pre-wrap;\">23 5 regel privatist &#8211; Hva er det?<\/h1>\n<\/div>\n<\/div>\n<\/div>\n<\/div>\n<div class=\"fe-block fe-block-yui_3_17_2_1_1747119628026_5398\">\n<div class=\"sqs-block website-component-block sqs-block-website-component sqs-block-html html-block\" data-block-css=\"[&quot;https:\/\/definitions.sqspcdn.com\/website-component-definition\/static-assets\/website.components.html\/8636d61b-54e9-4d33-8bb8-0228d44c3611_445\/website.components.html.styles.css&quot;]\" data-block-scripts=\"[&quot;https:\/\/definitions.sqspcdn.com\/website-component-definition\/static-assets\/website.components.html\/8636d61b-54e9-4d33-8bb8-0228d44c3611_445\/website.components.html.visitor.js&quot;]\" data-block-type=\"1337\" data-definition-name=\"website.components.html\" data-sqsp-block=\"text\" data-website-component-id=\"yui_3_17_2_1_1747119628026_5398\" id=\"block-yui_3_17_2_1_1747119628026_5398\">\n<div class=\"sqs-block-content\">\n<div class=\"sqs-html-content\" data-sqsp-text-block-content>\n<p class=\"\" style=\"white-space:pre-wrap;\"><strong>23 5 regel privatist<\/strong> gjelder for deg som ikke har fullf\u00f8rt videreg\u00e5ende, men som likevel \u00f8nsker \u00e5 f\u00e5 generell studiekompetanse. For \u00e5 kvalifisere m\u00e5 du:<\/p>\n<ul data-rte-list=\"default\">\n<li>\n<p class=\"\" style=\"white-space:pre-wrap;\">Ha fylt 23 \u00e5r innen \u00e5ret du s\u00f8ker opptak til h\u00f8yere utdanning.<\/p>\n<\/li>\n<li>\n<p class=\"\" style=\"white-space:pre-wrap;\">Ha minst fem \u00e5r med kombinert arbeidserfaring og\/eller utdanning.<\/p>\n<\/li>\n<li>\n<p class=\"\" style=\"white-space:pre-wrap;\">Ha best\u00e5tt seks spesifikke fag som privatist eller p\u00e5 annen m\u00e5te.<\/p>\n<\/li>\n<\/ul>\n<p class=\"\" style=\"white-space:pre-wrap;\">Disse fagene inkluderer norsk, engelsk, samfunnsfag, historie, matematikk (1P + 2P eller 1T + 2P) og naturfag.<\/p>\n<h2 style=\"white-space:pre-wrap;\">23 5 regel privatist &#8211; Hvem passer det for?<\/h2>\n<p class=\"\" style=\"white-space:pre-wrap;\"><strong>23 5 regel privatist<\/strong> er spesielt relevant for deg som har jobbet etter ungdomsskolen eller har annen relevant erfaring, men som ikke tok full studiekompetanse i sin tid. Kanskje du droppet ut av videreg\u00e5ende, startet \u00e5 jobbe tidlig, eller valgte et praktisk utdanningsl\u00f8p. N\u00e5 kan du ta fagene som trengs for \u00e5 oppfylle kravene \u2013 p\u00e5 egne premisser.<\/p>\n<h2 style=\"white-space:pre-wrap;\">Fordeler med \u00e5 v\u00e6re privatist<\/h2>\n<p class=\"\" style=\"white-space:pre-wrap;\">\u00c5 v\u00e6re privatist gir deg stor fleksibilitet. Du kan selv bestemme hvor og n\u00e5r du vil lese, og det finnes mange gode kursleverand\u00f8rer som kan hjelpe deg med b\u00e5de nettundervisning og fysisk undervisning. Med riktig planlegging kan du ta fagene du trenger over ett eller to semestre.<\/p>\n<h2 style=\"white-space:pre-wrap;\">Slik dokumenterer du praksis<\/h2>\n<p class=\"\" style=\"white-space:pre-wrap;\">For at <strong>23 5 regel privatist<\/strong> skal gjelde, m\u00e5 du dokumentere de fem \u00e5rene med praksis eller utdanning. Dette kan v\u00e6re:<\/p>\n<ul data-rte-list=\"default\">\n<li>\n<p class=\"\" style=\"white-space:pre-wrap;\">Arbeidsattester<\/p>\n<\/li>\n<li>\n<p class=\"\" style=\"white-space:pre-wrap;\">Vitnem\u00e5l fra videreg\u00e5ende fag du har best\u00e5tt<\/p>\n<\/li>\n<li>\n<p class=\"\" style=\"white-space:pre-wrap;\">Kursbevis<\/p>\n<\/li>\n<li>\n<p class=\"\" style=\"white-space:pre-wrap;\">L\u00e6retid eller milit\u00e6rtjeneste<\/p>\n<\/li>\n<\/ul>\n<p class=\"\" style=\"white-space:pre-wrap;\">Det er viktig at dokumentasjonen er tydelig og datert, slik at den kan godkjennes av Samordna opptak.<\/p>\n<h2 style=\"white-space:pre-wrap;\">Hvordan komme i gang?<\/h2>\n<p class=\"\" style=\"white-space:pre-wrap;\">F\u00f8rst m\u00e5 du finne ut hvilke fag du eventuelt mangler. Deretter kan du melde deg opp som privatist gjennom din fylkeskommune. Mange velger \u00e5 ta fagene gjennom privatistskoler. Det kan ogs\u00e5 v\u00e6re lurt \u00e5 s\u00f8ke veiledning hos r\u00e5dgiver.<\/p>\n<\/div>\n<\/div>\n<\/div>\n<\/div>\n<\/div>\n<\/div><\/div>\n<\/p><\/div>\n<\/section>\n<section\n  data-test=\"page-section\"\n  \n  data-section-theme=\"\"\n  class='page-section \n    \n      full-bleed-section\n      layout-engine-section\n    \n    background-width--full-bleed\n    \n      section-height--small\n    \n    \n      content-width--wide\n    \n    horizontal-alignment--center\n    vertical-alignment--middle\n    \n      \n    \n    \n    '\n  \n  data-section-id=\"6822eff893bdb37a0c711c2e\"\n  \n  data-controller=\"SectionWrapperController\"\n  data-current-styles=\"{&quot;imageOverlayOpacity&quot;:0.15,&quot;backgroundWidth&quot;:&quot;background-width--full-bleed&quot;,&quot;sectionHeight&quot;:&quot;section-height--small&quot;,&quot;customSectionHeight&quot;:1,&quot;horizontalAlignment&quot;:&quot;horizontal-alignment--center&quot;,&quot;verticalAlignment&quot;:&quot;vertical-alignment--middle&quot;,&quot;contentWidth&quot;:&quot;content-width--wide&quot;,&quot;customContentWidth&quot;:50,&quot;sectionTheme&quot;:&quot;&quot;,&quot;sectionAnimation&quot;:&quot;none&quot;,&quot;backgroundMode&quot;:&quot;image&quot;}\"\n  data-current-context=\"{&quot;video&quot;:{&quot;playbackSpeed&quot;:1,&quot;filter&quot;:1,&quot;filterStrength&quot;:0,&quot;zoom&quot;:0,&quot;videoSourceProvider&quot;:&quot;none&quot;},&quot;backgroundImageId&quot;:null,&quot;backgroundMediaEffect&quot;:{&quot;type&quot;:&quot;none&quot;},&quot;divider&quot;:{&quot;enabled&quot;:false},&quot;typeName&quot;:null}\"\n  data-animation=\"none\"\n  data-fluid-engine-section\n   \n  \n    \n  \n  \n  \n  \n\n\n  data-sqsp-section=\"fluid-engine\"\n\n\n><\/p>\n<div\n    class=\"section-border\"\n    \n  ><\/p>\n<div class=\"section-background\"><\/div>\n<\/p><\/div>\n<div\n    class='content-wrapper'\n    style='\n      \n        \n      \n    '\n  ><\/p>\n<div\n      class=\"content\"\n      \n    ><\/p>\n<div data-fluid-engine=\"true\">\n<style>\n<p>.fe-6822eff893bdb37a0c711c2d {\n  --grid-gutter: calc(var(--sqs-mobile-site-gutter, 6vw) - 11.0px);\n  --cell-max-width: calc( ( var(--sqs-site-max-width, 1500px) - (11.0px * (8 - 1)) ) \/ 8 );<\/p>\n<p>  display: grid;\n  position: relative;\n  grid-area: 1\/1\/-1\/-1;\n  grid-template-rows: repeat(8,minmax(24px, auto));\n  grid-template-columns:\n    minmax(var(--grid-gutter), 1fr)\n    repeat(8, minmax(0, var(--cell-max-width)))\n    minmax(var(--grid-gutter), 1fr);\n  row-gap: 11.0px;\n  column-gap: 11.0px;\n  overflow-x: hidden;\n  overflow-x: clip;\n}<\/p>\n<p>@media (min-width: 768px) {\n  .background-width--inset .fe-6822eff893bdb37a0c711c2d {\n    --inset-padding: calc(var(--sqs-site-gutter) * 2);\n  }<\/p>\n<p>  .fe-6822eff893bdb37a0c711c2d {\n    --grid-gutter: calc(var(--sqs-site-gutter, 4vw) - 11.0px);\n    --cell-max-width: calc( ( var(--sqs-site-max-width, 1500px) - (11.0px * (24 - 1)) ) \/ 24 );\n    --inset-padding: 0vw;<\/p>\n<p>    --row-height-scaling-factor: 0.0215;\n    --container-width: min(var(--sqs-site-max-width, 1500px), calc(100vw - var(--sqs-site-gutter, 4vw) * 2 - var(--inset-padding) ));<\/p>\n<p>    grid-template-rows: repeat(7,minmax(calc(var(--container-width) * var(--row-height-scaling-factor)), auto));\n    grid-template-columns:\n      minmax(var(--grid-gutter), 1fr)\n      repeat(24, minmax(0, var(--cell-max-width)))\n      minmax(var(--grid-gutter), 1fr);\n  }\n}<\/p>\n<p>  .fe-block-af27e289983d37845c1c {\n    grid-area: 1\/2\/3\/10;\n    z-index: 3;<\/p>\n<p>    @media (max-width: 767px) {<\/p>\n<p>    }\n  }<\/p>\n<p>  .fe-block-af27e289983d37845c1c .sqs-block {\n    justify-content: flex-start;\n  }<\/p>\n<p>  .fe-block-af27e289983d37845c1c .sqs-block-alignment-wrapper {\n    align-items: flex-start;\n  }<\/p>\n<p>  @media (min-width: 768px) {\n    .fe-block-af27e289983d37845c1c {\n      grid-area: 1\/3\/3\/15;\n      z-index: 3;<\/p>\n<p>    }<\/p>\n<p>    .fe-block-af27e289983d37845c1c .sqs-block {\n      justify-content: flex-start;\n    }<\/p>\n<p>    .fe-block-af27e289983d37845c1c .sqs-block-alignment-wrapper {\n      align-items: flex-start;\n    }\n  }<\/p>\n<p>  .fe-block-d9d846a75f81dc7c577b {\n    grid-area: 3\/2\/5\/10;\n    z-index: 4;<\/p>\n<p>    @media (max-width: 767px) {<\/p>\n<p>    }\n  }<\/p>\n<p>  .fe-block-d9d846a75f81dc7c577b .sqs-block {\n    justify-content: flex-start;\n  }<\/p>\n<p>  .fe-block-d9d846a75f81dc7c577b .sqs-block-alignment-wrapper {\n    align-items: flex-start;\n  }<\/p>\n<p>  @media (min-width: 768px) {\n    .fe-block-d9d846a75f81dc7c577b {\n      grid-area: 3\/3\/5\/15;\n      z-index: 4;<\/p>\n<p>    }<\/p>\n<p>    .fe-block-d9d846a75f81dc7c577b .sqs-block {\n      justify-content: flex-start;\n    }<\/p>\n<p>    .fe-block-d9d846a75f81dc7c577b .sqs-block-alignment-wrapper {\n      align-items: flex-start;\n    }\n  }<\/p>\n<p>  .fe-block-f66eb42a9851cb566158 {\n    grid-area: 7\/2\/9\/6;\n    z-index: 1;<\/p>\n<p>    @media (max-width: 767px) {<\/p>\n<p>    }\n  }<\/p>\n<p>  .fe-block-f66eb42a9851cb566158 .sqs-block {\n    justify-content: center;\n  }<\/p>\n<p>  .fe-block-f66eb42a9851cb566158 .sqs-block-alignment-wrapper {\n    align-items: center;\n  }<\/p>\n<p>  @media (min-width: 768px) {\n    .fe-block-f66eb42a9851cb566158 {\n      grid-area: 6\/3\/8\/8;\n      z-index: 1;<\/p>\n<p>    }<\/p>\n<p>    .fe-block-f66eb42a9851cb566158 .sqs-block {\n      justify-content: center;\n    }<\/p>\n<p>    .fe-block-f66eb42a9851cb566158 .sqs-block-alignment-wrapper {\n      align-items: center;\n    }\n  }<\/p>\n<p>  .fe-block-7d178daf4e0710061415 {\n    grid-area: 7\/6\/9\/10;\n    z-index: 2;<\/p>\n<p>    @media (max-width: 767px) {<\/p>\n<p>    }\n  }<\/p>\n<p>  .fe-block-7d178daf4e0710061415 .sqs-block {\n    justify-content: center;\n  }<\/p>\n<p>  .fe-block-7d178daf4e0710061415 .sqs-block-alignment-wrapper {\n    align-items: center;\n  }<\/p>\n<p>  @media (min-width: 768px) {\n    .fe-block-7d178daf4e0710061415 {\n      grid-area: 6\/9\/8\/14;\n      z-index: 2;<\/p>\n<p>    }<\/p>\n<p>    .fe-block-7d178daf4e0710061415 .sqs-block {\n      justify-content: center;\n    }<\/p>\n<p>    .fe-block-7d178daf4e0710061415 .sqs-block-alignment-wrapper {\n      align-items: center;\n    }\n  }<\/p>\n<\/style>\n<div class=\"fluid-engine fe-6822eff893bdb37a0c711c2d\">\n<div class=\"fe-block fe-block-af27e289983d37845c1c\">\n<div class=\"sqs-block website-component-block sqs-block-website-component sqs-block-html html-block\" data-block-css=\"[&quot;https:\/\/definitions.sqspcdn.com\/website-component-definition\/static-assets\/website.components.html\/8636d61b-54e9-4d33-8bb8-0228d44c3611_445\/website.components.html.styles.css&quot;]\" data-block-scripts=\"[&quot;https:\/\/definitions.sqspcdn.com\/website-component-definition\/static-assets\/website.components.html\/8636d61b-54e9-4d33-8bb8-0228d44c3611_445\/website.components.html.visitor.js&quot;]\" data-block-type=\"1337\" data-definition-name=\"website.components.html\" data-sqsp-block=\"text\" data-website-component-id=\"af27e289983d37845c1c\" id=\"block-af27e289983d37845c1c\">\n<div class=\"sqs-block-content\">\n<div class=\"sqs-html-content\" data-sqsp-text-block-content>\n<h2 style=\"white-space:pre-wrap;\">Hva kan vi hjelpe med?<\/h2>\n<\/div>\n<\/div>\n<\/div>\n<\/div>\n<div class=\"fe-block fe-block-d9d846a75f81dc7c577b\">\n<div class=\"sqs-block website-component-block sqs-block-website-component sqs-block-html html-block\" data-block-css=\"[&quot;https:\/\/definitions.sqspcdn.com\/website-component-definition\/static-assets\/website.components.html\/8636d61b-54e9-4d33-8bb8-0228d44c3611_445\/website.components.html.styles.css&quot;]\" data-block-scripts=\"[&quot;https:\/\/definitions.sqspcdn.com\/website-component-definition\/static-assets\/website.components.html\/8636d61b-54e9-4d33-8bb8-0228d44c3611_445\/website.components.html.visitor.js&quot;]\" data-block-type=\"1337\" data-definition-name=\"website.components.html\" data-sqsp-block=\"text\" data-website-component-id=\"d9d846a75f81dc7c577b\" id=\"block-d9d846a75f81dc7c577b\">\n<div class=\"sqs-block-content\">\n<div class=\"sqs-html-content\" data-sqsp-text-block-content>\n<p class=\"\" style=\"white-space:pre-wrap;\">Husk at du kan booke gratis r\u00e5dgivning hos oss. Sjekk ogs\u00e5 ut v\u00e5re fag og priser i kursbutikken.<\/p>\n<\/div>\n<\/div>\n<\/div>\n<\/div>\n<div class=\"fe-block fe-block-f66eb42a9851cb566158\">\n<div class=\"sqs-block website-component-block sqs-block-website-component sqs-block-button button-block\" data-block-css=\"[&quot;https:\/\/definitions.sqspcdn.com\/website-component-definition\/static-assets\/website.components.button\/d14722f3-3379-4fea-ae46-2ce6e2f3968c_615\/website.components.button.styles.css&quot;]\" data-block-scripts=\"[&quot;https:\/\/definitions.sqspcdn.com\/website-component-definition\/static-assets\/website.components.button\/d14722f3-3379-4fea-ae46-2ce6e2f3968c_615\/website.components.button.visitor.js&quot;]\" data-block-type=\"1337\" data-definition-name=\"website.components.button\" data-sqsp-block=\"button\" data-website-component-id=\"f66eb42a9851cb566158\" id=\"block-f66eb42a9851cb566158\">\n<div class=\"sqs-block-content\"><\/div>\n<\/div>\n<\/div>\n<div class=\"fe-block fe-block-7d178daf4e0710061415\">\n<div class=\"sqs-block website-component-block sqs-block-website-component sqs-block-button button-block\" data-block-css=\"[&quot;https:\/\/definitions.sqspcdn.com\/website-component-definition\/static-assets\/website.components.button\/d14722f3-3379-4fea-ae46-2ce6e2f3968c_615\/website.components.button.styles.css&quot;]\" data-block-scripts=\"[&quot;https:\/\/definitions.sqspcdn.com\/website-component-definition\/static-assets\/website.components.button\/d14722f3-3379-4fea-ae46-2ce6e2f3968c_615\/website.components.button.visitor.js&quot;]\" data-block-type=\"1337\" data-definition-name=\"website.components.button\" data-sqsp-block=\"button\" data-website-component-id=\"7d178daf4e0710061415\" id=\"block-7d178daf4e0710061415\">\n<div class=\"sqs-block-content\"><\/div>\n<\/div>\n<\/div>\n<\/div>\n<\/div><\/div>\n<\/p><\/div>\n<\/section>\n<\/article>\n","protected":false},"excerpt":{"rendered":"<p>23 5 regel privatist &#8211; Hva er det? 23 5 regel privatist gjelder for deg som ikke har fullf\u00f8rt videreg\u00e5ende, men som likevel \u00f8nsker \u00e5 f\u00e5 generell studiekompetanse. For \u00e5 kvalifisere m\u00e5 du: Ha fylt 23 \u00e5r innen \u00e5ret du s\u00f8ker opptak til h\u00f8yere utdanning. Ha minst fem \u00e5r med kombinert arbeidserfaring og\/eller utdanning. Ha [&hellip;]<\/p>\n","protected":false},"author":1,"featured_media":0,"parent":0,"menu_order":0,"comment_status":"closed","ping_status":"closed","template":"","meta":{"footnotes":""},"class_list":["post-83","page","type-page","status-publish","hentry"],"_links":{"self":[{"href":"https:\/\/dev.metisprivatist.no\/index.php?rest_route=\/wp\/v2\/pages\/83","targetHints":{"allow":["GET"]}}],"collection":[{"href":"https:\/\/dev.metisprivatist.no\/index.php?rest_route=\/wp\/v2\/pages"}],"about":[{"href":"https:\/\/dev.metisprivatist.no\/index.php?rest_route=\/wp\/v2\/types\/page"}],"author":[{"embeddable":true,"href":"https:\/\/dev.metisprivatist.no\/index.php?rest_route=\/wp\/v2\/users\/1"}],"replies":[{"embeddable":true,"href":"https:\/\/dev.metisprivatist.no\/index.php?rest_route=%2Fwp%2Fv2%2Fcomments&post=83"}],"version-history":[{"count":0,"href":"https:\/\/dev.metisprivatist.no\/index.php?rest_route=\/wp\/v2\/pages\/83\/revisions"}],"wp:attachment":[{"href":"https:\/\/dev.metisprivatist.no\/index.php?rest_route=%2Fwp%2Fv2%2Fmedia&parent=83"}],"curies":[{"name":"wp","href":"https:\/\/api.w.org\/{rel}","templated":true}]}}