{"id":80,"date":"2026-04-19T21:55:43","date_gmt":"2026-04-19T21:55:43","guid":{"rendered":"https:\/\/dev.metisprivatist.no\/?page_id=80"},"modified":"2026-04-19T21:55:43","modified_gmt":"2026-04-19T21:55:43","slug":"lanekassen","status":"publish","type":"page","link":"https:\/\/dev.metisprivatist.no\/?page_id=80","title":{"rendered":"L\u00e5nekassen"},"content":{"rendered":"<article class=\"sections\" id=\"sections\" data-page-sections=\"67fe0db1f2219e32f518c458\">\n<section\n  data-test=\"page-section\"\n  \n  data-section-theme=\"\"\n  class='page-section \n    \n      full-bleed-section\n      layout-engine-section\n    \n    background-width--full-bleed\n    \n      section-height--small\n    \n    \n      content-width--wide\n    \n    horizontal-alignment--center\n    vertical-alignment--middle\n    \n      \n    \n    \n    '\n  \n  data-section-id=\"67fe12e8c77d3d5b2e8fcec6\"\n  \n  data-controller=\"SectionWrapperController\"\n  data-current-styles=\"{&quot;imageOverlayOpacity&quot;:0.15,&quot;backgroundWidth&quot;:&quot;background-width--full-bleed&quot;,&quot;sectionHeight&quot;:&quot;section-height--small&quot;,&quot;customSectionHeight&quot;:1,&quot;horizontalAlignment&quot;:&quot;horizontal-alignment--center&quot;,&quot;verticalAlignment&quot;:&quot;vertical-alignment--middle&quot;,&quot;contentWidth&quot;:&quot;content-width--wide&quot;,&quot;customContentWidth&quot;:50,&quot;sectionTheme&quot;:&quot;&quot;,&quot;sectionAnimation&quot;:&quot;none&quot;,&quot;backgroundMode&quot;:&quot;image&quot;}\"\n  data-current-context=\"{&quot;video&quot;:{&quot;playbackSpeed&quot;:1,&quot;filter&quot;:1,&quot;filterStrength&quot;:0,&quot;zoom&quot;:0,&quot;videoSourceProvider&quot;:&quot;none&quot;},&quot;backgroundImageId&quot;:null,&quot;backgroundMediaEffect&quot;:{&quot;type&quot;:&quot;none&quot;},&quot;divider&quot;:{&quot;enabled&quot;:false},&quot;typeName&quot;:null}\"\n  data-animation=\"none\"\n  data-fluid-engine-section\n   \n  \n    \n  \n  \n  \n  \n\n\n  data-sqsp-section=\"fluid-engine\"\n\n\n><\/p>\n<div\n    class=\"section-border\"\n    \n  ><\/p>\n<div class=\"section-background\"><\/div>\n<\/p><\/div>\n<div\n    class='content-wrapper'\n    style='\n      \n        \n      \n    '\n  ><\/p>\n<div\n      class=\"content\"\n      \n    ><\/p>\n<div data-fluid-engine=\"true\">\n<style>\n<p>.fe-67fe12e969ae12757301ce63 {\n  --grid-gutter: calc(var(--sqs-mobile-site-gutter, 6vw) - 11.0px);\n  --cell-max-width: calc( ( var(--sqs-site-max-width, 1500px) - (11.0px * (8 - 1)) ) \/ 8 );<\/p>\n<p>  display: grid;\n  position: relative;\n  grid-area: 1\/1\/-1\/-1;\n  grid-template-rows: repeat(8,minmax(24px, auto));\n  grid-template-columns:\n    minmax(var(--grid-gutter), 1fr)\n    repeat(8, minmax(0, var(--cell-max-width)))\n    minmax(var(--grid-gutter), 1fr);\n  row-gap: 11.0px;\n  column-gap: 11.0px;\n  overflow-x: hidden;\n  overflow-x: clip;\n}<\/p>\n<p>@media (min-width: 768px) {\n  .background-width--inset .fe-67fe12e969ae12757301ce63 {\n    --inset-padding: calc(var(--sqs-site-gutter) * 2);\n  }<\/p>\n<p>  .fe-67fe12e969ae12757301ce63 {\n    --grid-gutter: calc(var(--sqs-site-gutter, 4vw) - 11.0px);\n    --cell-max-width: calc( ( var(--sqs-site-max-width, 1500px) - (11.0px * (24 - 1)) ) \/ 24 );\n    --inset-padding: 0vw;<\/p>\n<p>    --row-height-scaling-factor: 0.0215;\n    --container-width: min(var(--sqs-site-max-width, 1500px), calc(100vw - var(--sqs-site-gutter, 4vw) * 2 - var(--inset-padding) ));<\/p>\n<p>    grid-template-rows: repeat(9,minmax(calc(var(--container-width) * var(--row-height-scaling-factor)), auto));\n    grid-template-columns:\n      minmax(var(--grid-gutter), 1fr)\n      repeat(24, minmax(0, var(--cell-max-width)))\n      minmax(var(--grid-gutter), 1fr);\n  }\n}<\/p>\n<p>  .fe-block-yui_3_17_2_1_1744702727595_5923 {\n    grid-area: 1\/2\/3\/10;\n    z-index: 1;<\/p>\n<p>    @media (max-width: 767px) {<\/p>\n<p>    }\n  }<\/p>\n<p>  .fe-block-yui_3_17_2_1_1744702727595_5923 .sqs-block {\n    justify-content: flex-start;\n  }<\/p>\n<p>  .fe-block-yui_3_17_2_1_1744702727595_5923 .sqs-block-alignment-wrapper {\n    align-items: flex-start;\n  }<\/p>\n<p>  @media (min-width: 768px) {\n    .fe-block-yui_3_17_2_1_1744702727595_5923 {\n      grid-area: 1\/6\/3\/22;\n      z-index: 1;<\/p>\n<p>    }<\/p>\n<p>    .fe-block-yui_3_17_2_1_1744702727595_5923 .sqs-block {\n      justify-content: flex-start;\n    }<\/p>\n<p>    .fe-block-yui_3_17_2_1_1744702727595_5923 .sqs-block-alignment-wrapper {\n      align-items: flex-start;\n    }\n  }<\/p>\n<p>  .fe-block-yui_3_17_2_1_1744702727595_15570 {\n    grid-area: 3\/2\/5\/10;\n    z-index: 2;<\/p>\n<p>    @media (max-width: 767px) {<\/p>\n<p>    }\n  }<\/p>\n<p>  .fe-block-yui_3_17_2_1_1744702727595_15570 .sqs-block {\n    justify-content: flex-start;\n  }<\/p>\n<p>  .fe-block-yui_3_17_2_1_1744702727595_15570 .sqs-block-alignment-wrapper {\n    align-items: flex-start;\n  }<\/p>\n<p>  @media (min-width: 768px) {\n    .fe-block-yui_3_17_2_1_1744702727595_15570 {\n      grid-area: 4\/8\/6\/20;\n      z-index: 2;<\/p>\n<p>    }<\/p>\n<p>    .fe-block-yui_3_17_2_1_1744702727595_15570 .sqs-block {\n      justify-content: flex-start;\n    }<\/p>\n<p>    .fe-block-yui_3_17_2_1_1744702727595_15570 .sqs-block-alignment-wrapper {\n      align-items: flex-start;\n    }\n  }<\/p>\n<p>  .fe-block-yui_3_17_2_1_1744702727595_15922 {\n    grid-area: 5\/2\/7\/6;\n    z-index: 3;<\/p>\n<p>    @media (max-width: 767px) {<\/p>\n<p>    }\n  }<\/p>\n<p>  .fe-block-yui_3_17_2_1_1744702727595_15922 .sqs-block {\n    justify-content: center;\n  }<\/p>\n<p>  .fe-block-yui_3_17_2_1_1744702727595_15922 .sqs-block-alignment-wrapper {\n    align-items: center;\n  }<\/p>\n<p>  @media (min-width: 768px) {\n    .fe-block-yui_3_17_2_1_1744702727595_15922 {\n      grid-area: 8\/8\/10\/13;\n      z-index: 3;<\/p>\n<p>    }<\/p>\n<p>    .fe-block-yui_3_17_2_1_1744702727595_15922 .sqs-block {\n      justify-content: center;\n    }<\/p>\n<p>    .fe-block-yui_3_17_2_1_1744702727595_15922 .sqs-block-alignment-wrapper {\n      align-items: center;\n    }\n  }<\/p>\n<p>  .fe-block-fa8dd5d937315483efb0 {\n    grid-area: 7\/2\/9\/6;\n    z-index: 4;<\/p>\n<p>    @media (max-width: 767px) {<\/p>\n<p>    }\n  }<\/p>\n<p>  .fe-block-fa8dd5d937315483efb0 .sqs-block {\n    justify-content: center;\n  }<\/p>\n<p>  .fe-block-fa8dd5d937315483efb0 .sqs-block-alignment-wrapper {\n    align-items: center;\n  }<\/p>\n<p>  @media (min-width: 768px) {\n    .fe-block-fa8dd5d937315483efb0 {\n      grid-area: 8\/15\/10\/20;\n      z-index: 4;<\/p>\n<p>    }<\/p>\n<p>    .fe-block-fa8dd5d937315483efb0 .sqs-block {\n      justify-content: center;\n    }<\/p>\n<p>    .fe-block-fa8dd5d937315483efb0 .sqs-block-alignment-wrapper {\n      align-items: center;\n    }\n  }<\/p>\n<\/style>\n<div class=\"fluid-engine fe-67fe12e969ae12757301ce63\">\n<div class=\"fe-block fe-block-yui_3_17_2_1_1744702727595_5923\">\n<div class=\"sqs-block website-component-block sqs-block-website-component sqs-block-html html-block\" data-block-css=\"[&quot;https:\/\/definitions.sqspcdn.com\/website-component-definition\/static-assets\/website.components.html\/8636d61b-54e9-4d33-8bb8-0228d44c3611_445\/website.components.html.styles.css&quot;]\" data-block-scripts=\"[&quot;https:\/\/definitions.sqspcdn.com\/website-component-definition\/static-assets\/website.components.html\/8636d61b-54e9-4d33-8bb8-0228d44c3611_445\/website.components.html.visitor.js&quot;]\" data-block-type=\"1337\" data-definition-name=\"website.components.html\" data-sqsp-block=\"text\" data-website-component-id=\"yui_3_17_2_1_1744702727595_5923\" id=\"block-yui_3_17_2_1_1744702727595_5923\">\n<div class=\"sqs-block-content\">\n<div class=\"sqs-html-content\" data-sqsp-text-block-content>\n<h1 style=\"text-align:center;white-space:pre-wrap;\">L\u00e5nekassen og privatistkurs<\/h1>\n<\/div>\n<\/div>\n<\/div>\n<\/div>\n<div class=\"fe-block fe-block-yui_3_17_2_1_1744702727595_15570\">\n<div class=\"sqs-block website-component-block sqs-block-website-component sqs-block-html html-block\" data-block-css=\"[&quot;https:\/\/definitions.sqspcdn.com\/website-component-definition\/static-assets\/website.components.html\/8636d61b-54e9-4d33-8bb8-0228d44c3611_445\/website.components.html.styles.css&quot;]\" data-block-scripts=\"[&quot;https:\/\/definitions.sqspcdn.com\/website-component-definition\/static-assets\/website.components.html\/8636d61b-54e9-4d33-8bb8-0228d44c3611_445\/website.components.html.visitor.js&quot;]\" data-block-type=\"1337\" data-definition-name=\"website.components.html\" data-sqsp-block=\"text\" data-website-component-id=\"yui_3_17_2_1_1744702727595_15570\" id=\"block-yui_3_17_2_1_1744702727595_15570\">\n<div class=\"sqs-block-content\">\n<div class=\"sqs-html-content\" data-sqsp-text-block-content>\n<p class=\"\" style=\"white-space:pre-wrap;\">Her gir vi deg viktig informasjon om l\u00e5n i L\u00e5nekassen for privatister. Hvis du har sp\u00f8rsm\u00e5l om dette og skal ta kurs hos oss. <\/p>\n<\/div>\n<\/div>\n<\/div>\n<\/div>\n<div class=\"fe-block fe-block-yui_3_17_2_1_1744702727595_15922\">\n<div class=\"sqs-block website-component-block sqs-block-website-component sqs-block-button button-block\" data-block-css=\"[&quot;https:\/\/definitions.sqspcdn.com\/website-component-definition\/static-assets\/website.components.button\/d14722f3-3379-4fea-ae46-2ce6e2f3968c_615\/website.components.button.styles.css&quot;]\" data-block-scripts=\"[&quot;https:\/\/definitions.sqspcdn.com\/website-component-definition\/static-assets\/website.components.button\/d14722f3-3379-4fea-ae46-2ce6e2f3968c_615\/website.components.button.visitor.js&quot;]\" data-block-type=\"1337\" data-definition-name=\"website.components.button\" data-sqsp-block=\"button\" data-website-component-id=\"yui_3_17_2_1_1744702727595_15922\" id=\"block-yui_3_17_2_1_1744702727595_15922\">\n<div class=\"sqs-block-content\"><\/div>\n<\/div>\n<\/div>\n<div class=\"fe-block fe-block-fa8dd5d937315483efb0\">\n<div class=\"sqs-block website-component-block sqs-block-website-component sqs-block-button button-block\" data-block-css=\"[&quot;https:\/\/definitions.sqspcdn.com\/website-component-definition\/static-assets\/website.components.button\/d14722f3-3379-4fea-ae46-2ce6e2f3968c_615\/website.components.button.styles.css&quot;]\" data-block-scripts=\"[&quot;https:\/\/definitions.sqspcdn.com\/website-component-definition\/static-assets\/website.components.button\/d14722f3-3379-4fea-ae46-2ce6e2f3968c_615\/website.components.button.visitor.js&quot;]\" data-block-type=\"1337\" data-definition-name=\"website.components.button\" data-sqsp-block=\"button\" data-website-component-id=\"fa8dd5d937315483efb0\" id=\"block-fa8dd5d937315483efb0\">\n<div class=\"sqs-block-content\"><\/div>\n<\/div>\n<\/div>\n<\/div>\n<\/div><\/div>\n<\/p><\/div>\n<\/section>\n<section\n  data-test=\"page-section\"\n  \n  data-section-theme=\"\"\n  class='page-section \n    \n      full-bleed-section\n      layout-engine-section\n    \n    background-width--full-bleed\n    \n      section-height--small\n    \n    \n      content-width--wide\n    \n    horizontal-alignment--center\n    vertical-alignment--middle\n    \n      \n    \n    \n    '\n  \n  data-section-id=\"67fe12fb56673379692a2a71\"\n  \n  data-controller=\"SectionWrapperController\"\n  data-current-styles=\"{&quot;imageOverlayOpacity&quot;:0.15,&quot;backgroundWidth&quot;:&quot;background-width--full-bleed&quot;,&quot;sectionHeight&quot;:&quot;section-height--small&quot;,&quot;customSectionHeight&quot;:1,&quot;horizontalAlignment&quot;:&quot;horizontal-alignment--center&quot;,&quot;verticalAlignment&quot;:&quot;vertical-alignment--middle&quot;,&quot;contentWidth&quot;:&quot;content-width--wide&quot;,&quot;customContentWidth&quot;:50,&quot;sectionTheme&quot;:&quot;&quot;,&quot;sectionAnimation&quot;:&quot;none&quot;,&quot;backgroundMode&quot;:&quot;image&quot;}\"\n  data-current-context=\"{&quot;video&quot;:{&quot;playbackSpeed&quot;:1,&quot;filter&quot;:1,&quot;filterStrength&quot;:0,&quot;zoom&quot;:0,&quot;videoSourceProvider&quot;:&quot;none&quot;},&quot;backgroundImageId&quot;:null,&quot;backgroundMediaEffect&quot;:{&quot;type&quot;:&quot;none&quot;},&quot;divider&quot;:{&quot;enabled&quot;:false},&quot;typeName&quot;:null}\"\n  data-animation=\"none\"\n  data-fluid-engine-section\n   \n  \n    \n  \n  \n  \n  \n\n\n  data-sqsp-section=\"fluid-engine\"\n\n\n><\/p>\n<div\n    class=\"section-border\"\n    \n  ><\/p>\n<div class=\"section-background\"><\/div>\n<\/p><\/div>\n<div\n    class='content-wrapper'\n    style='\n      \n        \n      \n    '\n  ><\/p>\n<div\n      class=\"content\"\n      \n    ><\/p>\n<div data-fluid-engine=\"true\">\n<style>\n<p>.fe-67fe12fb8576285fb0353d1f {\n  --grid-gutter: calc(var(--sqs-mobile-site-gutter, 6vw) - 11.0px);\n  --cell-max-width: calc( ( var(--sqs-site-max-width, 1500px) - (11.0px * (8 - 1)) ) \/ 8 );<\/p>\n<p>  display: grid;\n  position: relative;\n  grid-area: 1\/1\/-1\/-1;\n  grid-template-rows: repeat(2,minmax(24px, auto));\n  grid-template-columns:\n    minmax(var(--grid-gutter), 1fr)\n    repeat(8, minmax(0, var(--cell-max-width)))\n    minmax(var(--grid-gutter), 1fr);\n  row-gap: 11.0px;\n  column-gap: 11.0px;\n  overflow-x: hidden;\n  overflow-x: clip;\n}<\/p>\n<p>@media (min-width: 768px) {\n  .background-width--inset .fe-67fe12fb8576285fb0353d1f {\n    --inset-padding: calc(var(--sqs-site-gutter) * 2);\n  }<\/p>\n<p>  .fe-67fe12fb8576285fb0353d1f {\n    --grid-gutter: calc(var(--sqs-site-gutter, 4vw) - 11.0px);\n    --cell-max-width: calc( ( var(--sqs-site-max-width, 1500px) - (11.0px * (24 - 1)) ) \/ 24 );\n    --inset-padding: 0vw;<\/p>\n<p>    --row-height-scaling-factor: 0.0215;\n    --container-width: min(var(--sqs-site-max-width, 1500px), calc(100vw - var(--sqs-site-gutter, 4vw) * 2 - var(--inset-padding) ));<\/p>\n<p>    grid-template-rows: repeat(40,minmax(calc(var(--container-width) * var(--row-height-scaling-factor)), auto));\n    grid-template-columns:\n      minmax(var(--grid-gutter), 1fr)\n      repeat(24, minmax(0, var(--cell-max-width)))\n      minmax(var(--grid-gutter), 1fr);\n  }\n}<\/p>\n<p>  .fe-block-yui_3_17_2_1_1744702727595_6304 {\n    grid-area: 1\/2\/3\/10;\n    z-index: 1;<\/p>\n<p>    @media (max-width: 767px) {<\/p>\n<p>    }\n  }<\/p>\n<p>  .fe-block-yui_3_17_2_1_1744702727595_6304 .sqs-block {\n    justify-content: flex-start;\n  }<\/p>\n<p>  .fe-block-yui_3_17_2_1_1744702727595_6304 .sqs-block-alignment-wrapper {\n    align-items: flex-start;\n  }<\/p>\n<p>  @media (min-width: 768px) {\n    .fe-block-yui_3_17_2_1_1744702727595_6304 {\n      grid-area: 1\/2\/41\/26;\n      z-index: 1;<\/p>\n<p>    }<\/p>\n<p>    .fe-block-yui_3_17_2_1_1744702727595_6304 .sqs-block {\n      justify-content: flex-start;\n    }<\/p>\n<p>    .fe-block-yui_3_17_2_1_1744702727595_6304 .sqs-block-alignment-wrapper {\n      align-items: flex-start;\n    }\n  }<\/p>\n<\/style>\n<div class=\"fluid-engine fe-67fe12fb8576285fb0353d1f\">\n<div class=\"fe-block fe-block-yui_3_17_2_1_1744702727595_6304\">\n<div class=\"sqs-block website-component-block sqs-block-website-component sqs-block-html html-block\" data-block-css=\"[&quot;https:\/\/definitions.sqspcdn.com\/website-component-definition\/static-assets\/website.components.html\/8636d61b-54e9-4d33-8bb8-0228d44c3611_445\/website.components.html.styles.css&quot;]\" data-block-scripts=\"[&quot;https:\/\/definitions.sqspcdn.com\/website-component-definition\/static-assets\/website.components.html\/8636d61b-54e9-4d33-8bb8-0228d44c3611_445\/website.components.html.visitor.js&quot;]\" data-block-type=\"1337\" data-definition-name=\"website.components.html\" data-sqsp-block=\"text\" data-website-component-id=\"yui_3_17_2_1_1744702727595_6304\" id=\"block-yui_3_17_2_1_1744702727595_6304\">\n<div class=\"sqs-block-content\">\n<div class=\"sqs-html-content\" data-sqsp-text-block-content>\n<h3 style=\"white-space:pre-wrap;\">Du kan s\u00f8ke om l\u00e5n som privatist<\/h3>\n<p class=\"\" style=\"white-space:pre-wrap;\">Som privatist f\u00e5r du ikke stipend p\u00e5 samme m\u00e5te som elever i vanlig videreg\u00e5ende oppl\u00e6ring. I stedet kan du s\u00f8ke om l\u00e5n, som kalles <strong>basisl\u00e5n<\/strong> \u2013 dette er det samme som mange kjenner som studiel\u00e5n.<\/p>\n<p class=\"\" style=\"white-space:pre-wrap;\"><strong>Opptil 40 prosent av basisl\u00e5net kan gj\u00f8res om til stipend dersom du:<\/strong><\/p>\n<ul data-rte-list=\"default\">\n<li>\n<p class=\"\" style=\"white-space:pre-wrap;\">ikke bor sammen med foreldrene dine<\/p>\n<\/li>\n<li>\n<p class=\"\" style=\"white-space:pre-wrap;\">best\u00e5r utdanningen<\/p>\n<\/li>\n<li>\n<p class=\"\" style=\"white-space:pre-wrap;\">har inntekt, trygd og formue under fastsatte grenser<\/p>\n<\/li>\n<\/ul>\n<p class=\"\" style=\"white-space:pre-wrap;\">Dersom du m\u00e5 betale skolepenger, kan du i tillegg s\u00f8ke om <strong>skolepengel\u00e5n<\/strong>.<\/p>\n<blockquote>\n<p class=\"\" style=\"white-space:pre-wrap;\"><strong>NB:<\/strong> Tar du privatisteksamen i fag du allerede har best\u00e5tt (for eksempel fag du tok p\u00e5 vanlig videreg\u00e5ende), f\u00e5r du <strong>ikke<\/strong> gjort om l\u00e5net til stipend for disse fagene.<\/p>\n<\/blockquote>\n<p class=\"\" data-rte-preserve-empty=\"true\" style=\"white-space:pre-wrap;\">\n<h3 style=\"white-space:pre-wrap;\">Hvor mye l\u00e5n kan du f\u00e5?<\/h3>\n<p class=\"\" style=\"white-space:pre-wrap;\">Du kan f\u00e5 basisl\u00e5n til utdanning tilsvarende <strong>480 studiepoeng<\/strong>, noe som tilsvarer <strong>\u00e5tte \u00e5r med fulltidsstudier<\/strong>. Basisl\u00e5n brukt p\u00e5 videreg\u00e5ende niv\u00e5 teller med i denne grensen, fordi l\u00e5ne- og stipendordningen f\u00f8lger reglene for h\u00f8yere og annen utdanning.<\/p>\n<p class=\"\" data-rte-preserve-empty=\"true\" style=\"white-space:pre-wrap;\">\n<h3 style=\"white-space:pre-wrap;\">N\u00e5r m\u00e5 l\u00e5net betales tilbake?<\/h3>\n<p class=\"\" style=\"white-space:pre-wrap;\">L\u00e5net f\u00e5r renter, og tilbakebetalingen starter n\u00e5r du ikke lenger mottar st\u00f8tte til fulltidsutdanning \u2013 enten fordi du er ferdig, eller fordi du kun studerer deltid. F\u00f8rste regning kommer vanligvis <strong>cirka syv m\u00e5neder etter<\/strong> at du sist fikk l\u00e5n.<\/p>\n<p class=\"\" data-rte-preserve-empty=\"true\" style=\"white-space:pre-wrap;\">\n<h3 style=\"white-space:pre-wrap;\">Gjelder dette deg?<\/h3>\n<p class=\"\" style=\"white-space:pre-wrap;\">Denne informasjonen gjelder deg hvis <strong>ett av disse punktene stemmer<\/strong>:<\/p>\n<ul data-rte-list=\"default\">\n<li>\n<p class=\"\" style=\"white-space:pre-wrap;\">Du fyller <strong>21 \u00e5r eller mer<\/strong> i l\u00f8pet av kalender\u00e5ret skole\u00e5ret starter<\/p>\n<\/li>\n<li>\n<p class=\"\" style=\"white-space:pre-wrap;\">Du har <strong>studie- eller yrkeskompetanse<\/strong> (har fullf\u00f8rt og best\u00e5tt studieforberedende eller yrkesfag med vitnem\u00e5l, fagbrev eller svennebrev)<\/p>\n<\/li>\n<li>\n<p class=\"\" style=\"white-space:pre-wrap;\">Du tar videreg\u00e5ende oppl\u00e6ring p\u00e5 en <strong>privatskole<\/strong> og m\u00e5 ta eksamen som <strong>privatist<\/strong><\/p>\n<\/li>\n<\/ul>\n<p class=\"\" style=\"white-space:pre-wrap;\"><strong>Unntak:<\/strong> Fyller du mellom <strong>21 og 24 \u00e5r i 2025<\/strong>, og fikk du <strong>utstyrsstipend eller annen st\u00f8tte etter reglene for vanlig videreg\u00e5ende<\/strong> i skole\u00e5ret 2023\u20132024? Da kan du v\u00e6re med i en <strong>overgangsordning<\/strong>. Sjekk om du omfattes av denne.<\/p>\n<p class=\"\" data-rte-preserve-empty=\"true\" style=\"white-space:pre-wrap;\">\n<h3 style=\"white-space:pre-wrap;\">Slik s\u00f8ker du st\u00f8tte fra L\u00e5nekassen<\/h3>\n<ol data-rte-list=\"default\">\n<li>\n<p class=\"\" style=\"white-space:pre-wrap;\">N\u00e5r du har f\u00e5tt skoleplass hos Metis, kan du s\u00f8ke om l\u00e5n og stipend.<br \/>S\u00f8knaden sendes elektronisk via L\u00e5nekassen sine nettsider<\/p>\n<\/li>\n<li>\n<p class=\"\" style=\"white-space:pre-wrap;\">S\u00f8knaden sendes f\u00f8rst til oss i <strong>Metis<\/strong>, der vi bekrefter at du har f\u00e5tt skoleplass. Deretter sender vi den videre til L\u00e5nekassen.<\/p>\n<\/li>\n<li>\n<p class=\"\" style=\"white-space:pre-wrap;\">N\u00e5r du f\u00e5r svar fra L\u00e5nekassen, m\u00e5 du signere avtalen \u2013 helst digitalt.<\/p>\n<\/li>\n<li>\n<p class=\"\" style=\"white-space:pre-wrap;\">F\u00f8rste utbetaling skjer etter skolestart, n\u00e5r vi har bekreftet at du har m\u00f8tt til undervisning. <\/p>\n<\/li>\n<\/ol>\n<p class=\"\" data-rte-preserve-empty=\"true\" style=\"white-space:pre-wrap;\">\n<h3 style=\"white-space:pre-wrap;\">S\u00f8knadsfrister<\/h3>\n<p class=\"\" style=\"white-space:pre-wrap;\">Du m\u00e5 ha f\u00e5tt skoleplass f\u00f8r du s\u00f8ker. Fristene for \u00e5 s\u00f8ke om l\u00e5n og stipend er:<\/p>\n<ul data-rte-list=\"default\">\n<li>\n<h4 style=\"white-space:pre-wrap;\"><span class=\"sqsrte-text-highlight\" data-text-attribute-id=\"8239b5bc-3be2-4301-8f76-1dec26208e4b\"><strong>15. november<\/strong> \u2013 for hele skole\u00e5ret eller kun h\u00f8stsemesteret<\/span><\/h4>\n<\/li>\n<li>\n<h4 style=\"white-space:pre-wrap;\"><span class=\"sqsrte-text-highlight\" data-text-attribute-id=\"6279a154-6bf0-405a-b55b-cd48b355f9d5\"><strong>15. mars<\/strong> \u2013 for v\u00e5rsemesteret<\/span><\/h4>\n<\/li>\n<\/ul>\n<\/div>\n<\/div>\n<\/div>\n<\/div>\n<\/div>\n<\/div><\/div>\n<\/p><\/div>\n<\/section>\n<\/article>\n","protected":false},"excerpt":{"rendered":"<p>L\u00e5nekassen og privatistkurs Her gir vi deg viktig informasjon om l\u00e5n i L\u00e5nekassen for privatister. Hvis du har sp\u00f8rsm\u00e5l om dette og skal ta kurs hos oss. Du kan s\u00f8ke om l\u00e5n som privatist Som privatist f\u00e5r du ikke stipend p\u00e5 samme m\u00e5te som elever i vanlig videreg\u00e5ende oppl\u00e6ring. I stedet kan du s\u00f8ke om [&hellip;]<\/p>\n","protected":false},"author":1,"featured_media":0,"parent":0,"menu_order":0,"comment_status":"closed","ping_status":"closed","template":"","meta":{"footnotes":""},"class_list":["post-80","page","type-page","status-publish","hentry"],"_links":{"self":[{"href":"https:\/\/dev.metisprivatist.no\/index.php?rest_route=\/wp\/v2\/pages\/80","targetHints":{"allow":["GET"]}}],"collection":[{"href":"https:\/\/dev.metisprivatist.no\/index.php?rest_route=\/wp\/v2\/pages"}],"about":[{"href":"https:\/\/dev.metisprivatist.no\/index.php?rest_route=\/wp\/v2\/types\/page"}],"author":[{"embeddable":true,"href":"https:\/\/dev.metisprivatist.no\/index.php?rest_route=\/wp\/v2\/users\/1"}],"replies":[{"embeddable":true,"href":"https:\/\/dev.metisprivatist.no\/index.php?rest_route=%2Fwp%2Fv2%2Fcomments&post=80"}],"version-history":[{"count":0,"href":"https:\/\/dev.metisprivatist.no\/index.php?rest_route=\/wp\/v2\/pages\/80\/revisions"}],"wp:attachment":[{"href":"https:\/\/dev.metisprivatist.no\/index.php?rest_route=%2Fwp%2Fv2%2Fmedia&parent=80"}],"curies":[{"name":"wp","href":"https:\/\/api.w.org\/{rel}","templated":true}]}}