{"id":7,"date":"2026-04-19T21:54:21","date_gmt":"2026-04-19T21:54:21","guid":{"rendered":"https:\/\/dev.metisprivatist.no\/?page_id=7"},"modified":"2026-04-19T21:54:21","modified_gmt":"2026-04-19T21:54:21","slug":"forstegangsvitnemal","status":"publish","type":"page","link":"https:\/\/dev.metisprivatist.no\/?page_id=7","title":{"rendered":"F\u00f8rstegangsvitnem\u00e5l"},"content":{"rendered":"<article class=\"sections\" id=\"sections\" data-page-sections=\"65d1f6923a5a43512a0e0c25\">\n<section\n  data-test=\"page-section\"\n  \n  data-section-theme=\"\"\n  class='page-section \n    \n      full-bleed-section\n      layout-engine-section\n    \n    background-width--full-bleed\n    \n      section-height--small\n    \n    \n      content-width--wide\n    \n    horizontal-alignment--center\n    vertical-alignment--middle\n    \n      \n    \n    \n    '\n  \n  data-section-id=\"65d1f69d7502351990a14a04\"\n  \n  data-controller=\"SectionWrapperController\"\n  data-current-styles=\"{&quot;imageOverlayOpacity&quot;:0.15,&quot;backgroundWidth&quot;:&quot;background-width--full-bleed&quot;,&quot;sectionHeight&quot;:&quot;section-height--small&quot;,&quot;customSectionHeight&quot;:1,&quot;horizontalAlignment&quot;:&quot;horizontal-alignment--center&quot;,&quot;verticalAlignment&quot;:&quot;vertical-alignment--middle&quot;,&quot;contentWidth&quot;:&quot;content-width--wide&quot;,&quot;customContentWidth&quot;:50,&quot;sectionTheme&quot;:&quot;&quot;,&quot;sectionAnimation&quot;:&quot;none&quot;,&quot;backgroundMode&quot;:&quot;image&quot;}\"\n  data-current-context=\"{&quot;video&quot;:{&quot;playbackSpeed&quot;:0.5,&quot;filter&quot;:1,&quot;filterStrength&quot;:0,&quot;zoom&quot;:0,&quot;videoSourceProvider&quot;:&quot;none&quot;},&quot;backgroundImageId&quot;:null,&quot;backgroundMediaEffect&quot;:{&quot;type&quot;:&quot;none&quot;},&quot;divider&quot;:{&quot;enabled&quot;:false},&quot;typeName&quot;:null}\"\n  data-animation=\"none\"\n  data-fluid-engine-section\n   \n  \n    \n  \n  \n  \n  \n\n\n  data-sqsp-section=\"fluid-engine\"\n\n\n><\/p>\n<div\n    class=\"section-border\"\n    \n  ><\/p>\n<div class=\"section-background\"><\/div>\n<\/p><\/div>\n<div\n    class='content-wrapper'\n    style='\n      \n        \n      \n    '\n  ><\/p>\n<div\n      class=\"content\"\n      \n    ><\/p>\n<div data-fluid-engine=\"true\">\n<style>\n<p>.fe-65d1f69d8e847e291c75150d {\n  --grid-gutter: calc(var(--sqs-mobile-site-gutter, 6vw) - 11.0px);\n  --cell-max-width: calc( ( var(--sqs-site-max-width, 1500px) - (11.0px * (8 - 1)) ) \/ 8 );<\/p>\n<p>  display: grid;\n  position: relative;\n  grid-area: 1\/1\/-1\/-1;\n  grid-template-rows: repeat(4,minmax(24px, auto));\n  grid-template-columns:\n    minmax(var(--grid-gutter), 1fr)\n    repeat(8, minmax(0, var(--cell-max-width)))\n    minmax(var(--grid-gutter), 1fr);\n  row-gap: 11.0px;\n  column-gap: 11.0px;\n  overflow-x: hidden;\n  overflow-x: clip;\n}<\/p>\n<p>@media (min-width: 768px) {\n  .background-width--inset .fe-65d1f69d8e847e291c75150d {\n    --inset-padding: calc(var(--sqs-site-gutter) * 2);\n  }<\/p>\n<p>  .fe-65d1f69d8e847e291c75150d {\n    --grid-gutter: calc(var(--sqs-site-gutter, 4vw) - 11.0px);\n    --cell-max-width: calc( ( var(--sqs-site-max-width, 1500px) - (11.0px * (24 - 1)) ) \/ 24 );\n    --inset-padding: 0vw;<\/p>\n<p>    --row-height-scaling-factor: 0.0215;\n    --container-width: min(var(--sqs-site-max-width, 1500px), calc(100vw - var(--sqs-site-gutter, 4vw) * 2 - var(--inset-padding) ));<\/p>\n<p>    grid-template-rows: repeat(25,minmax(calc(var(--container-width) * var(--row-height-scaling-factor)), auto));\n    grid-template-columns:\n      minmax(var(--grid-gutter), 1fr)\n      repeat(24, minmax(0, var(--cell-max-width)))\n      minmax(var(--grid-gutter), 1fr);\n  }\n}<\/p>\n<p>  .fe-block-yui_3_17_2_1_1709883489667_93935 {\n    grid-area: 1\/2\/3\/10;\n    z-index: 2;<\/p>\n<p>    @media (max-width: 767px) {<\/p>\n<p>    }\n  }<\/p>\n<p>  .fe-block-yui_3_17_2_1_1709883489667_93935 .sqs-block {\n    justify-content: flex-start;\n  }<\/p>\n<p>  .fe-block-yui_3_17_2_1_1709883489667_93935 .sqs-block-alignment-wrapper {\n    align-items: flex-start;\n  }<\/p>\n<p>  @media (min-width: 768px) {\n    .fe-block-yui_3_17_2_1_1709883489667_93935 {\n      grid-area: 1\/4\/5\/24;\n      z-index: 2;<\/p>\n<p>    }<\/p>\n<p>    .fe-block-yui_3_17_2_1_1709883489667_93935 .sqs-block {\n      justify-content: flex-start;\n    }<\/p>\n<p>    .fe-block-yui_3_17_2_1_1709883489667_93935 .sqs-block-alignment-wrapper {\n      align-items: flex-start;\n    }\n  }<\/p>\n<p>  .fe-block-yui_3_17_2_1_1708255998124_4342 {\n    grid-area: 3\/2\/5\/10;\n    z-index: 1;<\/p>\n<p>    @media (max-width: 767px) {<\/p>\n<p>    }\n  }<\/p>\n<p>  .fe-block-yui_3_17_2_1_1708255998124_4342 .sqs-block {\n    justify-content: flex-start;\n  }<\/p>\n<p>  .fe-block-yui_3_17_2_1_1708255998124_4342 .sqs-block-alignment-wrapper {\n    align-items: flex-start;\n  }<\/p>\n<p>  @media (min-width: 768px) {\n    .fe-block-yui_3_17_2_1_1708255998124_4342 {\n      grid-area: 5\/4\/26\/24;\n      z-index: 1;<\/p>\n<p>    }<\/p>\n<p>    .fe-block-yui_3_17_2_1_1708255998124_4342 .sqs-block {\n      justify-content: flex-start;\n    }<\/p>\n<p>    .fe-block-yui_3_17_2_1_1708255998124_4342 .sqs-block-alignment-wrapper {\n      align-items: flex-start;\n    }\n  }<\/p>\n<\/style>\n<div class=\"fluid-engine fe-65d1f69d8e847e291c75150d\">\n<div class=\"fe-block fe-block-yui_3_17_2_1_1709883489667_93935\">\n<div class=\"sqs-block website-component-block sqs-block-website-component sqs-block-html html-block\" data-block-css=\"[&quot;https:\/\/definitions.sqspcdn.com\/website-component-definition\/static-assets\/website.components.html\/8636d61b-54e9-4d33-8bb8-0228d44c3611_445\/website.components.html.styles.css&quot;]\" data-block-scripts=\"[&quot;https:\/\/definitions.sqspcdn.com\/website-component-definition\/static-assets\/website.components.html\/8636d61b-54e9-4d33-8bb8-0228d44c3611_445\/website.components.html.visitor.js&quot;]\" data-block-type=\"1337\" data-definition-name=\"website.components.html\" data-sqsp-block=\"text\" data-website-component-id=\"yui_3_17_2_1_1709883489667_93935\" id=\"block-yui_3_17_2_1_1709883489667_93935\">\n<div class=\"sqs-block-content\">\n<div class=\"sqs-html-content\" data-sqsp-text-block-content>\n<h1 style=\"white-space:pre-wrap;\">F\u00f8rstegangsvitnem\u00e5l eller ordin\u00e6r kvote \u2013 hva er forskjellen?<\/h1>\n<\/div>\n<\/div>\n<\/div>\n<\/div>\n<div class=\"fe-block fe-block-yui_3_17_2_1_1708255998124_4342\">\n<div class=\"sqs-block website-component-block sqs-block-website-component sqs-block-html html-block\" data-block-css=\"[&quot;https:\/\/definitions.sqspcdn.com\/website-component-definition\/static-assets\/website.components.html\/8636d61b-54e9-4d33-8bb8-0228d44c3611_445\/website.components.html.styles.css&quot;]\" data-block-scripts=\"[&quot;https:\/\/definitions.sqspcdn.com\/website-component-definition\/static-assets\/website.components.html\/8636d61b-54e9-4d33-8bb8-0228d44c3611_445\/website.components.html.visitor.js&quot;]\" data-block-type=\"1337\" data-definition-name=\"website.components.html\" data-sqsp-block=\"text\" data-website-component-id=\"yui_3_17_2_1_1708255998124_4342\" id=\"block-yui_3_17_2_1_1708255998124_4342\">\n<div class=\"sqs-block-content\">\n<div class=\"sqs-html-content\" data-sqsp-text-block-content>\n<p class=\"\" style=\"white-space:pre-wrap;\">N\u00e5r du s\u00f8ker h\u00f8yere utdanning i Norge, konkurrerer du i to hovedkvoter: <strong>kvoten for f\u00f8rstegangsvitnem\u00e5l<\/strong> og <strong>ordin\u00e6r kvote<\/strong>. Ordningen skal sikre rettferdig konkurranse mellom elever som kommer rett fra videreg\u00e5ende skole og s\u00f8kere som har forbedret karakterer som privatist. I henhold til gjeldende regler skal minst 50 prosent av studieplassene g\u00e5 til kvoten for f\u00f8rstegangsvitnem\u00e5l. Se <a href=\"https:\/\/lovdata.no\/dokument\/SF\/forskrift\/2017-01-06-13\">Forskrift om opptak til h\u00f8gare utdanning (2017)<\/a> og <a href=\"https:\/\/www.samordnaopptak.no\/universitet-og-hogskole\/opptakskvoter\/kvote-for-forstegangsvitnemal.html\">Samordna opptak om kvoten for f\u00f8rstegangsvitnem\u00e5l<\/a>.<\/p>\n<h3 style=\"white-space:pre-wrap;\">Gjeldende regler fram til 31. desember 2026<\/h3>\n<h4 style=\"white-space:pre-wrap;\">F\u00f8rstegangsvitnem\u00e5lskvoten<\/h4>\n<ul data-rte-list=\"default\">\n<li>\n<p class=\"\" style=\"white-space:pre-wrap;\">Du konkurrerer p\u00e5 karakterpoeng fra vitnem\u00e5let ditt, pluss eventuelle realfagspoeng og spr\u00e5kpoeng.<\/p>\n<\/li>\n<li>\n<p class=\"\" style=\"white-space:pre-wrap;\">Du f\u00e5r ikke alderspoeng eller tilleggspoeng for h\u00f8yere utdanning, folkeh\u00f8yskole eller milit\u00e6rtjeneste.<\/p>\n<\/li>\n<li>\n<p class=\"\" style=\"white-space:pre-wrap;\">Fag du tar opp mens du fortsatt g\u00e5r p\u00e5 videreg\u00e5ende tas med i denne kvoten.<\/p>\n<\/li>\n<li>\n<p class=\"\" style=\"white-space:pre-wrap;\">Du kan konkurrere i kvoten til og med det \u00e5ret du fyller 21 \u00e5r.<\/p>\n<\/li>\n<\/ul>\n<p class=\"\" style=\"white-space:pre-wrap;\">Reglene fremg\u00e5r av <a href=\"https:\/\/lovdata.no\/dokument\/SF\/forskrift\/2017-01-06-13\">Forskrift om opptak til h\u00f8gare utdanning (2017)<\/a> og av <a href=\"https:\/\/www.samordnaopptak.no\/universitet-og-hogskole\/opptakskvoter\/kvote-for-forstegangsvitnemal.html\">Samordna opptak sin veiledning<\/a>.<\/p>\n<h4 style=\"white-space:pre-wrap;\">Ordin\u00e6r kvote<\/h4>\n<ul data-rte-list=\"default\">\n<li>\n<p class=\"\" style=\"white-space:pre-wrap;\">Her teller alle tilleggspoeng og forbedringer du har gjort etter videreg\u00e5ende, for eksempel privatisteksamen, milit\u00e6rtjeneste, folkeh\u00f8yskole eller h\u00f8yere utdanning.<\/p>\n<\/li>\n<li>\n<p class=\"\" style=\"white-space:pre-wrap;\">Poengberegningen skjer automatisk i Samordna opptak. Se <a href=\"https:\/\/www.samordnaopptak.no\">samordnaopptak.no<\/a>.<\/p>\n<\/li>\n<\/ul>\n<h3 style=\"white-space:pre-wrap;\">Endringer som er vedtatt og trer i kraft fra 1. januar 2027<\/h3>\n<ul data-rte-list=\"default\">\n<li>\n<p class=\"\" style=\"white-space:pre-wrap;\">Andelen i kvoten for f\u00f8rstegangsvitnem\u00e5l \u00f8kes fra minst 50 prosent til <strong>65 prosent<\/strong>.<\/p>\n<\/li>\n<li>\n<p class=\"\" style=\"white-space:pre-wrap;\">Aldersgrensen i kvoten for f\u00f8rstegangsvitnem\u00e5l heves til utgangen av \u00e5ret du fyller <strong>23 \u00e5r<\/strong>.<\/p>\n<\/li>\n<li>\n<p class=\"\" style=\"white-space:pre-wrap;\">Poengsystemet strammes inn, og enkelte tilleggspoeng blir redusert eller fjernet.<\/p>\n<\/li>\n<\/ul>\n<p class=\"\" style=\"white-space:pre-wrap;\">Se <a href=\"https:\/\/lovdata.no\/forskrift\/2025-09-11-1850\">ny forskrift fastsatt 11. september 2025<\/a> (ikraft 1. januar 2027), <a href=\"https:\/\/www.regjeringen.no\/no\/aktuelt\/slik-blir-de-nye-reglene-for-opptak-til-hoyere-utdanning\/id3118553\/\">Regjeringens omtale av nye opptaksregler<\/a> og <a href=\"https:\/\/hkdir.no\/aktuelt\/nye-opptaksregler-for-hoyere-utdanning-er-klare\">HK-dir sin oppsummering<\/a>. Kunnskapsdepartementet opplyser at de viktigste endringene fases inn fra og med opptaket til studie\u00e5ret 2028\u20132029.<\/p>\n<\/div>\n<\/div>\n<\/div>\n<\/div>\n<\/div>\n<\/div><\/div>\n<\/p><\/div>\n<\/section>\n<section\n  data-test=\"page-section\"\n  \n  data-section-theme=\"\"\n  class='page-section \n    \n      full-bleed-section\n      layout-engine-section\n    \n    background-width--full-bleed\n    \n      section-height--small\n    \n    \n      content-width--wide\n    \n    horizontal-alignment--center\n    vertical-alignment--middle\n    \n      \n    \n    \n    '\n  \n  data-section-id=\"6921fdec3cf7424205d34903\"\n  \n  data-controller=\"SectionWrapperController\"\n  data-current-styles=\"{&quot;imageOverlayOpacity&quot;:0.15,&quot;backgroundWidth&quot;:&quot;background-width--full-bleed&quot;,&quot;sectionHeight&quot;:&quot;section-height--small&quot;,&quot;customSectionHeight&quot;:1,&quot;horizontalAlignment&quot;:&quot;horizontal-alignment--center&quot;,&quot;verticalAlignment&quot;:&quot;vertical-alignment--middle&quot;,&quot;contentWidth&quot;:&quot;content-width--wide&quot;,&quot;customContentWidth&quot;:50,&quot;sectionTheme&quot;:&quot;&quot;,&quot;sectionAnimation&quot;:&quot;none&quot;,&quot;backgroundMode&quot;:&quot;image&quot;}\"\n  data-current-context=\"{&quot;video&quot;:{&quot;playbackSpeed&quot;:1,&quot;filter&quot;:1,&quot;filterStrength&quot;:0,&quot;zoom&quot;:0,&quot;videoSourceProvider&quot;:&quot;none&quot;},&quot;backgroundImageId&quot;:null,&quot;backgroundMediaEffect&quot;:{&quot;type&quot;:&quot;none&quot;},&quot;divider&quot;:{&quot;enabled&quot;:false},&quot;typeName&quot;:null}\"\n  data-animation=\"none\"\n  data-fluid-engine-section\n   \n  \n    \n  \n  \n  \n  \n\n\n  data-sqsp-section=\"fluid-engine\"\n\n\n><\/p>\n<div\n    class=\"section-border\"\n    \n  ><\/p>\n<div class=\"section-background\"><\/div>\n<\/p><\/div>\n<div\n    class='content-wrapper'\n    style='\n      \n        \n      \n    '\n  ><\/p>\n<div\n      class=\"content\"\n      \n    ><\/p>\n<div data-fluid-engine=\"true\">\n<style>\n<p>.fe-6921fdec619d7d051bf13d6f {\n  --grid-gutter: calc(var(--sqs-mobile-site-gutter, 6vw) - 11.0px);\n  --cell-max-width: calc( ( var(--sqs-site-max-width, 1500px) - (11.0px * (8 - 1)) ) \/ 8 );<\/p>\n<p>  display: grid;\n  position: relative;\n  grid-area: 1\/1\/-1\/-1;\n  grid-template-rows: repeat(6,minmax(24px, auto));\n  grid-template-columns:\n    minmax(var(--grid-gutter), 1fr)\n    repeat(8, minmax(0, var(--cell-max-width)))\n    minmax(var(--grid-gutter), 1fr);\n  row-gap: 11.0px;\n  column-gap: 11.0px;\n  overflow-x: hidden;\n  overflow-x: clip;\n}<\/p>\n<p>@media (min-width: 768px) {\n  .background-width--inset .fe-6921fdec619d7d051bf13d6f {\n    --inset-padding: calc(var(--sqs-site-gutter) * 2);\n  }<\/p>\n<p>  .fe-6921fdec619d7d051bf13d6f {\n    --grid-gutter: calc(var(--sqs-site-gutter, 4vw) - 11.0px);\n    --cell-max-width: calc( ( var(--sqs-site-max-width, 1500px) - (11.0px * (24 - 1)) ) \/ 24 );\n    --inset-padding: 0vw;<\/p>\n<p>    --row-height-scaling-factor: 0.0215;\n    --container-width: min(var(--sqs-site-max-width, 1500px), calc(100vw - var(--sqs-site-gutter, 4vw) * 2 - var(--inset-padding) ));<\/p>\n<p>    grid-template-rows: repeat(8,minmax(calc(var(--container-width) * var(--row-height-scaling-factor)), auto));\n    grid-template-columns:\n      minmax(var(--grid-gutter), 1fr)\n      repeat(24, minmax(0, var(--cell-max-width)))\n      minmax(var(--grid-gutter), 1fr);\n  }\n}<\/p>\n<p>  .fe-block-yui_3_17_2_1_1763834827663_9073 {\n    grid-area: 1\/2\/7\/10;\n    z-index: 1;<\/p>\n<p>    @media (max-width: 767px) {<\/p>\n<p>    }\n  }<\/p>\n<p>  .fe-block-yui_3_17_2_1_1763834827663_9073 .sqs-block {\n    justify-content: center;\n  }<\/p>\n<p>  .fe-block-yui_3_17_2_1_1763834827663_9073 .sqs-block-alignment-wrapper {\n    align-items: center;\n  }<\/p>\n<p>  @media (min-width: 768px) {\n    .fe-block-yui_3_17_2_1_1763834827663_9073 {\n      grid-area: 1\/4\/7\/24;\n      z-index: 1;<\/p>\n<p>    }<\/p>\n<p>    .fe-block-yui_3_17_2_1_1763834827663_9073 .sqs-block {\n      justify-content: center;\n    }<\/p>\n<p>    .fe-block-yui_3_17_2_1_1763834827663_9073 .sqs-block-alignment-wrapper {\n      align-items: center;\n    }\n  }<\/p>\n<\/style>\n<div class=\"fluid-engine fe-6921fdec619d7d051bf13d6f\">\n<div class=\"fe-block fe-block-yui_3_17_2_1_1763834827663_9073\">\n<div class=\"sqs-block website-component-block sqs-block-website-component sqs-block-image image-block\" data-block-css=\"[&quot;https:\/\/definitions.sqspcdn.com\/website-component-definition\/static-assets\/website.components.imageFluid\/30d1f186-b02d-4349-a754-971e904314f1_432\/website.components.imageFluid.styles.css&quot;]\" data-block-scripts=\"[&quot;https:\/\/definitions.sqspcdn.com\/website-component-definition\/static-assets\/website.components.imageFluid\/30d1f186-b02d-4349-a754-971e904314f1_432\/748.js&quot;,&quot;https:\/\/definitions.sqspcdn.com\/website-component-definition\/static-assets\/website.components.imageFluid\/30d1f186-b02d-4349-a754-971e904314f1_432\/8018.js&quot;,&quot;https:\/\/definitions.sqspcdn.com\/website-component-definition\/static-assets\/website.components.imageFluid\/30d1f186-b02d-4349-a754-971e904314f1_432\/9882.js&quot;,&quot;https:\/\/definitions.sqspcdn.com\/website-component-definition\/static-assets\/website.components.imageFluid\/30d1f186-b02d-4349-a754-971e904314f1_432\/image-effect-film-grain.js&quot;,&quot;https:\/\/definitions.sqspcdn.com\/website-component-definition\/static-assets\/website.components.imageFluid\/30d1f186-b02d-4349-a754-971e904314f1_432\/image-effect-liquid.js&quot;,&quot;https:\/\/definitions.sqspcdn.com\/website-component-definition\/static-assets\/website.components.imageFluid\/30d1f186-b02d-4349-a754-971e904314f1_432\/image-effect-parallax.js&quot;,&quot;https:\/\/definitions.sqspcdn.com\/website-component-definition\/static-assets\/website.components.imageFluid\/30d1f186-b02d-4349-a754-971e904314f1_432\/image-effect-refracted-circles.js&quot;,&quot;https:\/\/definitions.sqspcdn.com\/website-component-definition\/static-assets\/website.components.imageFluid\/30d1f186-b02d-4349-a754-971e904314f1_432\/image-effect-refracted-lines.js&quot;,&quot;https:\/\/definitions.sqspcdn.com\/website-component-definition\/static-assets\/website.components.imageFluid\/30d1f186-b02d-4349-a754-971e904314f1_432\/website.components.imageFluid.shared.constants.js&quot;,&quot;https:\/\/definitions.sqspcdn.com\/website-component-definition\/static-assets\/website.components.imageFluid\/30d1f186-b02d-4349-a754-971e904314f1_432\/website.components.imageFluid.visitor.js&quot;]\" data-block-type=\"1337\" data-definition-name=\"website.components.imageFluid\" data-sqsp-block=\"image\" data-website-component-id=\"yui_3_17_2_1_1763834827663_9073\" id=\"block-yui_3_17_2_1_1763834827663_9073\">\n<div class=\"sqs-block-content\">\n<p>      <img decoding=\"async\" src=\"https:\/\/images.squarespace-cdn.com\/content\/v1\/65a91187f2e27b4d03ca26de\/306aa16e-b61f-4eea-a27c-9c1919d83304\/Skjermbilde+2025-11-22+kl.+19.15.06.png?format=original\" alt=\"\"\/><\/p>\n<\/div>\n<\/div>\n<\/div>\n<\/div>\n<\/div><\/div>\n<\/p><\/div>\n<\/section>\n<\/article>\n","protected":false},"excerpt":{"rendered":"<p>F\u00f8rstegangsvitnem\u00e5l eller ordin\u00e6r kvote \u2013 hva er forskjellen? N\u00e5r du s\u00f8ker h\u00f8yere utdanning i Norge, konkurrerer du i to hovedkvoter: kvoten for f\u00f8rstegangsvitnem\u00e5l og ordin\u00e6r kvote. Ordningen skal sikre rettferdig konkurranse mellom elever som kommer rett fra videreg\u00e5ende skole og s\u00f8kere som har forbedret karakterer som privatist. I henhold til gjeldende regler skal minst 50 [&hellip;]<\/p>\n","protected":false},"author":1,"featured_media":0,"parent":0,"menu_order":0,"comment_status":"closed","ping_status":"closed","template":"","meta":{"footnotes":""},"class_list":["post-7","page","type-page","status-publish","hentry"],"_links":{"self":[{"href":"https:\/\/dev.metisprivatist.no\/index.php?rest_route=\/wp\/v2\/pages\/7","targetHints":{"allow":["GET"]}}],"collection":[{"href":"https:\/\/dev.metisprivatist.no\/index.php?rest_route=\/wp\/v2\/pages"}],"about":[{"href":"https:\/\/dev.metisprivatist.no\/index.php?rest_route=\/wp\/v2\/types\/page"}],"author":[{"embeddable":true,"href":"https:\/\/dev.metisprivatist.no\/index.php?rest_route=\/wp\/v2\/users\/1"}],"replies":[{"embeddable":true,"href":"https:\/\/dev.metisprivatist.no\/index.php?rest_route=%2Fwp%2Fv2%2Fcomments&post=7"}],"version-history":[{"count":0,"href":"https:\/\/dev.metisprivatist.no\/index.php?rest_route=\/wp\/v2\/pages\/7\/revisions"}],"wp:attachment":[{"href":"https:\/\/dev.metisprivatist.no\/index.php?rest_route=%2Fwp%2Fv2%2Fmedia&parent=7"}],"curies":[{"name":"wp","href":"https:\/\/api.w.org\/{rel}","templated":true}]}}