{"id":664,"date":"2026-04-19T21:54:21","date_gmt":"2026-04-19T21:54:21","guid":{"rendered":"https:\/\/dev.metisprivatist.no\/?page_id=664"},"modified":"2026-04-19T21:54:21","modified_gmt":"2026-04-19T21:54:21","slug":"privatistkontoret","status":"publish","type":"page","link":"https:\/\/dev.metisprivatist.no\/?page_id=664","title":{"rendered":"Privatistkontoret"},"content":{"rendered":"<article class=\"sections\" id=\"sections\" data-page-sections=\"661e90de8e43756fd90c9d69\">\n<section\n  data-test=\"page-section\"\n  \n  data-section-theme=\"\"\n  class='page-section \n    \n      full-bleed-section\n      layout-engine-section\n    \n    background-width--full-bleed\n    \n      section-height--small\n    \n    \n      content-width--wide\n    \n    horizontal-alignment--center\n    vertical-alignment--middle\n    \n      \n    \n    \n    '\n  \n  data-section-id=\"661e91201690000a00ecff88\"\n  \n  data-controller=\"SectionWrapperController\"\n  data-current-styles=\"{&quot;imageOverlayOpacity&quot;:0.15,&quot;backgroundWidth&quot;:&quot;background-width--full-bleed&quot;,&quot;sectionHeight&quot;:&quot;section-height--small&quot;,&quot;customSectionHeight&quot;:1,&quot;horizontalAlignment&quot;:&quot;horizontal-alignment--center&quot;,&quot;verticalAlignment&quot;:&quot;vertical-alignment--middle&quot;,&quot;contentWidth&quot;:&quot;content-width--wide&quot;,&quot;customContentWidth&quot;:50,&quot;sectionTheme&quot;:&quot;&quot;,&quot;sectionAnimation&quot;:&quot;none&quot;,&quot;backgroundMode&quot;:&quot;image&quot;}\"\n  data-current-context=\"{&quot;video&quot;:{&quot;playbackSpeed&quot;:0.5,&quot;filter&quot;:1,&quot;filterStrength&quot;:0,&quot;zoom&quot;:0,&quot;videoSourceProvider&quot;:&quot;none&quot;},&quot;backgroundImageId&quot;:null,&quot;backgroundMediaEffect&quot;:{&quot;type&quot;:&quot;none&quot;},&quot;divider&quot;:{&quot;enabled&quot;:false},&quot;typeName&quot;:null}\"\n  data-animation=\"none\"\n  data-fluid-engine-section\n   \n  \n    \n  \n  \n  \n  \n\n\n  data-sqsp-section=\"fluid-engine\"\n\n\n><\/p>\n<div\n    class=\"section-border\"\n    \n  ><\/p>\n<div class=\"section-background\"><\/div>\n<\/p><\/div>\n<div\n    class='content-wrapper'\n    style='\n      \n        \n      \n    '\n  ><\/p>\n<div\n      class=\"content\"\n      \n    ><\/p>\n<div data-fluid-engine=\"true\">\n<style>\n<p>.fe-661e9121d0ce3e1a661be149 {\n  --grid-gutter: calc(var(--sqs-mobile-site-gutter, 6vw) - 11.0px);\n  --cell-max-width: calc( ( var(--sqs-site-max-width, 1500px) - (11.0px * (8 - 1)) ) \/ 8 );<\/p>\n<p>  display: grid;\n  position: relative;\n  grid-area: 1\/1\/-1\/-1;\n  grid-template-rows: repeat(4,minmax(24px, auto));\n  grid-template-columns:\n    minmax(var(--grid-gutter), 1fr)\n    repeat(8, minmax(0, var(--cell-max-width)))\n    minmax(var(--grid-gutter), 1fr);\n  row-gap: 11.0px;\n  column-gap: 11.0px;\n  overflow-x: hidden;\n  overflow-x: clip;\n}<\/p>\n<p>@media (min-width: 768px) {\n  .background-width--inset .fe-661e9121d0ce3e1a661be149 {\n    --inset-padding: calc(var(--sqs-site-gutter) * 2);\n  }<\/p>\n<p>  .fe-661e9121d0ce3e1a661be149 {\n    --grid-gutter: calc(var(--sqs-site-gutter, 4vw) - 11.0px);\n    --cell-max-width: calc( ( var(--sqs-site-max-width, 1500px) - (11.0px * (24 - 1)) ) \/ 24 );\n    --inset-padding: 0vw;<\/p>\n<p>    --row-height-scaling-factor: 0.0215;\n    --container-width: min(var(--sqs-site-max-width, 1500px), calc(100vw - var(--sqs-site-gutter, 4vw) * 2 - var(--inset-padding) ));<\/p>\n<p>    grid-template-rows: repeat(55,minmax(calc(var(--container-width) * var(--row-height-scaling-factor)), auto));\n    grid-template-columns:\n      minmax(var(--grid-gutter), 1fr)\n      repeat(24, minmax(0, var(--cell-max-width)))\n      minmax(var(--grid-gutter), 1fr);\n  }\n}<\/p>\n<p>  .fe-block-yui_3_17_2_1_1713273406642_37785 {\n    grid-area: 1\/2\/3\/10;\n    z-index: 2;<\/p>\n<p>    @media (max-width: 767px) {<\/p>\n<p>    }\n  }<\/p>\n<p>  .fe-block-yui_3_17_2_1_1713273406642_37785 .sqs-block {\n    justify-content: flex-start;\n  }<\/p>\n<p>  .fe-block-yui_3_17_2_1_1713273406642_37785 .sqs-block-alignment-wrapper {\n    align-items: flex-start;\n  }<\/p>\n<p>  @media (min-width: 768px) {\n    .fe-block-yui_3_17_2_1_1713273406642_37785 {\n      grid-area: 1\/3\/5\/24;\n      z-index: 2;<\/p>\n<p>    }<\/p>\n<p>    .fe-block-yui_3_17_2_1_1713273406642_37785 .sqs-block {\n      justify-content: flex-start;\n    }<\/p>\n<p>    .fe-block-yui_3_17_2_1_1713273406642_37785 .sqs-block-alignment-wrapper {\n      align-items: flex-start;\n    }\n  }<\/p>\n<p>  .fe-block-yui_3_17_2_1_1713273406642_31621 {\n    grid-area: 3\/2\/5\/10;\n    z-index: 1;<\/p>\n<p>    @media (max-width: 767px) {<\/p>\n<p>    }\n  }<\/p>\n<p>  .fe-block-yui_3_17_2_1_1713273406642_31621 .sqs-block {\n    justify-content: flex-start;\n  }<\/p>\n<p>  .fe-block-yui_3_17_2_1_1713273406642_31621 .sqs-block-alignment-wrapper {\n    align-items: flex-start;\n  }<\/p>\n<p>  @media (min-width: 768px) {\n    .fe-block-yui_3_17_2_1_1713273406642_31621 {\n      grid-area: 6\/3\/56\/24;\n      z-index: 1;<\/p>\n<p>    }<\/p>\n<p>    .fe-block-yui_3_17_2_1_1713273406642_31621 .sqs-block {\n      justify-content: flex-start;\n    }<\/p>\n<p>    .fe-block-yui_3_17_2_1_1713273406642_31621 .sqs-block-alignment-wrapper {\n      align-items: flex-start;\n    }\n  }<\/p>\n<\/style>\n<div class=\"fluid-engine fe-661e9121d0ce3e1a661be149\">\n<div class=\"fe-block fe-block-yui_3_17_2_1_1713273406642_37785\">\n<div class=\"sqs-block website-component-block sqs-block-website-component sqs-block-html html-block\" data-block-css=\"[&quot;https:\/\/definitions.sqspcdn.com\/website-component-definition\/static-assets\/website.components.html\/8636d61b-54e9-4d33-8bb8-0228d44c3611_445\/website.components.html.styles.css&quot;]\" data-block-scripts=\"[&quot;https:\/\/definitions.sqspcdn.com\/website-component-definition\/static-assets\/website.components.html\/8636d61b-54e9-4d33-8bb8-0228d44c3611_445\/website.components.html.visitor.js&quot;]\" data-block-type=\"1337\" data-definition-name=\"website.components.html\" data-sqsp-block=\"text\" data-website-component-id=\"yui_3_17_2_1_1713273406642_37785\" id=\"block-yui_3_17_2_1_1713273406642_37785\">\n<div class=\"sqs-block-content\">\n<div class=\"sqs-html-content\" data-sqsp-text-block-content>\n<h1 style=\"white-space:pre-wrap;\">Privatistkontoret i norske fylker<\/h1>\n<p class=\"\" style=\"white-space:pre-wrap;\">Her finner du en alfabetisk liste med link til fylkenes privatistkontor.<\/p>\n<\/div>\n<\/div>\n<\/div>\n<\/div>\n<div class=\"fe-block fe-block-yui_3_17_2_1_1713273406642_31621\">\n<div class=\"sqs-block website-component-block sqs-block-website-component sqs-block-html html-block\" data-block-css=\"[&quot;https:\/\/definitions.sqspcdn.com\/website-component-definition\/static-assets\/website.components.html\/8636d61b-54e9-4d33-8bb8-0228d44c3611_445\/website.components.html.styles.css&quot;]\" data-block-scripts=\"[&quot;https:\/\/definitions.sqspcdn.com\/website-component-definition\/static-assets\/website.components.html\/8636d61b-54e9-4d33-8bb8-0228d44c3611_445\/website.components.html.visitor.js&quot;]\" data-block-type=\"1337\" data-definition-name=\"website.components.html\" data-sqsp-block=\"text\" data-website-component-id=\"yui_3_17_2_1_1713273406642_31621\" id=\"block-yui_3_17_2_1_1713273406642_31621\">\n<div class=\"sqs-block-content\">\n<div class=\"sqs-html-content\" data-sqsp-text-block-content>\n<h2 style=\"white-space:pre-wrap;\">Agder<\/h2>\n<p class=\"\" style=\"white-space:pre-wrap;\"><a href=\"https:\/\/agderfk.no\/vare-tjenester\/skole-og-opplaring\/eksamen\/eksamen-for-privatister\/\">Privatistkontoret Agder fylkeskommune<\/a><\/p>\n<h2 style=\"white-space:pre-wrap;\">Akershus<\/h2>\n<p class=\"\" style=\"white-space:pre-wrap;\"><a href=\"https:\/\/afk.no\/tjenester\/skole-og-opplaring\/eksamen-og-vitnemal\/privatisteksamen\/\">Privatistkontoret Akershus fylkeskommune<\/a><\/p>\n<h2 style=\"white-space:pre-wrap;\">Buskerud<\/h2>\n<p class=\"\" style=\"white-space:pre-wrap;\"><a href=\"https:\/\/bfk.no\/tjenester\/skole-og-opplaring\/eksamen-og-vitnemal\/privatisteksamen\/\">Privatistkontoret Buskerud fylkeskommune<\/a><\/p>\n<h2 style=\"white-space:pre-wrap;\">Finnmark<\/h2>\n<p class=\"\" style=\"white-space:pre-wrap;\"><a href=\"https:\/\/www.ffk.no\/tjenester\/skole-opplaring-og-utdanning\/eksamen-for-elever-og-privatister\/\">Privatistkontoret Finnmark fylkeskommune<\/a><\/p>\n<h2 style=\"white-space:pre-wrap;\">Innlandet<strong>&nbsp;<\/strong><\/h2>\n<p class=\"\" style=\"white-space:pre-wrap;\"><a href=\"https:\/\/innlandetfylke.no\/tjenester\/skole-og-utdanning\/eksamen-og-karakterer\/eksamen-for-privatister\/\">Privatisteksamen Innlandet fylkeskommune<\/a><\/p>\n<h2 style=\"white-space:pre-wrap;\">M\u00f8re og Romsdal<\/h2>\n<p class=\"\" style=\"white-space:pre-wrap;\"><a href=\"https:\/\/mrfylke.no\/tenester\/skole-og-opplaring\/eksamen-og-vitnemal\/privatisteksamen\/\">Privatistkontoret M\u00f8re og Romsdal fylkeskommune<\/a><\/p>\n<h2 style=\"white-space:pre-wrap;\">Nordland<\/h2>\n<p class=\"\" style=\"white-space:pre-wrap;\">I Nordland skal privatister ta kontakt direkte med skolen hvor de skal ta eksamen. Her finner du mer informasjon om <a href=\"https:\/\/www.nfk.no\/tjenester\/skole-og-opplaring\/eksamen\/eksamen-for-privatister\/\">Eksamen i Nordland<\/a>.&nbsp;<\/p>\n<h2 style=\"white-space:pre-wrap;\">Oslo<\/h2>\n<p class=\"\" style=\"white-space:pre-wrap;\">I Oslo finner du info p\u00e5&nbsp;<a href=\"https:\/\/www.oslo.kommune.no\/skole-og-utdanning\/privatisteksamen\/kontakt-privatistkontoret\/\">nettsidene til privatistkontoret<\/a>.<\/p>\n<h2 style=\"white-space:pre-wrap;\">Rogaland<\/h2>\n<p class=\"\" style=\"white-space:pre-wrap;\"><a href=\"https:\/\/www.rogfk.no\/vare-tjenester\/skole-og-utdanning\/eksamen-for-elever-og-privatister\/eksamen-for-privatister\/\">Privatistkontoret Rogaland fylkeskommune<\/a><\/p>\n<h2 style=\"white-space:pre-wrap;\">Telemark<\/h2>\n<p class=\"\" style=\"white-space:pre-wrap;\"><a href=\"https:\/\/www.telemarkfylke.no\/no\/meny\/tjenester\/opplaring-og-folkehelse\/eksamen\/eksamen-for-privatister\/\">Privatistkontoret Telemark fylkeskommune<\/a><\/p>\n<h2 style=\"white-space:pre-wrap;\">Troms<strong>&nbsp;<\/strong><\/h2>\n<p class=\"\" style=\"white-space:pre-wrap;\"><a href=\"https:\/\/www.tromsfylke.no\/tjenester\/skole-og-opplaring\/eksamen-fag-og-svenneprove\/eksamen-for-privatister\/\">Privatistkontoret Troms fylkeskommune<\/a><\/p>\n<h2 style=\"white-space:pre-wrap;\">Tr\u00f8ndelag<\/h2>\n<p class=\"\" style=\"white-space:pre-wrap;\"><a href=\"https:\/\/www.trondelagfylke.no\/privatisteksamen\">Privatistkontoret Tr\u00f8ndelag fylkeskommune<\/a><\/p>\n<h2 style=\"white-space:pre-wrap;\">Vestfold<\/h2>\n<p class=\"\" style=\"white-space:pre-wrap;\"><a href=\"https:\/\/www.vestfoldfylke.no\/no\/meny\/tjenester\/opplaring\/eksamen\/eksamen-for-privatister\/\">Privatistkontoret Vestfold fylkeskommune<\/a><\/p>\n<h2 style=\"white-space:pre-wrap;\">Vestland<\/h2>\n<p class=\"\" style=\"white-space:pre-wrap;\"><a href=\"https:\/\/www.vestlandfylke.no\/utdanning-og-karriere\/privatist\/meld-deg-til-privatisteksamen\/\">Privatistkontoret Vestland fylkeskommune<\/a><\/p>\n<h2 style=\"white-space:pre-wrap;\">\u00d8stfold<\/h2>\n<p class=\"\" style=\"white-space:pre-wrap;\"><a href=\"https:\/\/ofk.no\/tjenester\/skole-og-opplaring\/eksamen-og-vitnemal\/privatisteksamen\/\">\u00d8stfold fylkeskommune<\/a><\/p>\n<\/div>\n<\/div>\n<\/div>\n<\/div>\n<\/div>\n<\/div><\/div>\n<\/p><\/div>\n<\/section>\n<section\n  data-test=\"page-section\"\n  \n  data-section-theme=\"\"\n  class='page-section \n    \n      full-bleed-section\n      layout-engine-section\n    \n    background-width--full-bleed\n    \n      section-height--small\n    \n    \n      content-width--wide\n    \n    horizontal-alignment--center\n    vertical-alignment--middle\n    \n      \n    \n    \n    '\n  \n  data-section-id=\"6891eda186366d114230032b\"\n  \n  data-controller=\"SectionWrapperController\"\n  data-current-styles=\"{&quot;imageOverlayOpacity&quot;:0.15,&quot;backgroundWidth&quot;:&quot;background-width--full-bleed&quot;,&quot;sectionHeight&quot;:&quot;section-height--small&quot;,&quot;customSectionHeight&quot;:1,&quot;horizontalAlignment&quot;:&quot;horizontal-alignment--center&quot;,&quot;verticalAlignment&quot;:&quot;vertical-alignment--middle&quot;,&quot;contentWidth&quot;:&quot;content-width--wide&quot;,&quot;customContentWidth&quot;:50,&quot;sectionTheme&quot;:&quot;&quot;,&quot;sectionAnimation&quot;:&quot;none&quot;,&quot;backgroundMode&quot;:&quot;image&quot;}\"\n  data-current-context=\"{&quot;video&quot;:{&quot;playbackSpeed&quot;:1,&quot;filter&quot;:1,&quot;filterStrength&quot;:0,&quot;zoom&quot;:0,&quot;videoSourceProvider&quot;:&quot;none&quot;},&quot;backgroundImageId&quot;:null,&quot;backgroundMediaEffect&quot;:{&quot;type&quot;:&quot;none&quot;},&quot;divider&quot;:{&quot;enabled&quot;:false},&quot;typeName&quot;:null}\"\n  data-animation=\"none\"\n  data-fluid-engine-section\n   \n  \n    \n  \n  \n  \n  \n\n\n  data-sqsp-section=\"fluid-engine\"\n\n\n><\/p>\n<div\n    class=\"section-border\"\n    \n  ><\/p>\n<div class=\"section-background\"><\/div>\n<\/p><\/div>\n<div\n    class='content-wrapper'\n    style='\n      \n        \n      \n    '\n  ><\/p>\n<div\n      class=\"content\"\n      \n    ><\/p>\n<div data-fluid-engine=\"true\">\n<style>\n<p>.fe-6891eda186366d114230032a {\n  --grid-gutter: calc(var(--sqs-mobile-site-gutter, 6vw) - 11.0px);\n  --cell-max-width: calc( ( var(--sqs-site-max-width, 1500px) - (11.0px * (8 - 1)) ) \/ 8 );<\/p>\n<p>  display: grid;\n  position: relative;\n  grid-area: 1\/1\/-1\/-1;\n  grid-template-rows: repeat(13,minmax(24px, auto));\n  grid-template-columns:\n    minmax(var(--grid-gutter), 1fr)\n    repeat(8, minmax(0, var(--cell-max-width)))\n    minmax(var(--grid-gutter), 1fr);\n  row-gap: 11.0px;\n  column-gap: 11.0px;\n  overflow-x: hidden;\n  overflow-x: clip;\n}<\/p>\n<p>@media (min-width: 768px) {\n  .background-width--inset .fe-6891eda186366d114230032a {\n    --inset-padding: calc(var(--sqs-site-gutter) * 2);\n  }<\/p>\n<p>  .fe-6891eda186366d114230032a {\n    --grid-gutter: calc(var(--sqs-site-gutter, 4vw) - 11.0px);\n    --cell-max-width: calc( ( var(--sqs-site-max-width, 1500px) - (11.0px * (24 - 1)) ) \/ 24 );\n    --inset-padding: 0vw;<\/p>\n<p>    --row-height-scaling-factor: 0.0215;\n    --container-width: min(var(--sqs-site-max-width, 1500px), calc(100vw - var(--sqs-site-gutter, 4vw) * 2 - var(--inset-padding) ));<\/p>\n<p>    grid-template-rows: repeat(12,minmax(calc(var(--container-width) * var(--row-height-scaling-factor)), auto));\n    grid-template-columns:\n      minmax(var(--grid-gutter), 1fr)\n      repeat(24, minmax(0, var(--cell-max-width)))\n      minmax(var(--grid-gutter), 1fr);\n  }\n}<\/p>\n<p>  .fe-block-b8f1f4fc8015a012cbbf {\n    grid-area: 2\/2\/4\/10;\n    z-index: 5;<\/p>\n<p>    @media (max-width: 767px) {<\/p>\n<p>    }\n  }<\/p>\n<p>  .fe-block-b8f1f4fc8015a012cbbf .sqs-block {\n    justify-content: flex-start;\n  }<\/p>\n<p>  .fe-block-b8f1f4fc8015a012cbbf .sqs-block-alignment-wrapper {\n    align-items: flex-start;\n  }<\/p>\n<p>  @media (min-width: 768px) {\n    .fe-block-b8f1f4fc8015a012cbbf {\n      grid-area: 2\/10\/4\/18;\n      z-index: 5;<\/p>\n<p>    }<\/p>\n<p>    .fe-block-b8f1f4fc8015a012cbbf .sqs-block {\n      justify-content: flex-start;\n    }<\/p>\n<p>    .fe-block-b8f1f4fc8015a012cbbf .sqs-block-alignment-wrapper {\n      align-items: flex-start;\n    }\n  }<\/p>\n<p>  .fe-block-6ac95c113fe0c3392b2b {\n    grid-area: 4\/2\/9\/10;\n    z-index: 6;<\/p>\n<p>    @media (max-width: 767px) {<\/p>\n<p>    }\n  }<\/p>\n<p>  .fe-block-6ac95c113fe0c3392b2b .sqs-block {\n    justify-content: flex-start;\n  }<\/p>\n<p>  .fe-block-6ac95c113fe0c3392b2b .sqs-block-alignment-wrapper {\n    align-items: flex-start;\n  }<\/p>\n<p>  @media (min-width: 768px) {\n    .fe-block-6ac95c113fe0c3392b2b {\n      grid-area: 4\/7\/7\/21;\n      z-index: 6;<\/p>\n<p>    }<\/p>\n<p>    .fe-block-6ac95c113fe0c3392b2b .sqs-block {\n      justify-content: flex-start;\n    }<\/p>\n<p>    .fe-block-6ac95c113fe0c3392b2b .sqs-block-alignment-wrapper {\n      align-items: flex-start;\n    }\n  }<\/p>\n<p>  .fe-block-91ddcc182dbb0c818f3e {\n    grid-area: 9\/2\/11\/6;\n    z-index: 7;<\/p>\n<p>    @media (max-width: 767px) {<\/p>\n<p>    }\n  }<\/p>\n<p>  .fe-block-91ddcc182dbb0c818f3e .sqs-block {\n    justify-content: center;\n  }<\/p>\n<p>  .fe-block-91ddcc182dbb0c818f3e .sqs-block-alignment-wrapper {\n    align-items: center;\n  }<\/p>\n<p>  @media (min-width: 768px) {\n    .fe-block-91ddcc182dbb0c818f3e {\n      grid-area: 8\/8\/10\/13;\n      z-index: 7;<\/p>\n<p>    }<\/p>\n<p>    .fe-block-91ddcc182dbb0c818f3e .sqs-block {\n      justify-content: center;\n    }<\/p>\n<p>    .fe-block-91ddcc182dbb0c818f3e .sqs-block-alignment-wrapper {\n      align-items: center;\n    }\n  }<\/p>\n<p>  .fe-block-b424fee9e9e98ede2b74 {\n    grid-area: 9\/6\/11\/10;\n    z-index: 8;<\/p>\n<p>    @media (max-width: 767px) {<\/p>\n<p>    }\n  }<\/p>\n<p>  .fe-block-b424fee9e9e98ede2b74 .sqs-block {\n    justify-content: center;\n  }<\/p>\n<p>  .fe-block-b424fee9e9e98ede2b74 .sqs-block-alignment-wrapper {\n    align-items: center;\n  }<\/p>\n<p>  @media (min-width: 768px) {\n    .fe-block-b424fee9e9e98ede2b74 {\n      grid-area: 8\/15\/10\/20;\n      z-index: 8;<\/p>\n<p>    }<\/p>\n<p>    .fe-block-b424fee9e9e98ede2b74 .sqs-block {\n      justify-content: center;\n    }<\/p>\n<p>    .fe-block-b424fee9e9e98ede2b74 .sqs-block-alignment-wrapper {\n      align-items: center;\n    }\n  }<\/p>\n<p>  .fe-block-7c90dd61b128e6694460 {\n    grid-area: 11\/2\/13\/6;\n    z-index: 9;<\/p>\n<p>    @media (max-width: 767px) {<\/p>\n<p>    }\n  }<\/p>\n<p>  .fe-block-7c90dd61b128e6694460 .sqs-block {\n    justify-content: center;\n  }<\/p>\n<p>  .fe-block-7c90dd61b128e6694460 .sqs-block-alignment-wrapper {\n    align-items: center;\n  }<\/p>\n<p>  @media (min-width: 768px) {\n    .fe-block-7c90dd61b128e6694460 {\n      grid-area: 10\/8\/12\/13;\n      z-index: 9;<\/p>\n<p>    }<\/p>\n<p>    .fe-block-7c90dd61b128e6694460 .sqs-block {\n      justify-content: center;\n    }<\/p>\n<p>    .fe-block-7c90dd61b128e6694460 .sqs-block-alignment-wrapper {\n      align-items: center;\n    }\n  }<\/p>\n<p>  .fe-block-231135ed48c99644139b {\n    grid-area: 11\/6\/13\/10;\n    z-index: 10;<\/p>\n<p>    @media (max-width: 767px) {<\/p>\n<p>    }\n  }<\/p>\n<p>  .fe-block-231135ed48c99644139b .sqs-block {\n    justify-content: center;\n  }<\/p>\n<p>  .fe-block-231135ed48c99644139b .sqs-block-alignment-wrapper {\n    align-items: center;\n  }<\/p>\n<p>  @media (min-width: 768px) {\n    .fe-block-231135ed48c99644139b {\n      grid-area: 10\/15\/12\/20;\n      z-index: 10;<\/p>\n<p>    }<\/p>\n<p>    .fe-block-231135ed48c99644139b .sqs-block {\n      justify-content: center;\n    }<\/p>\n<p>    .fe-block-231135ed48c99644139b .sqs-block-alignment-wrapper {\n      align-items: center;\n    }\n  }<\/p>\n<\/style>\n<div class=\"fluid-engine fe-6891eda186366d114230032a\">\n<div class=\"fe-block fe-block-b8f1f4fc8015a012cbbf\">\n<div class=\"sqs-block website-component-block sqs-block-website-component sqs-block-html html-block\" data-block-css=\"[&quot;https:\/\/definitions.sqspcdn.com\/website-component-definition\/static-assets\/website.components.html\/8636d61b-54e9-4d33-8bb8-0228d44c3611_445\/website.components.html.styles.css&quot;]\" data-block-scripts=\"[&quot;https:\/\/definitions.sqspcdn.com\/website-component-definition\/static-assets\/website.components.html\/8636d61b-54e9-4d33-8bb8-0228d44c3611_445\/website.components.html.visitor.js&quot;]\" data-block-type=\"1337\" data-definition-name=\"website.components.html\" data-sqsp-block=\"text\" data-website-component-id=\"b8f1f4fc8015a012cbbf\" id=\"block-b8f1f4fc8015a012cbbf\">\n<div class=\"sqs-block-content\">\n<div class=\"sqs-html-content\" data-sqsp-text-block-content>\n<h2 style=\"text-align:center;white-space:pre-wrap;\">F\u00e5 r\u00e5dgivning<\/h2>\n<\/div>\n<\/div>\n<\/div>\n<\/div>\n<div class=\"fe-block fe-block-6ac95c113fe0c3392b2b\">\n<div class=\"sqs-block website-component-block sqs-block-website-component sqs-block-html html-block\" data-block-css=\"[&quot;https:\/\/definitions.sqspcdn.com\/website-component-definition\/static-assets\/website.components.html\/8636d61b-54e9-4d33-8bb8-0228d44c3611_445\/website.components.html.styles.css&quot;]\" data-block-scripts=\"[&quot;https:\/\/definitions.sqspcdn.com\/website-component-definition\/static-assets\/website.components.html\/8636d61b-54e9-4d33-8bb8-0228d44c3611_445\/website.components.html.visitor.js&quot;]\" data-block-type=\"1337\" data-definition-name=\"website.components.html\" data-sqsp-block=\"text\" data-website-component-id=\"6ac95c113fe0c3392b2b\" id=\"block-6ac95c113fe0c3392b2b\">\n<div class=\"sqs-block-content\">\n<div class=\"sqs-html-content\" data-sqsp-text-block-content>\n<p style=\"text-align:center;white-space:pre-wrap;\" class=\"\">Trenger du hjelp med \u00e5 finne ut hvilke fag du b\u00f8r ta? V\u00e5re erfarne r\u00e5dgivere ser l\u00f8sningene som gir deg det beste resultatet. <\/p>\n<p style=\"text-align:center;white-space:pre-wrap;\" class=\"\">Du kan velge mellom telefonsamtale, videom\u00f8te eller fysisk m\u00f8te p\u00e5 en av skolene v\u00e5re.<\/p>\n<\/div>\n<\/div>\n<\/div>\n<\/div>\n<div class=\"fe-block fe-block-91ddcc182dbb0c818f3e\">\n<div class=\"sqs-block website-component-block sqs-block-website-component sqs-block-button button-block\" data-block-css=\"[&quot;https:\/\/definitions.sqspcdn.com\/website-component-definition\/static-assets\/website.components.button\/d14722f3-3379-4fea-ae46-2ce6e2f3968c_615\/website.components.button.styles.css&quot;]\" data-block-scripts=\"[&quot;https:\/\/definitions.sqspcdn.com\/website-component-definition\/static-assets\/website.components.button\/d14722f3-3379-4fea-ae46-2ce6e2f3968c_615\/website.components.button.visitor.js&quot;]\" data-block-type=\"1337\" data-definition-name=\"website.components.button\" data-sqsp-block=\"button\" data-website-component-id=\"91ddcc182dbb0c818f3e\" id=\"block-91ddcc182dbb0c818f3e\">\n<div class=\"sqs-block-content\"><\/div>\n<\/div>\n<\/div>\n<div class=\"fe-block fe-block-b424fee9e9e98ede2b74\">\n<div class=\"sqs-block website-component-block sqs-block-website-component sqs-block-button button-block\" data-block-css=\"[&quot;https:\/\/definitions.sqspcdn.com\/website-component-definition\/static-assets\/website.components.button\/d14722f3-3379-4fea-ae46-2ce6e2f3968c_615\/website.components.button.styles.css&quot;]\" data-block-scripts=\"[&quot;https:\/\/definitions.sqspcdn.com\/website-component-definition\/static-assets\/website.components.button\/d14722f3-3379-4fea-ae46-2ce6e2f3968c_615\/website.components.button.visitor.js&quot;]\" data-block-type=\"1337\" data-definition-name=\"website.components.button\" data-sqsp-block=\"button\" data-website-component-id=\"b424fee9e9e98ede2b74\" id=\"block-b424fee9e9e98ede2b74\">\n<div class=\"sqs-block-content\"><\/div>\n<\/div>\n<\/div>\n<div class=\"fe-block fe-block-7c90dd61b128e6694460\">\n<div class=\"sqs-block website-component-block sqs-block-website-component sqs-block-button button-block\" data-block-css=\"[&quot;https:\/\/definitions.sqspcdn.com\/website-component-definition\/static-assets\/website.components.button\/d14722f3-3379-4fea-ae46-2ce6e2f3968c_615\/website.components.button.styles.css&quot;]\" data-block-scripts=\"[&quot;https:\/\/definitions.sqspcdn.com\/website-component-definition\/static-assets\/website.components.button\/d14722f3-3379-4fea-ae46-2ce6e2f3968c_615\/website.components.button.visitor.js&quot;]\" data-block-type=\"1337\" data-definition-name=\"website.components.button\" data-sqsp-block=\"button\" data-website-component-id=\"7c90dd61b128e6694460\" id=\"block-7c90dd61b128e6694460\">\n<div class=\"sqs-block-content\"><\/div>\n<\/div>\n<\/div>\n<div class=\"fe-block fe-block-231135ed48c99644139b\">\n<div class=\"sqs-block website-component-block sqs-block-website-component sqs-block-button button-block\" data-block-css=\"[&quot;https:\/\/definitions.sqspcdn.com\/website-component-definition\/static-assets\/website.components.button\/d14722f3-3379-4fea-ae46-2ce6e2f3968c_615\/website.components.button.styles.css&quot;]\" data-block-scripts=\"[&quot;https:\/\/definitions.sqspcdn.com\/website-component-definition\/static-assets\/website.components.button\/d14722f3-3379-4fea-ae46-2ce6e2f3968c_615\/website.components.button.visitor.js&quot;]\" data-block-type=\"1337\" data-definition-name=\"website.components.button\" data-sqsp-block=\"button\" data-website-component-id=\"231135ed48c99644139b\" id=\"block-231135ed48c99644139b\">\n<div class=\"sqs-block-content\"><\/div>\n<\/div>\n<\/div>\n<\/div>\n<\/div><\/div>\n<\/p><\/div>\n<\/section>\n<\/article>\n","protected":false},"excerpt":{"rendered":"<p>Privatistkontoret i norske fylker Her finner du en alfabetisk liste med link til fylkenes privatistkontor. Agder Privatistkontoret Agder fylkeskommune Akershus Privatistkontoret Akershus fylkeskommune Buskerud Privatistkontoret Buskerud fylkeskommune Finnmark Privatistkontoret Finnmark fylkeskommune Innlandet&nbsp; Privatisteksamen Innlandet fylkeskommune M\u00f8re og Romsdal Privatistkontoret M\u00f8re og Romsdal fylkeskommune Nordland I Nordland skal privatister ta kontakt direkte med skolen hvor de [&hellip;]<\/p>\n","protected":false},"author":1,"featured_media":0,"parent":0,"menu_order":0,"comment_status":"closed","ping_status":"closed","template":"","meta":{"footnotes":""},"class_list":["post-664","page","type-page","status-publish","hentry"],"_links":{"self":[{"href":"https:\/\/dev.metisprivatist.no\/index.php?rest_route=\/wp\/v2\/pages\/664","targetHints":{"allow":["GET"]}}],"collection":[{"href":"https:\/\/dev.metisprivatist.no\/index.php?rest_route=\/wp\/v2\/pages"}],"about":[{"href":"https:\/\/dev.metisprivatist.no\/index.php?rest_route=\/wp\/v2\/types\/page"}],"author":[{"embeddable":true,"href":"https:\/\/dev.metisprivatist.no\/index.php?rest_route=\/wp\/v2\/users\/1"}],"replies":[{"embeddable":true,"href":"https:\/\/dev.metisprivatist.no\/index.php?rest_route=%2Fwp%2Fv2%2Fcomments&post=664"}],"version-history":[{"count":0,"href":"https:\/\/dev.metisprivatist.no\/index.php?rest_route=\/wp\/v2\/pages\/664\/revisions"}],"wp:attachment":[{"href":"https:\/\/dev.metisprivatist.no\/index.php?rest_route=%2Fwp%2Fv2%2Fmedia&parent=664"}],"curies":[{"name":"wp","href":"https:\/\/api.w.org\/{rel}","templated":true}]}}