{"id":661,"date":"2026-04-19T21:54:21","date_gmt":"2026-04-19T21:54:21","guid":{"rendered":"https:\/\/dev.metisprivatist.no\/?page_id=661"},"modified":"2026-04-19T21:54:21","modified_gmt":"2026-04-19T21:54:21","slug":"matematikk-for-privatister","status":"publish","type":"page","link":"https:\/\/dev.metisprivatist.no\/?page_id=661","title":{"rendered":"Matematikk for privatister"},"content":{"rendered":"<article class=\"sections\" id=\"sections\" data-page-sections=\"661ab4e240129320f1aff7d8\">\n<section\n  data-test=\"page-section\"\n  \n  data-section-theme=\"\"\n  class='page-section \n    \n      full-bleed-section\n      layout-engine-section\n    \n    background-width--full-bleed\n    \n      section-height--small\n    \n    \n      content-width--wide\n    \n    horizontal-alignment--center\n    vertical-alignment--middle\n    \n      \n    \n    \n    '\n  \n  data-section-id=\"661ab4e240129320f1aff7df\"\n  \n  data-controller=\"SectionWrapperController\"\n  data-current-styles=\"{&quot;imageOverlayOpacity&quot;:0.15,&quot;backgroundWidth&quot;:&quot;background-width--full-bleed&quot;,&quot;sectionHeight&quot;:&quot;section-height--small&quot;,&quot;customSectionHeight&quot;:1,&quot;horizontalAlignment&quot;:&quot;horizontal-alignment--center&quot;,&quot;verticalAlignment&quot;:&quot;vertical-alignment--middle&quot;,&quot;contentWidth&quot;:&quot;content-width--wide&quot;,&quot;customContentWidth&quot;:50,&quot;sectionTheme&quot;:&quot;&quot;,&quot;sectionAnimation&quot;:&quot;none&quot;,&quot;backgroundMode&quot;:&quot;image&quot;}\"\n  data-current-context=\"{&quot;video&quot;:{&quot;playbackSpeed&quot;:0.5,&quot;filter&quot;:1,&quot;filterStrength&quot;:0,&quot;zoom&quot;:0,&quot;videoSourceProvider&quot;:&quot;none&quot;},&quot;backgroundImageId&quot;:null,&quot;backgroundMediaEffect&quot;:{&quot;type&quot;:&quot;none&quot;},&quot;divider&quot;:{&quot;enabled&quot;:false},&quot;typeName&quot;:null}\"\n  data-animation=\"none\"\n  data-fluid-engine-section\n   \n  \n    \n  \n  \n  \n  \n\n\n  data-sqsp-section=\"fluid-engine\"\n\n\n><\/p>\n<div\n    class=\"section-border\"\n    \n  ><\/p>\n<div class=\"section-background\"><\/div>\n<\/p><\/div>\n<div\n    class='content-wrapper'\n    style='\n      \n        \n      \n    '\n  ><\/p>\n<div\n      class=\"content\"\n      \n    ><\/p>\n<div data-fluid-engine=\"true\">\n<style>\n<p>.fe-661ab4e240129320f1aff7de {\n  --grid-gutter: calc(var(--sqs-mobile-site-gutter, 6vw) - 11.0px);\n  --cell-max-width: calc( ( var(--sqs-site-max-width, 1500px) - (11.0px * (8 - 1)) ) \/ 8 );<\/p>\n<p>  display: grid;\n  position: relative;\n  grid-area: 1\/1\/-1\/-1;\n  grid-template-rows: repeat(59,minmax(24px, auto));\n  grid-template-columns:\n    minmax(var(--grid-gutter), 1fr)\n    repeat(8, minmax(0, var(--cell-max-width)))\n    minmax(var(--grid-gutter), 1fr);\n  row-gap: 11.0px;\n  column-gap: 11.0px;\n  overflow-x: hidden;\n  overflow-x: clip;\n}<\/p>\n<p>@media (min-width: 768px) {\n  .background-width--inset .fe-661ab4e240129320f1aff7de {\n    --inset-padding: calc(var(--sqs-site-gutter) * 2);\n  }<\/p>\n<p>  .fe-661ab4e240129320f1aff7de {\n    --grid-gutter: calc(var(--sqs-site-gutter, 4vw) - 11.0px);\n    --cell-max-width: calc( ( var(--sqs-site-max-width, 1500px) - (11.0px * (24 - 1)) ) \/ 24 );\n    --inset-padding: 0vw;<\/p>\n<p>    --row-height-scaling-factor: 0.0215;\n    --container-width: min(var(--sqs-site-max-width, 1500px), calc(100vw - var(--sqs-site-gutter, 4vw) * 2 - var(--inset-padding) ));<\/p>\n<p>    grid-template-rows: repeat(39,minmax(calc(var(--container-width) * var(--row-height-scaling-factor)), auto));\n    grid-template-columns:\n      minmax(var(--grid-gutter), 1fr)\n      repeat(24, minmax(0, var(--cell-max-width)))\n      minmax(var(--grid-gutter), 1fr);\n  }\n}<\/p>\n<p>  .fe-block-16759ae1610e02dfe1e1 {\n    grid-area: 1\/2\/5\/10;\n    z-index: 1;<\/p>\n<p>    @media (max-width: 767px) {<\/p>\n<p>    }\n  }<\/p>\n<p>  .fe-block-16759ae1610e02dfe1e1 .sqs-block {\n    justify-content: flex-start;\n  }<\/p>\n<p>  .fe-block-16759ae1610e02dfe1e1 .sqs-block-alignment-wrapper {\n    align-items: flex-start;\n  }<\/p>\n<p>  @media (min-width: 768px) {\n    .fe-block-16759ae1610e02dfe1e1 {\n      grid-area: 1\/4\/6\/23;\n      z-index: 1;<\/p>\n<p>    }<\/p>\n<p>    .fe-block-16759ae1610e02dfe1e1 .sqs-block {\n      justify-content: flex-start;\n    }<\/p>\n<p>    .fe-block-16759ae1610e02dfe1e1 .sqs-block-alignment-wrapper {\n      align-items: flex-start;\n    }\n  }<\/p>\n<p>  .fe-block-a65d924d8a07e4ebff7e {\n    grid-area: 6\/2\/10\/6;\n    z-index: 3;<\/p>\n<p>    @media (max-width: 767px) {<\/p>\n<p>    }\n  }<\/p>\n<p>  .fe-block-a65d924d8a07e4ebff7e .sqs-block {\n    justify-content: center;\n  }<\/p>\n<p>  .fe-block-a65d924d8a07e4ebff7e .sqs-block-alignment-wrapper {\n    align-items: center;\n  }<\/p>\n<p>  @media (min-width: 768px) {\n    .fe-block-a65d924d8a07e4ebff7e {\n      grid-area: 6\/4\/10\/7;\n      z-index: 3;<\/p>\n<p>    }<\/p>\n<p>    .fe-block-a65d924d8a07e4ebff7e .sqs-block {\n      justify-content: center;\n    }<\/p>\n<p>    .fe-block-a65d924d8a07e4ebff7e .sqs-block-alignment-wrapper {\n      align-items: center;\n    }\n  }<\/p>\n<p>  .fe-block-0382ceade5390907b4d9 {\n    grid-area: 6\/6\/8\/10;\n    z-index: 5;<\/p>\n<p>    @media (max-width: 767px) {<\/p>\n<p>    }\n  }<\/p>\n<p>  .fe-block-0382ceade5390907b4d9 .sqs-block {\n    justify-content: center;\n  }<\/p>\n<p>  .fe-block-0382ceade5390907b4d9 .sqs-block-alignment-wrapper {\n    align-items: center;\n  }<\/p>\n<p>  @media (min-width: 768px) {\n    .fe-block-0382ceade5390907b4d9 {\n      grid-area: 8\/15\/10\/19;\n      z-index: 5;<\/p>\n<p>    }<\/p>\n<p>    .fe-block-0382ceade5390907b4d9 .sqs-block {\n      justify-content: center;\n    }<\/p>\n<p>    .fe-block-0382ceade5390907b4d9 .sqs-block-alignment-wrapper {\n      align-items: center;\n    }\n  }<\/p>\n<p>  .fe-block-e19f85fb1df2edf8cb69 {\n    grid-area: 8\/6\/10\/10;\n    z-index: 6;<\/p>\n<p>    @media (max-width: 767px) {<\/p>\n<p>    }\n  }<\/p>\n<p>  .fe-block-e19f85fb1df2edf8cb69 .sqs-block {\n    justify-content: center;\n  }<\/p>\n<p>  .fe-block-e19f85fb1df2edf8cb69 .sqs-block-alignment-wrapper {\n    align-items: center;\n  }<\/p>\n<p>  @media (min-width: 768px) {\n    .fe-block-e19f85fb1df2edf8cb69 {\n      grid-area: 8\/10\/10\/14;\n      z-index: 6;<\/p>\n<p>    }<\/p>\n<p>    .fe-block-e19f85fb1df2edf8cb69 .sqs-block {\n      justify-content: center;\n    }<\/p>\n<p>    .fe-block-e19f85fb1df2edf8cb69 .sqs-block-alignment-wrapper {\n      align-items: center;\n    }\n  }<\/p>\n<p>  .fe-block-b3815222a2ccf6a19053 {\n    grid-area: 12\/2\/58\/10;\n    z-index: 2;<\/p>\n<p>    @media (max-width: 767px) {<\/p>\n<p>    }\n  }<\/p>\n<p>  .fe-block-b3815222a2ccf6a19053 .sqs-block {\n    justify-content: flex-start;\n  }<\/p>\n<p>  .fe-block-b3815222a2ccf6a19053 .sqs-block-alignment-wrapper {\n    align-items: flex-start;\n  }<\/p>\n<p>  @media (min-width: 768px) {\n    .fe-block-b3815222a2ccf6a19053 {\n      grid-area: 11\/4\/40\/24;\n      z-index: 2;<\/p>\n<p>    }<\/p>\n<p>    .fe-block-b3815222a2ccf6a19053 .sqs-block {\n      justify-content: flex-start;\n    }<\/p>\n<p>    .fe-block-b3815222a2ccf6a19053 .sqs-block-alignment-wrapper {\n      align-items: flex-start;\n    }\n  }<\/p>\n<\/style>\n<div class=\"fluid-engine fe-661ab4e240129320f1aff7de\">\n<div class=\"fe-block fe-block-16759ae1610e02dfe1e1\">\n<div class=\"sqs-block website-component-block sqs-block-website-component sqs-block-html html-block\" data-block-css=\"[&quot;https:\/\/definitions.sqspcdn.com\/website-component-definition\/static-assets\/website.components.html\/8636d61b-54e9-4d33-8bb8-0228d44c3611_445\/website.components.html.styles.css&quot;]\" data-block-scripts=\"[&quot;https:\/\/definitions.sqspcdn.com\/website-component-definition\/static-assets\/website.components.html\/8636d61b-54e9-4d33-8bb8-0228d44c3611_445\/website.components.html.visitor.js&quot;]\" data-block-type=\"1337\" data-definition-name=\"website.components.html\" data-sqsp-block=\"text\" data-website-component-id=\"16759ae1610e02dfe1e1\" id=\"block-16759ae1610e02dfe1e1\">\n<div class=\"sqs-block-content\">\n<div class=\"sqs-html-content\" data-sqsp-text-block-content>\n<h1 style=\"white-space:pre-wrap;\">Matematikk for privatister<\/h1>\n<\/div>\n<\/div>\n<\/div>\n<\/div>\n<div class=\"fe-block fe-block-a65d924d8a07e4ebff7e\">\n<div class=\"sqs-block website-component-block sqs-block-website-component sqs-block-image image-block\" data-block-css=\"[&quot;https:\/\/definitions.sqspcdn.com\/website-component-definition\/static-assets\/website.components.imageFluid\/30d1f186-b02d-4349-a754-971e904314f1_432\/website.components.imageFluid.styles.css&quot;]\" data-block-scripts=\"[&quot;https:\/\/definitions.sqspcdn.com\/website-component-definition\/static-assets\/website.components.imageFluid\/30d1f186-b02d-4349-a754-971e904314f1_432\/748.js&quot;,&quot;https:\/\/definitions.sqspcdn.com\/website-component-definition\/static-assets\/website.components.imageFluid\/30d1f186-b02d-4349-a754-971e904314f1_432\/8018.js&quot;,&quot;https:\/\/definitions.sqspcdn.com\/website-component-definition\/static-assets\/website.components.imageFluid\/30d1f186-b02d-4349-a754-971e904314f1_432\/9882.js&quot;,&quot;https:\/\/definitions.sqspcdn.com\/website-component-definition\/static-assets\/website.components.imageFluid\/30d1f186-b02d-4349-a754-971e904314f1_432\/image-effect-film-grain.js&quot;,&quot;https:\/\/definitions.sqspcdn.com\/website-component-definition\/static-assets\/website.components.imageFluid\/30d1f186-b02d-4349-a754-971e904314f1_432\/image-effect-liquid.js&quot;,&quot;https:\/\/definitions.sqspcdn.com\/website-component-definition\/static-assets\/website.components.imageFluid\/30d1f186-b02d-4349-a754-971e904314f1_432\/image-effect-parallax.js&quot;,&quot;https:\/\/definitions.sqspcdn.com\/website-component-definition\/static-assets\/website.components.imageFluid\/30d1f186-b02d-4349-a754-971e904314f1_432\/image-effect-refracted-circles.js&quot;,&quot;https:\/\/definitions.sqspcdn.com\/website-component-definition\/static-assets\/website.components.imageFluid\/30d1f186-b02d-4349-a754-971e904314f1_432\/image-effect-refracted-lines.js&quot;,&quot;https:\/\/definitions.sqspcdn.com\/website-component-definition\/static-assets\/website.components.imageFluid\/30d1f186-b02d-4349-a754-971e904314f1_432\/website.components.imageFluid.shared.constants.js&quot;,&quot;https:\/\/definitions.sqspcdn.com\/website-component-definition\/static-assets\/website.components.imageFluid\/30d1f186-b02d-4349-a754-971e904314f1_432\/website.components.imageFluid.visitor.js&quot;]\" data-block-type=\"1337\" data-definition-name=\"website.components.imageFluid\" data-sqsp-block=\"image\" data-website-component-id=\"a65d924d8a07e4ebff7e\" id=\"block-a65d924d8a07e4ebff7e\">\n<div class=\"sqs-block-content\">\n<p>      <img decoding=\"async\" src=\"https:\/\/images.squarespace-cdn.com\/content\/v1\/65a91187f2e27b4d03ca26de\/d326362b-9970-4c09-bc5e-53c59bbe8331\/square-root.png?format=original\" alt=\"\"\/><\/p>\n<\/div>\n<\/div>\n<\/div>\n<div class=\"fe-block fe-block-0382ceade5390907b4d9\">\n<div class=\"sqs-block website-component-block sqs-block-website-component sqs-block-button button-block\" data-block-css=\"[&quot;https:\/\/definitions.sqspcdn.com\/website-component-definition\/static-assets\/website.components.button\/d14722f3-3379-4fea-ae46-2ce6e2f3968c_615\/website.components.button.styles.css&quot;]\" data-block-scripts=\"[&quot;https:\/\/definitions.sqspcdn.com\/website-component-definition\/static-assets\/website.components.button\/d14722f3-3379-4fea-ae46-2ce6e2f3968c_615\/website.components.button.visitor.js&quot;]\" data-block-type=\"1337\" data-definition-name=\"website.components.button\" data-sqsp-block=\"button\" data-website-component-id=\"0382ceade5390907b4d9\" id=\"block-0382ceade5390907b4d9\">\n<div class=\"sqs-block-content\"><\/div>\n<\/div>\n<\/div>\n<div class=\"fe-block fe-block-e19f85fb1df2edf8cb69\">\n<div class=\"sqs-block website-component-block sqs-block-website-component sqs-block-button button-block\" data-block-css=\"[&quot;https:\/\/definitions.sqspcdn.com\/website-component-definition\/static-assets\/website.components.button\/d14722f3-3379-4fea-ae46-2ce6e2f3968c_615\/website.components.button.styles.css&quot;]\" data-block-scripts=\"[&quot;https:\/\/definitions.sqspcdn.com\/website-component-definition\/static-assets\/website.components.button\/d14722f3-3379-4fea-ae46-2ce6e2f3968c_615\/website.components.button.visitor.js&quot;]\" data-block-type=\"1337\" data-definition-name=\"website.components.button\" data-sqsp-block=\"button\" data-website-component-id=\"e19f85fb1df2edf8cb69\" id=\"block-e19f85fb1df2edf8cb69\">\n<div class=\"sqs-block-content\"><\/div>\n<\/div>\n<\/div>\n<div class=\"fe-block fe-block-b3815222a2ccf6a19053\">\n<div class=\"sqs-block website-component-block sqs-block-website-component sqs-block-html html-block\" data-block-css=\"[&quot;https:\/\/definitions.sqspcdn.com\/website-component-definition\/static-assets\/website.components.html\/8636d61b-54e9-4d33-8bb8-0228d44c3611_445\/website.components.html.styles.css&quot;]\" data-block-scripts=\"[&quot;https:\/\/definitions.sqspcdn.com\/website-component-definition\/static-assets\/website.components.html\/8636d61b-54e9-4d33-8bb8-0228d44c3611_445\/website.components.html.visitor.js&quot;]\" data-block-type=\"1337\" data-definition-name=\"website.components.html\" data-sqsp-block=\"text\" data-website-component-id=\"b3815222a2ccf6a19053\" id=\"block-b3815222a2ccf6a19053\">\n<div class=\"sqs-block-content\">\n<div class=\"sqs-html-content\" data-sqsp-text-block-content>\n<h3 style=\"white-space:pre-wrap;\"><strong>Hvilken matematikk skal <em>du<\/em> velge?<\/strong><\/h3>\n<p class=\"\" style=\"white-space:pre-wrap;\">Det finnes en rekke ulike matematikk-fag. T, P, P-Y, R og S-matematikk. Programfag eller fellesfag, studiespesialiserende eller yrkesfaglige utdanningsprogram.<\/p>\n<p class=\"\" style=\"white-space:pre-wrap;\">Metis Privatistskole tilbyr kurs i alle typer&nbsp;matematikk. Vi har mange \u00e5rs erfaring og vet hva som skal til for at du skal v\u00e6re best mulig forberedt til matematikk-eksamen.<\/p>\n<p class=\"\" data-rte-preserve-empty=\"true\" style=\"white-space:pre-wrap;\">\n<h4 style=\"white-space:pre-wrap;\">For deg p\u00e5 studiespesialisering:<\/h4>\n<p class=\"\" style=\"white-space:pre-wrap;\"><strong>Matematikk 1P:<\/strong> Matematikk 1P er matematikk fra Vg1.<\/p>\n<p class=\"\" style=\"white-space:pre-wrap;\"><span class=\"sqsrte-text-highlight\" data-text-attribute-id=\"a3ce76b8-7855-45ac-9d60-0e6fd1db6a24\"><a href=\"\/matematikk-1p-privatist\">Les mer om Matematikk 1P<\/a> <\/span><\/p>\n<p class=\"\" style=\"white-space:pre-wrap;\"><strong>Matematikk 2P:<\/strong> Dette er fellesfaget fra Vg2. Best\u00e5tt 1P + 2P er minstekravet i matematikk for \u00e5 f\u00e5 generell studiekompetanse.<\/p>\n<p class=\"\" style=\"white-space:pre-wrap;\"><span class=\"sqsrte-text-highlight\" data-text-attribute-id=\"9240251b-aaab-473b-b7e3-875449c4ed82\"><a href=\"\/matematikk-2p-privatist\">Les mer om Matematikk 2P<\/a><\/span><\/p>\n<p class=\"\" style=\"white-space:pre-wrap;\"><strong>Matematikk 1T<\/strong>: Gir teoretisk og dypere innf\u00f8ring i emner som algebra, funksjoner og geometri, og er et godt grunnlag for videre realfag som R1<\/p>\n<p class=\"\" style=\"white-space:pre-wrap;\"><span class=\"sqsrte-text-highlight\" data-text-attribute-id=\"f6b4e6a9-07a4-41db-bd25-e6a4c778c915\"><a href=\"\/matematikk-1t-privatist\">Les mer om Matematikk 1T<\/a><\/span><\/p>\n<p class=\"\" style=\"white-space:pre-wrap;\"><strong>Matematikk S1:<\/strong> S-matte er et programfag fra studiespesialiserende. Matematikk S1 og S2 en god kombinasjon. P\u00e5 medisinstudier i Norge er kravet at du enten Matematikk R1 eller Matematikk S1+S2. Matematikk S1 gir 0,5 realfagspoeng.<\/p>\n<p class=\"\" style=\"white-space:pre-wrap;\"><strong>Matematikk S2:<\/strong> Dette faget bygger videre p\u00e5 matematikk S1. P\u00e5 medisinstudier i Norge er kravet at du enten Matematikk R1 eller Matematikk S1+S2. Matematikk S2 gir 0,5 realfagspoeng.<\/p>\n<p class=\"\" style=\"white-space:pre-wrap;\"><span class=\"sqsrte-text-highlight\" data-text-attribute-id=\"20707e5c-00a5-4776-8b41-7fd734f93817\"><a href=\"\/matematikk-r1-privatist\"><strong>Matematikk R1<\/strong><\/a><\/span><strong>:<\/strong> R-matte er et programfag fra studiespesialiserende. Matematikk R1 er et krav p\u00e5 en del h\u00f8yere studier som ingeni\u00f8r der det er krav om R1 + R2. Matematikk R1 gir 0,5 realfagspoeng.<\/p>\n<p class=\"\" style=\"white-space:pre-wrap;\"><span class=\"sqsrte-text-highlight\" data-text-attribute-id=\"89db995e-f9ad-4e60-9c34-c687dae53b87\"><a href=\"\/matematikk-r1-privatist\">Les mer om Matematikk R1<\/a><\/span><\/p>\n<p class=\"\" style=\"white-space:pre-wrap;\"><strong>Matematikk R2:<\/strong> Dette faget bygger videre p\u00e5 matematikk R1. Matematikk R2 gir 1 realfagspoeng.<\/p>\n<p class=\"\" style=\"white-space:pre-wrap;\"><span class=\"sqsrte-text-highlight\" data-text-attribute-id=\"d342ad05-c696-4670-b3bf-003760c82992\"><a href=\"\/matematikk-r2-privatist\">Les mer om Matematikk R2<\/a><\/span><\/p>\n<p class=\"\" data-rte-preserve-empty=\"true\" style=\"white-space:pre-wrap;\">\n<h4 style=\"white-space:pre-wrap;\">For deg p\u00e5 yrkesfag:<\/h4>\n<p class=\"\" style=\"white-space:pre-wrap;\"><strong>Matematikk 1P-Y:<\/strong> Hvis du skal ta eksamen i matematikk 1P-Y velger du kurset Matematikk 1P. Dette kurset dekker hele l\u00e6replanen i matematikk 1P-Y.<\/p>\n<p class=\"\" style=\"white-space:pre-wrap;\"><strong>Matematikk 2P-Y:<\/strong> Dette kurset er for deg som skal ta p\u00e5bygg eller som vil ta om igjen matematikk fra p\u00e5bygg til generell studiekompetanse. For \u00e5 f\u00e5 generell studiekompetanse fra yrkesfag m\u00e5 du ha best\u00e5tt 1P-Y + 2P-Y.<\/p>\n<p class=\"\" style=\"white-space:pre-wrap;\"><strong>Matematikk S1\/S2 og Matematikk R1\/R2:<\/strong> Har du g\u00e5tt yrkesfag kan du fortsatt f\u00e5r spesiell studiekompetanse med matematikk. Da tar du disse fagene i tillegg til 1P-Y og 2P-Y.<\/p>\n<\/div>\n<\/div>\n<\/div>\n<\/div>\n<\/div>\n<\/div><\/div>\n<\/p><\/div>\n<\/section>\n<\/article>\n","protected":false},"excerpt":{"rendered":"<p>Matematikk for privatister Hvilken matematikk skal du velge? Det finnes en rekke ulike matematikk-fag. T, P, P-Y, R og S-matematikk. Programfag eller fellesfag, studiespesialiserende eller yrkesfaglige utdanningsprogram. Metis Privatistskole tilbyr kurs i alle typer&nbsp;matematikk. Vi har mange \u00e5rs erfaring og vet hva som skal til for at du skal v\u00e6re best mulig forberedt til matematikk-eksamen. [&hellip;]<\/p>\n","protected":false},"author":1,"featured_media":0,"parent":0,"menu_order":0,"comment_status":"closed","ping_status":"closed","template":"","meta":{"footnotes":""},"class_list":["post-661","page","type-page","status-publish","hentry"],"_links":{"self":[{"href":"https:\/\/dev.metisprivatist.no\/index.php?rest_route=\/wp\/v2\/pages\/661","targetHints":{"allow":["GET"]}}],"collection":[{"href":"https:\/\/dev.metisprivatist.no\/index.php?rest_route=\/wp\/v2\/pages"}],"about":[{"href":"https:\/\/dev.metisprivatist.no\/index.php?rest_route=\/wp\/v2\/types\/page"}],"author":[{"embeddable":true,"href":"https:\/\/dev.metisprivatist.no\/index.php?rest_route=\/wp\/v2\/users\/1"}],"replies":[{"embeddable":true,"href":"https:\/\/dev.metisprivatist.no\/index.php?rest_route=%2Fwp%2Fv2%2Fcomments&post=661"}],"version-history":[{"count":0,"href":"https:\/\/dev.metisprivatist.no\/index.php?rest_route=\/wp\/v2\/pages\/661\/revisions"}],"wp:attachment":[{"href":"https:\/\/dev.metisprivatist.no\/index.php?rest_route=%2Fwp%2Fv2%2Fmedia&parent=661"}],"curies":[{"name":"wp","href":"https:\/\/api.w.org\/{rel}","templated":true}]}}