{"id":660,"date":"2026-04-19T21:54:21","date_gmt":"2026-04-19T21:54:21","guid":{"rendered":"https:\/\/dev.metisprivatist.no\/?page_id=660"},"modified":"2026-04-19T21:54:21","modified_gmt":"2026-04-19T21:54:21","slug":"samfunnsfag-for-privatister","status":"publish","type":"page","link":"https:\/\/dev.metisprivatist.no\/?page_id=660","title":{"rendered":"Samfunnsfag for privatister"},"content":{"rendered":"<article class=\"sections\" id=\"sections\" data-page-sections=\"65f97ab3edd0e763335e09e8\">\n<section\n  data-test=\"page-section\"\n  \n  data-section-theme=\"\"\n  class='page-section \n    \n      full-bleed-section\n      layout-engine-section\n    \n    background-width--full-bleed\n    \n      section-height--small\n    \n    \n      content-width--wide\n    \n    horizontal-alignment--center\n    vertical-alignment--middle\n    \n      \n    \n    \n    '\n  \n  data-section-id=\"65f97abcd081bb3042b65009\"\n  \n  data-controller=\"SectionWrapperController\"\n  data-current-styles=\"{&quot;imageOverlayOpacity&quot;:0.15,&quot;backgroundWidth&quot;:&quot;background-width--full-bleed&quot;,&quot;sectionHeight&quot;:&quot;section-height--small&quot;,&quot;customSectionHeight&quot;:1,&quot;horizontalAlignment&quot;:&quot;horizontal-alignment--center&quot;,&quot;verticalAlignment&quot;:&quot;vertical-alignment--middle&quot;,&quot;contentWidth&quot;:&quot;content-width--wide&quot;,&quot;customContentWidth&quot;:50,&quot;sectionTheme&quot;:&quot;&quot;,&quot;sectionAnimation&quot;:&quot;none&quot;,&quot;backgroundMode&quot;:&quot;image&quot;}\"\n  data-current-context=\"{&quot;video&quot;:{&quot;playbackSpeed&quot;:0.5,&quot;filter&quot;:1,&quot;filterStrength&quot;:0,&quot;zoom&quot;:0,&quot;videoSourceProvider&quot;:&quot;none&quot;},&quot;backgroundImageId&quot;:null,&quot;backgroundMediaEffect&quot;:{&quot;type&quot;:&quot;none&quot;},&quot;divider&quot;:{&quot;enabled&quot;:false},&quot;typeName&quot;:null}\"\n  data-animation=\"none\"\n  data-fluid-engine-section\n   \n  \n    \n  \n  \n  \n  \n\n\n  data-sqsp-section=\"fluid-engine\"\n\n\n><\/p>\n<div\n    class=\"section-border\"\n    \n  ><\/p>\n<div class=\"section-background\"><\/div>\n<\/p><\/div>\n<div\n    class='content-wrapper'\n    style='\n      \n        \n      \n    '\n  ><\/p>\n<div\n      class=\"content\"\n      \n    ><\/p>\n<div data-fluid-engine=\"true\">\n<style>\n<p>.fe-65f97abcd081bb3042b65008 {\n  --grid-gutter: calc(var(--sqs-mobile-site-gutter, 6vw) - 11.0px);\n  --cell-max-width: calc( ( var(--sqs-site-max-width, 1500px) - (11.0px * (8 - 1)) ) \/ 8 );<\/p>\n<p>  display: grid;\n  position: relative;\n  grid-area: 1\/1\/-1\/-1;\n  grid-template-rows: repeat(22,minmax(24px, auto));\n  grid-template-columns:\n    minmax(var(--grid-gutter), 1fr)\n    repeat(8, minmax(0, var(--cell-max-width)))\n    minmax(var(--grid-gutter), 1fr);\n  row-gap: 11.0px;\n  column-gap: 11.0px;\n  overflow-x: hidden;\n  overflow-x: clip;\n}<\/p>\n<p>@media (min-width: 768px) {\n  .background-width--inset .fe-65f97abcd081bb3042b65008 {\n    --inset-padding: calc(var(--sqs-site-gutter) * 2);\n  }<\/p>\n<p>  .fe-65f97abcd081bb3042b65008 {\n    --grid-gutter: calc(var(--sqs-site-gutter, 4vw) - 11.0px);\n    --cell-max-width: calc( ( var(--sqs-site-max-width, 1500px) - (11.0px * (24 - 1)) ) \/ 24 );\n    --inset-padding: 0vw;<\/p>\n<p>    --row-height-scaling-factor: 0.0215;\n    --container-width: min(var(--sqs-site-max-width, 1500px), calc(100vw - var(--sqs-site-gutter, 4vw) * 2 - var(--inset-padding) ));<\/p>\n<p>    grid-template-rows: repeat(13,minmax(calc(var(--container-width) * var(--row-height-scaling-factor)), auto));\n    grid-template-columns:\n      minmax(var(--grid-gutter), 1fr)\n      repeat(24, minmax(0, var(--cell-max-width)))\n      minmax(var(--grid-gutter), 1fr);\n  }\n}<\/p>\n<p>  .fe-block-16ef66fb00ad74ac0d9e {\n    grid-area: 1\/2\/5\/10;\n    z-index: 1;<\/p>\n<p>    @media (max-width: 767px) {<\/p>\n<p>    }\n  }<\/p>\n<p>  .fe-block-16ef66fb00ad74ac0d9e .sqs-block {\n    justify-content: flex-start;\n  }<\/p>\n<p>  .fe-block-16ef66fb00ad74ac0d9e .sqs-block-alignment-wrapper {\n    align-items: flex-start;\n  }<\/p>\n<p>  @media (min-width: 768px) {\n    .fe-block-16ef66fb00ad74ac0d9e {\n      grid-area: 1\/4\/6\/12;\n      z-index: 1;<\/p>\n<p>    }<\/p>\n<p>    .fe-block-16ef66fb00ad74ac0d9e .sqs-block {\n      justify-content: flex-start;\n    }<\/p>\n<p>    .fe-block-16ef66fb00ad74ac0d9e .sqs-block-alignment-wrapper {\n      align-items: flex-start;\n    }\n  }<\/p>\n<p>  .fe-block-06b1b0b31bbc29750074 {\n    grid-area: 5\/2\/14\/10;\n    z-index: 2;<\/p>\n<p>    @media (max-width: 767px) {<\/p>\n<p>    }\n  }<\/p>\n<p>  .fe-block-06b1b0b31bbc29750074 .sqs-block {\n    justify-content: flex-start;\n  }<\/p>\n<p>  .fe-block-06b1b0b31bbc29750074 .sqs-block-alignment-wrapper {\n    align-items: flex-start;\n  }<\/p>\n<p>  @media (min-width: 768px) {\n    .fe-block-06b1b0b31bbc29750074 {\n      grid-area: 1\/14\/6\/24;\n      z-index: 2;<\/p>\n<p>    }<\/p>\n<p>    .fe-block-06b1b0b31bbc29750074 .sqs-block {\n      justify-content: flex-start;\n    }<\/p>\n<p>    .fe-block-06b1b0b31bbc29750074 .sqs-block-alignment-wrapper {\n      align-items: flex-start;\n    }\n  }<\/p>\n<p>  .fe-block-b13208cef6178e330afb {\n    grid-area: 14\/3\/18\/9;\n    z-index: 3;<\/p>\n<p>    @media (max-width: 767px) {<\/p>\n<p>    }\n  }<\/p>\n<p>  .fe-block-b13208cef6178e330afb .sqs-block {\n    justify-content: center;\n  }<\/p>\n<p>  .fe-block-b13208cef6178e330afb .sqs-block-alignment-wrapper {\n    align-items: center;\n  }<\/p>\n<p>  @media (min-width: 768px) {\n    .fe-block-b13208cef6178e330afb {\n      grid-area: 6\/4\/10\/7;\n      z-index: 3;<\/p>\n<p>    }<\/p>\n<p>    .fe-block-b13208cef6178e330afb .sqs-block {\n      justify-content: center;\n    }<\/p>\n<p>    .fe-block-b13208cef6178e330afb .sqs-block-alignment-wrapper {\n      align-items: center;\n    }\n  }<\/p>\n<p>  .fe-block-3761a993bec9a55de3da {\n    grid-area: 18\/2\/20\/10;\n    z-index: 4;<\/p>\n<p>    @media (max-width: 767px) {<\/p>\n<p>    }\n  }<\/p>\n<p>  .fe-block-3761a993bec9a55de3da .sqs-block {\n    justify-content: flex-start;\n  }<\/p>\n<p>  .fe-block-3761a993bec9a55de3da .sqs-block-alignment-wrapper {\n    align-items: flex-start;\n  }<\/p>\n<p>  @media (min-width: 768px) {\n    .fe-block-3761a993bec9a55de3da {\n      grid-area: 6\/7\/8\/12;\n      z-index: 4;<\/p>\n<p>    }<\/p>\n<p>    .fe-block-3761a993bec9a55de3da .sqs-block {\n      justify-content: flex-start;\n    }<\/p>\n<p>    .fe-block-3761a993bec9a55de3da .sqs-block-alignment-wrapper {\n      align-items: flex-start;\n    }\n  }<\/p>\n<p>  .fe-block-aa671960a8fd06a92b87 {\n    grid-area: 21\/2\/23\/6;\n    z-index: 5;<\/p>\n<p>    @media (max-width: 767px) {<\/p>\n<p>    }\n  }<\/p>\n<p>  .fe-block-aa671960a8fd06a92b87 .sqs-block {\n    justify-content: center;\n  }<\/p>\n<p>  .fe-block-aa671960a8fd06a92b87 .sqs-block-alignment-wrapper {\n    align-items: center;\n  }<\/p>\n<p>  @media (min-width: 768px) {\n    .fe-block-aa671960a8fd06a92b87 {\n      grid-area: 12\/4\/14\/8;\n      z-index: 5;<\/p>\n<p>    }<\/p>\n<p>    .fe-block-aa671960a8fd06a92b87 .sqs-block {\n      justify-content: center;\n    }<\/p>\n<p>    .fe-block-aa671960a8fd06a92b87 .sqs-block-alignment-wrapper {\n      align-items: center;\n    }\n  }<\/p>\n<p>  .fe-block-f90613d20c8aceada3be {\n    grid-area: 21\/6\/23\/10;\n    z-index: 6;<\/p>\n<p>    @media (max-width: 767px) {<\/p>\n<p>    }\n  }<\/p>\n<p>  .fe-block-f90613d20c8aceada3be .sqs-block {\n    justify-content: center;\n  }<\/p>\n<p>  .fe-block-f90613d20c8aceada3be .sqs-block-alignment-wrapper {\n    align-items: center;\n  }<\/p>\n<p>  @media (min-width: 768px) {\n    .fe-block-f90613d20c8aceada3be {\n      grid-area: 12\/8\/14\/12;\n      z-index: 6;<\/p>\n<p>    }<\/p>\n<p>    .fe-block-f90613d20c8aceada3be .sqs-block {\n      justify-content: center;\n    }<\/p>\n<p>    .fe-block-f90613d20c8aceada3be .sqs-block-alignment-wrapper {\n      align-items: center;\n    }\n  }<\/p>\n<\/style>\n<div class=\"fluid-engine fe-65f97abcd081bb3042b65008\">\n<div class=\"fe-block fe-block-16ef66fb00ad74ac0d9e\">\n<div class=\"sqs-block website-component-block sqs-block-website-component sqs-block-html html-block\" data-block-css=\"[&quot;https:\/\/definitions.sqspcdn.com\/website-component-definition\/static-assets\/website.components.html\/8636d61b-54e9-4d33-8bb8-0228d44c3611_445\/website.components.html.styles.css&quot;]\" data-block-scripts=\"[&quot;https:\/\/definitions.sqspcdn.com\/website-component-definition\/static-assets\/website.components.html\/8636d61b-54e9-4d33-8bb8-0228d44c3611_445\/website.components.html.visitor.js&quot;]\" data-block-type=\"1337\" data-definition-name=\"website.components.html\" data-sqsp-block=\"text\" data-website-component-id=\"16ef66fb00ad74ac0d9e\" id=\"block-16ef66fb00ad74ac0d9e\">\n<div class=\"sqs-block-content\">\n<div class=\"sqs-html-content\" data-sqsp-text-block-content>\n<h1 style=\"white-space:pre-wrap;\">Samfunnsfag for privatister<\/h1>\n<\/div>\n<\/div>\n<\/div>\n<\/div>\n<div class=\"fe-block fe-block-06b1b0b31bbc29750074\">\n<div class=\"sqs-block website-component-block sqs-block-website-component sqs-block-html html-block\" data-block-css=\"[&quot;https:\/\/definitions.sqspcdn.com\/website-component-definition\/static-assets\/website.components.html\/8636d61b-54e9-4d33-8bb8-0228d44c3611_445\/website.components.html.styles.css&quot;]\" data-block-scripts=\"[&quot;https:\/\/definitions.sqspcdn.com\/website-component-definition\/static-assets\/website.components.html\/8636d61b-54e9-4d33-8bb8-0228d44c3611_445\/website.components.html.visitor.js&quot;]\" data-block-type=\"1337\" data-definition-name=\"website.components.html\" data-sqsp-block=\"text\" data-website-component-id=\"06b1b0b31bbc29750074\" id=\"block-06b1b0b31bbc29750074\">\n<div class=\"sqs-block-content\">\n<div class=\"sqs-html-content\" data-sqsp-text-block-content>\n<p class=\"\" style=\"white-space:pre-wrap;\">Samfunnsfag er et fellesfag til studiespesialiserende utdanningsprogram og ett av de seks minstekravsfagene som gir studiekompetanse.&nbsp;<\/p>\n<p class=\"\" style=\"white-space:pre-wrap;\">Faget er delt inn i fire hoveddeler; individ og samfunn, kultur, politikk og demokrati og internasjonale forhold. En sentral del i faget er&nbsp;kunnskap&nbsp;om hvordan samfunnet fungerer og hvordan du selv kan v\u00e6re med p\u00e5 \u00e5 ta ansvar og forme framtiden.<\/p>\n<\/div>\n<\/div>\n<\/div>\n<\/div>\n<div class=\"fe-block fe-block-b13208cef6178e330afb\">\n<div class=\"sqs-block website-component-block sqs-block-website-component sqs-block-image image-block\" data-block-css=\"[&quot;https:\/\/definitions.sqspcdn.com\/website-component-definition\/static-assets\/website.components.imageFluid\/30d1f186-b02d-4349-a754-971e904314f1_432\/website.components.imageFluid.styles.css&quot;]\" data-block-scripts=\"[&quot;https:\/\/definitions.sqspcdn.com\/website-component-definition\/static-assets\/website.components.imageFluid\/30d1f186-b02d-4349-a754-971e904314f1_432\/748.js&quot;,&quot;https:\/\/definitions.sqspcdn.com\/website-component-definition\/static-assets\/website.components.imageFluid\/30d1f186-b02d-4349-a754-971e904314f1_432\/8018.js&quot;,&quot;https:\/\/definitions.sqspcdn.com\/website-component-definition\/static-assets\/website.components.imageFluid\/30d1f186-b02d-4349-a754-971e904314f1_432\/9882.js&quot;,&quot;https:\/\/definitions.sqspcdn.com\/website-component-definition\/static-assets\/website.components.imageFluid\/30d1f186-b02d-4349-a754-971e904314f1_432\/image-effect-film-grain.js&quot;,&quot;https:\/\/definitions.sqspcdn.com\/website-component-definition\/static-assets\/website.components.imageFluid\/30d1f186-b02d-4349-a754-971e904314f1_432\/image-effect-liquid.js&quot;,&quot;https:\/\/definitions.sqspcdn.com\/website-component-definition\/static-assets\/website.components.imageFluid\/30d1f186-b02d-4349-a754-971e904314f1_432\/image-effect-parallax.js&quot;,&quot;https:\/\/definitions.sqspcdn.com\/website-component-definition\/static-assets\/website.components.imageFluid\/30d1f186-b02d-4349-a754-971e904314f1_432\/image-effect-refracted-circles.js&quot;,&quot;https:\/\/definitions.sqspcdn.com\/website-component-definition\/static-assets\/website.components.imageFluid\/30d1f186-b02d-4349-a754-971e904314f1_432\/image-effect-refracted-lines.js&quot;,&quot;https:\/\/definitions.sqspcdn.com\/website-component-definition\/static-assets\/website.components.imageFluid\/30d1f186-b02d-4349-a754-971e904314f1_432\/website.components.imageFluid.shared.constants.js&quot;,&quot;https:\/\/definitions.sqspcdn.com\/website-component-definition\/static-assets\/website.components.imageFluid\/30d1f186-b02d-4349-a754-971e904314f1_432\/website.components.imageFluid.visitor.js&quot;]\" data-block-type=\"1337\" data-definition-name=\"website.components.imageFluid\" data-sqsp-block=\"image\" data-website-component-id=\"b13208cef6178e330afb\" id=\"block-b13208cef6178e330afb\">\n<div class=\"sqs-block-content\">\n<p>      <img decoding=\"async\" src=\"https:\/\/images.squarespace-cdn.com\/content\/v1\/65a91187f2e27b4d03ca26de\/086f3330-c751-4ba5-a2f1-a530f6907668\/diploma+%281%29.png?format=original\" alt=\"\"\/><\/p>\n<\/div>\n<\/div>\n<\/div>\n<div class=\"fe-block fe-block-3761a993bec9a55de3da\">\n<div class=\"sqs-block website-component-block sqs-block-website-component sqs-block-html html-block\" data-block-css=\"[&quot;https:\/\/definitions.sqspcdn.com\/website-component-definition\/static-assets\/website.components.html\/8636d61b-54e9-4d33-8bb8-0228d44c3611_445\/website.components.html.styles.css&quot;]\" data-block-scripts=\"[&quot;https:\/\/definitions.sqspcdn.com\/website-component-definition\/static-assets\/website.components.html\/8636d61b-54e9-4d33-8bb8-0228d44c3611_445\/website.components.html.visitor.js&quot;]\" data-block-type=\"1337\" data-definition-name=\"website.components.html\" data-sqsp-block=\"text\" data-website-component-id=\"3761a993bec9a55de3da\" id=\"block-3761a993bec9a55de3da\">\n<div class=\"sqs-block-content\">\n<div class=\"sqs-html-content\" data-sqsp-text-block-content>\n<p class=\"\" style=\"white-space:pre-wrap;\"><strong>Eksamen:<\/strong>&nbsp;Faget avsluttes med en muntlig eksamen.<\/p>\n<\/div>\n<\/div>\n<\/div>\n<\/div>\n<div class=\"fe-block fe-block-aa671960a8fd06a92b87\">\n<div class=\"sqs-block website-component-block sqs-block-website-component sqs-block-button button-block\" data-block-css=\"[&quot;https:\/\/definitions.sqspcdn.com\/website-component-definition\/static-assets\/website.components.button\/d14722f3-3379-4fea-ae46-2ce6e2f3968c_615\/website.components.button.styles.css&quot;]\" data-block-scripts=\"[&quot;https:\/\/definitions.sqspcdn.com\/website-component-definition\/static-assets\/website.components.button\/d14722f3-3379-4fea-ae46-2ce6e2f3968c_615\/website.components.button.visitor.js&quot;]\" data-block-type=\"1337\" data-definition-name=\"website.components.button\" data-sqsp-block=\"button\" data-website-component-id=\"aa671960a8fd06a92b87\" id=\"block-aa671960a8fd06a92b87\">\n<div class=\"sqs-block-content\"><\/div>\n<\/div>\n<\/div>\n<div class=\"fe-block fe-block-f90613d20c8aceada3be\">\n<div class=\"sqs-block website-component-block sqs-block-website-component sqs-block-button button-block\" data-block-css=\"[&quot;https:\/\/definitions.sqspcdn.com\/website-component-definition\/static-assets\/website.components.button\/d14722f3-3379-4fea-ae46-2ce6e2f3968c_615\/website.components.button.styles.css&quot;]\" data-block-scripts=\"[&quot;https:\/\/definitions.sqspcdn.com\/website-component-definition\/static-assets\/website.components.button\/d14722f3-3379-4fea-ae46-2ce6e2f3968c_615\/website.components.button.visitor.js&quot;]\" data-block-type=\"1337\" data-definition-name=\"website.components.button\" data-sqsp-block=\"button\" data-website-component-id=\"f90613d20c8aceada3be\" id=\"block-f90613d20c8aceada3be\">\n<div class=\"sqs-block-content\"><\/div>\n<\/div>\n<\/div>\n<\/div>\n<\/div><\/div>\n<\/p><\/div>\n<\/section>\n<\/article>\n","protected":false},"excerpt":{"rendered":"<p>Samfunnsfag for privatister Samfunnsfag er et fellesfag til studiespesialiserende utdanningsprogram og ett av de seks minstekravsfagene som gir studiekompetanse.&nbsp; Faget er delt inn i fire hoveddeler; individ og samfunn, kultur, politikk og demokrati og internasjonale forhold. En sentral del i faget er&nbsp;kunnskap&nbsp;om hvordan samfunnet fungerer og hvordan du selv kan v\u00e6re med p\u00e5 \u00e5 ta [&hellip;]<\/p>\n","protected":false},"author":1,"featured_media":0,"parent":0,"menu_order":0,"comment_status":"closed","ping_status":"closed","template":"","meta":{"footnotes":""},"class_list":["post-660","page","type-page","status-publish","hentry"],"_links":{"self":[{"href":"https:\/\/dev.metisprivatist.no\/index.php?rest_route=\/wp\/v2\/pages\/660","targetHints":{"allow":["GET"]}}],"collection":[{"href":"https:\/\/dev.metisprivatist.no\/index.php?rest_route=\/wp\/v2\/pages"}],"about":[{"href":"https:\/\/dev.metisprivatist.no\/index.php?rest_route=\/wp\/v2\/types\/page"}],"author":[{"embeddable":true,"href":"https:\/\/dev.metisprivatist.no\/index.php?rest_route=\/wp\/v2\/users\/1"}],"replies":[{"embeddable":true,"href":"https:\/\/dev.metisprivatist.no\/index.php?rest_route=%2Fwp%2Fv2%2Fcomments&post=660"}],"version-history":[{"count":0,"href":"https:\/\/dev.metisprivatist.no\/index.php?rest_route=\/wp\/v2\/pages\/660\/revisions"}],"wp:attachment":[{"href":"https:\/\/dev.metisprivatist.no\/index.php?rest_route=%2Fwp%2Fv2%2Fmedia&parent=660"}],"curies":[{"name":"wp","href":"https:\/\/api.w.org\/{rel}","templated":true}]}}