{"id":659,"date":"2026-04-19T21:54:21","date_gmt":"2026-04-19T21:54:21","guid":{"rendered":"https:\/\/dev.metisprivatist.no\/?page_id=659"},"modified":"2026-04-19T21:54:21","modified_gmt":"2026-04-19T21:54:21","slug":"privatistskole-med-solid-erfaring","status":"publish","type":"page","link":"https:\/\/dev.metisprivatist.no\/?page_id=659","title":{"rendered":"Privatistskole med solid erfaring"},"content":{"rendered":"<article class=\"sections\" id=\"sections\" data-page-sections=\"65eb6a27003ef62b98a96104\">\n<section\n  data-test=\"page-section\"\n  \n  data-section-theme=\"\"\n  class='page-section \n    \n      full-bleed-section\n      layout-engine-section\n    \n    background-width--full-bleed\n    \n      section-height--small\n    \n    \n      content-width--wide\n    \n    horizontal-alignment--center\n    vertical-alignment--middle\n    \n      \n    \n    \n    '\n  \n  data-section-id=\"65eb6a328bb6724ecfac86f2\"\n  \n  data-controller=\"SectionWrapperController\"\n  data-current-styles=\"{&quot;imageOverlayOpacity&quot;:0.15,&quot;backgroundWidth&quot;:&quot;background-width--full-bleed&quot;,&quot;sectionHeight&quot;:&quot;section-height--small&quot;,&quot;customSectionHeight&quot;:1,&quot;horizontalAlignment&quot;:&quot;horizontal-alignment--center&quot;,&quot;verticalAlignment&quot;:&quot;vertical-alignment--middle&quot;,&quot;contentWidth&quot;:&quot;content-width--wide&quot;,&quot;customContentWidth&quot;:50,&quot;sectionTheme&quot;:&quot;&quot;,&quot;sectionAnimation&quot;:&quot;none&quot;,&quot;backgroundMode&quot;:&quot;image&quot;}\"\n  data-current-context=\"{&quot;video&quot;:{&quot;playbackSpeed&quot;:0.5,&quot;filter&quot;:1,&quot;filterStrength&quot;:0,&quot;zoom&quot;:0,&quot;videoSourceProvider&quot;:&quot;none&quot;},&quot;backgroundImageId&quot;:null,&quot;backgroundMediaEffect&quot;:{&quot;type&quot;:&quot;none&quot;},&quot;divider&quot;:{&quot;enabled&quot;:false},&quot;typeName&quot;:null}\"\n  data-animation=\"none\"\n  data-fluid-engine-section\n   \n  \n    \n  \n  \n  \n  \n\n\n  data-sqsp-section=\"fluid-engine\"\n\n\n><\/p>\n<div\n    class=\"section-border\"\n    \n  ><\/p>\n<div class=\"section-background\"><\/div>\n<\/p><\/div>\n<div\n    class='content-wrapper'\n    style='\n      \n        \n      \n    '\n  ><\/p>\n<div\n      class=\"content\"\n      \n    ><\/p>\n<div data-fluid-engine=\"true\">\n<style>\n<p>.fe-65eb6a32a6f9910f20968429 {\n  --grid-gutter: calc(var(--sqs-mobile-site-gutter, 6vw) - 11.0px);\n  --cell-max-width: calc( ( var(--sqs-site-max-width, 1500px) - (11.0px * (8 - 1)) ) \/ 8 );<\/p>\n<p>  display: grid;\n  position: relative;\n  grid-area: 1\/1\/-1\/-1;\n  grid-template-rows: repeat(4,minmax(24px, auto));\n  grid-template-columns:\n    minmax(var(--grid-gutter), 1fr)\n    repeat(8, minmax(0, var(--cell-max-width)))\n    minmax(var(--grid-gutter), 1fr);\n  row-gap: 11.0px;\n  column-gap: 11.0px;\n  overflow-x: hidden;\n  overflow-x: clip;\n}<\/p>\n<p>@media (min-width: 768px) {\n  .background-width--inset .fe-65eb6a32a6f9910f20968429 {\n    --inset-padding: calc(var(--sqs-site-gutter) * 2);\n  }<\/p>\n<p>  .fe-65eb6a32a6f9910f20968429 {\n    --grid-gutter: calc(var(--sqs-site-gutter, 4vw) - 11.0px);\n    --cell-max-width: calc( ( var(--sqs-site-max-width, 1500px) - (11.0px * (24 - 1)) ) \/ 24 );\n    --inset-padding: 0vw;<\/p>\n<p>    --row-height-scaling-factor: 0.0215;\n    --container-width: min(var(--sqs-site-max-width, 1500px), calc(100vw - var(--sqs-site-gutter, 4vw) * 2 - var(--inset-padding) ));<\/p>\n<p>    grid-template-rows: repeat(30,minmax(calc(var(--container-width) * var(--row-height-scaling-factor)), auto));\n    grid-template-columns:\n      minmax(var(--grid-gutter), 1fr)\n      repeat(24, minmax(0, var(--cell-max-width)))\n      minmax(var(--grid-gutter), 1fr);\n  }\n}<\/p>\n<p>  .fe-block-yui_3_17_2_1_1709883489667_75363 {\n    grid-area: 1\/2\/3\/10;\n    z-index: 2;<\/p>\n<p>    @media (max-width: 767px) {<\/p>\n<p>    }\n  }<\/p>\n<p>  .fe-block-yui_3_17_2_1_1709883489667_75363 .sqs-block {\n    justify-content: flex-start;\n  }<\/p>\n<p>  .fe-block-yui_3_17_2_1_1709883489667_75363 .sqs-block-alignment-wrapper {\n    align-items: flex-start;\n  }<\/p>\n<p>  @media (min-width: 768px) {\n    .fe-block-yui_3_17_2_1_1709883489667_75363 {\n      grid-area: 1\/4\/4\/24;\n      z-index: 2;<\/p>\n<p>    }<\/p>\n<p>    .fe-block-yui_3_17_2_1_1709883489667_75363 .sqs-block {\n      justify-content: flex-start;\n    }<\/p>\n<p>    .fe-block-yui_3_17_2_1_1709883489667_75363 .sqs-block-alignment-wrapper {\n      align-items: flex-start;\n    }\n  }<\/p>\n<p>  .fe-block-yui_3_17_2_1_1709883489667_74096 {\n    grid-area: 3\/2\/5\/10;\n    z-index: 1;<\/p>\n<p>    @media (max-width: 767px) {<\/p>\n<p>    }\n  }<\/p>\n<p>  .fe-block-yui_3_17_2_1_1709883489667_74096 .sqs-block {\n    justify-content: flex-start;\n  }<\/p>\n<p>  .fe-block-yui_3_17_2_1_1709883489667_74096 .sqs-block-alignment-wrapper {\n    align-items: flex-start;\n  }<\/p>\n<p>  @media (min-width: 768px) {\n    .fe-block-yui_3_17_2_1_1709883489667_74096 {\n      grid-area: 4\/4\/30\/24;\n      z-index: 1;<\/p>\n<p>    }<\/p>\n<p>    .fe-block-yui_3_17_2_1_1709883489667_74096 .sqs-block {\n      justify-content: flex-start;\n    }<\/p>\n<p>    .fe-block-yui_3_17_2_1_1709883489667_74096 .sqs-block-alignment-wrapper {\n      align-items: flex-start;\n    }\n  }<\/p>\n<\/style>\n<div class=\"fluid-engine fe-65eb6a32a6f9910f20968429\">\n<div class=\"fe-block fe-block-yui_3_17_2_1_1709883489667_75363\">\n<div class=\"sqs-block website-component-block sqs-block-website-component sqs-block-html html-block\" data-block-css=\"[&quot;https:\/\/definitions.sqspcdn.com\/website-component-definition\/static-assets\/website.components.html\/8636d61b-54e9-4d33-8bb8-0228d44c3611_445\/website.components.html.styles.css&quot;]\" data-block-scripts=\"[&quot;https:\/\/definitions.sqspcdn.com\/website-component-definition\/static-assets\/website.components.html\/8636d61b-54e9-4d33-8bb8-0228d44c3611_445\/website.components.html.visitor.js&quot;]\" data-block-type=\"1337\" data-definition-name=\"website.components.html\" data-sqsp-block=\"text\" data-website-component-id=\"yui_3_17_2_1_1709883489667_75363\" id=\"block-yui_3_17_2_1_1709883489667_75363\">\n<div class=\"sqs-block-content\">\n<div class=\"sqs-html-content\" data-sqsp-text-block-content>\n<h1 style=\"white-space:pre-wrap;\">Privatistskole med solid erfaring!<\/h1>\n<\/div>\n<\/div>\n<\/div>\n<\/div>\n<div class=\"fe-block fe-block-yui_3_17_2_1_1709883489667_74096\">\n<div class=\"sqs-block website-component-block sqs-block-website-component sqs-block-html html-block\" data-block-css=\"[&quot;https:\/\/definitions.sqspcdn.com\/website-component-definition\/static-assets\/website.components.html\/8636d61b-54e9-4d33-8bb8-0228d44c3611_445\/website.components.html.styles.css&quot;]\" data-block-scripts=\"[&quot;https:\/\/definitions.sqspcdn.com\/website-component-definition\/static-assets\/website.components.html\/8636d61b-54e9-4d33-8bb8-0228d44c3611_445\/website.components.html.visitor.js&quot;]\" data-block-type=\"1337\" data-definition-name=\"website.components.html\" data-sqsp-block=\"text\" data-website-component-id=\"yui_3_17_2_1_1709883489667_74096\" id=\"block-yui_3_17_2_1_1709883489667_74096\">\n<div class=\"sqs-block-content\">\n<div class=\"sqs-html-content\" data-sqsp-text-block-content>\n<p class=\"\" style=\"white-space:pre-wrap;\">Metis Privatistskoler&nbsp;har siden 2008 hjulpet flere titusenvis av privatister med \u00e5 forbedre karakterene sine fra videreg\u00e5ende. Vi har derfor mange \u00e5rs erfaring, og et stort fokus p\u00e5 utvikling for \u00e5 alltid kunne gi v\u00e5re privatister&nbsp;det beste tilbudet. Det er viktig for oss at v\u00e5re privatister skal f\u00e5 det beste undervisningsopplegget for \u00e5 oppn\u00e5 sine m\u00e5l. Tilbakemeldinger fra v\u00e5re privatister viser at vi har lykkes, du kan lese de&nbsp;<a href=\"https:\/\/www.metis.no\/privatist\/hvorfor-metis\/tilbakemeldinger-fra-elever\/\">her<\/a>.<\/p>\n<h3 style=\"white-space:pre-wrap;\">Dyktige og engasjerte l\u00e6rere<\/h3>\n<p class=\"\" style=\"white-space:pre-wrap;\">Vi vet at det \u00e5 forbedre karakterer eller ta nye fag fra videreg\u00e5ende kan f\u00f8les litt krevende. Derfor er v\u00e5re l\u00e6rere engasjerte formidlere med sterk faglig kompetanse.<\/p>\n<blockquote>\n<p class=\"\" style=\"white-space:pre-wrap;\"><em>L\u00e6rerne her er de beste jeg har hatt. Skolen har funnet en balanse der man g\u00e5r gjennom pensum p\u00e5 en effektiv m\u00e5te samtidig som hver enkelt elev blir tatt godt vare p\u00e5. Dette er krevende, spesielt i store klasser, men Metis har klart \u00e5 knekke en kode.&nbsp;<\/em><\/p>\n<\/blockquote>\n<p class=\"\" style=\"white-space:pre-wrap;\"><em>\u2013 Tilbakemelding fra tidligere privatist<\/em><\/p>\n<h3 style=\"white-space:pre-wrap;\">R\u00e5dgivning&nbsp;basert p\u00e5 dine m\u00e5lsetninger<\/h3>\n<p class=\"\" style=\"white-space:pre-wrap;\">Det \u00e5 vite hva som er riktige veien til m\u00e5let ditt er ikke alltid like lett, og alle har forskjellig utgangspunkt og forskjellig livssituasjon. Derfor har Metis Privatistskoler sine r\u00e5dgivere solid erfaring innenfor r\u00e5dgivning om hvilke muligheter du har og selvsagt veien dit. De vil alltid ha fokus p\u00e5 deg og dine behov, gi motivasjon og veilede ut i fra det.<\/p>\n<p class=\"\" style=\"white-space:pre-wrap;\">Vi anbefaler alltid en prat med en r\u00e5dgiver f\u00f8r du melder deg p\u00e5 kurs. R\u00e5dgivningen er selvsagt uforpliktende og gratis, og der f\u00e5r du hjelp til \u00e5 finne de gode l\u00f8sningene p\u00e5 en rask og effektiv m\u00e5te.<\/p>\n<h3 style=\"white-space:pre-wrap;\">Samarbeid med andre h\u00f8yere utdanningsinstitusjoner<\/h3>\n<p class=\"\" style=\"white-space:pre-wrap;\">Vi er stolte av \u00e5 kunne si at vi har et godt samarbeid med utdanningsinstitusjoner b\u00e5de i Oslo og Bergen. I&nbsp;Oslo har vi kurs for kommende studenter for UiO og NLA og i Bergen for HVL og NLA. Dette gj\u00f8r at vi enda bedre kjenner til hva som kreves for \u00e5 komme inn p\u00e5 h\u00f8yere utdanning.<\/p>\n<h3 style=\"white-space:pre-wrap;\">Solid utdanningskonsern<\/h3>\n<p class=\"\" style=\"white-space:pre-wrap;\">Siden&nbsp;2004 har Metis v\u00e6rt n\u00f8kkelen til h\u00f8yere&nbsp;utdanning for over titusenvis av elever. Metis Privatistskole er en del av utdanningskonsernet Metis Utdanning. Metis Utdanning driver i tillegg til privatistskoler i Oslo, Bergen, Stavanger, b\u00e5de videreg\u00e5ende skoler og andre selskap innen utdanning og kompetanseheving i flere deler av&nbsp;landet. Metis har mer&nbsp;enn 200 ansatte som alle jobber for \u00e5 ha et godt l\u00e6ringsmilj\u00f8 og gode resultater for v\u00e5re elever og privatister.<\/p>\n<\/div>\n<\/div>\n<\/div>\n<\/div>\n<\/div>\n<\/div><\/div>\n<\/p><\/div>\n<\/section>\n<\/article>\n","protected":false},"excerpt":{"rendered":"<p>Privatistskole med solid erfaring! Metis Privatistskoler&nbsp;har siden 2008 hjulpet flere titusenvis av privatister med \u00e5 forbedre karakterene sine fra videreg\u00e5ende. Vi har derfor mange \u00e5rs erfaring, og et stort fokus p\u00e5 utvikling for \u00e5 alltid kunne gi v\u00e5re privatister&nbsp;det beste tilbudet. Det er viktig for oss at v\u00e5re privatister skal f\u00e5 det beste undervisningsopplegget for [&hellip;]<\/p>\n","protected":false},"author":1,"featured_media":0,"parent":0,"menu_order":0,"comment_status":"closed","ping_status":"closed","template":"","meta":{"footnotes":""},"class_list":["post-659","page","type-page","status-publish","hentry"],"_links":{"self":[{"href":"https:\/\/dev.metisprivatist.no\/index.php?rest_route=\/wp\/v2\/pages\/659","targetHints":{"allow":["GET"]}}],"collection":[{"href":"https:\/\/dev.metisprivatist.no\/index.php?rest_route=\/wp\/v2\/pages"}],"about":[{"href":"https:\/\/dev.metisprivatist.no\/index.php?rest_route=\/wp\/v2\/types\/page"}],"author":[{"embeddable":true,"href":"https:\/\/dev.metisprivatist.no\/index.php?rest_route=\/wp\/v2\/users\/1"}],"replies":[{"embeddable":true,"href":"https:\/\/dev.metisprivatist.no\/index.php?rest_route=%2Fwp%2Fv2%2Fcomments&post=659"}],"version-history":[{"count":0,"href":"https:\/\/dev.metisprivatist.no\/index.php?rest_route=\/wp\/v2\/pages\/659\/revisions"}],"wp:attachment":[{"href":"https:\/\/dev.metisprivatist.no\/index.php?rest_route=%2Fwp%2Fv2%2Fmedia&parent=659"}],"curies":[{"name":"wp","href":"https:\/\/api.w.org\/{rel}","templated":true}]}}