{"id":652,"date":"2026-04-19T21:54:21","date_gmt":"2026-04-19T21:54:21","guid":{"rendered":"https:\/\/dev.metisprivatist.no\/?page_id=652"},"modified":"2026-04-19T21:54:21","modified_gmt":"2026-04-19T21:54:21","slug":"privatist-gratis-office-og-adobe-programvare","status":"publish","type":"page","link":"https:\/\/dev.metisprivatist.no\/?page_id=652","title":{"rendered":"Gratis Office og Adobe programvare for privatister"},"content":{"rendered":"<article class=\"sections\" id=\"sections\" data-page-sections=\"65d2322f00971b56110a175c\">\n<section\n  data-test=\"page-section\"\n  \n  data-section-theme=\"\"\n  class='page-section \n    \n      full-bleed-section\n      layout-engine-section\n    \n    background-width--full-bleed\n    \n      section-height--small\n    \n    \n      content-width--wide\n    \n    horizontal-alignment--center\n    vertical-alignment--middle\n    \n      \n    \n    \n    '\n  \n  data-section-id=\"65d2323a62e8420cdc841182\"\n  \n  data-controller=\"SectionWrapperController\"\n  data-current-styles=\"{&quot;imageOverlayOpacity&quot;:0.15,&quot;backgroundWidth&quot;:&quot;background-width--full-bleed&quot;,&quot;sectionHeight&quot;:&quot;section-height--small&quot;,&quot;customSectionHeight&quot;:1,&quot;horizontalAlignment&quot;:&quot;horizontal-alignment--center&quot;,&quot;verticalAlignment&quot;:&quot;vertical-alignment--middle&quot;,&quot;contentWidth&quot;:&quot;content-width--wide&quot;,&quot;customContentWidth&quot;:50,&quot;sectionTheme&quot;:&quot;&quot;,&quot;sectionAnimation&quot;:&quot;none&quot;,&quot;backgroundMode&quot;:&quot;image&quot;}\"\n  data-current-context=\"{&quot;video&quot;:{&quot;playbackSpeed&quot;:0.5,&quot;filter&quot;:1,&quot;filterStrength&quot;:0,&quot;zoom&quot;:0,&quot;videoSourceProvider&quot;:&quot;none&quot;},&quot;backgroundImageId&quot;:null,&quot;backgroundMediaEffect&quot;:{&quot;type&quot;:&quot;none&quot;},&quot;divider&quot;:{&quot;enabled&quot;:false},&quot;typeName&quot;:null}\"\n  data-animation=\"none\"\n  data-fluid-engine-section\n   \n  \n    \n  \n  \n  \n  \n\n\n  data-sqsp-section=\"fluid-engine\"\n\n\n><\/p>\n<div\n    class=\"section-border\"\n    \n  ><\/p>\n<div class=\"section-background\"><\/div>\n<\/p><\/div>\n<div\n    class='content-wrapper'\n    style='\n      \n        \n      \n    '\n  ><\/p>\n<div\n      class=\"content\"\n      \n    ><\/p>\n<div data-fluid-engine=\"true\">\n<style>\n<p>.fe-65d2323b0c41086050049907 {\n  --grid-gutter: calc(var(--sqs-mobile-site-gutter, 6vw) - 11.0px);\n  --cell-max-width: calc( ( var(--sqs-site-max-width, 1500px) - (11.0px * (8 - 1)) ) \/ 8 );<\/p>\n<p>  display: grid;\n  position: relative;\n  grid-area: 1\/1\/-1\/-1;\n  grid-template-rows: repeat(16,minmax(24px, auto));\n  grid-template-columns:\n    minmax(var(--grid-gutter), 1fr)\n    repeat(8, minmax(0, var(--cell-max-width)))\n    minmax(var(--grid-gutter), 1fr);\n  row-gap: 11.0px;\n  column-gap: 11.0px;\n  overflow-x: hidden;\n  overflow-x: clip;\n}<\/p>\n<p>@media (min-width: 768px) {\n  .background-width--inset .fe-65d2323b0c41086050049907 {\n    --inset-padding: calc(var(--sqs-site-gutter) * 2);\n  }<\/p>\n<p>  .fe-65d2323b0c41086050049907 {\n    --grid-gutter: calc(var(--sqs-site-gutter, 4vw) - 11.0px);\n    --cell-max-width: calc( ( var(--sqs-site-max-width, 1500px) - (11.0px * (24 - 1)) ) \/ 24 );\n    --inset-padding: 0vw;<\/p>\n<p>    --row-height-scaling-factor: 0.0215;\n    --container-width: min(var(--sqs-site-max-width, 1500px), calc(100vw - var(--sqs-site-gutter, 4vw) * 2 - var(--inset-padding) ));<\/p>\n<p>    grid-template-rows: repeat(36,minmax(calc(var(--container-width) * var(--row-height-scaling-factor)), auto));\n    grid-template-columns:\n      minmax(var(--grid-gutter), 1fr)\n      repeat(24, minmax(0, var(--cell-max-width)))\n      minmax(var(--grid-gutter), 1fr);\n  }\n}<\/p>\n<p>  .fe-block-yui_3_17_2_1_1709883489667_200241 {\n    grid-area: 1\/2\/3\/10;\n    z-index: 4;<\/p>\n<p>    @media (max-width: 767px) {<\/p>\n<p>    }\n  }<\/p>\n<p>  .fe-block-yui_3_17_2_1_1709883489667_200241 .sqs-block {\n    justify-content: flex-start;\n  }<\/p>\n<p>  .fe-block-yui_3_17_2_1_1709883489667_200241 .sqs-block-alignment-wrapper {\n    align-items: flex-start;\n  }<\/p>\n<p>  @media (min-width: 768px) {\n    .fe-block-yui_3_17_2_1_1709883489667_200241 {\n      grid-area: 1\/4\/6\/24;\n      z-index: 4;<\/p>\n<p>    }<\/p>\n<p>    .fe-block-yui_3_17_2_1_1709883489667_200241 .sqs-block {\n      justify-content: flex-start;\n    }<\/p>\n<p>    .fe-block-yui_3_17_2_1_1709883489667_200241 .sqs-block-alignment-wrapper {\n      align-items: flex-start;\n    }\n  }<\/p>\n<p>  .fe-block-yui_3_17_2_1_1708272434917_14142 {\n    grid-area: 3\/2\/9\/10;\n    z-index: 2;<\/p>\n<p>    @media (max-width: 767px) {<\/p>\n<p>    }\n  }<\/p>\n<p>  .fe-block-yui_3_17_2_1_1708272434917_14142 .sqs-block {\n    justify-content: center;\n  }<\/p>\n<p>  .fe-block-yui_3_17_2_1_1708272434917_14142 .sqs-block-alignment-wrapper {\n    align-items: center;\n  }<\/p>\n<p>  @media (min-width: 768px) {\n    .fe-block-yui_3_17_2_1_1708272434917_14142 {\n      grid-area: 6\/7\/12\/13;\n      z-index: 2;<\/p>\n<p>    }<\/p>\n<p>    .fe-block-yui_3_17_2_1_1708272434917_14142 .sqs-block {\n      justify-content: center;\n    }<\/p>\n<p>    .fe-block-yui_3_17_2_1_1708272434917_14142 .sqs-block-alignment-wrapper {\n      align-items: center;\n    }\n  }<\/p>\n<p>  .fe-block-7f0bb26daa3b7a9acda6 {\n    grid-area: 9\/2\/15\/10;\n    z-index: 3;<\/p>\n<p>    @media (max-width: 767px) {<\/p>\n<p>    }\n  }<\/p>\n<p>  .fe-block-7f0bb26daa3b7a9acda6 .sqs-block {\n    justify-content: center;\n  }<\/p>\n<p>  .fe-block-7f0bb26daa3b7a9acda6 .sqs-block-alignment-wrapper {\n    align-items: center;\n  }<\/p>\n<p>  @media (min-width: 768px) {\n    .fe-block-7f0bb26daa3b7a9acda6 {\n      grid-area: 6\/16\/12\/22;\n      z-index: 3;<\/p>\n<p>    }<\/p>\n<p>    .fe-block-7f0bb26daa3b7a9acda6 .sqs-block {\n      justify-content: center;\n    }<\/p>\n<p>    .fe-block-7f0bb26daa3b7a9acda6 .sqs-block-alignment-wrapper {\n      align-items: center;\n    }\n  }<\/p>\n<p>  .fe-block-yui_3_17_2_1_1708272434917_13175 {\n    grid-area: 15\/2\/17\/10;\n    z-index: 1;<\/p>\n<p>    @media (max-width: 767px) {<\/p>\n<p>    }\n  }<\/p>\n<p>  .fe-block-yui_3_17_2_1_1708272434917_13175 .sqs-block {\n    justify-content: flex-start;\n  }<\/p>\n<p>  .fe-block-yui_3_17_2_1_1708272434917_13175 .sqs-block-alignment-wrapper {\n    align-items: flex-start;\n  }<\/p>\n<p>  @media (min-width: 768px) {\n    .fe-block-yui_3_17_2_1_1708272434917_13175 {\n      grid-area: 12\/4\/36\/24;\n      z-index: 1;<\/p>\n<p>    }<\/p>\n<p>    .fe-block-yui_3_17_2_1_1708272434917_13175 .sqs-block {\n      justify-content: flex-start;\n    }<\/p>\n<p>    .fe-block-yui_3_17_2_1_1708272434917_13175 .sqs-block-alignment-wrapper {\n      align-items: flex-start;\n    }\n  }<\/p>\n<\/style>\n<div class=\"fluid-engine fe-65d2323b0c41086050049907\">\n<div class=\"fe-block fe-block-yui_3_17_2_1_1709883489667_200241\">\n<div class=\"sqs-block website-component-block sqs-block-website-component sqs-block-html html-block\" data-block-css=\"[&quot;https:\/\/definitions.sqspcdn.com\/website-component-definition\/static-assets\/website.components.html\/8636d61b-54e9-4d33-8bb8-0228d44c3611_445\/website.components.html.styles.css&quot;]\" data-block-scripts=\"[&quot;https:\/\/definitions.sqspcdn.com\/website-component-definition\/static-assets\/website.components.html\/8636d61b-54e9-4d33-8bb8-0228d44c3611_445\/website.components.html.visitor.js&quot;]\" data-block-type=\"1337\" data-definition-name=\"website.components.html\" data-sqsp-block=\"text\" data-website-component-id=\"yui_3_17_2_1_1709883489667_200241\" id=\"block-yui_3_17_2_1_1709883489667_200241\">\n<div class=\"sqs-block-content\">\n<div class=\"sqs-html-content\" data-sqsp-text-block-content>\n<h1 style=\"white-space:pre-wrap;\">Gratis programvare fra Office og Adobe.<\/h1>\n<\/div>\n<\/div>\n<\/div>\n<\/div>\n<div class=\"fe-block fe-block-yui_3_17_2_1_1708272434917_14142\">\n<div class=\"sqs-block website-component-block sqs-block-website-component sqs-block-image image-block\" data-block-css=\"[&quot;https:\/\/definitions.sqspcdn.com\/website-component-definition\/static-assets\/website.components.imageFluid\/30d1f186-b02d-4349-a754-971e904314f1_432\/website.components.imageFluid.styles.css&quot;]\" data-block-scripts=\"[&quot;https:\/\/definitions.sqspcdn.com\/website-component-definition\/static-assets\/website.components.imageFluid\/30d1f186-b02d-4349-a754-971e904314f1_432\/748.js&quot;,&quot;https:\/\/definitions.sqspcdn.com\/website-component-definition\/static-assets\/website.components.imageFluid\/30d1f186-b02d-4349-a754-971e904314f1_432\/8018.js&quot;,&quot;https:\/\/definitions.sqspcdn.com\/website-component-definition\/static-assets\/website.components.imageFluid\/30d1f186-b02d-4349-a754-971e904314f1_432\/9882.js&quot;,&quot;https:\/\/definitions.sqspcdn.com\/website-component-definition\/static-assets\/website.components.imageFluid\/30d1f186-b02d-4349-a754-971e904314f1_432\/image-effect-film-grain.js&quot;,&quot;https:\/\/definitions.sqspcdn.com\/website-component-definition\/static-assets\/website.components.imageFluid\/30d1f186-b02d-4349-a754-971e904314f1_432\/image-effect-liquid.js&quot;,&quot;https:\/\/definitions.sqspcdn.com\/website-component-definition\/static-assets\/website.components.imageFluid\/30d1f186-b02d-4349-a754-971e904314f1_432\/image-effect-parallax.js&quot;,&quot;https:\/\/definitions.sqspcdn.com\/website-component-definition\/static-assets\/website.components.imageFluid\/30d1f186-b02d-4349-a754-971e904314f1_432\/image-effect-refracted-circles.js&quot;,&quot;https:\/\/definitions.sqspcdn.com\/website-component-definition\/static-assets\/website.components.imageFluid\/30d1f186-b02d-4349-a754-971e904314f1_432\/image-effect-refracted-lines.js&quot;,&quot;https:\/\/definitions.sqspcdn.com\/website-component-definition\/static-assets\/website.components.imageFluid\/30d1f186-b02d-4349-a754-971e904314f1_432\/website.components.imageFluid.shared.constants.js&quot;,&quot;https:\/\/definitions.sqspcdn.com\/website-component-definition\/static-assets\/website.components.imageFluid\/30d1f186-b02d-4349-a754-971e904314f1_432\/website.components.imageFluid.visitor.js&quot;]\" data-block-type=\"1337\" data-definition-name=\"website.components.imageFluid\" data-sqsp-block=\"image\" data-website-component-id=\"yui_3_17_2_1_1708272434917_14142\" id=\"block-yui_3_17_2_1_1708272434917_14142\">\n<div class=\"sqs-block-content\">\n<p>      <img decoding=\"async\" src=\"https:\/\/images.squarespace-cdn.com\/content\/v1\/65a91187f2e27b4d03ca26de\/da2cb317-7336-44c7-8b88-f27783d790f0\/adobe-pakken-privatistskolen.jpg?format=original\" alt=\"\"\/><\/p>\n<\/div>\n<\/div>\n<\/div>\n<div class=\"fe-block fe-block-7f0bb26daa3b7a9acda6\">\n<div class=\"sqs-block website-component-block sqs-block-website-component sqs-block-image image-block\" data-block-css=\"[&quot;https:\/\/definitions.sqspcdn.com\/website-component-definition\/static-assets\/website.components.imageFluid\/30d1f186-b02d-4349-a754-971e904314f1_432\/website.components.imageFluid.styles.css&quot;]\" data-block-scripts=\"[&quot;https:\/\/definitions.sqspcdn.com\/website-component-definition\/static-assets\/website.components.imageFluid\/30d1f186-b02d-4349-a754-971e904314f1_432\/748.js&quot;,&quot;https:\/\/definitions.sqspcdn.com\/website-component-definition\/static-assets\/website.components.imageFluid\/30d1f186-b02d-4349-a754-971e904314f1_432\/8018.js&quot;,&quot;https:\/\/definitions.sqspcdn.com\/website-component-definition\/static-assets\/website.components.imageFluid\/30d1f186-b02d-4349-a754-971e904314f1_432\/9882.js&quot;,&quot;https:\/\/definitions.sqspcdn.com\/website-component-definition\/static-assets\/website.components.imageFluid\/30d1f186-b02d-4349-a754-971e904314f1_432\/image-effect-film-grain.js&quot;,&quot;https:\/\/definitions.sqspcdn.com\/website-component-definition\/static-assets\/website.components.imageFluid\/30d1f186-b02d-4349-a754-971e904314f1_432\/image-effect-liquid.js&quot;,&quot;https:\/\/definitions.sqspcdn.com\/website-component-definition\/static-assets\/website.components.imageFluid\/30d1f186-b02d-4349-a754-971e904314f1_432\/image-effect-parallax.js&quot;,&quot;https:\/\/definitions.sqspcdn.com\/website-component-definition\/static-assets\/website.components.imageFluid\/30d1f186-b02d-4349-a754-971e904314f1_432\/image-effect-refracted-circles.js&quot;,&quot;https:\/\/definitions.sqspcdn.com\/website-component-definition\/static-assets\/website.components.imageFluid\/30d1f186-b02d-4349-a754-971e904314f1_432\/image-effect-refracted-lines.js&quot;,&quot;https:\/\/definitions.sqspcdn.com\/website-component-definition\/static-assets\/website.components.imageFluid\/30d1f186-b02d-4349-a754-971e904314f1_432\/website.components.imageFluid.shared.constants.js&quot;,&quot;https:\/\/definitions.sqspcdn.com\/website-component-definition\/static-assets\/website.components.imageFluid\/30d1f186-b02d-4349-a754-971e904314f1_432\/website.components.imageFluid.visitor.js&quot;]\" data-block-type=\"1337\" data-definition-name=\"website.components.imageFluid\" data-sqsp-block=\"image\" data-website-component-id=\"7f0bb26daa3b7a9acda6\" id=\"block-7f0bb26daa3b7a9acda6\">\n<div class=\"sqs-block-content\">\n<p>      <img decoding=\"async\" src=\"https:\/\/images.squarespace-cdn.com\/content\/v1\/65a91187f2e27b4d03ca26de\/36a6b671-9a89-4058-8afb-2b9048e60cd1\/office365-privatist.png?format=original\" alt=\"\"\/><\/p>\n<\/div>\n<\/div>\n<\/div>\n<div class=\"fe-block fe-block-yui_3_17_2_1_1708272434917_13175\">\n<div class=\"sqs-block website-component-block sqs-block-website-component sqs-block-html html-block\" data-block-css=\"[&quot;https:\/\/definitions.sqspcdn.com\/website-component-definition\/static-assets\/website.components.html\/8636d61b-54e9-4d33-8bb8-0228d44c3611_445\/website.components.html.styles.css&quot;]\" data-block-scripts=\"[&quot;https:\/\/definitions.sqspcdn.com\/website-component-definition\/static-assets\/website.components.html\/8636d61b-54e9-4d33-8bb8-0228d44c3611_445\/website.components.html.visitor.js&quot;]\" data-block-type=\"1337\" data-definition-name=\"website.components.html\" data-sqsp-block=\"text\" data-website-component-id=\"yui_3_17_2_1_1708272434917_13175\" id=\"block-yui_3_17_2_1_1708272434917_13175\">\n<div class=\"sqs-block-content\">\n<div class=\"sqs-html-content\" data-sqsp-text-block-content>\n<p class=\"\" style=\"white-space:pre-wrap;\">Fra og med v\u00e5ren 2019 fikk alle v\u00e5re privatister tilgang til Office 365 Pro+ for studenter og Adobe-pakken. Dette er en samling av tjenester som lar deg samarbeide, dele og gj\u00f8re skolearbeidet ditt enklere.<\/p>\n<h3 style=\"white-space:pre-wrap;\">Microsoft Office 365<\/h3>\n<p class=\"\" style=\"white-space:pre-wrap;\">Tjenesten inkluderer Word, PowerPoint, Excel, Outlook, OneDrive, OneNote Skype for Business, Publisher (bare Windows) og Access (bare Windows). Office-pakken kan benyttes p\u00e5 opptil fem ulike installasjoner, som PC, IPad, Mac, nettbrett og smarttelefon. Online-utgaven for bruk i nettleser er ogs\u00e5 tilgjengelig. Privatister har ikke e-postkonto gjennom skolen, og kan derfor ikke bruke Outlook-online.<\/p>\n<p class=\"\" style=\"white-space:pre-wrap;\">I OneDrive f\u00e5r hver student 1TB for lagring og backup av dokumenter og arbeid, som enkelt kan deles med andre studenter og ansatte hvis \u00f8nskelig. Dette er en personlig lagringsplass, og det er den enkelte privatist som har ansvar for hva som lagres der. Lagring av data i OneDrive medf\u00f8rer transport og oppbevaring utenfor Norge. Personopplysninger i henhold til Personopplysningsloven med forskrift, helsedata eller sikkerhetsgraderte data skal derfor IKKE lagres i eller deles gjennom OneDrive.<\/p>\n<h3 style=\"white-space:pre-wrap;\">Adobe Creative Cloud<\/h3>\n<p class=\"\" style=\"white-space:pre-wrap;\">Du vil f\u00e5 tilgang til siste versjon av Adobe Creative Cloud, med blant annet Photoshop, Premier, InDesign, Lightroom, Audition og After Effects.<\/p>\n<h3 style=\"white-space:pre-wrap;\">Support<\/h3>\n<p class=\"\" style=\"white-space:pre-wrap;\">Det blir ikke gitt support for bruk og installasjon av Office 365 eller Adobe Creative Cloud*. Bruk lenkene nedenfor.<\/p>\n<p class=\"\" style=\"white-space:pre-wrap;\"><a href=\"https:\/\/support.office.com\/nb-no\/article\/Oppl%C3%A6ringssenteret-for-Office-b8f02f81-ec85-4493-a39b-4c48e6bc4bfb?ui=nb-NO&amp;rs=nb-NO&amp;ad=NO&amp;omkt=nb-NO\">Brukerveiledning for Office 365<\/a><\/p>\n<p class=\"\" style=\"white-space:pre-wrap;\"><a href=\"https:\/\/helpx.adobe.com\/no\/support\/creative-cloud.html?promoid=NGWGRLZ4&amp;mv=other\">Brukerveiledning for Adobe Creative Cloud<\/a><\/p>\n<h3 style=\"white-space:pre-wrap;\">Stenging av konto<\/h3>\n<p class=\"\" style=\"white-space:pre-wrap;\">Privatister som slutter ved Metis Privatistskole vil miste tilgangen til Office 365 og Adobe Creative Cloud. Den enkelte privatist m\u00e5 selv huske \u00e5 ta backup av filer som de har liggende p\u00e5 OneDrive f\u00f8r de slutter.<\/p>\n<p class=\"\" style=\"white-space:pre-wrap;\"><em>*Dersom du har problem med tilgang\/p\u00e5logging, tar du kontakt med IKT p\u00e5: <\/em><a href=\"mailto:support@metis.no\"><em>support@metis.no.<\/em><\/a><\/p>\n<\/div>\n<\/div>\n<\/div>\n<\/div>\n<\/div>\n<\/div><\/div>\n<\/p><\/div>\n<\/section>\n<\/article>\n","protected":false},"excerpt":{"rendered":"<p>Gratis programvare fra Office og Adobe. Fra og med v\u00e5ren 2019 fikk alle v\u00e5re privatister tilgang til Office 365 Pro+ for studenter og Adobe-pakken. Dette er en samling av tjenester som lar deg samarbeide, dele og gj\u00f8re skolearbeidet ditt enklere. Microsoft Office 365 Tjenesten inkluderer Word, PowerPoint, Excel, Outlook, OneDrive, OneNote Skype for Business, Publisher [&hellip;]<\/p>\n","protected":false},"author":1,"featured_media":0,"parent":0,"menu_order":0,"comment_status":"closed","ping_status":"closed","template":"","meta":{"footnotes":""},"class_list":["post-652","page","type-page","status-publish","hentry"],"_links":{"self":[{"href":"https:\/\/dev.metisprivatist.no\/index.php?rest_route=\/wp\/v2\/pages\/652","targetHints":{"allow":["GET"]}}],"collection":[{"href":"https:\/\/dev.metisprivatist.no\/index.php?rest_route=\/wp\/v2\/pages"}],"about":[{"href":"https:\/\/dev.metisprivatist.no\/index.php?rest_route=\/wp\/v2\/types\/page"}],"author":[{"embeddable":true,"href":"https:\/\/dev.metisprivatist.no\/index.php?rest_route=\/wp\/v2\/users\/1"}],"replies":[{"embeddable":true,"href":"https:\/\/dev.metisprivatist.no\/index.php?rest_route=%2Fwp%2Fv2%2Fcomments&post=652"}],"version-history":[{"count":0,"href":"https:\/\/dev.metisprivatist.no\/index.php?rest_route=\/wp\/v2\/pages\/652\/revisions"}],"wp:attachment":[{"href":"https:\/\/dev.metisprivatist.no\/index.php?rest_route=%2Fwp%2Fv2%2Fmedia&parent=652"}],"curies":[{"name":"wp","href":"https:\/\/api.w.org\/{rel}","templated":true}]}}