{"id":651,"date":"2026-04-19T21:54:21","date_gmt":"2026-04-19T21:54:21","guid":{"rendered":"https:\/\/dev.metisprivatist.no\/?page_id=651"},"modified":"2026-04-19T21:54:21","modified_gmt":"2026-04-19T21:54:21","slug":"laererne-paa-metis-privatist-strekker-seg-litt-lengre","status":"publish","type":"page","link":"https:\/\/dev.metisprivatist.no\/?page_id=651","title":{"rendered":"L\u00e6rerne p\u00e5 Metis Privatist strekker seg litt lengre"},"content":{"rendered":"<article class=\"sections\" id=\"sections\" data-page-sections=\"65d2315c9cd5c57d2efa5a24\">\n<section\n  data-test=\"page-section\"\n  \n  data-section-theme=\"\"\n  class='page-section \n    \n      full-bleed-section\n      layout-engine-section\n    \n    background-width--full-bleed\n    \n      section-height--small\n    \n    \n      content-width--wide\n    \n    horizontal-alignment--center\n    vertical-alignment--middle\n    \n      \n    \n    \n    '\n  \n  data-section-id=\"65d2316615f0d8312102bea1\"\n  \n  data-controller=\"SectionWrapperController\"\n  data-current-styles=\"{&quot;imageOverlayOpacity&quot;:0.15,&quot;backgroundWidth&quot;:&quot;background-width--full-bleed&quot;,&quot;sectionHeight&quot;:&quot;section-height--small&quot;,&quot;customSectionHeight&quot;:1,&quot;horizontalAlignment&quot;:&quot;horizontal-alignment--center&quot;,&quot;verticalAlignment&quot;:&quot;vertical-alignment--middle&quot;,&quot;contentWidth&quot;:&quot;content-width--wide&quot;,&quot;customContentWidth&quot;:50,&quot;sectionTheme&quot;:&quot;&quot;,&quot;sectionAnimation&quot;:&quot;none&quot;,&quot;backgroundMode&quot;:&quot;image&quot;}\"\n  data-current-context=\"{&quot;video&quot;:{&quot;playbackSpeed&quot;:0.5,&quot;filter&quot;:1,&quot;filterStrength&quot;:0,&quot;zoom&quot;:0,&quot;videoSourceProvider&quot;:&quot;none&quot;},&quot;backgroundImageId&quot;:null,&quot;backgroundMediaEffect&quot;:{&quot;type&quot;:&quot;none&quot;},&quot;divider&quot;:{&quot;enabled&quot;:false},&quot;typeName&quot;:null}\"\n  data-animation=\"none\"\n  data-fluid-engine-section\n   \n  \n    \n  \n  \n  \n  \n\n\n  data-sqsp-section=\"fluid-engine\"\n\n\n><\/p>\n<div\n    class=\"section-border\"\n    \n  ><\/p>\n<div class=\"section-background\"><\/div>\n<\/p><\/div>\n<div\n    class='content-wrapper'\n    style='\n      \n        \n      \n    '\n  ><\/p>\n<div\n      class=\"content\"\n      \n    ><\/p>\n<div data-fluid-engine=\"true\">\n<style>\n<p>.fe-65d2316698788b4d1571beb1 {\n  --grid-gutter: calc(var(--sqs-mobile-site-gutter, 6vw) - 11.0px);\n  --cell-max-width: calc( ( var(--sqs-site-max-width, 1500px) - (11.0px * (8 - 1)) ) \/ 8 );<\/p>\n<p>  display: grid;\n  position: relative;\n  grid-area: 1\/1\/-1\/-1;\n  grid-template-rows: repeat(160,minmax(24px, auto));\n  grid-template-columns:\n    minmax(var(--grid-gutter), 1fr)\n    repeat(8, minmax(0, var(--cell-max-width)))\n    minmax(var(--grid-gutter), 1fr);\n  row-gap: 11.0px;\n  column-gap: 11.0px;\n  overflow-x: hidden;\n  overflow-x: clip;\n}<\/p>\n<p>@media (min-width: 768px) {\n  .background-width--inset .fe-65d2316698788b4d1571beb1 {\n    --inset-padding: calc(var(--sqs-site-gutter) * 2);\n  }<\/p>\n<p>  .fe-65d2316698788b4d1571beb1 {\n    --grid-gutter: calc(var(--sqs-site-gutter, 4vw) - 11.0px);\n    --cell-max-width: calc( ( var(--sqs-site-max-width, 1500px) - (11.0px * (24 - 1)) ) \/ 24 );\n    --inset-padding: 0vw;<\/p>\n<p>    --row-height-scaling-factor: 0.0215;\n    --container-width: min(var(--sqs-site-max-width, 1500px), calc(100vw - var(--sqs-site-gutter, 4vw) * 2 - var(--inset-padding) ));<\/p>\n<p>    grid-template-rows: repeat(80,minmax(calc(var(--container-width) * var(--row-height-scaling-factor)), auto));\n    grid-template-columns:\n      minmax(var(--grid-gutter), 1fr)\n      repeat(24, minmax(0, var(--cell-max-width)))\n      minmax(var(--grid-gutter), 1fr);\n  }\n}<\/p>\n<p>  .fe-block-yui_3_17_2_1_1708272434917_9372 {\n    grid-area: 1\/2\/149\/10;\n    z-index: 1;<\/p>\n<p>    @media (max-width: 767px) {<\/p>\n<p>    }\n  }<\/p>\n<p>  .fe-block-yui_3_17_2_1_1708272434917_9372 .sqs-block {\n    justify-content: flex-start;\n  }<\/p>\n<p>  .fe-block-yui_3_17_2_1_1708272434917_9372 .sqs-block-alignment-wrapper {\n    align-items: flex-start;\n  }<\/p>\n<p>  @media (min-width: 768px) {\n    .fe-block-yui_3_17_2_1_1708272434917_9372 {\n      grid-area: 1\/2\/69\/26;\n      z-index: 1;<\/p>\n<p>    }<\/p>\n<p>    .fe-block-yui_3_17_2_1_1708272434917_9372 .sqs-block {\n      justify-content: flex-start;\n    }<\/p>\n<p>    .fe-block-yui_3_17_2_1_1708272434917_9372 .sqs-block-alignment-wrapper {\n      align-items: flex-start;\n    }\n  }<\/p>\n<p>  .fe-block-yui_3_17_2_1_1708272434917_10349 {\n    grid-area: 48\/2\/56\/10;\n    z-index: 2;<\/p>\n<p>    @media (max-width: 767px) {<\/p>\n<p>    }\n  }<\/p>\n<p>  .fe-block-yui_3_17_2_1_1708272434917_10349 .sqs-block {\n    justify-content: center;\n  }<\/p>\n<p>  .fe-block-yui_3_17_2_1_1708272434917_10349 .sqs-block-alignment-wrapper {\n    align-items: center;\n  }<\/p>\n<p>  @media (min-width: 768px) {\n    .fe-block-yui_3_17_2_1_1708272434917_10349 {\n      grid-area: 23\/3\/31\/8;\n      z-index: 2;<\/p>\n<p>    }<\/p>\n<p>    .fe-block-yui_3_17_2_1_1708272434917_10349 .sqs-block {\n      justify-content: center;\n    }<\/p>\n<p>    .fe-block-yui_3_17_2_1_1708272434917_10349 .sqs-block-alignment-wrapper {\n      align-items: center;\n    }\n  }<\/p>\n<p>  .fe-block-bea6e03990345363b21c {\n    grid-area: 149\/2\/155\/10;\n    z-index: 5;<\/p>\n<p>    @media (max-width: 767px) {<\/p>\n<p>    }\n  }<\/p>\n<p>  .fe-block-bea6e03990345363b21c .sqs-block {\n    justify-content: center;\n  }<\/p>\n<p>  .fe-block-bea6e03990345363b21c .sqs-block-alignment-wrapper {\n    align-items: center;\n  }<\/p>\n<p>  @media (min-width: 768px) {\n    .fe-block-bea6e03990345363b21c {\n      grid-area: 71\/14\/81\/24;\n      z-index: 5;<\/p>\n<p>    }<\/p>\n<p>    .fe-block-bea6e03990345363b21c .sqs-block {\n      justify-content: center;\n    }<\/p>\n<p>    .fe-block-bea6e03990345363b21c .sqs-block-alignment-wrapper {\n      align-items: center;\n    }\n  }<\/p>\n<p>  .fe-block-5bf57d8c6ee9086582e4 {\n    grid-area: 155\/2\/161\/10;\n    z-index: 4;<\/p>\n<p>    @media (max-width: 767px) {<\/p>\n<p>    }\n  }<\/p>\n<p>  .fe-block-5bf57d8c6ee9086582e4 .sqs-block {\n    justify-content: center;\n  }<\/p>\n<p>  .fe-block-5bf57d8c6ee9086582e4 .sqs-block-alignment-wrapper {\n    align-items: center;\n  }<\/p>\n<p>  @media (min-width: 768px) {\n    .fe-block-5bf57d8c6ee9086582e4 {\n      grid-area: 71\/4\/81\/14;\n      z-index: 4;<\/p>\n<p>    }<\/p>\n<p>    .fe-block-5bf57d8c6ee9086582e4 .sqs-block {\n      justify-content: center;\n    }<\/p>\n<p>    .fe-block-5bf57d8c6ee9086582e4 .sqs-block-alignment-wrapper {\n      align-items: center;\n    }\n  }<\/p>\n<\/style>\n<div class=\"fluid-engine fe-65d2316698788b4d1571beb1\">\n<div class=\"fe-block fe-block-yui_3_17_2_1_1708272434917_9372\">\n<div class=\"sqs-block website-component-block sqs-block-website-component sqs-block-html html-block\" data-block-css=\"[&quot;https:\/\/definitions.sqspcdn.com\/website-component-definition\/static-assets\/website.components.html\/8636d61b-54e9-4d33-8bb8-0228d44c3611_445\/website.components.html.styles.css&quot;]\" data-block-scripts=\"[&quot;https:\/\/definitions.sqspcdn.com\/website-component-definition\/static-assets\/website.components.html\/8636d61b-54e9-4d33-8bb8-0228d44c3611_445\/website.components.html.visitor.js&quot;]\" data-block-type=\"1337\" data-definition-name=\"website.components.html\" data-sqsp-block=\"text\" data-website-component-id=\"yui_3_17_2_1_1708272434917_9372\" id=\"block-yui_3_17_2_1_1708272434917_9372\">\n<div class=\"sqs-block-content\">\n<div class=\"sqs-html-content\" data-sqsp-text-block-content>\n<h1 style=\"white-space:pre-wrap;\">Strekker seg litt lenger!<\/h1>\n<p class=\"sqsrte-small\" style=\"white-space:pre-wrap;\"><em>Produsert av Schibsted Partnerstudio<\/em>&nbsp;<\/p>\n<p class=\"\" data-rte-preserve-empty=\"true\" style=\"white-space:pre-wrap;\">\n<p class=\"\" style=\"white-space:pre-wrap;\">Metis Privatistskole legger mye ressurser i \u00e5 tilby den beste undervisningen. Skolen er s\u00e5 sikker p\u00e5 eget undervisningsopplegg at du f\u00e5r pengene tilbake om du ikke lykkes.<\/p>\n<p class=\"\" style=\"white-space:pre-wrap;\">H\u00c5NDVERKER: Marius W\u00e5gs\u00e6ther var privatist p\u00e5 Metis Privatskole i Bergen. Han tok opp fem fag over ett \u00e5r. N\u00e5 driver han Lavik &amp; Rogstad Malerfirma. &nbsp;<br \/>Foto:&nbsp; Tsion Bruk<\/p>\n<p class=\"\" style=\"white-space:pre-wrap;\"><strong><em>\u2013 Det var utrolig fint \u00e5 v\u00e6re privatist p\u00e5 Metis. Det er ingen tvil om at l\u00e6rerne er genuint interessert i \u00e5 f\u00f8lge opp privatistene. De gj\u00f8r det de kan for at alle n\u00e5r sine m\u00e5l, sier tidligere privatist Marius Iversen W\u00e5gs\u00e6ther.<\/em><\/strong><\/p>\n<p class=\"\" style=\"white-space:pre-wrap;\">P\u00e5 Metis vet l\u00e6rerne viktigheten av \u00e5 tilpasse undervisningen for hver enkelt privatist. En av grunnene til at W\u00e5gs\u00e6ther valgte Metis var fordi de tilbyr karaktergaranti.<\/p>\n<p class=\"\" style=\"white-space:pre-wrap;\">\u2013 <strong><em>Garantien er ingen hvilepute, men det gjorde at jeg fikk en liten sikkerhet. I tillegg tror jeg at det gj\u00f8r at l\u00e6rerne p\u00e5 Metis strekker seg litt lenger for privatistene, sier han, som n\u00e5 eier og driver sitt eget malerfirma i Bergen.<\/em><\/strong><\/p>\n<p class=\"\" style=\"white-space:pre-wrap;\">Metis har karaktergaranti. Det betyr at du f\u00e5r nytt kurs hvis du ikke forbedrer karakteren du har i faget fra tidligere.<br \/>Les mer <a href=\"\/privatist-karaktergaranti\">om Metis Karaktergaranti<\/a>.<\/p>\n<h2 style=\"white-space:pre-wrap;\">\u2013&nbsp;Tilpasset hver enkelt<\/h2>\n<p class=\"\" style=\"white-space:pre-wrap;\">Metis holder til i nye og moderne lokaler i Oslo, Bergen og Stavanger. Privatistene kommer fra hele landet.<\/p>\n<p class=\"\" style=\"white-space:pre-wrap;\">Kristian Jensen er l\u00e6rer p\u00e5 Metis Privatistskole i Bergen. Han er \u00e9n av mange l\u00e6rere p\u00e5 Metis som privatistene blir godt kjent med. &nbsp;<\/p>\n<p class=\"\" style=\"white-space:pre-wrap;\">Jensen har doktorgrad i geofysikk og underviser i matematikk og fysikk. Han er lidenskapelig opptatt av \u00e5 l\u00e6re bort til tider avansert pensum p\u00e5 en enkel og engasjerende m\u00e5te.<\/p>\n<p class=\"\" style=\"white-space:pre-wrap;\">\u2013 Ingen er like, og derfor skreddersyr alltid Metis undervisningen til hver enkelt privatist.<\/p>\n<p class=\"\" data-rte-preserve-empty=\"true\" style=\"white-space:pre-wrap;\">\n<p class=\"\" data-rte-preserve-empty=\"true\" style=\"white-space:pre-wrap;\">\n<p class=\"sqsrte-small\" data-rte-preserve-empty=\"true\" style=\"white-space:pre-wrap;\">\n<p class=\"\" data-rte-preserve-empty=\"true\" style=\"white-space:pre-wrap;\">\n<p class=\"\" data-rte-preserve-empty=\"true\" style=\"white-space:pre-wrap;\">\n<p class=\"\" data-rte-preserve-empty=\"true\" style=\"white-space:pre-wrap;\">\n<p class=\"\" data-rte-preserve-empty=\"true\" style=\"white-space:pre-wrap;\">\n<p class=\"sqsrte-small\" data-rte-preserve-empty=\"true\" style=\"white-space:pre-wrap;\">\n<p class=\"sqsrte-small\" data-rte-preserve-empty=\"true\" style=\"white-space:pre-wrap;\">\n<p class=\"sqsrte-small\" data-rte-preserve-empty=\"true\" style=\"white-space:pre-wrap;\">\n<p class=\"sqsrte-small\" style=\"white-space:pre-wrap;\"><em>L\u00e6rer hos Metis Privatistskole, Kristian Jensen.<\/em>&nbsp;<br \/>Foto:&nbsp; Tsion Bruk<\/p>\n<p class=\"\" data-rte-preserve-empty=\"true\" style=\"white-space:pre-wrap;\">\n<p class=\"\" style=\"white-space:pre-wrap;\">Jensen forteller at grunnen til at privatistene p\u00e5 Metis tar opp fag varierer.<\/p>\n<p class=\"\" data-rte-preserve-empty=\"true\" style=\"white-space:pre-wrap;\">\n<p class=\"\" style=\"white-space:pre-wrap;\">\u2013 <strong><em>Noen har som m\u00e5l \u00e5 komme inn p\u00e5 dr\u00f8mmestudiet. Andre trenger hjelp til \u00e5 best\u00e5 i et fag de ikke mestret p\u00e5 videreg\u00e5ende. Flere \u00f8nsker \u00e5 forbedre snittet eller ta fag de ikke tok p\u00e5 videreg\u00e5ende.<\/em><\/strong><\/p>\n<p class=\"\" data-rte-preserve-empty=\"true\" style=\"white-space:pre-wrap;\">\n<p class=\"\" style=\"white-space:pre-wrap;\">Fellesnevneren er at privatistene velger Metis fordi det en en skole som gir det lille ekstra.<\/p>\n<p class=\"\" data-rte-preserve-empty=\"true\" style=\"white-space:pre-wrap;\">\n<p class=\"\" style=\"white-space:pre-wrap;\">\u2013 <strong><em>Vi har stor tro p\u00e5 fysisk undervisning, og b\u00e5de l\u00e6rere og elever foretrekker fysisk undervisning i klasserom, sier Jensen. Spesielt etter pandemien er det ekstra kjekt \u00e5 kunne v\u00e6re sammen.<\/em><\/strong><\/p>\n<p class=\"\" data-rte-preserve-empty=\"true\" style=\"white-space:pre-wrap;\">\n<p class=\"\" style=\"white-space:pre-wrap;\">Metis Privatistskole tilbyr kurs i alle typer&nbsp;matematikk. Vi har mange \u00e5rs erfaring og vet hva som skal til for at du skal v\u00e6re best mulig forberedt til matematikk-eksamen.<\/p>\n<h3 style=\"white-space:pre-wrap;\">Fire gode grunner til \u00e5 velge Metis:<\/h3>\n<ol data-rte-list=\"default\">\n<li>\n<p class=\"\" style=\"white-space:pre-wrap;\">Leksehjelp\/oppgavel\u00f8sing tre ganger per uke:Arbeid med oppgaver under veiledning i klasserom.<\/p>\n<\/li>\n<li>\n<p class=\"\" style=\"white-space:pre-wrap;\">Privatl\u00e6rer: I matematikk f\u00e5r du fem timer en-til-en-undervisning der du f\u00e5r hjelp til akkurat det temaet du \u00f8nsker.<\/p>\n<\/li>\n<li>\n<p class=\"\" style=\"white-space:pre-wrap;\">Labkurs: Hos Metis er labkursene inkludert i kursprisen.<\/p>\n<\/li>\n<li>\n<p class=\"\" style=\"white-space:pre-wrap;\">Makspris p\u00e5 ett skole\u00e5r: Uansett hvor mange kurs du tar i l\u00f8pet av to sammenhengende semestre vil kursavgiften ikke overstige makspris.<\/p>\n<\/li>\n<\/ol>\n<h2 style=\"white-space:pre-wrap;\">\u2013&nbsp;Finne den smarteste veien til m\u00e5let<\/h2>\n<p class=\"\" style=\"white-space:pre-wrap;\">Som privatist hos Metis f\u00e5r du skriftlig og muntlig pr\u00f8veeksamen, leksehjelp samt officepakken, inkludert i prisen uten ekstra kostnad for deg.<\/p>\n<p class=\"\" style=\"white-space:pre-wrap;\">Er du nysgjerrig p\u00e5 tilbudet, kan du f\u00e5 en gratis og uforpliktende r\u00e5dgivning.<\/p>\n<p class=\"\" data-rte-preserve-empty=\"true\" style=\"white-space:pre-wrap;\">\n<blockquote>\n<p class=\"\" style=\"white-space:pre-wrap;\"><strong>\u2013&nbsp;<em>R\u00e5dgivningen p\u00e5 Metis er veldig oversiktlig og bra. Jeg visste ikke s\u00e5 mye om hvordan det var \u00e5 v\u00e6re privatist, s\u00e5 jeg hadde en del sp\u00f8rsm\u00e5l. Jeg fikk god hjelp til \u00e5 finne ut hva jeg skulle gj\u00f8re fremover og hvilke fag jeg burde ta opp.<\/em><\/strong><\/p>\n<p class=\"\" style=\"white-space:pre-wrap;\"><strong>Karl Fredrik, tidligere privatist<\/strong><\/p>\n<\/blockquote>\n<p class=\"\" data-rte-preserve-empty=\"true\" style=\"white-space:pre-wrap;\">\n<p class=\"\" style=\"white-space:pre-wrap;\"><strong>Dette b\u00f8r du tenke p\u00e5 f\u00f8r du snakker med en r\u00e5dgiver:<\/strong><\/p>\n<ol data-rte-list=\"default\">\n<li>\n<p class=\"\" style=\"white-space:pre-wrap;\">Ha gjerne et m\u00e5l om hva du \u00f8nsker \u00e5 oppn\u00e5, eller hvilken utdanning du \u00f8nsker deg etter du har tatt fag som privatist. Hvis du ikke har det, s\u00e5 hjelper Metis deg \u00e5 se muligheter.<\/p>\n<\/li>\n<li>\n<p class=\"\" style=\"white-space:pre-wrap;\">Tenk gjennom hvilken tidshorisont og motivasjon du har. Metis tilpasser kursopplegget til deg. Noen blir ferdig p\u00e5 et halvt \u00e5r, mens andre trenger mer tid.<\/p>\n<\/li>\n<li>\n<p class=\"\" style=\"white-space:pre-wrap;\">F\u00e5 oversikt over det du har av vitnem\u00e5l eller kompetansebevis fra videreg\u00e5ende.<\/p>\n<\/li>\n<\/ol>\n<h2 style=\"white-space:pre-wrap;\">\u2013 Skreddersydde ressurser og oppf\u00f8lging<\/h2>\n<p class=\"\" style=\"white-space:pre-wrap;\">Noe av det f\u00f8rste Kristian Jensen gj\u00f8r n\u00e5r han m\u00f8ter nye privatister, er \u00e5 kartlegge og bli kjent med hver enkelt. Slik kan han tilpasse forelesningen og oppf\u00f8lgingen best mulig.<\/p>\n<p class=\"\" style=\"white-space:pre-wrap;\">\u2013 Kursene v\u00e5re er intensive, men vi gj\u00f8r det p\u00e5 en gjennomtenkt og effektiv m\u00e5te. Det synes privatistene gir mye verdi, sier han.<\/p>\n<p class=\"\" style=\"white-space:pre-wrap;\">Magien er mer enn bare effektive og gode forelesninger. Det er alt som Metis gj\u00f8r for studentene utenfor forelesningene, som gj\u00f8r den store forskjellen, forklarer Jensen.<\/p>\n<p class=\"\" data-rte-preserve-empty=\"true\" style=\"white-space:pre-wrap;\">\n<blockquote>\n<p class=\"\" style=\"white-space:pre-wrap;\"><strong><em>\u2013 Matteprogrammet til Metis er virkelig bra! I tillegg til undervisningstimene f\u00e5r du forkurs, leksehjelp og pr\u00f8veeksamen. Alt er inkludert i prisen.<\/em><\/strong><\/p>\n<p class=\"\" style=\"white-space:pre-wrap;\">Lise, tidligere privatist<\/p>\n<\/blockquote>\n<p class=\"\" data-rte-preserve-empty=\"true\" style=\"white-space:pre-wrap;\">\n<p class=\"\" style=\"white-space:pre-wrap;\">Metis tilbyr b\u00e5de fysisk klasseromsundervisning og digital undervisning. Det klasseromsbaserte tilbudet blir satt pris p\u00e5. Jensen forteller at mange f\u00e5r venner for livet p\u00e5 Metis.<\/p>\n<\/div>\n<\/div>\n<\/div>\n<\/div>\n<div class=\"fe-block fe-block-yui_3_17_2_1_1708272434917_10349\">\n<div class=\"sqs-block website-component-block sqs-block-website-component sqs-block-image image-block\" data-block-css=\"[&quot;https:\/\/definitions.sqspcdn.com\/website-component-definition\/static-assets\/website.components.imageFluid\/30d1f186-b02d-4349-a754-971e904314f1_432\/website.components.imageFluid.styles.css&quot;]\" data-block-scripts=\"[&quot;https:\/\/definitions.sqspcdn.com\/website-component-definition\/static-assets\/website.components.imageFluid\/30d1f186-b02d-4349-a754-971e904314f1_432\/748.js&quot;,&quot;https:\/\/definitions.sqspcdn.com\/website-component-definition\/static-assets\/website.components.imageFluid\/30d1f186-b02d-4349-a754-971e904314f1_432\/8018.js&quot;,&quot;https:\/\/definitions.sqspcdn.com\/website-component-definition\/static-assets\/website.components.imageFluid\/30d1f186-b02d-4349-a754-971e904314f1_432\/9882.js&quot;,&quot;https:\/\/definitions.sqspcdn.com\/website-component-definition\/static-assets\/website.components.imageFluid\/30d1f186-b02d-4349-a754-971e904314f1_432\/image-effect-film-grain.js&quot;,&quot;https:\/\/definitions.sqspcdn.com\/website-component-definition\/static-assets\/website.components.imageFluid\/30d1f186-b02d-4349-a754-971e904314f1_432\/image-effect-liquid.js&quot;,&quot;https:\/\/definitions.sqspcdn.com\/website-component-definition\/static-assets\/website.components.imageFluid\/30d1f186-b02d-4349-a754-971e904314f1_432\/image-effect-parallax.js&quot;,&quot;https:\/\/definitions.sqspcdn.com\/website-component-definition\/static-assets\/website.components.imageFluid\/30d1f186-b02d-4349-a754-971e904314f1_432\/image-effect-refracted-circles.js&quot;,&quot;https:\/\/definitions.sqspcdn.com\/website-component-definition\/static-assets\/website.components.imageFluid\/30d1f186-b02d-4349-a754-971e904314f1_432\/image-effect-refracted-lines.js&quot;,&quot;https:\/\/definitions.sqspcdn.com\/website-component-definition\/static-assets\/website.components.imageFluid\/30d1f186-b02d-4349-a754-971e904314f1_432\/website.components.imageFluid.shared.constants.js&quot;,&quot;https:\/\/definitions.sqspcdn.com\/website-component-definition\/static-assets\/website.components.imageFluid\/30d1f186-b02d-4349-a754-971e904314f1_432\/website.components.imageFluid.visitor.js&quot;]\" data-block-type=\"1337\" data-definition-name=\"website.components.imageFluid\" data-sqsp-block=\"image\" data-website-component-id=\"yui_3_17_2_1_1708272434917_10349\" id=\"block-yui_3_17_2_1_1708272434917_10349\">\n<div class=\"sqs-block-content\">\n<p>      <img decoding=\"async\" src=\"https:\/\/images.squarespace-cdn.com\/content\/v1\/65a91187f2e27b4d03ca26de\/b970d70d-386a-4a0d-8102-4c6a12b23024\/Kristian+Foto+av+Tsion+Bruk.png?format=original\" alt=\"Foto av Tsion Bruk\"\/><\/p>\n<\/div>\n<\/div>\n<\/div>\n<div class=\"fe-block fe-block-bea6e03990345363b21c\">\n<div class=\"sqs-block website-component-block sqs-block-website-component sqs-block-image image-block\" data-aspect-ratio=\"69.17598850300679\" data-block-css=\"[&quot;https:\/\/definitions.sqspcdn.com\/website-component-definition\/static-assets\/website.components.imageFluid\/30d1f186-b02d-4349-a754-971e904314f1_432\/website.components.imageFluid.styles.css&quot;]\" data-block-scripts=\"[&quot;https:\/\/definitions.sqspcdn.com\/website-component-definition\/static-assets\/website.components.imageFluid\/30d1f186-b02d-4349-a754-971e904314f1_432\/748.js&quot;,&quot;https:\/\/definitions.sqspcdn.com\/website-component-definition\/static-assets\/website.components.imageFluid\/30d1f186-b02d-4349-a754-971e904314f1_432\/8018.js&quot;,&quot;https:\/\/definitions.sqspcdn.com\/website-component-definition\/static-assets\/website.components.imageFluid\/30d1f186-b02d-4349-a754-971e904314f1_432\/9882.js&quot;,&quot;https:\/\/definitions.sqspcdn.com\/website-component-definition\/static-assets\/website.components.imageFluid\/30d1f186-b02d-4349-a754-971e904314f1_432\/image-effect-film-grain.js&quot;,&quot;https:\/\/definitions.sqspcdn.com\/website-component-definition\/static-assets\/website.components.imageFluid\/30d1f186-b02d-4349-a754-971e904314f1_432\/image-effect-liquid.js&quot;,&quot;https:\/\/definitions.sqspcdn.com\/website-component-definition\/static-assets\/website.components.imageFluid\/30d1f186-b02d-4349-a754-971e904314f1_432\/image-effect-parallax.js&quot;,&quot;https:\/\/definitions.sqspcdn.com\/website-component-definition\/static-assets\/website.components.imageFluid\/30d1f186-b02d-4349-a754-971e904314f1_432\/image-effect-refracted-circles.js&quot;,&quot;https:\/\/definitions.sqspcdn.com\/website-component-definition\/static-assets\/website.components.imageFluid\/30d1f186-b02d-4349-a754-971e904314f1_432\/image-effect-refracted-lines.js&quot;,&quot;https:\/\/definitions.sqspcdn.com\/website-component-definition\/static-assets\/website.components.imageFluid\/30d1f186-b02d-4349-a754-971e904314f1_432\/website.components.imageFluid.shared.constants.js&quot;,&quot;https:\/\/definitions.sqspcdn.com\/website-component-definition\/static-assets\/website.components.imageFluid\/30d1f186-b02d-4349-a754-971e904314f1_432\/website.components.imageFluid.visitor.js&quot;]\" data-block-type=\"1337\" data-definition-name=\"website.components.imageFluid\" data-sqsp-block=\"image\" data-website-component-id=\"bea6e03990345363b21c\" id=\"block-bea6e03990345363b21c\">\n<div class=\"sqs-block-content\">\n<p>      <img decoding=\"async\" src=\"https:\/\/images.squarespace-cdn.com\/content\/v1\/65a91187f2e27b4d03ca26de\/edbec73d-099f-48c2-aea0-2902d4d03b37\/lokaler-1.jpg?format=original\" alt=\"\"\/><\/p>\n<\/div>\n<\/div>\n<\/div>\n<div class=\"fe-block fe-block-5bf57d8c6ee9086582e4\">\n<div class=\"sqs-block website-component-block sqs-block-website-component sqs-block-image image-block\" data-aspect-ratio=\"69.17598850300679\" data-block-css=\"[&quot;https:\/\/definitions.sqspcdn.com\/website-component-definition\/static-assets\/website.components.imageFluid\/30d1f186-b02d-4349-a754-971e904314f1_432\/website.components.imageFluid.styles.css&quot;]\" data-block-scripts=\"[&quot;https:\/\/definitions.sqspcdn.com\/website-component-definition\/static-assets\/website.components.imageFluid\/30d1f186-b02d-4349-a754-971e904314f1_432\/748.js&quot;,&quot;https:\/\/definitions.sqspcdn.com\/website-component-definition\/static-assets\/website.components.imageFluid\/30d1f186-b02d-4349-a754-971e904314f1_432\/8018.js&quot;,&quot;https:\/\/definitions.sqspcdn.com\/website-component-definition\/static-assets\/website.components.imageFluid\/30d1f186-b02d-4349-a754-971e904314f1_432\/9882.js&quot;,&quot;https:\/\/definitions.sqspcdn.com\/website-component-definition\/static-assets\/website.components.imageFluid\/30d1f186-b02d-4349-a754-971e904314f1_432\/image-effect-film-grain.js&quot;,&quot;https:\/\/definitions.sqspcdn.com\/website-component-definition\/static-assets\/website.components.imageFluid\/30d1f186-b02d-4349-a754-971e904314f1_432\/image-effect-liquid.js&quot;,&quot;https:\/\/definitions.sqspcdn.com\/website-component-definition\/static-assets\/website.components.imageFluid\/30d1f186-b02d-4349-a754-971e904314f1_432\/image-effect-parallax.js&quot;,&quot;https:\/\/definitions.sqspcdn.com\/website-component-definition\/static-assets\/website.components.imageFluid\/30d1f186-b02d-4349-a754-971e904314f1_432\/image-effect-refracted-circles.js&quot;,&quot;https:\/\/definitions.sqspcdn.com\/website-component-definition\/static-assets\/website.components.imageFluid\/30d1f186-b02d-4349-a754-971e904314f1_432\/image-effect-refracted-lines.js&quot;,&quot;https:\/\/definitions.sqspcdn.com\/website-component-definition\/static-assets\/website.components.imageFluid\/30d1f186-b02d-4349-a754-971e904314f1_432\/website.components.imageFluid.shared.constants.js&quot;,&quot;https:\/\/definitions.sqspcdn.com\/website-component-definition\/static-assets\/website.components.imageFluid\/30d1f186-b02d-4349-a754-971e904314f1_432\/website.components.imageFluid.visitor.js&quot;]\" data-block-type=\"1337\" data-definition-name=\"website.components.imageFluid\" data-sqsp-block=\"image\" data-website-component-id=\"5bf57d8c6ee9086582e4\" id=\"block-5bf57d8c6ee9086582e4\">\n<div class=\"sqs-block-content\">\n<p>      <img decoding=\"async\" src=\"https:\/\/images.squarespace-cdn.com\/content\/v1\/65a91187f2e27b4d03ca26de\/c4cda959-ef83-430e-bc8b-af85125d58de\/Kristianmatte-4-1024x683.png?format=original\" alt=\"\"\/><\/p>\n<\/div>\n<\/div>\n<\/div>\n<\/div>\n<\/div><\/div>\n<\/p><\/div>\n<\/section>\n<\/article>\n","protected":false},"excerpt":{"rendered":"<p>Strekker seg litt lenger! Produsert av Schibsted Partnerstudio&nbsp; Metis Privatistskole legger mye ressurser i \u00e5 tilby den beste undervisningen. Skolen er s\u00e5 sikker p\u00e5 eget undervisningsopplegg at du f\u00e5r pengene tilbake om du ikke lykkes. H\u00c5NDVERKER: Marius W\u00e5gs\u00e6ther var privatist p\u00e5 Metis Privatskole i Bergen. Han tok opp fem fag over ett \u00e5r. N\u00e5 driver [&hellip;]<\/p>\n","protected":false},"author":1,"featured_media":0,"parent":0,"menu_order":0,"comment_status":"closed","ping_status":"closed","template":"","meta":{"footnotes":""},"class_list":["post-651","page","type-page","status-publish","hentry"],"_links":{"self":[{"href":"https:\/\/dev.metisprivatist.no\/index.php?rest_route=\/wp\/v2\/pages\/651","targetHints":{"allow":["GET"]}}],"collection":[{"href":"https:\/\/dev.metisprivatist.no\/index.php?rest_route=\/wp\/v2\/pages"}],"about":[{"href":"https:\/\/dev.metisprivatist.no\/index.php?rest_route=\/wp\/v2\/types\/page"}],"author":[{"embeddable":true,"href":"https:\/\/dev.metisprivatist.no\/index.php?rest_route=\/wp\/v2\/users\/1"}],"replies":[{"embeddable":true,"href":"https:\/\/dev.metisprivatist.no\/index.php?rest_route=%2Fwp%2Fv2%2Fcomments&post=651"}],"version-history":[{"count":0,"href":"https:\/\/dev.metisprivatist.no\/index.php?rest_route=\/wp\/v2\/pages\/651\/revisions"}],"wp:attachment":[{"href":"https:\/\/dev.metisprivatist.no\/index.php?rest_route=%2Fwp%2Fv2%2Fmedia&parent=651"}],"curies":[{"name":"wp","href":"https:\/\/api.w.org\/{rel}","templated":true}]}}