{"id":648,"date":"2026-04-19T21:54:20","date_gmt":"2026-04-19T21:54:20","guid":{"rendered":"https:\/\/dev.metisprivatist.no\/?page_id=648"},"modified":"2026-04-19T21:54:20","modified_gmt":"2026-04-19T21:54:20","slug":"byens-beste-matematikktilbud-for-privatist","status":"publish","type":"page","link":"https:\/\/dev.metisprivatist.no\/?page_id=648","title":{"rendered":"Byens beste matematikktilbud"},"content":{"rendered":"<article class=\"sections\" id=\"sections\" data-page-sections=\"65b90988bd73a650f3813320\">\n<section\n  data-test=\"page-section\"\n  \n  data-section-theme=\"\"\n  class='page-section \n    \n      full-bleed-section\n      layout-engine-section\n    \n    background-width--full-bleed\n    \n      section-height--small\n    \n    \n      content-width--wide\n    \n    horizontal-alignment--center\n    vertical-alignment--middle\n    \n      \n    \n    \n    '\n  \n  data-section-id=\"65eebf3127f8645d1c92b46d\"\n  \n  data-controller=\"SectionWrapperController\"\n  data-current-styles=\"{&quot;imageOverlayOpacity&quot;:0.15,&quot;backgroundWidth&quot;:&quot;background-width--full-bleed&quot;,&quot;sectionHeight&quot;:&quot;section-height--small&quot;,&quot;customSectionHeight&quot;:1,&quot;horizontalAlignment&quot;:&quot;horizontal-alignment--center&quot;,&quot;verticalAlignment&quot;:&quot;vertical-alignment--middle&quot;,&quot;contentWidth&quot;:&quot;content-width--wide&quot;,&quot;customContentWidth&quot;:50,&quot;sectionTheme&quot;:&quot;&quot;,&quot;sectionAnimation&quot;:&quot;none&quot;,&quot;backgroundMode&quot;:&quot;image&quot;}\"\n  data-current-context=\"{&quot;video&quot;:{&quot;playbackSpeed&quot;:0.5,&quot;filter&quot;:1,&quot;filterStrength&quot;:0,&quot;zoom&quot;:0,&quot;videoSourceProvider&quot;:&quot;none&quot;},&quot;backgroundImageId&quot;:null,&quot;backgroundMediaEffect&quot;:{&quot;type&quot;:&quot;none&quot;},&quot;divider&quot;:{&quot;enabled&quot;:false},&quot;typeName&quot;:null}\"\n  data-animation=\"none\"\n  data-fluid-engine-section\n   \n  \n    \n  \n  \n  \n  \n\n\n  data-sqsp-section=\"fluid-engine\"\n\n\n><\/p>\n<div\n    class=\"section-border\"\n    \n  ><\/p>\n<div class=\"section-background\"><\/div>\n<\/p><\/div>\n<div\n    class='content-wrapper'\n    style='\n      \n        \n      \n    '\n  ><\/p>\n<div\n      class=\"content\"\n      \n    ><\/p>\n<div data-fluid-engine=\"true\">\n<style>\n<p>.fe-65eebf31ad9cf8496c19fac8 {\n  --grid-gutter: calc(var(--sqs-mobile-site-gutter, 6vw) - 11.0px);\n  --cell-max-width: calc( ( var(--sqs-site-max-width, 1500px) - (11.0px * (8 - 1)) ) \/ 8 );<\/p>\n<p>  display: grid;\n  position: relative;\n  grid-area: 1\/1\/-1\/-1;\n  grid-template-rows: repeat(4,minmax(24px, auto));\n  grid-template-columns:\n    minmax(var(--grid-gutter), 1fr)\n    repeat(8, minmax(0, var(--cell-max-width)))\n    minmax(var(--grid-gutter), 1fr);\n  row-gap: 11.0px;\n  column-gap: 11.0px;\n  overflow-x: hidden;\n  overflow-x: clip;\n}<\/p>\n<p>@media (min-width: 768px) {\n  .background-width--inset .fe-65eebf31ad9cf8496c19fac8 {\n    --inset-padding: calc(var(--sqs-site-gutter) * 2);\n  }<\/p>\n<p>  .fe-65eebf31ad9cf8496c19fac8 {\n    --grid-gutter: calc(var(--sqs-site-gutter, 4vw) - 11.0px);\n    --cell-max-width: calc( ( var(--sqs-site-max-width, 1500px) - (11.0px * (24 - 1)) ) \/ 24 );\n    --inset-padding: 0vw;<\/p>\n<p>    --row-height-scaling-factor: 0.0215;\n    --container-width: min(var(--sqs-site-max-width, 1500px), calc(100vw - var(--sqs-site-gutter, 4vw) * 2 - var(--inset-padding) ));<\/p>\n<p>    grid-template-rows: repeat(46,minmax(calc(var(--container-width) * var(--row-height-scaling-factor)), auto));\n    grid-template-columns:\n      minmax(var(--grid-gutter), 1fr)\n      repeat(24, minmax(0, var(--cell-max-width)))\n      minmax(var(--grid-gutter), 1fr);\n  }\n}<\/p>\n<p>  .fe-block-yui_3_17_2_1_1709883489667_122497 {\n    grid-area: 1\/2\/3\/10;\n    z-index: 2;<\/p>\n<p>    @media (max-width: 767px) {<\/p>\n<p>    }\n  }<\/p>\n<p>  .fe-block-yui_3_17_2_1_1709883489667_122497 .sqs-block {\n    justify-content: flex-start;\n  }<\/p>\n<p>  .fe-block-yui_3_17_2_1_1709883489667_122497 .sqs-block-alignment-wrapper {\n    align-items: flex-start;\n  }<\/p>\n<p>  @media (min-width: 768px) {\n    .fe-block-yui_3_17_2_1_1709883489667_122497 {\n      grid-area: 1\/4\/3\/24;\n      z-index: 2;<\/p>\n<p>    }<\/p>\n<p>    .fe-block-yui_3_17_2_1_1709883489667_122497 .sqs-block {\n      justify-content: flex-start;\n    }<\/p>\n<p>    .fe-block-yui_3_17_2_1_1709883489667_122497 .sqs-block-alignment-wrapper {\n      align-items: flex-start;\n    }\n  }<\/p>\n<p>  .fe-block-yui_3_17_2_1_1709883489667_121202 {\n    grid-area: 3\/2\/5\/10;\n    z-index: 1;<\/p>\n<p>    @media (max-width: 767px) {<\/p>\n<p>    }\n  }<\/p>\n<p>  .fe-block-yui_3_17_2_1_1709883489667_121202 .sqs-block {\n    justify-content: flex-start;\n  }<\/p>\n<p>  .fe-block-yui_3_17_2_1_1709883489667_121202 .sqs-block-alignment-wrapper {\n    align-items: flex-start;\n  }<\/p>\n<p>  @media (min-width: 768px) {\n    .fe-block-yui_3_17_2_1_1709883489667_121202 {\n      grid-area: 4\/4\/47\/24;\n      z-index: 1;<\/p>\n<p>    }<\/p>\n<p>    .fe-block-yui_3_17_2_1_1709883489667_121202 .sqs-block {\n      justify-content: flex-start;\n    }<\/p>\n<p>    .fe-block-yui_3_17_2_1_1709883489667_121202 .sqs-block-alignment-wrapper {\n      align-items: flex-start;\n    }\n  }<\/p>\n<\/style>\n<div class=\"fluid-engine fe-65eebf31ad9cf8496c19fac8\">\n<div class=\"fe-block fe-block-yui_3_17_2_1_1709883489667_122497\">\n<div class=\"sqs-block website-component-block sqs-block-website-component sqs-block-html html-block\" data-block-css=\"[&quot;https:\/\/definitions.sqspcdn.com\/website-component-definition\/static-assets\/website.components.html\/8636d61b-54e9-4d33-8bb8-0228d44c3611_445\/website.components.html.styles.css&quot;]\" data-block-scripts=\"[&quot;https:\/\/definitions.sqspcdn.com\/website-component-definition\/static-assets\/website.components.html\/8636d61b-54e9-4d33-8bb8-0228d44c3611_445\/website.components.html.visitor.js&quot;]\" data-block-type=\"1337\" data-definition-name=\"website.components.html\" data-sqsp-block=\"text\" data-website-component-id=\"yui_3_17_2_1_1709883489667_122497\" id=\"block-yui_3_17_2_1_1709883489667_122497\">\n<div class=\"sqs-block-content\">\n<div class=\"sqs-html-content\" data-sqsp-text-block-content>\n<h1 style=\"white-space:pre-wrap;\">Matematikktilbud for privatister<\/h1>\n<\/div>\n<\/div>\n<\/div>\n<\/div>\n<div class=\"fe-block fe-block-yui_3_17_2_1_1709883489667_121202\">\n<div class=\"sqs-block website-component-block sqs-block-website-component sqs-block-html html-block\" data-block-css=\"[&quot;https:\/\/definitions.sqspcdn.com\/website-component-definition\/static-assets\/website.components.html\/8636d61b-54e9-4d33-8bb8-0228d44c3611_445\/website.components.html.styles.css&quot;]\" data-block-scripts=\"[&quot;https:\/\/definitions.sqspcdn.com\/website-component-definition\/static-assets\/website.components.html\/8636d61b-54e9-4d33-8bb8-0228d44c3611_445\/website.components.html.visitor.js&quot;]\" data-block-type=\"1337\" data-definition-name=\"website.components.html\" data-sqsp-block=\"text\" data-website-component-id=\"yui_3_17_2_1_1709883489667_121202\" id=\"block-yui_3_17_2_1_1709883489667_121202\">\n<div class=\"sqs-block-content\">\n<div class=\"sqs-html-content\" data-sqsp-text-block-content>\n<p class=\"\" style=\"white-space:pre-wrap;\">Vi ser at matematikk er et av de enkeltfagene flest \u00f8nsker \u00e5 forbedre karakter i. Mange trenger ogs\u00e5 eksamen i et annet mattefag enn det man tok p\u00e5 videreg\u00e5ende for \u00e5 komme inn p\u00e5 \u00f8nsket h\u00f8yere utdanning. Vi tilbyr kurs i alle typer matematikk. Vi har mange \u00e5rs erfaring og vet hva som skal til for at du skal v\u00e6re best mulig forberedt til matematikk-eksamen.<\/p>\n<p class=\"\" style=\"white-space:pre-wrap;\">Derfor gir vi deg muligheten til opp mot 14 privatist-timer med matematikk pr uke. Disse timene er fordelt p\u00e5 obligatorisk undervisning (5t)* og frivillig leksehjelp (9t). Leksehjelpen er satt opp tre ettermiddager per uke og her f\u00e5r du individuell hjelp med det du lurer p\u00e5 i faget. V\u00e5r erfaring er at de som benytter seg av hele matte-tilbudet gj\u00f8r det sv\u00e6rt bra p\u00e5 eksamen.**<\/p>\n<p class=\"\" data-rte-preserve-empty=\"true\" style=\"white-space:pre-wrap;\">\n<p class=\"\" style=\"white-space:pre-wrap;\">I tillegg f\u00e5r du som privatist p\u00e5 Metis f\u00f8lgende inkludert:<\/p>\n<ul data-rte-list=\"default\">\n<li>\n<p class=\"\" style=\"white-space:pre-wrap;\"><strong>Gratis forkurs (verdi 1990,-)***<\/strong><\/p>\n<ul data-rte-list=\"default\">\n<li>\n<p class=\"\" style=\"white-space:pre-wrap;\">Her f\u00e5r du muligheten til \u00e5 f\u00e5 repetert stoff f\u00f8r du g\u00e5r i gang med selve privatistkurset. F\u00e5 en kickstart p\u00e5 semesteret!<\/p>\n<\/li>\n<\/ul>\n<\/li>\n<li>\n<p class=\"\" style=\"white-space:pre-wrap;\"><strong>Gratis eksamenspreppekurs f\u00f8r eksamen (verdi kr 1990,-)***<\/strong><\/p>\n<ul data-rte-list=\"default\">\n<li>\n<p class=\"\" style=\"white-space:pre-wrap;\">Rett f\u00f8r eksamen kj\u00f8rer vi et intensivt eksamenskurs der fagl\u00e6rer g\u00e5r gjennom en tidligere eksamen i faget og jobber med noen utvalgte emner vi vet er viktige.<\/p>\n<\/li>\n<\/ul>\n<\/li>\n<li>\n<p class=\"\" style=\"white-space:pre-wrap;\"><strong>Gratis skriftlig pr\u00f8veeksamen (verdi 890,-)<\/strong><\/p>\n<ul data-rte-list=\"default\">\n<li>\n<p class=\"\" style=\"white-space:pre-wrap;\">Her leverer du inn pr\u00f8veeksamen der l\u00e6rer gir deg tilbakemelding med karakter.<\/p>\n<\/li>\n<\/ul>\n<\/li>\n<li>\n<p class=\"\" style=\"white-space:pre-wrap;\"><strong>Gratis digitalt foredrag i GeoGebra (verdi kr. 390,-)<\/strong><\/p>\n<ul data-rte-list=\"default\">\n<li>\n<p class=\"\" style=\"white-space:pre-wrap;\">Alle matematikkfag krever bruk av PC\/Mac p\u00e5 del 2 av eksamen. Det \u00e5 beherske Geogebra godt kan fort bety en hel karakter p\u00e5 eksamen. I dette digitale foredraget g\u00e5r vi gjennom alt du trenger for Geogebra i ditt fag.<\/p>\n<\/li>\n<\/ul>\n<\/li>\n<li>\n<p class=\"\" style=\"white-space:pre-wrap;\"><strong>Gratis 6 timer privatl\u00e6rer (verdi 2 774,-)<\/strong><\/p>\n<\/li>\n<\/ul>\n<p class=\"\" style=\"white-space:pre-wrap;\"><em>* 2P har 3 timer undervisning per uke.<\/em><\/p>\n<p class=\"\" style=\"white-space:pre-wrap;\">** <em>Antall timer og \u00f8kter vil kunne variere fra studiested til studiested.<\/em><\/p>\n<p class=\"\" style=\"white-space:pre-wrap;\"><em>*** Skolen sender ut informasjon om p\u00e5melding f\u00f8r forkurs og eksamenspreppekurs.<\/em><\/p>\n<h3 style=\"white-space:pre-wrap;\"><strong>Hvilken matematikk skal <em>du<\/em> velge?<\/strong><\/h3>\n<p class=\"\" style=\"white-space:pre-wrap;\">Det finnes en rekke ulike matematikk-fag. T, P, P-Y, R og S-matematikk. Programfag eller fellesfag, studiespesialiserende eller yrkesfaglige utdanningsprogram.<\/p>\n<p class=\"\" style=\"white-space:pre-wrap;\">Metis Privatistskole tilbyr kurs i alle typer&nbsp;matematikk. Vi har mange \u00e5rs erfaring og vet hva som skal til for at du skal v\u00e6re best mulig forberedt til matematikk-eksamen.<\/p>\n<h4 style=\"white-space:pre-wrap;\">For deg p\u00e5 studiespesialisering:<\/h4>\n<p class=\"\" style=\"white-space:pre-wrap;\"><strong>Matematikk 1P\/1T:<\/strong> Matematikk 1P\/1T er matematikk fra Vg1.<\/p>\n<p class=\"\" style=\"white-space:pre-wrap;\"><strong>Matematikk 2P:<\/strong> Dette er fellesfaget fra Vg2. Best\u00e5tt 1P + 2P er minstekravet i matematikk for \u00e5 f\u00e5 generell studiekompetanse.<\/p>\n<p class=\"\" style=\"white-space:pre-wrap;\"><strong>Matematikk S1:<\/strong> S-matte er et programfag fra studiespesialiserende. Matematikk S1 og S2 en god kombinasjon. P\u00e5 medisinstudier i Norge er kravet at du enten Matematikk R1 eller Matematikk S1+S2. Matematikk S1 gir 0,5 realfagspoeng.<\/p>\n<p class=\"\" style=\"white-space:pre-wrap;\"><strong>Matematikk S2:<\/strong> Dette faget bygger videre p\u00e5 matematikk S1. P\u00e5 medisinstudier i Norge er kravet at du enten Matematikk R1 eller Matematikk S1+S2. Matematikk S2 gir 0,5 realfagspoeng.<\/p>\n<p class=\"\" style=\"white-space:pre-wrap;\"><strong>Matematikk R1:<\/strong> R-matte er et programfag fra studiespesialiserende. Matematikk R1 er et krav p\u00e5 en del h\u00f8yere studier som ingeni\u00f8r der det er krav om R1 + R2. Matematikk R1 gir 0,5 realfagspoeng.<\/p>\n<p class=\"\" style=\"white-space:pre-wrap;\"><strong>Matematikk R2:<\/strong> Dette faget bygger videre p\u00e5 matematikk R1. Matematikk R2 gir 1 realfagspoeng.<\/p>\n<h4 style=\"white-space:pre-wrap;\">For deg p\u00e5 yrkesfag:<\/h4>\n<p class=\"\" style=\"white-space:pre-wrap;\"><strong>Matematikk 1P-Y:<\/strong> Hvis du skal ta eksamen i matematikk 1P-Y velger du kurset Matematikk 1P. Dette kurset dekker hele l\u00e6replanen i matematikk 1P-Y.<\/p>\n<p class=\"\" style=\"white-space:pre-wrap;\"><strong>Matematikk 2P-Y:<\/strong> Dette kurset er for deg som skal ta p\u00e5bygg eller som vil ta om igjen matematikk fra p\u00e5bygg til generell studiekompetanse. For \u00e5 f\u00e5 generell studiekompetanse fra yrkesfag m\u00e5 du ha best\u00e5tt 1P-Y + 2P-Y.<\/p>\n<p class=\"\" style=\"white-space:pre-wrap;\"><strong>Matematikk S1\/S2 og Matematikk R1\/R2:<\/strong> Har du g\u00e5tt yrkesfag kan du fortsatt f\u00e5r spesiell studiekompetanse med matematikk. Da tar du disse fagene i tillegg til 1P-Y og 2P-Y.<\/p>\n<\/div>\n<\/div>\n<\/div>\n<\/div>\n<\/div>\n<\/div><\/div>\n<\/p><\/div>\n<\/section>\n<\/article>\n","protected":false},"excerpt":{"rendered":"<p>Matematikktilbud for privatister Vi ser at matematikk er et av de enkeltfagene flest \u00f8nsker \u00e5 forbedre karakter i. Mange trenger ogs\u00e5 eksamen i et annet mattefag enn det man tok p\u00e5 videreg\u00e5ende for \u00e5 komme inn p\u00e5 \u00f8nsket h\u00f8yere utdanning. Vi tilbyr kurs i alle typer matematikk. Vi har mange \u00e5rs erfaring og vet hva [&hellip;]<\/p>\n","protected":false},"author":1,"featured_media":0,"parent":0,"menu_order":0,"comment_status":"closed","ping_status":"closed","template":"","meta":{"footnotes":""},"class_list":["post-648","page","type-page","status-publish","hentry"],"_links":{"self":[{"href":"https:\/\/dev.metisprivatist.no\/index.php?rest_route=\/wp\/v2\/pages\/648","targetHints":{"allow":["GET"]}}],"collection":[{"href":"https:\/\/dev.metisprivatist.no\/index.php?rest_route=\/wp\/v2\/pages"}],"about":[{"href":"https:\/\/dev.metisprivatist.no\/index.php?rest_route=\/wp\/v2\/types\/page"}],"author":[{"embeddable":true,"href":"https:\/\/dev.metisprivatist.no\/index.php?rest_route=\/wp\/v2\/users\/1"}],"replies":[{"embeddable":true,"href":"https:\/\/dev.metisprivatist.no\/index.php?rest_route=%2Fwp%2Fv2%2Fcomments&post=648"}],"version-history":[{"count":0,"href":"https:\/\/dev.metisprivatist.no\/index.php?rest_route=\/wp\/v2\/pages\/648\/revisions"}],"wp:attachment":[{"href":"https:\/\/dev.metisprivatist.no\/index.php?rest_route=%2Fwp%2Fv2%2Fmedia&parent=648"}],"curies":[{"name":"wp","href":"https:\/\/api.w.org\/{rel}","templated":true}]}}