{"id":597,"date":"2026-04-18T21:29:44","date_gmt":"2026-04-18T21:29:44","guid":{"rendered":"https:\/\/dev.metisprivatist.no\/?page_id=597"},"modified":"2026-04-18T21:30:52","modified_gmt":"2026-04-18T21:30:52","slug":"metis-privatistskole","status":"publish","type":"page","link":"https:\/\/dev.metisprivatist.no\/?page_id=597","title":{"rendered":"Metis Privatistskole"},"content":{"rendered":"\n<p>Ta privatistkurs i klasserom, som nettstudier eller digitalt klasserom.<\/p>\n\n\n\n<p>V\u00e5r gratis og uforpliktende r\u00e5dgivning kan v\u00e6re n\u00f8kkelen til \u00e5 lykkes som privatist. V\u00e5re r\u00e5dgivere har lang erfaring og vet hva som er den beste l\u00f8sningen for deg.<\/p>\n\n\n\n<div class=\"wp-block-buttons is-layout-flex wp-block-buttons-is-layout-flex\">\n<div class=\"wp-block-button\"><a class=\"wp-block-button__link wp-element-button\">V\u00e5re fag<\/a><\/div>\n\n\n\n<div class=\"wp-block-button\"><a class=\"wp-block-button__link wp-element-button\">Gratis r\u00e5dgivning<\/a><\/div>\n<\/div>\n\n\n\n<p>Privatistkurs fra 2900,-<\/p>\n\n\n\n<p><strong>Kursavgift\/semesteravgift<\/strong> deles opp i <strong>tre fakturaer<\/strong> \u2013 <strong>50 % ved oppstart<\/strong>, deretter to m\u00e5nedlige fakturaer p\u00e5 25 %. Kredittsjekk vil bli gjennomf\u00f8rt i forbindelse med valg av faktura som betalingsmetode.<\/p>\n\n\n\n<pre class=\"wp-block-code\"><code>&lt;!-- Elfsight Pricing Table | Privatist oversikt nett og klasserom -->\n&lt;script src=\"https:\/\/static.elfsight.com\/platform\/platform.js\" async>&lt;\/script>\n&lt;div class=\"elfsight-app-a6a6ddc7-8449-4efb-b8cc-43697e90b48d\" data-elfsight-app-lazy>&lt;\/div><\/code><\/pre>\n\n\n\n<p>Metis Utdanning<\/p>\n\n\n\n<p>Metis Utdanning er et utdanningskonsern med selskapene Metis Privatistskole, Metis Privatl\u00e6rer, Bergen Private Gymnas og Metis videreg\u00e5ende skole. Samspillet mellom v\u00e5re fire virksomheter betyr felles kunnskap og et felles m\u00e5l om \u00e5 l\u00f8fte hver enkelt elev til sitt fulle potensial. Vi har felles lidenskap for l\u00e6ring.<\/p>\n\n\n\n<pre class=\"wp-block-code\"><code>&lt;!-- Elfsight Timeline | MU Selskap Presentasjon -->\n&lt;script src=\"https:\/\/elfsightcdn.com\/platform.js\" async>&lt;\/script>\n&lt;div class=\"elfsight-app-8f96aa3e-4c8a-41a7-a7aa-d0deb47e5d0f\" data-elfsight-app-lazy>&lt;\/div><\/code><\/pre>\n\n\n\n<p>Oslo, Bergen og Stavanger<\/p>\n\n\n\n<p>Undervisning i skolelokaler st\u00e5r fremdeles sterkt, selv om mange \u00f8nsker \u00e5 ta nettstudier. Med skolelokaler i <a href=\"\/privatist-eksamen-oslo\">Oslo<\/a> (Grensen 13), <a href=\"\/privatist-eksamen-bergen\">Bergen<\/a> (Lars Hilles gate 17) og <a href=\"\/privatist-eksamen-stavanger\">Stavanger<\/a> (L\u00f8kkeveien 10) er vi plassert sentralt og praktisk.<\/p>\n\n\n\n<pre class=\"wp-block-code\"><code>&lt;div data-campaign-id=\"15046\" id=\"__clipara-embed\" style=\"width:100%;\">&lt;\/div>\n              &lt;script>if(window.__clipara||(window.__clipara={}),window.__clipara.organisationId=2625,!document.querySelector('&#91;src$=\"getclipara.com\/widget.js\"]')){let t=document.createElement(\"script\");t.src=\"https:\/\/widget.getclipara.com\/widget.js\",t.defer=!1,document.body.appendChild(t)}&lt;\/script><\/code><\/pre>\n\n\n\n<p>Gratis r\u00e5dgivning<\/p>\n\n\n\n<p>Trenger du hjelp med \u00e5 finne ut hvilke fag du b\u00f8r ta? V\u00e5re erfarne r\u00e5dgivere ser l\u00f8sningene som gir deg det beste resultatet.<\/p>\n\n\n\n<p>Du kan velge mellom telefonsamtale, videom\u00f8te eller fysisk m\u00f8te p\u00e5 en av skolene v\u00e5re. R\u00e5dgivningen er gratis og uforpliktende.<\/p>\n\n\n\n<div class=\"wp-block-buttons is-layout-flex wp-block-buttons-is-layout-flex\">\n\n\n\n\n\n<\/div>\n\n\n\n<p>Nyttig for privatister<\/p>\n\n\n\n<div class=\"wp-block-buttons is-layout-flex wp-block-buttons-is-layout-flex\">\n\n<\/div>\n\n\n\n<p>Lovise Lohne p\u00e5 r\u00e5dgivning<\/p>\n\n\n\n<p>Lurer du p\u00e5 hvordan en r\u00e5dgivning fungerer? Det er en samtale mellom deg og en av v\u00e5re r\u00e5dgivere, og her kan du se hvordan deg gikk for seg for Lovise.<\/p>\n\n\n\n<pre class=\"wp-block-code\"><code>&lt;div data-campaign-id=\"14694\" id=\"__clipara-embed\" style=\"width:100%;\">&lt;\/div>\n              &lt;script>if(window.__clipara||(window.__clipara={}),window.__clipara.organisationId=2625,!document.querySelector('&#91;src$=\"getclipara.com\/widget.js\"]')){let t=document.createElement(\"script\");t.src=\"https:\/\/widget.getclipara.com\/widget.js\",t.defer=!1,document.body.appendChild(t)}&lt;\/script><\/code><\/pre>\n\n\n\n<p>V\u00e5rt fagtilbud<\/p>\n\n\n\n<div class=\"wp-block-buttons is-layout-flex wp-block-buttons-is-layout-flex\">\n<div class=\"wp-block-button\"><a class=\"wp-block-button__link wp-element-button\">V\u00e5re fag<\/a><\/div>\n<\/div>\n\n\n\n<p><\/p>\n","protected":false},"excerpt":{"rendered":"<p>Ta privatistkurs i klasserom, som nettstudier eller digitalt klasserom. V\u00e5r gratis og uforpliktende r\u00e5dgivning kan v\u00e6re n\u00f8kkelen til \u00e5 lykkes som privatist. V\u00e5re r\u00e5dgivere har lang erfaring og vet hva som er den beste l\u00f8sningen for deg. Privatistkurs fra 2900,- Kursavgift\/semesteravgift deles opp i tre fakturaer \u2013 50 % ved oppstart, deretter to m\u00e5nedlige fakturaer [&hellip;]<\/p>\n","protected":false},"author":1,"featured_media":0,"parent":584,"menu_order":0,"comment_status":"closed","ping_status":"closed","template":"","meta":{"footnotes":""},"class_list":["post-597","page","type-page","status-publish","hentry"],"_links":{"self":[{"href":"https:\/\/dev.metisprivatist.no\/index.php?rest_route=\/wp\/v2\/pages\/597","targetHints":{"allow":["GET"]}}],"collection":[{"href":"https:\/\/dev.metisprivatist.no\/index.php?rest_route=\/wp\/v2\/pages"}],"about":[{"href":"https:\/\/dev.metisprivatist.no\/index.php?rest_route=\/wp\/v2\/types\/page"}],"author":[{"embeddable":true,"href":"https:\/\/dev.metisprivatist.no\/index.php?rest_route=\/wp\/v2\/users\/1"}],"replies":[{"embeddable":true,"href":"https:\/\/dev.metisprivatist.no\/index.php?rest_route=%2Fwp%2Fv2%2Fcomments&post=597"}],"version-history":[{"count":2,"href":"https:\/\/dev.metisprivatist.no\/index.php?rest_route=\/wp\/v2\/pages\/597\/revisions"}],"predecessor-version":[{"id":599,"href":"https:\/\/dev.metisprivatist.no\/index.php?rest_route=\/wp\/v2\/pages\/597\/revisions\/599"}],"up":[{"embeddable":true,"href":"https:\/\/dev.metisprivatist.no\/index.php?rest_route=\/wp\/v2\/pages\/584"}],"wp:attachment":[{"href":"https:\/\/dev.metisprivatist.no\/index.php?rest_route=%2Fwp%2Fv2%2Fmedia&parent=597"}],"curies":[{"name":"wp","href":"https:\/\/api.w.org\/{rel}","templated":true}]}}