{"id":584,"date":"2026-04-18T20:12:07","date_gmt":"2026-04-18T20:12:07","guid":{"rendered":"https:\/\/dev.metisprivatist.no\/?page_id=584"},"modified":"2026-04-18T20:12:28","modified_gmt":"2026-04-18T20:12:28","slug":"584-2","status":"publish","type":"page","link":"https:\/\/dev.metisprivatist.no\/?page_id=584","title":{"rendered":"Forside"},"content":{"rendered":"\n<p>Metis Utdanning er et utdanningskonsern med selskapene Metis Privatistskole, Metis Privatl\u00e6rer, Bergen Private Gymnas og Metis videreg\u00e5ende skole. Samspillet mellom v\u00e5re fire virksomheter betyr felles kunnskap og et felles m\u00e5l om \u00e5 l\u00f8fte hver enkelt elev til sitt fulle potensial. Vi har felles lidenskap for l\u00e6ring.<\/p>\n\n\n\n<pre class=\"wp-block-code\"><code>&lt;!-- Elfsight Timeline | MU Selskap Presentasjon -->\n&lt;script src=\"https:\/\/elfsightcdn.com\/platform.js\" async>&lt;\/script>\n&lt;div class=\"elfsight-app-8f96aa3e-4c8a-41a7-a7aa-d0deb47e5d0f\" data-elfsight-app-lazy>&lt;\/div><\/code><\/pre>\n\n\n\n<h2 class=\"wp-block-heading\"><strong>En ny start begynner her<\/strong><\/h2>\n\n\n\n<p>Lovise Lohne har bes\u00f8kt oss i Metis Utdanning for \u00e5 utforske hvilke studiemuligheter som finnes.<\/p>\n\n\n\n<p>I denne videoserien p\u00e5 fire episoder f\u00e5r du f\u00f8lge henne gjennom en \u00e6rlig og inspirerende reise. Lovise sluttet p\u00e5 videreg\u00e5ende da hun ble ung mor, men er n\u00e5 tilbake med ny motivasjon og en sterk vilje til \u00e5 skape en bedre fremtid.<\/p>\n\n\n\n<p>Gjennom m\u00f8tet med oss f\u00e5r hun et innblikk i mulighetene som finnes og hva utdanning kan bety n\u00e5r man bestemmer seg for \u00e5 starte p\u00e5 nytt, uansett bakgrunn.<\/p>\n\n\n\n<p>Kanskje er dette starten p\u00e5 din historie ogs\u00e5.<\/p>\n\n\n\n<pre class=\"wp-block-code\"><code>&lt;div data-campaign-id=\"20637\" id=\"__clipara-embed\" style=\"width:100%;\">&lt;\/div>\n              &lt;script>if(window.__clipara||(window.__clipara={}),window.__clipara.organisationId=2625,!document.querySelector('&#91;src$=\"getclipara.com\/widget.js\"]')){let t=document.createElement(\"script\");t.src=\"https:\/\/widget.getclipara.com\/widget.js\",t.defer=!1,document.body.appendChild(t)}&lt;\/script><\/code><\/pre>\n","protected":false},"excerpt":{"rendered":"<p>Metis Utdanning er et utdanningskonsern med selskapene Metis Privatistskole, Metis Privatl\u00e6rer, Bergen Private Gymnas og Metis videreg\u00e5ende skole. Samspillet mellom v\u00e5re fire virksomheter betyr felles kunnskap og et felles m\u00e5l om \u00e5 l\u00f8fte hver enkelt elev til sitt fulle potensial. Vi har felles lidenskap for l\u00e6ring. En ny start begynner her Lovise Lohne har bes\u00f8kt [&hellip;]<\/p>\n","protected":false},"author":1,"featured_media":0,"parent":0,"menu_order":0,"comment_status":"closed","ping_status":"closed","template":"","meta":{"footnotes":""},"class_list":["post-584","page","type-page","status-publish","hentry"],"_links":{"self":[{"href":"https:\/\/dev.metisprivatist.no\/index.php?rest_route=\/wp\/v2\/pages\/584","targetHints":{"allow":["GET"]}}],"collection":[{"href":"https:\/\/dev.metisprivatist.no\/index.php?rest_route=\/wp\/v2\/pages"}],"about":[{"href":"https:\/\/dev.metisprivatist.no\/index.php?rest_route=\/wp\/v2\/types\/page"}],"author":[{"embeddable":true,"href":"https:\/\/dev.metisprivatist.no\/index.php?rest_route=\/wp\/v2\/users\/1"}],"replies":[{"embeddable":true,"href":"https:\/\/dev.metisprivatist.no\/index.php?rest_route=%2Fwp%2Fv2%2Fcomments&post=584"}],"version-history":[{"count":2,"href":"https:\/\/dev.metisprivatist.no\/index.php?rest_route=\/wp\/v2\/pages\/584\/revisions"}],"predecessor-version":[{"id":586,"href":"https:\/\/dev.metisprivatist.no\/index.php?rest_route=\/wp\/v2\/pages\/584\/revisions\/586"}],"wp:attachment":[{"href":"https:\/\/dev.metisprivatist.no\/index.php?rest_route=%2Fwp%2Fv2%2Fmedia&parent=584"}],"curies":[{"name":"wp","href":"https:\/\/api.w.org\/{rel}","templated":true}]}}