{"id":3,"date":"2026-04-19T21:54:20","date_gmt":"2026-04-19T21:54:20","guid":{"rendered":"https:\/\/dev.metisprivatist.no\/?page_id=3"},"modified":"2026-04-19T21:54:20","modified_gmt":"2026-04-19T21:54:20","slug":"privatist-medisinerpakke","status":"publish","type":"page","link":"https:\/\/dev.metisprivatist.no\/?page_id=3","title":{"rendered":"Medisinerpakke for privatist"},"content":{"rendered":"<article class=\"sections\" id=\"sections\" data-page-sections=\"65b90a94d59d2d6706860365\">\n<section\n  data-test=\"page-section\"\n  \n  data-section-theme=\"\"\n  class='page-section \n    \n      full-bleed-section\n      layout-engine-section\n    \n    background-width--full-bleed\n    \n      section-height--small\n    \n    \n      content-width--wide\n    \n    horizontal-alignment--center\n    vertical-alignment--middle\n    \n      \n    \n    \n    '\n  \n  data-section-id=\"65b90a9fad697022b9c801c6\"\n  \n  data-controller=\"SectionWrapperController\"\n  data-current-styles=\"{&quot;imageOverlayOpacity&quot;:0.15,&quot;backgroundWidth&quot;:&quot;background-width--full-bleed&quot;,&quot;sectionHeight&quot;:&quot;section-height--small&quot;,&quot;customSectionHeight&quot;:1,&quot;horizontalAlignment&quot;:&quot;horizontal-alignment--center&quot;,&quot;verticalAlignment&quot;:&quot;vertical-alignment--middle&quot;,&quot;contentWidth&quot;:&quot;content-width--wide&quot;,&quot;customContentWidth&quot;:50,&quot;sectionTheme&quot;:&quot;&quot;,&quot;sectionAnimation&quot;:&quot;none&quot;,&quot;backgroundMode&quot;:&quot;image&quot;}\"\n  data-current-context=\"{&quot;video&quot;:{&quot;playbackSpeed&quot;:0.5,&quot;filter&quot;:1,&quot;filterStrength&quot;:0,&quot;zoom&quot;:0,&quot;videoSourceProvider&quot;:&quot;none&quot;},&quot;backgroundImageId&quot;:null,&quot;backgroundMediaEffect&quot;:{&quot;type&quot;:&quot;none&quot;},&quot;divider&quot;:{&quot;enabled&quot;:false},&quot;typeName&quot;:null}\"\n  data-animation=\"none\"\n  data-fluid-engine-section\n   \n  \n    \n  \n  \n  \n  \n\n\n  data-sqsp-section=\"fluid-engine\"\n\n\n><\/p>\n<div\n    class=\"section-border\"\n    \n  ><\/p>\n<div class=\"section-background\"><\/div>\n<\/p><\/div>\n<div\n    class='content-wrapper'\n    style='\n      \n        \n      \n    '\n  ><\/p>\n<div\n      class=\"content\"\n      \n    ><\/p>\n<div data-fluid-engine=\"true\">\n<style>\n<p>.fe-65b90a9f2408ae450f8e685d {\n  --grid-gutter: calc(var(--sqs-mobile-site-gutter, 6vw) - 11.0px);\n  --cell-max-width: calc( ( var(--sqs-site-max-width, 1500px) - (11.0px * (8 - 1)) ) \/ 8 );<\/p>\n<p>  display: grid;\n  position: relative;\n  grid-area: 1\/1\/-1\/-1;\n  grid-template-rows: repeat(25,minmax(24px, auto));\n  grid-template-columns:\n    minmax(var(--grid-gutter), 1fr)\n    repeat(8, minmax(0, var(--cell-max-width)))\n    minmax(var(--grid-gutter), 1fr);\n  row-gap: 11.0px;\n  column-gap: 11.0px;\n  overflow-x: hidden;\n  overflow-x: clip;\n}<\/p>\n<p>@media (min-width: 768px) {\n  .background-width--inset .fe-65b90a9f2408ae450f8e685d {\n    --inset-padding: calc(var(--sqs-site-gutter) * 2);\n  }<\/p>\n<p>  .fe-65b90a9f2408ae450f8e685d {\n    --grid-gutter: calc(var(--sqs-site-gutter, 4vw) - 11.0px);\n    --cell-max-width: calc( ( var(--sqs-site-max-width, 1500px) - (11.0px * (24 - 1)) ) \/ 24 );\n    --inset-padding: 0vw;<\/p>\n<p>    --row-height-scaling-factor: 0.0215;\n    --container-width: min(var(--sqs-site-max-width, 1500px), calc(100vw - var(--sqs-site-gutter, 4vw) * 2 - var(--inset-padding) ));<\/p>\n<p>    grid-template-rows: repeat(16,minmax(calc(var(--container-width) * var(--row-height-scaling-factor)), auto));\n    grid-template-columns:\n      minmax(var(--grid-gutter), 1fr)\n      repeat(24, minmax(0, var(--cell-max-width)))\n      minmax(var(--grid-gutter), 1fr);\n  }\n}<\/p>\n<p>  .fe-block-yui_3_17_2_1_1709883489667_125502 {\n    grid-area: 1\/2\/3\/10;\n    z-index: 2;<\/p>\n<p>    @media (max-width: 767px) {<\/p>\n<p>    }\n  }<\/p>\n<p>  .fe-block-yui_3_17_2_1_1709883489667_125502 .sqs-block {\n    justify-content: flex-start;\n  }<\/p>\n<p>  .fe-block-yui_3_17_2_1_1709883489667_125502 .sqs-block-alignment-wrapper {\n    align-items: flex-start;\n  }<\/p>\n<p>  @media (min-width: 768px) {\n    .fe-block-yui_3_17_2_1_1709883489667_125502 {\n      grid-area: 1\/4\/4\/24;\n      z-index: 2;<\/p>\n<p>    }<\/p>\n<p>    .fe-block-yui_3_17_2_1_1709883489667_125502 .sqs-block {\n      justify-content: flex-start;\n    }<\/p>\n<p>    .fe-block-yui_3_17_2_1_1709883489667_125502 .sqs-block-alignment-wrapper {\n      align-items: flex-start;\n    }\n  }<\/p>\n<p>  .fe-block-yui_3_17_2_1_1706620170880_19897 {\n    grid-area: 3\/2\/22\/10;\n    z-index: 1;<\/p>\n<p>    @media (max-width: 767px) {<\/p>\n<p>    }\n  }<\/p>\n<p>  .fe-block-yui_3_17_2_1_1706620170880_19897 .sqs-block {\n    justify-content: flex-start;\n  }<\/p>\n<p>  .fe-block-yui_3_17_2_1_1706620170880_19897 .sqs-block-alignment-wrapper {\n    align-items: flex-start;\n  }<\/p>\n<p>  @media (min-width: 768px) {\n    .fe-block-yui_3_17_2_1_1706620170880_19897 {\n      grid-area: 4\/4\/14\/24;\n      z-index: 1;<\/p>\n<p>    }<\/p>\n<p>    .fe-block-yui_3_17_2_1_1706620170880_19897 .sqs-block {\n      justify-content: flex-start;\n    }<\/p>\n<p>    .fe-block-yui_3_17_2_1_1706620170880_19897 .sqs-block-alignment-wrapper {\n      align-items: flex-start;\n    }\n  }<\/p>\n<p>  .fe-block-yui_3_17_2_1_1751354296391_27350 {\n    grid-area: 23\/4\/25\/8;\n    z-index: 3;<\/p>\n<p>    @media (max-width: 767px) {<\/p>\n<p>    }\n  }<\/p>\n<p>  .fe-block-yui_3_17_2_1_1751354296391_27350 .sqs-block {\n    justify-content: center;\n  }<\/p>\n<p>  .fe-block-yui_3_17_2_1_1751354296391_27350 .sqs-block-alignment-wrapper {\n    align-items: center;\n  }<\/p>\n<p>  @media (min-width: 768px) {\n    .fe-block-yui_3_17_2_1_1751354296391_27350 {\n      grid-area: 15\/4\/17\/9;\n      z-index: 3;<\/p>\n<p>    }<\/p>\n<p>    .fe-block-yui_3_17_2_1_1751354296391_27350 .sqs-block {\n      justify-content: center;\n    }<\/p>\n<p>    .fe-block-yui_3_17_2_1_1751354296391_27350 .sqs-block-alignment-wrapper {\n      align-items: center;\n    }\n  }<\/p>\n<\/style>\n<div class=\"fluid-engine fe-65b90a9f2408ae450f8e685d\">\n<div class=\"fe-block fe-block-yui_3_17_2_1_1709883489667_125502\">\n<div class=\"sqs-block website-component-block sqs-block-website-component sqs-block-html html-block\" data-block-css=\"[&quot;https:\/\/definitions.sqspcdn.com\/website-component-definition\/static-assets\/website.components.html\/8636d61b-54e9-4d33-8bb8-0228d44c3611_445\/website.components.html.styles.css&quot;]\" data-block-scripts=\"[&quot;https:\/\/definitions.sqspcdn.com\/website-component-definition\/static-assets\/website.components.html\/8636d61b-54e9-4d33-8bb8-0228d44c3611_445\/website.components.html.visitor.js&quot;]\" data-block-type=\"1337\" data-definition-name=\"website.components.html\" data-sqsp-block=\"text\" data-website-component-id=\"yui_3_17_2_1_1709883489667_125502\" id=\"block-yui_3_17_2_1_1709883489667_125502\">\n<div class=\"sqs-block-content\">\n<div class=\"sqs-html-content\" data-sqsp-text-block-content>\n<h1 style=\"white-space:pre-wrap;\">Medisinerpakken <\/h1>\n<\/div>\n<\/div>\n<\/div>\n<\/div>\n<div class=\"fe-block fe-block-yui_3_17_2_1_1706620170880_19897\">\n<div class=\"sqs-block website-component-block sqs-block-website-component sqs-block-html html-block\" data-block-css=\"[&quot;https:\/\/definitions.sqspcdn.com\/website-component-definition\/static-assets\/website.components.html\/8636d61b-54e9-4d33-8bb8-0228d44c3611_445\/website.components.html.styles.css&quot;]\" data-block-scripts=\"[&quot;https:\/\/definitions.sqspcdn.com\/website-component-definition\/static-assets\/website.components.html\/8636d61b-54e9-4d33-8bb8-0228d44c3611_445\/website.components.html.visitor.js&quot;]\" data-block-type=\"1337\" data-definition-name=\"website.components.html\" data-sqsp-block=\"text\" data-website-component-id=\"yui_3_17_2_1_1706620170880_19897\" id=\"block-yui_3_17_2_1_1706620170880_19897\">\n<div class=\"sqs-block-content\">\n<div class=\"sqs-html-content\" data-sqsp-text-block-content>\n<h3 style=\"white-space:pre-wrap;\">Lyst \u00e5 studere medisin?<\/h3>\n<p class=\"\" style=\"white-space:pre-wrap;\">Det har aldri v\u00e6rt st\u00f8rre behov for helsepersonell i Norge. Har du en dr\u00f8m \u00e5 bli lege kan du studere medisin b\u00e5de i Norge og i utlandet. V\u00e6r oppmerksom p\u00e5 at det stilles konkrete fagkrav for \u00e5 komme inn p\u00e5 medisinstudiet. Kravene er litt forskjellige avhengig av hvor du velger \u00e5 studere.<\/p>\n<p class=\"\" style=\"white-space:pre-wrap;\"><strong>Mangler du n\u00f8dvendig forkunnskaper i matematikk?<\/strong>&nbsp;<\/p>\n<p class=\"\" style=\"white-space:pre-wrap;\">Snakk med oss om spesialtilpassede forkurs i matematikk.<\/p>\n<h3 style=\"white-space:pre-wrap;\">Skreddersydde pakker<\/h3>\n<p class=\"\" style=\"white-space:pre-wrap;\">Metis Privatistskole har skreddersydde pakker som passer for b\u00e5de studier i Norge og i utlandet. <\/p>\n<p class=\"\" style=\"white-space:pre-wrap;\">Pakkene g\u00e5r over to semestre og gir i tillegg 2 realfagspoeng, 0,5 poeng for hvert av fagene. <\/p>\n<p class=\"\" style=\"white-space:pre-wrap;\">Les mer om realfagspoeng p\u00e5&nbsp;<a href=\"http:\/\/www.samordnaopptak.no\/info\/opptak\/poengberegning\/legge-til-poeng\/realfagspoeng\/\">Samordna opptak<\/a>.<\/p>\n<\/div>\n<\/div>\n<\/div>\n<\/div>\n<div class=\"fe-block fe-block-yui_3_17_2_1_1751354296391_27350\">\n<div class=\"sqs-block website-component-block sqs-block-website-component sqs-block-button button-block\" data-block-css=\"[&quot;https:\/\/definitions.sqspcdn.com\/website-component-definition\/static-assets\/website.components.button\/d14722f3-3379-4fea-ae46-2ce6e2f3968c_615\/website.components.button.styles.css&quot;]\" data-block-scripts=\"[&quot;https:\/\/definitions.sqspcdn.com\/website-component-definition\/static-assets\/website.components.button\/d14722f3-3379-4fea-ae46-2ce6e2f3968c_615\/website.components.button.visitor.js&quot;]\" data-block-type=\"1337\" data-definition-name=\"website.components.button\" data-sqsp-block=\"button\" data-website-component-id=\"yui_3_17_2_1_1751354296391_27350\" id=\"block-yui_3_17_2_1_1751354296391_27350\">\n<div class=\"sqs-block-content\"><\/div>\n<\/div>\n<\/div>\n<\/div>\n<\/div><\/div>\n<\/p><\/div>\n<\/section>\n<section\n  data-test=\"page-section\"\n  \n  data-section-theme=\"\"\n  class='page-section \n    \n      full-bleed-section\n      layout-engine-section\n    \n    background-width--full-bleed\n    \n      section-height--small\n    \n    \n      content-width--wide\n    \n    horizontal-alignment--center\n    vertical-alignment--middle\n    \n      \n    \n    \n    '\n  \n  data-section-id=\"6891ee7435a11c54c38749bf\"\n  \n  data-controller=\"SectionWrapperController\"\n  data-current-styles=\"{&quot;imageOverlayOpacity&quot;:0.15,&quot;backgroundWidth&quot;:&quot;background-width--full-bleed&quot;,&quot;sectionHeight&quot;:&quot;section-height--small&quot;,&quot;customSectionHeight&quot;:1,&quot;horizontalAlignment&quot;:&quot;horizontal-alignment--center&quot;,&quot;verticalAlignment&quot;:&quot;vertical-alignment--middle&quot;,&quot;contentWidth&quot;:&quot;content-width--wide&quot;,&quot;customContentWidth&quot;:50,&quot;sectionTheme&quot;:&quot;&quot;,&quot;sectionAnimation&quot;:&quot;none&quot;,&quot;backgroundMode&quot;:&quot;image&quot;}\"\n  data-current-context=\"{&quot;video&quot;:{&quot;playbackSpeed&quot;:1,&quot;filter&quot;:1,&quot;filterStrength&quot;:0,&quot;zoom&quot;:0,&quot;videoSourceProvider&quot;:&quot;none&quot;},&quot;backgroundImageId&quot;:null,&quot;backgroundMediaEffect&quot;:{&quot;type&quot;:&quot;none&quot;},&quot;divider&quot;:{&quot;enabled&quot;:false},&quot;typeName&quot;:null}\"\n  data-animation=\"none\"\n  data-fluid-engine-section\n   \n  \n    \n  \n  \n  \n  \n\n\n  data-sqsp-section=\"fluid-engine\"\n\n\n><\/p>\n<div\n    class=\"section-border\"\n    \n  ><\/p>\n<div class=\"section-background\"><\/div>\n<\/p><\/div>\n<div\n    class='content-wrapper'\n    style='\n      \n        \n      \n    '\n  ><\/p>\n<div\n      class=\"content\"\n      \n    ><\/p>\n<div data-fluid-engine=\"true\">\n<style>\n<p>.fe-6891ee7435a11c54c38749be {\n  --grid-gutter: calc(var(--sqs-mobile-site-gutter, 6vw) - 11.0px);\n  --cell-max-width: calc( ( var(--sqs-site-max-width, 1500px) - (11.0px * (8 - 1)) ) \/ 8 );<\/p>\n<p>  display: grid;\n  position: relative;\n  grid-area: 1\/1\/-1\/-1;\n  grid-template-rows: repeat(13,minmax(24px, auto));\n  grid-template-columns:\n    minmax(var(--grid-gutter), 1fr)\n    repeat(8, minmax(0, var(--cell-max-width)))\n    minmax(var(--grid-gutter), 1fr);\n  row-gap: 11.0px;\n  column-gap: 11.0px;\n  overflow-x: hidden;\n  overflow-x: clip;\n}<\/p>\n<p>@media (min-width: 768px) {\n  .background-width--inset .fe-6891ee7435a11c54c38749be {\n    --inset-padding: calc(var(--sqs-site-gutter) * 2);\n  }<\/p>\n<p>  .fe-6891ee7435a11c54c38749be {\n    --grid-gutter: calc(var(--sqs-site-gutter, 4vw) - 11.0px);\n    --cell-max-width: calc( ( var(--sqs-site-max-width, 1500px) - (11.0px * (24 - 1)) ) \/ 24 );\n    --inset-padding: 0vw;<\/p>\n<p>    --row-height-scaling-factor: 0.0215;\n    --container-width: min(var(--sqs-site-max-width, 1500px), calc(100vw - var(--sqs-site-gutter, 4vw) * 2 - var(--inset-padding) ));<\/p>\n<p>    grid-template-rows: repeat(12,minmax(calc(var(--container-width) * var(--row-height-scaling-factor)), auto));\n    grid-template-columns:\n      minmax(var(--grid-gutter), 1fr)\n      repeat(24, minmax(0, var(--cell-max-width)))\n      minmax(var(--grid-gutter), 1fr);\n  }\n}<\/p>\n<p>  .fe-block-898b9aed99ecb63b24da {\n    grid-area: 2\/2\/4\/10;\n    z-index: 5;<\/p>\n<p>    @media (max-width: 767px) {<\/p>\n<p>    }\n  }<\/p>\n<p>  .fe-block-898b9aed99ecb63b24da .sqs-block {\n    justify-content: flex-start;\n  }<\/p>\n<p>  .fe-block-898b9aed99ecb63b24da .sqs-block-alignment-wrapper {\n    align-items: flex-start;\n  }<\/p>\n<p>  @media (min-width: 768px) {\n    .fe-block-898b9aed99ecb63b24da {\n      grid-area: 2\/10\/4\/18;\n      z-index: 5;<\/p>\n<p>    }<\/p>\n<p>    .fe-block-898b9aed99ecb63b24da .sqs-block {\n      justify-content: flex-start;\n    }<\/p>\n<p>    .fe-block-898b9aed99ecb63b24da .sqs-block-alignment-wrapper {\n      align-items: flex-start;\n    }\n  }<\/p>\n<p>  .fe-block-10a472bef10e8802dc89 {\n    grid-area: 4\/2\/9\/10;\n    z-index: 6;<\/p>\n<p>    @media (max-width: 767px) {<\/p>\n<p>    }\n  }<\/p>\n<p>  .fe-block-10a472bef10e8802dc89 .sqs-block {\n    justify-content: flex-start;\n  }<\/p>\n<p>  .fe-block-10a472bef10e8802dc89 .sqs-block-alignment-wrapper {\n    align-items: flex-start;\n  }<\/p>\n<p>  @media (min-width: 768px) {\n    .fe-block-10a472bef10e8802dc89 {\n      grid-area: 4\/7\/7\/21;\n      z-index: 6;<\/p>\n<p>    }<\/p>\n<p>    .fe-block-10a472bef10e8802dc89 .sqs-block {\n      justify-content: flex-start;\n    }<\/p>\n<p>    .fe-block-10a472bef10e8802dc89 .sqs-block-alignment-wrapper {\n      align-items: flex-start;\n    }\n  }<\/p>\n<p>  .fe-block-929f286f2ffa99133a31 {\n    grid-area: 9\/2\/11\/6;\n    z-index: 7;<\/p>\n<p>    @media (max-width: 767px) {<\/p>\n<p>    }\n  }<\/p>\n<p>  .fe-block-929f286f2ffa99133a31 .sqs-block {\n    justify-content: center;\n  }<\/p>\n<p>  .fe-block-929f286f2ffa99133a31 .sqs-block-alignment-wrapper {\n    align-items: center;\n  }<\/p>\n<p>  @media (min-width: 768px) {\n    .fe-block-929f286f2ffa99133a31 {\n      grid-area: 8\/8\/10\/13;\n      z-index: 7;<\/p>\n<p>    }<\/p>\n<p>    .fe-block-929f286f2ffa99133a31 .sqs-block {\n      justify-content: center;\n    }<\/p>\n<p>    .fe-block-929f286f2ffa99133a31 .sqs-block-alignment-wrapper {\n      align-items: center;\n    }\n  }<\/p>\n<p>  .fe-block-4f8087c2d4ff01c60542 {\n    grid-area: 9\/6\/11\/10;\n    z-index: 8;<\/p>\n<p>    @media (max-width: 767px) {<\/p>\n<p>    }\n  }<\/p>\n<p>  .fe-block-4f8087c2d4ff01c60542 .sqs-block {\n    justify-content: center;\n  }<\/p>\n<p>  .fe-block-4f8087c2d4ff01c60542 .sqs-block-alignment-wrapper {\n    align-items: center;\n  }<\/p>\n<p>  @media (min-width: 768px) {\n    .fe-block-4f8087c2d4ff01c60542 {\n      grid-area: 8\/15\/10\/20;\n      z-index: 8;<\/p>\n<p>    }<\/p>\n<p>    .fe-block-4f8087c2d4ff01c60542 .sqs-block {\n      justify-content: center;\n    }<\/p>\n<p>    .fe-block-4f8087c2d4ff01c60542 .sqs-block-alignment-wrapper {\n      align-items: center;\n    }\n  }<\/p>\n<p>  .fe-block-75cc2ddf8aeb5b3dfed0 {\n    grid-area: 11\/2\/13\/6;\n    z-index: 9;<\/p>\n<p>    @media (max-width: 767px) {<\/p>\n<p>    }\n  }<\/p>\n<p>  .fe-block-75cc2ddf8aeb5b3dfed0 .sqs-block {\n    justify-content: center;\n  }<\/p>\n<p>  .fe-block-75cc2ddf8aeb5b3dfed0 .sqs-block-alignment-wrapper {\n    align-items: center;\n  }<\/p>\n<p>  @media (min-width: 768px) {\n    .fe-block-75cc2ddf8aeb5b3dfed0 {\n      grid-area: 10\/8\/12\/13;\n      z-index: 9;<\/p>\n<p>    }<\/p>\n<p>    .fe-block-75cc2ddf8aeb5b3dfed0 .sqs-block {\n      justify-content: center;\n    }<\/p>\n<p>    .fe-block-75cc2ddf8aeb5b3dfed0 .sqs-block-alignment-wrapper {\n      align-items: center;\n    }\n  }<\/p>\n<p>  .fe-block-c48f8c47f2fb8905f357 {\n    grid-area: 11\/6\/13\/10;\n    z-index: 10;<\/p>\n<p>    @media (max-width: 767px) {<\/p>\n<p>    }\n  }<\/p>\n<p>  .fe-block-c48f8c47f2fb8905f357 .sqs-block {\n    justify-content: center;\n  }<\/p>\n<p>  .fe-block-c48f8c47f2fb8905f357 .sqs-block-alignment-wrapper {\n    align-items: center;\n  }<\/p>\n<p>  @media (min-width: 768px) {\n    .fe-block-c48f8c47f2fb8905f357 {\n      grid-area: 10\/15\/12\/20;\n      z-index: 10;<\/p>\n<p>    }<\/p>\n<p>    .fe-block-c48f8c47f2fb8905f357 .sqs-block {\n      justify-content: center;\n    }<\/p>\n<p>    .fe-block-c48f8c47f2fb8905f357 .sqs-block-alignment-wrapper {\n      align-items: center;\n    }\n  }<\/p>\n<\/style>\n<div class=\"fluid-engine fe-6891ee7435a11c54c38749be\">\n<div class=\"fe-block fe-block-898b9aed99ecb63b24da\">\n<div class=\"sqs-block website-component-block sqs-block-website-component sqs-block-html html-block\" data-block-css=\"[&quot;https:\/\/definitions.sqspcdn.com\/website-component-definition\/static-assets\/website.components.html\/8636d61b-54e9-4d33-8bb8-0228d44c3611_445\/website.components.html.styles.css&quot;]\" data-block-scripts=\"[&quot;https:\/\/definitions.sqspcdn.com\/website-component-definition\/static-assets\/website.components.html\/8636d61b-54e9-4d33-8bb8-0228d44c3611_445\/website.components.html.visitor.js&quot;]\" data-block-type=\"1337\" data-definition-name=\"website.components.html\" data-sqsp-block=\"text\" data-website-component-id=\"898b9aed99ecb63b24da\" id=\"block-898b9aed99ecb63b24da\">\n<div class=\"sqs-block-content\">\n<div class=\"sqs-html-content\" data-sqsp-text-block-content>\n<h2 style=\"text-align:center;white-space:pre-wrap;\">F\u00e5 r\u00e5dgivning<\/h2>\n<\/div>\n<\/div>\n<\/div>\n<\/div>\n<div class=\"fe-block fe-block-10a472bef10e8802dc89\">\n<div class=\"sqs-block website-component-block sqs-block-website-component sqs-block-html html-block\" data-block-css=\"[&quot;https:\/\/definitions.sqspcdn.com\/website-component-definition\/static-assets\/website.components.html\/8636d61b-54e9-4d33-8bb8-0228d44c3611_445\/website.components.html.styles.css&quot;]\" data-block-scripts=\"[&quot;https:\/\/definitions.sqspcdn.com\/website-component-definition\/static-assets\/website.components.html\/8636d61b-54e9-4d33-8bb8-0228d44c3611_445\/website.components.html.visitor.js&quot;]\" data-block-type=\"1337\" data-definition-name=\"website.components.html\" data-sqsp-block=\"text\" data-website-component-id=\"10a472bef10e8802dc89\" id=\"block-10a472bef10e8802dc89\">\n<div class=\"sqs-block-content\">\n<div class=\"sqs-html-content\" data-sqsp-text-block-content>\n<p style=\"text-align:center;white-space:pre-wrap;\" class=\"\">Trenger du hjelp med \u00e5 finne ut hvilke fag du b\u00f8r ta? V\u00e5re erfarne r\u00e5dgivere ser l\u00f8sningene som gir deg det beste resultatet. <\/p>\n<p style=\"text-align:center;white-space:pre-wrap;\" class=\"\">Du kan velge mellom telefonsamtale, videom\u00f8te eller fysisk m\u00f8te p\u00e5 en av skolene v\u00e5re.<\/p>\n<\/div>\n<\/div>\n<\/div>\n<\/div>\n<div class=\"fe-block fe-block-929f286f2ffa99133a31\">\n<div class=\"sqs-block website-component-block sqs-block-website-component sqs-block-button button-block\" data-block-css=\"[&quot;https:\/\/definitions.sqspcdn.com\/website-component-definition\/static-assets\/website.components.button\/d14722f3-3379-4fea-ae46-2ce6e2f3968c_615\/website.components.button.styles.css&quot;]\" data-block-scripts=\"[&quot;https:\/\/definitions.sqspcdn.com\/website-component-definition\/static-assets\/website.components.button\/d14722f3-3379-4fea-ae46-2ce6e2f3968c_615\/website.components.button.visitor.js&quot;]\" data-block-type=\"1337\" data-definition-name=\"website.components.button\" data-sqsp-block=\"button\" data-website-component-id=\"929f286f2ffa99133a31\" id=\"block-929f286f2ffa99133a31\">\n<div class=\"sqs-block-content\"><\/div>\n<\/div>\n<\/div>\n<div class=\"fe-block fe-block-4f8087c2d4ff01c60542\">\n<div class=\"sqs-block website-component-block sqs-block-website-component sqs-block-button button-block\" data-block-css=\"[&quot;https:\/\/definitions.sqspcdn.com\/website-component-definition\/static-assets\/website.components.button\/d14722f3-3379-4fea-ae46-2ce6e2f3968c_615\/website.components.button.styles.css&quot;]\" data-block-scripts=\"[&quot;https:\/\/definitions.sqspcdn.com\/website-component-definition\/static-assets\/website.components.button\/d14722f3-3379-4fea-ae46-2ce6e2f3968c_615\/website.components.button.visitor.js&quot;]\" data-block-type=\"1337\" data-definition-name=\"website.components.button\" data-sqsp-block=\"button\" data-website-component-id=\"4f8087c2d4ff01c60542\" id=\"block-4f8087c2d4ff01c60542\">\n<div class=\"sqs-block-content\"><\/div>\n<\/div>\n<\/div>\n<div class=\"fe-block fe-block-75cc2ddf8aeb5b3dfed0\">\n<div class=\"sqs-block website-component-block sqs-block-website-component sqs-block-button button-block\" data-block-css=\"[&quot;https:\/\/definitions.sqspcdn.com\/website-component-definition\/static-assets\/website.components.button\/d14722f3-3379-4fea-ae46-2ce6e2f3968c_615\/website.components.button.styles.css&quot;]\" data-block-scripts=\"[&quot;https:\/\/definitions.sqspcdn.com\/website-component-definition\/static-assets\/website.components.button\/d14722f3-3379-4fea-ae46-2ce6e2f3968c_615\/website.components.button.visitor.js&quot;]\" data-block-type=\"1337\" data-definition-name=\"website.components.button\" data-sqsp-block=\"button\" data-website-component-id=\"75cc2ddf8aeb5b3dfed0\" id=\"block-75cc2ddf8aeb5b3dfed0\">\n<div class=\"sqs-block-content\"><\/div>\n<\/div>\n<\/div>\n<div class=\"fe-block fe-block-c48f8c47f2fb8905f357\">\n<div class=\"sqs-block website-component-block sqs-block-website-component sqs-block-button button-block\" data-block-css=\"[&quot;https:\/\/definitions.sqspcdn.com\/website-component-definition\/static-assets\/website.components.button\/d14722f3-3379-4fea-ae46-2ce6e2f3968c_615\/website.components.button.styles.css&quot;]\" data-block-scripts=\"[&quot;https:\/\/definitions.sqspcdn.com\/website-component-definition\/static-assets\/website.components.button\/d14722f3-3379-4fea-ae46-2ce6e2f3968c_615\/website.components.button.visitor.js&quot;]\" data-block-type=\"1337\" data-definition-name=\"website.components.button\" data-sqsp-block=\"button\" data-website-component-id=\"c48f8c47f2fb8905f357\" id=\"block-c48f8c47f2fb8905f357\">\n<div class=\"sqs-block-content\"><\/div>\n<\/div>\n<\/div>\n<\/div>\n<\/div><\/div>\n<\/p><\/div>\n<\/section>\n<\/article>\n","protected":false},"excerpt":{"rendered":"<p>Medisinerpakken Lyst \u00e5 studere medisin? Det har aldri v\u00e6rt st\u00f8rre behov for helsepersonell i Norge. Har du en dr\u00f8m \u00e5 bli lege kan du studere medisin b\u00e5de i Norge og i utlandet. V\u00e6r oppmerksom p\u00e5 at det stilles konkrete fagkrav for \u00e5 komme inn p\u00e5 medisinstudiet. Kravene er litt forskjellige avhengig av hvor du velger [&hellip;]<\/p>\n","protected":false},"author":1,"featured_media":0,"parent":0,"menu_order":0,"comment_status":"closed","ping_status":"closed","template":"","meta":{"footnotes":""},"class_list":["post-3","page","type-page","status-publish","hentry"],"_links":{"self":[{"href":"https:\/\/dev.metisprivatist.no\/index.php?rest_route=\/wp\/v2\/pages\/3","targetHints":{"allow":["GET"]}}],"collection":[{"href":"https:\/\/dev.metisprivatist.no\/index.php?rest_route=\/wp\/v2\/pages"}],"about":[{"href":"https:\/\/dev.metisprivatist.no\/index.php?rest_route=\/wp\/v2\/types\/page"}],"author":[{"embeddable":true,"href":"https:\/\/dev.metisprivatist.no\/index.php?rest_route=\/wp\/v2\/users\/1"}],"replies":[{"embeddable":true,"href":"https:\/\/dev.metisprivatist.no\/index.php?rest_route=%2Fwp%2Fv2%2Fcomments&post=3"}],"version-history":[{"count":0,"href":"https:\/\/dev.metisprivatist.no\/index.php?rest_route=\/wp\/v2\/pages\/3\/revisions"}],"wp:attachment":[{"href":"https:\/\/dev.metisprivatist.no\/index.php?rest_route=%2Fwp%2Fv2%2Fmedia&parent=3"}],"curies":[{"name":"wp","href":"https:\/\/api.w.org\/{rel}","templated":true}]}}