{"id":22,"date":"2026-04-19T21:54:21","date_gmt":"2026-04-19T21:54:21","guid":{"rendered":"https:\/\/dev.metisprivatist.no\/?page_id=22"},"modified":"2026-04-19T21:54:21","modified_gmt":"2026-04-19T21:54:21","slug":"studentbevis","status":"publish","type":"page","link":"https:\/\/dev.metisprivatist.no\/?page_id=22","title":{"rendered":"Studentbevis"},"content":{"rendered":"<article class=\"sections\" id=\"sections\" data-page-sections=\"65d201dab388713c0ae696d4\">\n<section\n  data-test=\"page-section\"\n  \n  data-section-theme=\"\"\n  class='page-section \n    \n      full-bleed-section\n      layout-engine-section\n    \n    background-width--full-bleed\n    \n      section-height--small\n    \n    \n      content-width--wide\n    \n    horizontal-alignment--center\n    vertical-alignment--middle\n    \n      \n    \n    \n    '\n  \n  data-section-id=\"65d201e286077c54502f988b\"\n  \n  data-controller=\"SectionWrapperController\"\n  data-current-styles=\"{&quot;imageOverlayOpacity&quot;:0.15,&quot;backgroundWidth&quot;:&quot;background-width--full-bleed&quot;,&quot;sectionHeight&quot;:&quot;section-height--small&quot;,&quot;customSectionHeight&quot;:1,&quot;horizontalAlignment&quot;:&quot;horizontal-alignment--center&quot;,&quot;verticalAlignment&quot;:&quot;vertical-alignment--middle&quot;,&quot;contentWidth&quot;:&quot;content-width--wide&quot;,&quot;customContentWidth&quot;:50,&quot;sectionTheme&quot;:&quot;&quot;,&quot;sectionAnimation&quot;:&quot;none&quot;,&quot;backgroundMode&quot;:&quot;image&quot;}\"\n  data-current-context=\"{&quot;video&quot;:{&quot;playbackSpeed&quot;:0.5,&quot;filter&quot;:1,&quot;filterStrength&quot;:0,&quot;zoom&quot;:0,&quot;videoSourceProvider&quot;:&quot;none&quot;},&quot;backgroundImageId&quot;:null,&quot;backgroundMediaEffect&quot;:{&quot;type&quot;:&quot;none&quot;},&quot;divider&quot;:{&quot;enabled&quot;:false},&quot;typeName&quot;:null}\"\n  data-animation=\"none\"\n  data-fluid-engine-section\n   \n  \n    \n  \n  \n  \n  \n\n\n  data-sqsp-section=\"fluid-engine\"\n\n\n><\/p>\n<div\n    class=\"section-border\"\n    \n  ><\/p>\n<div class=\"section-background\"><\/div>\n<\/p><\/div>\n<div\n    class='content-wrapper'\n    style='\n      \n        \n      \n    '\n  ><\/p>\n<div\n      class=\"content\"\n      \n    ><\/p>\n<div data-fluid-engine=\"true\">\n<style>\n<p>.fe-65d201e34cca5218f8e35f6b {\n  --grid-gutter: calc(var(--sqs-mobile-site-gutter, 6vw) - 11.0px);\n  --cell-max-width: calc( ( var(--sqs-site-max-width, 1500px) - (11.0px * (8 - 1)) ) \/ 8 );<\/p>\n<p>  display: grid;\n  position: relative;\n  grid-area: 1\/1\/-1\/-1;\n  grid-template-rows: repeat(35,minmax(24px, auto));\n  grid-template-columns:\n    minmax(var(--grid-gutter), 1fr)\n    repeat(8, minmax(0, var(--cell-max-width)))\n    minmax(var(--grid-gutter), 1fr);\n  row-gap: 11.0px;\n  column-gap: 11.0px;\n  overflow-x: hidden;\n  overflow-x: clip;\n}<\/p>\n<p>@media (min-width: 768px) {\n  .background-width--inset .fe-65d201e34cca5218f8e35f6b {\n    --inset-padding: calc(var(--sqs-site-gutter) * 2);\n  }<\/p>\n<p>  .fe-65d201e34cca5218f8e35f6b {\n    --grid-gutter: calc(var(--sqs-site-gutter, 4vw) - 11.0px);\n    --cell-max-width: calc( ( var(--sqs-site-max-width, 1500px) - (11.0px * (24 - 1)) ) \/ 24 );\n    --inset-padding: 0vw;<\/p>\n<p>    --row-height-scaling-factor: 0.0215;\n    --container-width: min(var(--sqs-site-max-width, 1500px), calc(100vw - var(--sqs-site-gutter, 4vw) * 2 - var(--inset-padding) ));<\/p>\n<p>    grid-template-rows: repeat(26,minmax(calc(var(--container-width) * var(--row-height-scaling-factor)), auto));\n    grid-template-columns:\n      minmax(var(--grid-gutter), 1fr)\n      repeat(24, minmax(0, var(--cell-max-width)))\n      minmax(var(--grid-gutter), 1fr);\n  }\n}<\/p>\n<p>  .fe-block-yui_3_17_2_1_1708255998124_60105 {\n    grid-area: 1\/2\/18\/10;\n    z-index: 1;<\/p>\n<p>    @media (max-width: 767px) {<\/p>\n<p>    }\n  }<\/p>\n<p>  .fe-block-yui_3_17_2_1_1708255998124_60105 .sqs-block {\n    justify-content: flex-start;\n  }<\/p>\n<p>  .fe-block-yui_3_17_2_1_1708255998124_60105 .sqs-block-alignment-wrapper {\n    align-items: flex-start;\n  }<\/p>\n<p>  @media (min-width: 768px) {\n    .fe-block-yui_3_17_2_1_1708255998124_60105 {\n      grid-area: 1\/4\/9\/24;\n      z-index: 1;<\/p>\n<p>    }<\/p>\n<p>    .fe-block-yui_3_17_2_1_1708255998124_60105 .sqs-block {\n      justify-content: flex-start;\n    }<\/p>\n<p>    .fe-block-yui_3_17_2_1_1708255998124_60105 .sqs-block-alignment-wrapper {\n      align-items: flex-start;\n    }\n  }<\/p>\n<p>  .fe-block-yui_3_17_2_1_1710847435104_218475 {\n    grid-area: 18\/2\/36\/10;\n    z-index: 2;<\/p>\n<p>    @media (max-width: 767px) {<\/p>\n<p>    }\n  }<\/p>\n<p>  .fe-block-yui_3_17_2_1_1710847435104_218475 .sqs-block {\n    justify-content: flex-start;\n  }<\/p>\n<p>  .fe-block-yui_3_17_2_1_1710847435104_218475 .sqs-block-alignment-wrapper {\n    align-items: flex-start;\n  }<\/p>\n<p>  @media (min-width: 768px) {\n    .fe-block-yui_3_17_2_1_1710847435104_218475 {\n      grid-area: 9\/4\/27\/24;\n      z-index: 2;<\/p>\n<p>    }<\/p>\n<p>    .fe-block-yui_3_17_2_1_1710847435104_218475 .sqs-block {\n      justify-content: flex-start;\n    }<\/p>\n<p>    .fe-block-yui_3_17_2_1_1710847435104_218475 .sqs-block-alignment-wrapper {\n      align-items: flex-start;\n    }\n  }<\/p>\n<\/style>\n<div class=\"fluid-engine fe-65d201e34cca5218f8e35f6b\">\n<div class=\"fe-block fe-block-yui_3_17_2_1_1708255998124_60105\">\n<div class=\"sqs-block website-component-block sqs-block-website-component sqs-block-html html-block\" data-block-css=\"[&quot;https:\/\/definitions.sqspcdn.com\/website-component-definition\/static-assets\/website.components.html\/8636d61b-54e9-4d33-8bb8-0228d44c3611_445\/website.components.html.styles.css&quot;]\" data-block-scripts=\"[&quot;https:\/\/definitions.sqspcdn.com\/website-component-definition\/static-assets\/website.components.html\/8636d61b-54e9-4d33-8bb8-0228d44c3611_445\/website.components.html.visitor.js&quot;]\" data-block-type=\"1337\" data-definition-name=\"website.components.html\" data-sqsp-block=\"text\" data-website-component-id=\"yui_3_17_2_1_1708255998124_60105\" id=\"block-yui_3_17_2_1_1708255998124_60105\">\n<div class=\"sqs-block-content\">\n<div class=\"sqs-html-content\" data-sqsp-text-block-content>\n<h1 style=\"white-space:pre-wrap;\">Studentbevis<\/h1>\n<p class=\"\" style=\"white-space:pre-wrap;\">N\u00e5r du har startet opp som student&nbsp;ved en av Metis sine privatistskoler eller Metis Nettstudier kan du f\u00e5 studentbevis. Studentbeviset koster 300,- kroner enten du g\u00e5r hele \u00e5ret eller kun ett semester. Dersom du allerede har betalt for studentbeviset h\u00f8sten og skal g\u00e5 p\u00e5 Metis Privatistskole v\u00e5ren etter s\u00e5 kan du hente nytt semestermerke gratis hos r\u00e5dgiverne i januar.<\/p>\n<p class=\"\" style=\"white-space:pre-wrap;\">Studentbeviset er klart til \u00e5 hentes innen 3-7 dager* hos rektor eller r\u00e5dgiver ved din skole. G\u00e5r du p\u00e5 nettstudier, vil du f\u00e5 studentbeviset i posten i l\u00f8pet av 5-10 virkedager.<\/p>\n<p class=\"\" style=\"white-space:pre-wrap;\">Studentbeviset&nbsp;gir deg flere goder som for eksempel rett til rabatt p\u00e5 kollektivtrafikk.<\/p>\n<\/div>\n<\/div>\n<\/div>\n<\/div>\n<div class=\"fe-block fe-block-yui_3_17_2_1_1710847435104_218475\">\n<div class=\"sqs-block website-component-block sqs-block-website-component sqs-block-code code-block\" data-block-css=\"[&quot;https:\/\/definitions.sqspcdn.com\/website-component-definition\/static-assets\/website.components.code\/158f34e2-dc59-4a81-823b-9655fd93a899_491\/website.components.code.styles.css&quot;]\" data-block-scripts=\"[&quot;https:\/\/definitions.sqspcdn.com\/website-component-definition\/static-assets\/website.components.code\/158f34e2-dc59-4a81-823b-9655fd93a899_491\/website.components.code.visitor.js&quot;]\" data-block-type=\"1337\" data-definition-name=\"website.components.code\" data-sqsp-block=\"code\" data-website-component-id=\"yui_3_17_2_1_1710847435104_218475\" id=\"block-yui_3_17_2_1_1710847435104_218475\">\n<div class=\"sqs-block-content\"><\/div>\n<\/div>\n<\/div>\n<\/div>\n<\/div><\/div>\n<\/p><\/div>\n<\/section>\n<\/article>\n","protected":false},"excerpt":{"rendered":"<p>Studentbevis N\u00e5r du har startet opp som student&nbsp;ved en av Metis sine privatistskoler eller Metis Nettstudier kan du f\u00e5 studentbevis. Studentbeviset koster 300,- kroner enten du g\u00e5r hele \u00e5ret eller kun ett semester. Dersom du allerede har betalt for studentbeviset h\u00f8sten og skal g\u00e5 p\u00e5 Metis Privatistskole v\u00e5ren etter s\u00e5 kan du hente nytt semestermerke [&hellip;]<\/p>\n","protected":false},"author":1,"featured_media":0,"parent":0,"menu_order":0,"comment_status":"closed","ping_status":"closed","template":"","meta":{"footnotes":""},"class_list":["post-22","page","type-page","status-publish","hentry"],"_links":{"self":[{"href":"https:\/\/dev.metisprivatist.no\/index.php?rest_route=\/wp\/v2\/pages\/22","targetHints":{"allow":["GET"]}}],"collection":[{"href":"https:\/\/dev.metisprivatist.no\/index.php?rest_route=\/wp\/v2\/pages"}],"about":[{"href":"https:\/\/dev.metisprivatist.no\/index.php?rest_route=\/wp\/v2\/types\/page"}],"author":[{"embeddable":true,"href":"https:\/\/dev.metisprivatist.no\/index.php?rest_route=\/wp\/v2\/users\/1"}],"replies":[{"embeddable":true,"href":"https:\/\/dev.metisprivatist.no\/index.php?rest_route=%2Fwp%2Fv2%2Fcomments&post=22"}],"version-history":[{"count":0,"href":"https:\/\/dev.metisprivatist.no\/index.php?rest_route=\/wp\/v2\/pages\/22\/revisions"}],"wp:attachment":[{"href":"https:\/\/dev.metisprivatist.no\/index.php?rest_route=%2Fwp%2Fv2%2Fmedia&parent=22"}],"curies":[{"name":"wp","href":"https:\/\/api.w.org\/{rel}","templated":true}]}}