{"id":191,"date":"2026-04-19T21:56:33","date_gmt":"2026-04-19T21:56:33","guid":{"rendered":"https:\/\/dev.metisprivatist.no\/?page_id=191"},"modified":"2026-04-19T21:56:33","modified_gmt":"2026-04-19T21:56:33","slug":"skriftlig-privatisteksamen","status":"publish","type":"page","link":"https:\/\/dev.metisprivatist.no\/?page_id=191","title":{"rendered":"Skriftlig privatisteksamen &#8211; Slik fungerer det"},"content":{"rendered":"<article class=\"sections\" id=\"sections\" data-page-sections=\"692b8c8e706abb27a825122a\">\n<section\n  data-test=\"page-section\"\n  \n  data-section-theme=\"\"\n  class='page-section \n    \n      full-bleed-section\n      layout-engine-section\n    \n    background-width--full-bleed\n    \n      section-height--small\n    \n    \n      content-width--wide\n    \n    horizontal-alignment--center\n    vertical-alignment--middle\n    \n      \n    \n    \n    '\n  \n  data-section-id=\"692b8cc6704a776c864fade4\"\n  \n  data-controller=\"SectionWrapperController\"\n  data-current-styles=\"{&quot;imageOverlayOpacity&quot;:0.15,&quot;backgroundWidth&quot;:&quot;background-width--full-bleed&quot;,&quot;sectionHeight&quot;:&quot;section-height--small&quot;,&quot;customSectionHeight&quot;:1,&quot;horizontalAlignment&quot;:&quot;horizontal-alignment--center&quot;,&quot;verticalAlignment&quot;:&quot;vertical-alignment--middle&quot;,&quot;contentWidth&quot;:&quot;content-width--wide&quot;,&quot;customContentWidth&quot;:50,&quot;sectionTheme&quot;:&quot;&quot;,&quot;sectionAnimation&quot;:&quot;none&quot;,&quot;backgroundMode&quot;:&quot;image&quot;}\"\n  data-current-context=\"{&quot;video&quot;:{&quot;playbackSpeed&quot;:1,&quot;filter&quot;:1,&quot;filterStrength&quot;:0,&quot;zoom&quot;:0,&quot;videoSourceProvider&quot;:&quot;none&quot;},&quot;backgroundImageId&quot;:null,&quot;backgroundMediaEffect&quot;:{&quot;type&quot;:&quot;none&quot;},&quot;divider&quot;:{&quot;enabled&quot;:false},&quot;typeName&quot;:null}\"\n  data-animation=\"none\"\n  data-fluid-engine-section\n   \n  \n    \n  \n  \n  \n  \n\n\n  data-sqsp-section=\"fluid-engine\"\n\n\n><\/p>\n<div\n    class=\"section-border\"\n    \n  ><\/p>\n<div class=\"section-background\"><\/div>\n<\/p><\/div>\n<div\n    class='content-wrapper'\n    style='\n      \n        \n      \n    '\n  ><\/p>\n<div\n      class=\"content\"\n      \n    ><\/p>\n<div data-fluid-engine=\"true\">\n<style>\n<p>.fe-692b8cc65114e54e0092b593 {\n  --grid-gutter: calc(var(--sqs-mobile-site-gutter, 6vw) - 11.0px);\n  --cell-max-width: calc( ( var(--sqs-site-max-width, 1500px) - (11.0px * (8 - 1)) ) \/ 8 );<\/p>\n<p>  display: grid;\n  position: relative;\n  grid-area: 1\/1\/-1\/-1;\n  grid-template-rows: repeat(4,minmax(24px, auto));\n  grid-template-columns:\n    minmax(var(--grid-gutter), 1fr)\n    repeat(8, minmax(0, var(--cell-max-width)))\n    minmax(var(--grid-gutter), 1fr);\n  row-gap: 11.0px;\n  column-gap: 11.0px;\n  overflow-x: hidden;\n  overflow-x: clip;\n}<\/p>\n<p>@media (min-width: 768px) {\n  .background-width--inset .fe-692b8cc65114e54e0092b593 {\n    --inset-padding: calc(var(--sqs-site-gutter) * 2);\n  }<\/p>\n<p>  .fe-692b8cc65114e54e0092b593 {\n    --grid-gutter: calc(var(--sqs-site-gutter, 4vw) - 11.0px);\n    --cell-max-width: calc( ( var(--sqs-site-max-width, 1500px) - (11.0px * (24 - 1)) ) \/ 24 );\n    --inset-padding: 0vw;<\/p>\n<p>    --row-height-scaling-factor: 0.0215;\n    --container-width: min(var(--sqs-site-max-width, 1500px), calc(100vw - var(--sqs-site-gutter, 4vw) * 2 - var(--inset-padding) ));<\/p>\n<p>    grid-template-rows: repeat(138,minmax(calc(var(--container-width) * var(--row-height-scaling-factor)), auto));\n    grid-template-columns:\n      minmax(var(--grid-gutter), 1fr)\n      repeat(24, minmax(0, var(--cell-max-width)))\n      minmax(var(--grid-gutter), 1fr);\n  }\n}<\/p>\n<p>  .fe-block-yui_3_17_2_1_1764455966789_8238 {\n    grid-area: 1\/2\/3\/10;\n    z-index: 2;<\/p>\n<p>    @media (max-width: 767px) {<\/p>\n<p>    }\n  }<\/p>\n<p>  .fe-block-yui_3_17_2_1_1764455966789_8238 .sqs-block {\n    justify-content: flex-start;\n  }<\/p>\n<p>  .fe-block-yui_3_17_2_1_1764455966789_8238 .sqs-block-alignment-wrapper {\n    align-items: flex-start;\n  }<\/p>\n<p>  @media (min-width: 768px) {\n    .fe-block-yui_3_17_2_1_1764455966789_8238 {\n      grid-area: 1\/4\/2\/24;\n      z-index: 2;<\/p>\n<p>    }<\/p>\n<p>    .fe-block-yui_3_17_2_1_1764455966789_8238 .sqs-block {\n      justify-content: flex-start;\n    }<\/p>\n<p>    .fe-block-yui_3_17_2_1_1764455966789_8238 .sqs-block-alignment-wrapper {\n      align-items: flex-start;\n    }\n  }<\/p>\n<p>  .fe-block-yui_3_17_2_1_1764455966789_7744 {\n    grid-area: 3\/2\/5\/10;\n    z-index: 1;<\/p>\n<p>    @media (max-width: 767px) {<\/p>\n<p>    }\n  }<\/p>\n<p>  .fe-block-yui_3_17_2_1_1764455966789_7744 .sqs-block {\n    justify-content: flex-start;\n  }<\/p>\n<p>  .fe-block-yui_3_17_2_1_1764455966789_7744 .sqs-block-alignment-wrapper {\n    align-items: flex-start;\n  }<\/p>\n<p>  @media (min-width: 768px) {\n    .fe-block-yui_3_17_2_1_1764455966789_7744 {\n      grid-area: 3\/4\/136\/24;\n      z-index: 1;<\/p>\n<p>    }<\/p>\n<p>    .fe-block-yui_3_17_2_1_1764455966789_7744 .sqs-block {\n      justify-content: flex-start;\n    }<\/p>\n<p>    .fe-block-yui_3_17_2_1_1764455966789_7744 .sqs-block-alignment-wrapper {\n      align-items: flex-start;\n    }\n  }<\/p>\n<\/style>\n<div class=\"fluid-engine fe-692b8cc65114e54e0092b593\">\n<div class=\"fe-block fe-block-yui_3_17_2_1_1764455966789_8238\">\n<div class=\"sqs-block website-component-block sqs-block-website-component sqs-block-html html-block\" data-block-css=\"[&quot;https:\/\/definitions.sqspcdn.com\/website-component-definition\/static-assets\/website.components.html\/8636d61b-54e9-4d33-8bb8-0228d44c3611_445\/website.components.html.styles.css&quot;]\" data-block-scripts=\"[&quot;https:\/\/definitions.sqspcdn.com\/website-component-definition\/static-assets\/website.components.html\/8636d61b-54e9-4d33-8bb8-0228d44c3611_445\/website.components.html.visitor.js&quot;]\" data-block-type=\"1337\" data-definition-name=\"website.components.html\" data-sqsp-block=\"text\" data-website-component-id=\"yui_3_17_2_1_1764455966789_8238\" id=\"block-yui_3_17_2_1_1764455966789_8238\">\n<div class=\"sqs-block-content\">\n<div class=\"sqs-html-content\" data-sqsp-text-block-content>\n<h1 style=\"white-space:pre-wrap;\">Slik fungerer skriftlig privatisteksamen <\/h1>\n<\/div>\n<\/div>\n<\/div>\n<\/div>\n<div class=\"fe-block fe-block-yui_3_17_2_1_1764455966789_7744\">\n<div class=\"sqs-block website-component-block sqs-block-website-component sqs-block-html html-block\" data-block-css=\"[&quot;https:\/\/definitions.sqspcdn.com\/website-component-definition\/static-assets\/website.components.html\/8636d61b-54e9-4d33-8bb8-0228d44c3611_445\/website.components.html.styles.css&quot;]\" data-block-scripts=\"[&quot;https:\/\/definitions.sqspcdn.com\/website-component-definition\/static-assets\/website.components.html\/8636d61b-54e9-4d33-8bb8-0228d44c3611_445\/website.components.html.visitor.js&quot;]\" data-block-type=\"1337\" data-definition-name=\"website.components.html\" data-sqsp-block=\"text\" data-website-component-id=\"yui_3_17_2_1_1764455966789_7744\" id=\"block-yui_3_17_2_1_1764455966789_7744\">\n<div class=\"sqs-block-content\">\n<div class=\"sqs-html-content\" data-sqsp-text-block-content>\n<h3 style=\"white-space:pre-wrap;\"><em>Komplett guide for privatister<\/em><\/h3>\n<p class=\"\" style=\"white-space:pre-wrap;\">Skriftlig privatisteksamen kan virke krevende, men n\u00e5r du forst\u00e5r hvordan eksamen faktisk er bygget opp, hvem som lager oppgavene, og hvordan vurderingen foreg\u00e5r, blir den mye mer forutsigbar. Denne guiden gir deg en tydelig og etterrettelig oversikt over hvordan skriftlig eksamen fungerer for privatister i hele Norge.<\/p>\n<p class=\"\" style=\"white-space:pre-wrap;\"><a href=\"\/eksamensguide\"><em>V\u00e5r samleside for eksamensguider<\/em><\/a><\/p>\n<p class=\"\" data-rte-preserve-empty=\"true\" style=\"white-space:pre-wrap;\">\n<h4 style=\"white-space:pre-wrap;\"><span class=\"sqsrte-text-highlight\" data-text-attribute-id=\"cade6192-8de9-42d6-8a34-757644a75fd5\">1. Skriftlig privatisteksamen er sentralgitt \u2013 lik for hele landet<\/span><\/h4>\n<p class=\"\" style=\"white-space:pre-wrap;\">Alle skriftlige privatisteksamener i Norge er sentralgitte, noe som betyr at:<\/p>\n<p class=\"\" style=\"white-space:pre-wrap;\">&#8211; alle f\u00e5r samme eksamensoppgave samtidig i hele landet<\/p>\n<p class=\"\" style=\"white-space:pre-wrap;\">&#8211; niv\u00e5et og fagstoffet er identisk uansett fylke<\/p>\n<p class=\"\" style=\"white-space:pre-wrap;\">&#8211; oppgavesettet er laget for \u00e5 teste kompetansem\u00e5lene i l\u00e6replanen<\/p>\n<p class=\"\" style=\"white-space:pre-wrap;\">&#8211; sensur og vurdering f\u00f8lger nasjonale regler<\/p>\n<p class=\"\" style=\"white-space:pre-wrap;\">Dette gir privatister en trygghet: eksamen er lik for alle, uansett hvor du melder deg opp.<\/p>\n<p class=\"\" style=\"white-space:pre-wrap;\">\n<h4 style=\"white-space:pre-wrap;\"><span class=\"sqsrte-text-highlight\" data-text-attribute-id=\"c4f7c635-289e-4cb4-954c-ab049325107c\">2. Hvem lager eksamensoppgavene? Oppgavenemdene<\/span><\/h4>\n<p class=\"\" style=\"white-space:pre-wrap;\">Utdanningsdirektoratet (Udir) oppnevner egne oppgavenemder i hvert fag. En nemd best\u00e5r normalt av 4\u20136 erfarne l\u00e6rere som underviser i faget p\u00e5 videreg\u00e5ende skole.<\/p>\n<p class=\"\" style=\"white-space:pre-wrap;\"><strong>Nemdene<\/strong>:<\/p>\n<p class=\"\" style=\"white-space:pre-wrap;\">&#8211; utvikler eksamensoppgaver for fagene<\/p>\n<p class=\"\" style=\"white-space:pre-wrap;\">&#8211; f\u00f8lger kompetansem\u00e5lene n\u00f8ye<\/p>\n<p class=\"\" style=\"white-space:pre-wrap;\">&#8211; kvalitetssikrer alle oppgaver<\/p>\n<p class=\"\" style=\"white-space:pre-wrap;\">&#8211; legger vekt p\u00e5 tydelighet, faglig niv\u00e5 og relevans<\/p>\n<p class=\"\" style=\"white-space:pre-wrap;\">&#8211; jobber i flere \u00e5r med kontinuitet<\/p>\n<p class=\"\" style=\"white-space:pre-wrap;\">Udir bytter aldri ut hele nemda samtidig. Dette gir:<\/p>\n<p class=\"\" style=\"white-space:pre-wrap;\">&#8211; forutsigbare oppgavetyper<\/p>\n<p class=\"\" style=\"white-space:pre-wrap;\">&#8211; kontinuitet fra \u00e5r til \u00e5r<\/p>\n<p class=\"\" style=\"white-space:pre-wrap;\">&#8211; stabilt faglig niv\u00e5<\/p>\n<p class=\"\" style=\"white-space:pre-wrap;\">Det er derfor tidligere eksamensoppgaver er s\u00e5 viktige \u2013 de gjenspeiler m\u00e5ten nemdene tenker p\u00e5.<\/p>\n<p class=\"\" style=\"white-space:pre-wrap;\">\n<h4 style=\"white-space:pre-wrap;\"><span class=\"sqsrte-text-highlight\" data-text-attribute-id=\"2952a973-878a-42a7-8f25-256e8dcc0854\">3. Oppgavene blir offentlige etter eksamen<\/span><\/h4>\n<p class=\"\" style=\"white-space:pre-wrap;\">Etter at sensuren er ferdig, publiseres alle eksamensoppgaver p\u00e5 Udir sine nettsider. Derfor er det lurt \u00e5 \u00f8ve p\u00e5:<\/p>\n<p class=\"\" style=\"white-space:pre-wrap;\">&#8211; tidligere eksamenssett<\/p>\n<p class=\"\" style=\"white-space:pre-wrap;\">&#8211; sensorveiledninger<\/p>\n<p class=\"\" style=\"white-space:pre-wrap;\">&#8211; l\u00f8sningsforslag<\/p>\n<p class=\"\" style=\"white-space:pre-wrap;\">&#8211; eksempelbesvarelser<\/p>\n<p class=\"\" style=\"white-space:pre-wrap;\">Dette gir deg et realistisk bilde av hva som kreves p\u00e5 eksamensdagen.<\/p>\n<p class=\"\" style=\"white-space:pre-wrap;\">\n<h4 style=\"white-space:pre-wrap;\"><span class=\"sqsrte-text-highlight\" data-text-attribute-id=\"89b57189-5c12-4198-81fa-95b9851b2937\">4. Hvordan sensur fungerer \u2013 to sensorer og fellessensur<\/span><\/h4>\n<p class=\"\" style=\"white-space:pre-wrap;\">To sensorer vurderer besvarelsen din uavhengig av hverandre:<\/p>\n<p class=\"\" style=\"white-space:pre-wrap;\">&#8211; begge er fagl\u00e6rere i videreg\u00e5ende skole<\/p>\n<p class=\"\" style=\"white-space:pre-wrap;\">&#8211; de f\u00e5r kun kandidatnummer og besvarelsen<\/p>\n<p class=\"\" style=\"white-space:pre-wrap;\">&#8211; de vet ikke hvem du er<\/p>\n<p class=\"\" style=\"white-space:pre-wrap;\">&#8211; de setter karakter hver for seg<\/p>\n<p class=\"\" style=\"white-space:pre-wrap;\">Sensorene kan i noen tilfeller se hvilket fylke besvarelsen kommer fra, men dette har ingen betydning for vurderingen.<\/p>\n<p class=\"\" style=\"white-space:pre-wrap;\">\n<p class=\"\" style=\"white-space:pre-wrap;\"><strong>Fellessensur:<\/strong><\/p>\n<p class=\"\" style=\"white-space:pre-wrap;\">N\u00e5r begge sensorene er ferdige, m\u00f8tes de:<\/p>\n<p class=\"\" style=\"white-space:pre-wrap;\">&#8211; de sammenligner vurderingene<\/p>\n<p class=\"\" style=\"white-space:pre-wrap;\">&#8211; de begrunner karakterene<\/p>\n<p class=\"\" style=\"white-space:pre-wrap;\">&#8211; de blir enige om endelig karakter<\/p>\n<p class=\"\" style=\"white-space:pre-wrap;\">Dette sikrer et h\u00f8yt niv\u00e5 av rettferdighet og faglig kvalitet.<\/p>\n<p class=\"\" style=\"white-space:pre-wrap;\">\n<p class=\"\" style=\"white-space:pre-wrap;\"><strong>Sensur kan foreg\u00e5 hvor som helst i landet:<\/strong><\/p>\n<p class=\"\" style=\"white-space:pre-wrap;\">Besvarelsen din kan sensureres av l\u00e6rere i hele landet. Systemet er bygget for \u00e5 v\u00e6re n\u00f8ytralt og rettferdig.<\/p>\n<p class=\"\" style=\"white-space:pre-wrap;\">\n<h4 style=\"white-space:pre-wrap;\"><span class=\"sqsrte-text-highlight\" data-text-attribute-id=\"38dc0540-149b-4156-b7c2-d60376ed6968\">5. Oppbygging av skriftlig eksamen<\/span><\/h4>\n<p class=\"\" style=\"white-space:pre-wrap;\">De fleste skriftlige privatisteksamener er delt inn i to deler:<\/p>\n<p class=\"\" style=\"white-space:pre-wrap;\">\n<p class=\"\" style=\"white-space:pre-wrap;\"><strong>Del 1 \u2013 uten hjelpemidler:<\/strong><\/p>\n<p class=\"\" style=\"white-space:pre-wrap;\">Tester grunnleggende ferdigheter, faglig forst\u00e5else og metode.<\/p>\n<p class=\"\" style=\"white-space:pre-wrap;\">\n<p class=\"\" style=\"white-space:pre-wrap;\"><strong>Del 2 \u2013 med hjelpemidler:<\/strong><\/p>\n<p class=\"\" style=\"white-space:pre-wrap;\">Her kan du ofte bruke PC\/nettbrett uten internett, kalkulator, formelsamlinger, ordb\u00f8ker og enkelte notater (avhenger av fag).<\/p>\n<p class=\"\" style=\"white-space:pre-wrap;\">\n<h4 style=\"white-space:pre-wrap;\"><span class=\"sqsrte-text-highlight\" data-text-attribute-id=\"e1a871ce-83c2-4c49-8ab4-0fa32b8f0086\">6. Hva sensor vurderer<\/span><\/h4>\n<p class=\"\" style=\"white-space:pre-wrap;\"><strong>Sensor vurderer:<\/strong><\/p>\n<p class=\"\" style=\"white-space:pre-wrap;\">&#8211; om du svarer p\u00e5 oppgaven<\/p>\n<p class=\"\" style=\"white-space:pre-wrap;\">&#8211; faglig innhold og forst\u00e5else<\/p>\n<p class=\"\" style=\"white-space:pre-wrap;\">&#8211; struktur og logikk<\/p>\n<p class=\"\" style=\"white-space:pre-wrap;\">&#8211; metode og fremgangsm\u00e5te<\/p>\n<p class=\"\" style=\"white-space:pre-wrap;\">&#8211; bruk av fagbegreper<\/p>\n<p class=\"\" style=\"white-space:pre-wrap;\">&#8211; refleksjon (i fag som krever det)<\/p>\n<p class=\"\" style=\"white-space:pre-wrap;\"><strong>Sensor vurderer ikke:<\/strong><\/p>\n<p class=\"\" style=\"white-space:pre-wrap;\">&#8211; bakgrunn<\/p>\n<p class=\"\" style=\"white-space:pre-wrap;\">&#8211; h\u00e5ndskrift<\/p>\n<p class=\"\" style=\"white-space:pre-wrap;\">&#8211; hvor du bor<\/p>\n<p class=\"\" style=\"white-space:pre-wrap;\">&#8211; hvilken skole du kommer fra<\/p>\n<p class=\"\" style=\"white-space:pre-wrap;\">&#8211; om du har tatt privatistkurs<\/p>\n<p class=\"\" style=\"white-space:pre-wrap;\">\n<h4 style=\"white-space:pre-wrap;\"><span class=\"sqsrte-text-highlight\" data-text-attribute-id=\"65427679-42fd-47ed-9c13-170f260e851b\">7. Hvordan forberede seg som privatist<\/span><\/h4>\n<p class=\"\" style=\"white-space:pre-wrap;\">&#8211; Les kompetansem\u00e5lene<\/p>\n<p class=\"\" style=\"white-space:pre-wrap;\">&#8211; Tren p\u00e5 tidligere eksamener<\/p>\n<p class=\"\" style=\"white-space:pre-wrap;\">&#8211; \u00d8v p\u00e5 tidsbruk<\/p>\n<p class=\"\" style=\"white-space:pre-wrap;\">&#8211; Bruk begreper presist<\/p>\n<p class=\"\" style=\"white-space:pre-wrap;\">&#8211; L\u00e6r deg hjelpemidlene som gjelder i ditt fag<\/p>\n<p class=\"\" style=\"white-space:pre-wrap;\">&#8211; \u00d8v p\u00e5 \u00e5 forklare hvordan du tenker<\/p>\n<p class=\"\" style=\"white-space:pre-wrap;\">\n<h4 style=\"white-space:pre-wrap;\"><span class=\"sqsrte-text-highlight\" data-text-attribute-id=\"ddf02488-72e3-46f0-bfce-759fd33ba1d4\">8. Oppmelding til skriftlig privatisteksamen<\/span><\/h4>\n<p class=\"\" style=\"white-space:pre-wrap;\">Du melder deg opp via fylket. Vanlige frister er:<\/p>\n<p class=\"\" style=\"white-space:pre-wrap;\">&#8211; 1.\u201315. september for h\u00f8steksamen<\/p>\n<p class=\"\" style=\"white-space:pre-wrap;\">&#8211; 15. januar\u20131. februar for v\u00e5reksamen<\/p>\n<p class=\"\" style=\"white-space:pre-wrap;\">\n<h4 style=\"white-space:pre-wrap;\"><span class=\"sqsrte-text-highlight\" data-text-attribute-id=\"7459d6c3-f274-4293-aaa4-12fc08cd21ab\">9. Klagerett p\u00e5 skriftlig privatisteksamen<\/span><\/h4>\n<p class=\"\" style=\"white-space:pre-wrap;\">Du kan klage p\u00e5 karakteren, og klagen trenger ingen begrunnelse.<\/p>\n<p class=\"\" style=\"white-space:pre-wrap;\">Klagen behandles av klagesensur, som best\u00e5r av to nye sensorer som:<\/p>\n<p class=\"\" style=\"white-space:pre-wrap;\">&#8211; vurderer hele besvarelsen p\u00e5 nytt<\/p>\n<p class=\"\" style=\"white-space:pre-wrap;\">&#8211; vurderer om karakteren du fikk kan anses som urimelig<\/p>\n<p class=\"\" style=\"white-space:pre-wrap;\">&#8211; f\u00f8lger nasjonale vurderingskriterier<\/p>\n<p class=\"\" style=\"white-space:pre-wrap;\">&#8211; fatter en endelig avgj\u00f8relse<\/p>\n<p class=\"\" style=\"white-space:pre-wrap;\">\n<p class=\"\" style=\"white-space:pre-wrap;\"><strong>Mulige utfall:<\/strong><\/p>\n<p class=\"\" style=\"white-space:pre-wrap;\">&#8211; karakteren g\u00e5r opp<\/p>\n<p class=\"\" style=\"white-space:pre-wrap;\">&#8211; karakteren blir st\u00e5ende<\/p>\n<p class=\"\" style=\"white-space:pre-wrap;\">&#8211; karakteren g\u00e5r ned<\/p>\n<p class=\"\" style=\"white-space:pre-wrap;\">\n<p class=\"\" style=\"white-space:pre-wrap;\">Hvis du f\u00e5r ikke best\u00e5tt, har du som regel ingenting \u00e5 tape p\u00e5 \u00e5 klage.<\/p>\n<p class=\"\" style=\"white-space:pre-wrap;\">\n<h4 style=\"white-space:pre-wrap;\"><span class=\"sqsrte-text-highlight\" data-text-attribute-id=\"e9ccb195-b843-4af2-a0f9-08adc205d947\">10. Privatistkurs \u2013 slik kan det gi deg struktur og trygghet<\/span><\/h4>\n<p class=\"\" style=\"white-space:pre-wrap;\">Et privatistkurs kan gi struktur og progresjon, gjennomgang av oppgavetyper, arbeidsvaner og forutsigbarhet i forberedelsene.<\/p>\n<p class=\"\" style=\"white-space:pre-wrap;\">Metis tilbyr privatistkurs i Bergen, Stavanger, Oslo og som nettkurs i hele Norge.<\/p>\n<p class=\"\" style=\"white-space:pre-wrap;\">\n<h4 style=\"white-space:pre-wrap;\"><span class=\"sqsrte-text-highlight\" data-text-attribute-id=\"4d5d400a-d023-41e9-8e72-475edd22431d\">Oppsummering<\/span><\/h4>\n<p class=\"\" style=\"white-space:pre-wrap;\"><strong>Skriftlig privatisteksamen i Norge er:<\/strong><\/p>\n<p class=\"\" style=\"white-space:pre-wrap;\">&#8211; nasjonal<\/p>\n<p class=\"\" style=\"white-space:pre-wrap;\">&#8211; sentralgitt<\/p>\n<p class=\"\" style=\"white-space:pre-wrap;\">&#8211; utarbeidet av erfarne l\u00e6rere<\/p>\n<p class=\"\" style=\"white-space:pre-wrap;\">&#8211; faglig kvalitetssikret<\/p>\n<p class=\"\" style=\"white-space:pre-wrap;\">&#8211; vurdert av to sensorer<\/p>\n<p class=\"\" style=\"white-space:pre-wrap;\">&#8211; avsluttet med fellessensur<\/p>\n<p class=\"\" style=\"white-space:pre-wrap;\">&#8211; rettferdig og gjennomtenkt<\/p>\n<p class=\"\" style=\"white-space:pre-wrap;\">&#8211; lik for alle privatister i landet<\/p>\n<p class=\"\" style=\"white-space:pre-wrap;\">\n<p class=\"\" style=\"white-space:pre-wrap;\">Med riktig forberedelse \u2014 kompetansem\u00e5l, tidligere eksamener og god struktur \u2014 er skriftlig eksamen fullt gjennomf\u00f8rbar for alle privatister.<\/p>\n<p class=\"\" style=\"white-space:pre-wrap;\">\n<\/div>\n<\/div>\n<\/div>\n<\/div>\n<\/div>\n<\/div><\/div>\n<\/p><\/div>\n<\/section>\n<\/article>\n","protected":false},"excerpt":{"rendered":"<p>Slik fungerer skriftlig privatisteksamen Komplett guide for privatister Skriftlig privatisteksamen kan virke krevende, men n\u00e5r du forst\u00e5r hvordan eksamen faktisk er bygget opp, hvem som lager oppgavene, og hvordan vurderingen foreg\u00e5r, blir den mye mer forutsigbar. Denne guiden gir deg en tydelig og etterrettelig oversikt over hvordan skriftlig eksamen fungerer for privatister i hele Norge. [&hellip;]<\/p>\n","protected":false},"author":1,"featured_media":0,"parent":0,"menu_order":0,"comment_status":"closed","ping_status":"closed","template":"","meta":{"footnotes":""},"class_list":["post-191","page","type-page","status-publish","hentry"],"_links":{"self":[{"href":"https:\/\/dev.metisprivatist.no\/index.php?rest_route=\/wp\/v2\/pages\/191","targetHints":{"allow":["GET"]}}],"collection":[{"href":"https:\/\/dev.metisprivatist.no\/index.php?rest_route=\/wp\/v2\/pages"}],"about":[{"href":"https:\/\/dev.metisprivatist.no\/index.php?rest_route=\/wp\/v2\/types\/page"}],"author":[{"embeddable":true,"href":"https:\/\/dev.metisprivatist.no\/index.php?rest_route=\/wp\/v2\/users\/1"}],"replies":[{"embeddable":true,"href":"https:\/\/dev.metisprivatist.no\/index.php?rest_route=%2Fwp%2Fv2%2Fcomments&post=191"}],"version-history":[{"count":0,"href":"https:\/\/dev.metisprivatist.no\/index.php?rest_route=\/wp\/v2\/pages\/191\/revisions"}],"wp:attachment":[{"href":"https:\/\/dev.metisprivatist.no\/index.php?rest_route=%2Fwp%2Fv2%2Fmedia&parent=191"}],"curies":[{"name":"wp","href":"https:\/\/api.w.org\/{rel}","templated":true}]}}