{"id":12,"date":"2026-04-19T21:54:21","date_gmt":"2026-04-19T21:54:21","guid":{"rendered":"https:\/\/dev.metisprivatist.no\/?page_id=12"},"modified":"2026-04-19T21:54:21","modified_gmt":"2026-04-19T21:54:21","slug":"privatist-faa-generell-studiekompetanse","status":"publish","type":"page","link":"https:\/\/dev.metisprivatist.no\/?page_id=12","title":{"rendered":"F\u00e5 generell studiekompetanse"},"content":{"rendered":"<article class=\"sections\" id=\"sections\" data-page-sections=\"65d1fb7662814c6731df18cc\">\n<section\n  data-test=\"page-section\"\n  \n  data-section-theme=\"\"\n  class='page-section \n    \n      full-bleed-section\n      layout-engine-section\n    \n    background-width--full-bleed\n    \n      section-height--small\n    \n    \n      content-width--wide\n    \n    horizontal-alignment--center\n    vertical-alignment--middle\n    \n      \n    \n    \n    '\n  \n  data-section-id=\"65d1fb7f1366b6110d2d8379\"\n  \n  data-controller=\"SectionWrapperController\"\n  data-current-styles=\"{&quot;imageOverlayOpacity&quot;:0.15,&quot;backgroundWidth&quot;:&quot;background-width--full-bleed&quot;,&quot;sectionHeight&quot;:&quot;section-height--small&quot;,&quot;customSectionHeight&quot;:1,&quot;horizontalAlignment&quot;:&quot;horizontal-alignment--center&quot;,&quot;verticalAlignment&quot;:&quot;vertical-alignment--middle&quot;,&quot;contentWidth&quot;:&quot;content-width--wide&quot;,&quot;customContentWidth&quot;:50,&quot;sectionTheme&quot;:&quot;&quot;,&quot;sectionAnimation&quot;:&quot;none&quot;,&quot;backgroundMode&quot;:&quot;image&quot;}\"\n  data-current-context=\"{&quot;video&quot;:{&quot;playbackSpeed&quot;:0.5,&quot;filter&quot;:1,&quot;filterStrength&quot;:0,&quot;zoom&quot;:0,&quot;videoSourceProvider&quot;:&quot;none&quot;},&quot;backgroundImageId&quot;:null,&quot;backgroundMediaEffect&quot;:{&quot;type&quot;:&quot;none&quot;},&quot;divider&quot;:{&quot;enabled&quot;:false},&quot;typeName&quot;:null}\"\n  data-animation=\"none\"\n  data-fluid-engine-section\n   \n  \n    \n  \n  \n  \n  \n\n\n  data-sqsp-section=\"fluid-engine\"\n\n\n><\/p>\n<div\n    class=\"section-border\"\n    \n  ><\/p>\n<div class=\"section-background\"><\/div>\n<\/p><\/div>\n<div\n    class='content-wrapper'\n    style='\n      \n        \n      \n    '\n  ><\/p>\n<div\n      class=\"content\"\n      \n    ><\/p>\n<div data-fluid-engine=\"true\">\n<style>\n<p>.fe-65d1fb7f62e8420cdc787b03 {\n  --grid-gutter: calc(var(--sqs-mobile-site-gutter, 6vw) - 11.0px);\n  --cell-max-width: calc( ( var(--sqs-site-max-width, 1500px) - (11.0px * (8 - 1)) ) \/ 8 );<\/p>\n<p>  display: grid;\n  position: relative;\n  grid-area: 1\/1\/-1\/-1;\n  grid-template-rows: repeat(4,minmax(24px, auto));\n  grid-template-columns:\n    minmax(var(--grid-gutter), 1fr)\n    repeat(8, minmax(0, var(--cell-max-width)))\n    minmax(var(--grid-gutter), 1fr);\n  row-gap: 11.0px;\n  column-gap: 11.0px;\n  overflow-x: hidden;\n  overflow-x: clip;\n}<\/p>\n<p>@media (min-width: 768px) {\n  .background-width--inset .fe-65d1fb7f62e8420cdc787b03 {\n    --inset-padding: calc(var(--sqs-site-gutter) * 2);\n  }<\/p>\n<p>  .fe-65d1fb7f62e8420cdc787b03 {\n    --grid-gutter: calc(var(--sqs-site-gutter, 4vw) - 11.0px);\n    --cell-max-width: calc( ( var(--sqs-site-max-width, 1500px) - (11.0px * (24 - 1)) ) \/ 24 );\n    --inset-padding: 0vw;<\/p>\n<p>    --row-height-scaling-factor: 0.0215;\n    --container-width: min(var(--sqs-site-max-width, 1500px), calc(100vw - var(--sqs-site-gutter, 4vw) * 2 - var(--inset-padding) ));<\/p>\n<p>    grid-template-rows: repeat(23,minmax(calc(var(--container-width) * var(--row-height-scaling-factor)), auto));\n    grid-template-columns:\n      minmax(var(--grid-gutter), 1fr)\n      repeat(24, minmax(0, var(--cell-max-width)))\n      minmax(var(--grid-gutter), 1fr);\n  }\n}<\/p>\n<p>  .fe-block-yui_3_17_2_1_1709883489667_140295 {\n    grid-area: 1\/2\/3\/10;\n    z-index: 2;<\/p>\n<p>    @media (max-width: 767px) {<\/p>\n<p>    }\n  }<\/p>\n<p>  .fe-block-yui_3_17_2_1_1709883489667_140295 .sqs-block {\n    justify-content: flex-start;\n  }<\/p>\n<p>  .fe-block-yui_3_17_2_1_1709883489667_140295 .sqs-block-alignment-wrapper {\n    align-items: flex-start;\n  }<\/p>\n<p>  @media (min-width: 768px) {\n    .fe-block-yui_3_17_2_1_1709883489667_140295 {\n      grid-area: 1\/4\/4\/24;\n      z-index: 2;<\/p>\n<p>    }<\/p>\n<p>    .fe-block-yui_3_17_2_1_1709883489667_140295 .sqs-block {\n      justify-content: flex-start;\n    }<\/p>\n<p>    .fe-block-yui_3_17_2_1_1709883489667_140295 .sqs-block-alignment-wrapper {\n      align-items: flex-start;\n    }\n  }<\/p>\n<p>  .fe-block-yui_3_17_2_1_1708255998124_22429 {\n    grid-area: 3\/2\/5\/10;\n    z-index: 1;<\/p>\n<p>    @media (max-width: 767px) {<\/p>\n<p>    }\n  }<\/p>\n<p>  .fe-block-yui_3_17_2_1_1708255998124_22429 .sqs-block {\n    justify-content: flex-start;\n  }<\/p>\n<p>  .fe-block-yui_3_17_2_1_1708255998124_22429 .sqs-block-alignment-wrapper {\n    align-items: flex-start;\n  }<\/p>\n<p>  @media (min-width: 768px) {\n    .fe-block-yui_3_17_2_1_1708255998124_22429 {\n      grid-area: 4\/4\/24\/24;\n      z-index: 1;<\/p>\n<p>    }<\/p>\n<p>    .fe-block-yui_3_17_2_1_1708255998124_22429 .sqs-block {\n      justify-content: flex-start;\n    }<\/p>\n<p>    .fe-block-yui_3_17_2_1_1708255998124_22429 .sqs-block-alignment-wrapper {\n      align-items: flex-start;\n    }\n  }<\/p>\n<\/style>\n<div class=\"fluid-engine fe-65d1fb7f62e8420cdc787b03\">\n<div class=\"fe-block fe-block-yui_3_17_2_1_1709883489667_140295\">\n<div class=\"sqs-block website-component-block sqs-block-website-component sqs-block-html html-block\" data-block-css=\"[&quot;https:\/\/definitions.sqspcdn.com\/website-component-definition\/static-assets\/website.components.html\/8636d61b-54e9-4d33-8bb8-0228d44c3611_445\/website.components.html.styles.css&quot;]\" data-block-scripts=\"[&quot;https:\/\/definitions.sqspcdn.com\/website-component-definition\/static-assets\/website.components.html\/8636d61b-54e9-4d33-8bb8-0228d44c3611_445\/website.components.html.visitor.js&quot;]\" data-block-type=\"1337\" data-definition-name=\"website.components.html\" data-sqsp-block=\"text\" data-website-component-id=\"yui_3_17_2_1_1709883489667_140295\" id=\"block-yui_3_17_2_1_1709883489667_140295\">\n<div class=\"sqs-block-content\">\n<div class=\"sqs-html-content\" data-sqsp-text-block-content>\n<h1 style=\"white-space:pre-wrap;\">F\u00e5 generell studiekompetanse<\/h1>\n<\/div>\n<\/div>\n<\/div>\n<\/div>\n<div class=\"fe-block fe-block-yui_3_17_2_1_1708255998124_22429\">\n<div class=\"sqs-block website-component-block sqs-block-website-component sqs-block-html html-block\" data-block-css=\"[&quot;https:\/\/definitions.sqspcdn.com\/website-component-definition\/static-assets\/website.components.html\/8636d61b-54e9-4d33-8bb8-0228d44c3611_445\/website.components.html.styles.css&quot;]\" data-block-scripts=\"[&quot;https:\/\/definitions.sqspcdn.com\/website-component-definition\/static-assets\/website.components.html\/8636d61b-54e9-4d33-8bb8-0228d44c3611_445\/website.components.html.visitor.js&quot;]\" data-block-type=\"1337\" data-definition-name=\"website.components.html\" data-sqsp-block=\"text\" data-website-component-id=\"yui_3_17_2_1_1708255998124_22429\" id=\"block-yui_3_17_2_1_1708255998124_22429\">\n<div class=\"sqs-block-content\">\n<div class=\"sqs-html-content\" data-sqsp-text-block-content>\n<h3 style=\"white-space:pre-wrap;\">Det finnes mange veier til generell studiekompetanse<\/h3>\n<p class=\"\" style=\"white-space:pre-wrap;\">Generell studiekompetanse er n\u00f8dvendig om du \u00f8nsker \u00e5 studere p\u00e5 h\u00f8yskole eller universitetet. Hos oss kan du ta <em>generell studiekompetanse etter 23\/5 regelen<\/em> eller <em>allmennfaglig p\u00e5bygging<\/em> <em>med <\/em>eller<em> uten fagbrev<\/em>.<\/p>\n<p class=\"\" style=\"white-space:pre-wrap;\">Les mer om&nbsp;generell studiekompetanse p\u00e5 <a href=\"http:\/\/utdanning.no\/tema\/soknad_og_opptak\/slik_far_du_studiekompetanse\" target=\"_blank\">utdanning.no<\/a><\/p>\n<h3 style=\"white-space:pre-wrap;\">Spesiell studiekompetanse<\/h3>\n<p class=\"\" style=\"white-space:pre-wrap;\">Noen utdanninger krever en spesiell fagkombinasjon. \u00d8nsker du eksempelvis \u00e5 bli lege, tannlege eller ingeni\u00f8r? Da m\u00e5 du ha spesielle realfag.<\/p>\n<p class=\"\" style=\"white-space:pre-wrap;\">Har du ikke spesiell studiekompetanse fra videreg\u00e5ende s\u00e5 kan du ta disse fagene som privatist.<\/p>\n<p class=\"\" style=\"white-space:pre-wrap;\">Les mer om spesiell studiekompetanse p\u00e5 <a href=\"http:\/\/www.samordnaopptak.no\/info\/opptak\/spesielle-opptakskrav\/om-spesielle-opptakskrav\/\" target=\"_blank\">Samordna opptak.<\/a><\/p>\n<h3 style=\"white-space:pre-wrap;\">V\u00e5re r\u00e5dgivere hjelper deg!<\/h3>\n<p class=\"\" style=\"white-space:pre-wrap;\">Unng\u00e5 \u00e5 velge feil! V\u00e5re r\u00e5dgivere har god kunnskap om hvilke fag- og poengkrav som kreves ved ulike h\u00f8yskole- og universitetsutdannelser.<\/p>\n<p class=\"\" style=\"white-space:pre-wrap;\"><strong>Gode grunner til \u00e5 velge oss:<\/strong><\/p>\n<ol data-rte-list=\"default\">\n<li>\n<p class=\"\" style=\"white-space:pre-wrap;\">Dyktige og engasjerte l\u00e6rere<\/p>\n<\/li>\n<li>\n<p class=\"\" style=\"white-space:pre-wrap;\">Skole med sentral beliggenhet<\/p>\n<\/li>\n<li>\n<p class=\"\" style=\"white-space:pre-wrap;\">Klasseromsundervisning kombinert med digital l\u00e6ring<\/p>\n<\/li>\n<li>\n<p class=\"\" style=\"white-space:pre-wrap;\">L\u00e5nekasse-godkjente studier<\/p>\n<\/li>\n<li>\n<p class=\"\" style=\"white-space:pre-wrap;\">Fleksibilitet: Velg mellom mange ulike&nbsp;kurs p\u00e5 dag eller kveld<\/p>\n<\/li>\n<li>\n<p class=\"\" style=\"white-space:pre-wrap;\">Egne fagpakker med rabatterte priser<\/p>\n<\/li>\n<\/ol>\n<\/div>\n<\/div>\n<\/div>\n<\/div>\n<\/div>\n<\/div><\/div>\n<\/p><\/div>\n<\/section>\n<\/article>\n","protected":false},"excerpt":{"rendered":"<p>F\u00e5 generell studiekompetanse Det finnes mange veier til generell studiekompetanse Generell studiekompetanse er n\u00f8dvendig om du \u00f8nsker \u00e5 studere p\u00e5 h\u00f8yskole eller universitetet. Hos oss kan du ta generell studiekompetanse etter 23\/5 regelen eller allmennfaglig p\u00e5bygging med eller uten fagbrev. Les mer om&nbsp;generell studiekompetanse p\u00e5 utdanning.no Spesiell studiekompetanse Noen utdanninger krever en spesiell fagkombinasjon. \u00d8nsker [&hellip;]<\/p>\n","protected":false},"author":1,"featured_media":0,"parent":0,"menu_order":0,"comment_status":"closed","ping_status":"closed","template":"","meta":{"footnotes":""},"class_list":["post-12","page","type-page","status-publish","hentry"],"_links":{"self":[{"href":"https:\/\/dev.metisprivatist.no\/index.php?rest_route=\/wp\/v2\/pages\/12","targetHints":{"allow":["GET"]}}],"collection":[{"href":"https:\/\/dev.metisprivatist.no\/index.php?rest_route=\/wp\/v2\/pages"}],"about":[{"href":"https:\/\/dev.metisprivatist.no\/index.php?rest_route=\/wp\/v2\/types\/page"}],"author":[{"embeddable":true,"href":"https:\/\/dev.metisprivatist.no\/index.php?rest_route=\/wp\/v2\/users\/1"}],"replies":[{"embeddable":true,"href":"https:\/\/dev.metisprivatist.no\/index.php?rest_route=%2Fwp%2Fv2%2Fcomments&post=12"}],"version-history":[{"count":0,"href":"https:\/\/dev.metisprivatist.no\/index.php?rest_route=\/wp\/v2\/pages\/12\/revisions"}],"wp:attachment":[{"href":"https:\/\/dev.metisprivatist.no\/index.php?rest_route=%2Fwp%2Fv2%2Fmedia&parent=12"}],"curies":[{"name":"wp","href":"https:\/\/api.w.org\/{rel}","templated":true}]}}